{"id":4064,"date":"2023-11-10T14:38:19","date_gmt":"2023-11-10T13:38:19","guid":{"rendered":"https:\/\/cormac.eu\/?post_type=product&#038;p=4064"},"modified":"2023-11-10T14:43:29","modified_gmt":"2023-11-10T13:43:29","slug":"robotizalt-rakodoegyseg","status":"publish","type":"product","link":"https:\/\/cormac.eu\/hu\/product\/robotic-loading-unit\/","title":{"rendered":"Robotikus rakod\u00f3egys\u00e9g"},"content":{"rendered":"<p>H\u00e1zon bel\u00fcl tervezett <strong>Delta \u00e9s k\u00e9ttengelyes robot az I<\/strong>Egy term\u00e9k vagy term\u00e9kcsoport beilleszt\u00e9se egy kor\u00e1bban kialak\u00edtott dobozba. A robotok \u00f6n\u00e1ll\u00f3 rakod\u00f3egys\u00e9gekbe \u00e9s monoblokkos megold\u00e1sokba egyar\u00e1nt be\u00e9p\u00edthet\u0151k. Ezek a robotok kieg\u00e9sz\u00edt\u0151 megold\u00e1sk\u00e9nt is haszn\u00e1lhat\u00f3k a k\u00fcl\u00f6nb\u00f6z\u0151 term\u00e9kkonfigur\u00e1ci\u00f3k el\u0151k\u00e9sz\u00edt\u00e9s\u00e9re harmadik f\u00e9l berendez\u00e9s\u00e9nek bet\u00e1pl\u00e1l\u00e1s\u00e1n\u00e1l. A robotbet\u00f6lt\u0151 egys\u00e9gek felszerelhet\u0151k a term\u00e9kek ellen\u0151rz\u00e9s\u00e9re szolg\u00e1l\u00f3 l\u00e1t\u00f3rendszerekkel, amelyek k\u00e9pesek ellen\u0151rizni a term\u00e9kek m\u00e9reteit, min\u0151s\u00e9g\u00e9t \u00e9s t\u00e1jol\u00e1s\u00e1t, \u00e9s k\u00f6zlik a robotokkal, hogy mely term\u00e9keket kell kiv\u00e1lasztani, \u00e9s melyeket kell visszautas\u00edtani. A robotbet\u00f6lt\u0151 egys\u00e9gek k\u00fcl\u00f6nb\u00f6z\u0151 alkalmaz\u00e1sokhoz haszn\u00e1lhat\u00f3k: az els\u0151dleges \u00e9s m\u00e1sodlagos csomagol\u00e1st\u00f3l kezdve eg\u00e9szen a sz\u00e1ll\u00edt\u00e1si l\u00e1d\u00e1kba t\u00f6rt\u00e9n\u0151 csomagol\u00e1s v\u00e9gi megold\u00e1sokig.<b> <\/b>Minden egyes projektet r\u00e9szletesen tanulm\u00e1nyozunk \u00e9s elemz\u00fcnk, hogy szem\u00e9lyre szabott megold\u00e1sokat tervezz\u00fcnk, amelyek teljes m\u00e9rt\u00e9kben a kezelend\u0151 term\u00e9kekhez igazodnak; \u00edgy rendk\u00edv\u00fcl rugalmas \u00e9s korszer\u0171 megold\u00e1st ny\u00fajtanak.<\/p>\n<p><img fetchpriority=\"high\" decoding=\"async\" class=\"alignnone size-medium wp-image-4039\" src=\"https:\/\/cormac.eu\/wp-content\/uploads\/2023\/11\/Robotic-loading-process-288x300.jpg\" alt=\"\" width=\"288\" height=\"300\" srcset=\"https:\/\/cormac.eu\/wp-content\/uploads\/2023\/11\/Robotic-loading-process-288x300.jpg 288w, https:\/\/cormac.eu\/wp-content\/uploads\/2023\/11\/Robotic-loading-process.jpg 407w\" sizes=\"(max-width: 288px) 100vw, 288px\" \/><\/p>\n<p>&nbsp;<\/p>\n<table style=\"height: 285px\" width=\"867\">\n<tbody>\n<tr>\n<td width=\"264\"><strong>F<\/strong><strong>eatures<\/strong><\/td>\n<td width=\"340\"><strong>El\u0151ny\u00f6k<\/strong><\/td>\n<\/tr>\n<tr>\n<td width=\"264\">Sokoldal\u00fa<\/td>\n<td width=\"340\">\u00f6n\u00e1ll\u00f3 vagy monoblokk konfigur\u00e1ci\u00f3k<\/td>\n<\/tr>\n<tr>\n<td width=\"264\">Saj\u00e1t tervez\u00e9s<\/td>\n<td width=\"340\">Rendszerintegr\u00e1ci\u00f3; azonnali \u00e9rt\u00e9kes\u00edt\u00e9s ut\u00e1ni t\u00e1mogat\u00e1s<\/td>\n<\/tr>\n<tr>\n<td width=\"264\">Rugalmas<\/td>\n<td width=\"340\">Szem\u00e9lyre szabott megold\u00e1sok<\/td>\n<\/tr>\n<\/tbody>\n<\/table>\n<p><strong>\u00a0<\/strong><\/p>\n<p>&nbsp;<\/p>","protected":false},"excerpt":{"rendered":"<p>A robotrakod\u00f3 egys\u00e9g a term\u00e9kek automatikus felszed\u00e9s\u00e9re \u00e9s dobozba helyez\u00e9s\u00e9re szolg\u00e1l.<\/p>","protected":false},"featured_media":4040,"comment_status":"open","ping_status":"closed","template":"","meta":{"uix_meta_title":"","uix_meta_description":"","uix_canonical_url":""},"product_brand":[],"product_cat":[114],"product_tag":[],"class_list":{"0":"post-4064","1":"product","2":"type-product","3":"status-publish","4":"has-post-thumbnail","6":"product_cat-secondary-packaging","8":"first","9":"instock","10":"shipping-taxable","11":"product-type-simple"},"_links":{"self":[{"href":"https:\/\/cormac.eu\/hu\/wp-json\/wp\/v2\/product\/4064","targetHints":{"allow":["GET"]}}],"collection":[{"href":"https:\/\/cormac.eu\/hu\/wp-json\/wp\/v2\/product"}],"about":[{"href":"https:\/\/cormac.eu\/hu\/wp-json\/wp\/v2\/types\/product"}],"replies":[{"embeddable":true,"href":"https:\/\/cormac.eu\/hu\/wp-json\/wp\/v2\/comments?post=4064"}],"wp:featuredmedia":[{"embeddable":true,"href":"https:\/\/cormac.eu\/hu\/wp-json\/wp\/v2\/media\/4040"}],"wp:attachment":[{"href":"https:\/\/cormac.eu\/hu\/wp-json\/wp\/v2\/media?parent=4064"}],"wp:term":[{"taxonomy":"product_brand","embeddable":true,"href":"https:\/\/cormac.eu\/hu\/wp-json\/wp\/v2\/product_brand?post=4064"},{"taxonomy":"product_cat","embeddable":true,"href":"https:\/\/cormac.eu\/hu\/wp-json\/wp\/v2\/product_cat?post=4064"},{"taxonomy":"product_tag","embeddable":true,"href":"https:\/\/cormac.eu\/hu\/wp-json\/wp\/v2\/product_tag?post=4064"}],"curies":[{"name":"wp","href":"https:\/\/api.w.org\/{rel}","templated":true}]}}