{"id":4063,"date":"2023-11-10T14:34:54","date_gmt":"2023-11-10T13:34:54","guid":{"rendered":"https:\/\/cormac.eu\/?post_type=product&#038;p=4063"},"modified":"2023-11-10T14:38:03","modified_gmt":"2023-11-10T13:38:03","slug":"fedogep","status":"publish","type":"product","link":"https:\/\/cormac.eu\/hu\/product\/lidding-machine\/","title":{"rendered":"Fed\u0151g\u00e9p"},"content":{"rendered":"<p>A fedeles g\u00e9pek a kartonfedelek t\u00e1lc\u00e1kra vagy vitrines dobozokra t\u00f6rt\u00e9n\u0151 felhelyez\u00e9s\u00e9re \u00e9s felragaszt\u00e1s\u00e1ra szolg\u00e1lnak. A fedelek lapos nyersanyagb\u00f3l k\u00e9sz\u00fclnek. A sebess\u00e9g elektronikusan szab\u00e1lyozhat\u00f3, az egy fed\u0151lapoz\u00f3 fejjel rendelkez\u0151 g\u00e9pek eset\u00e9ben maximum 20 doboz\/perc sebess\u00e9gig. Lehet\u0151s\u00e9g van dupla fejjel ell\u00e1tott g\u00e9pek kialak\u00edt\u00e1s\u00e1ra nagyobb sebess\u00e9ghez (ak\u00e1r 40 db\/perc), a k\u00edv\u00e1nt sebess\u00e9gt\u0151l \u00e9s a nyersanyag jellemz\u0151it\u0151l f\u00fcgg\u0151en.<\/p>\n<p><img fetchpriority=\"high\" decoding=\"async\" class=\"alignnone size-medium wp-image-4038\" src=\"https:\/\/cormac.eu\/wp-content\/uploads\/2023\/11\/lidding-process-300x232.jpg\" alt=\"\" width=\"300\" height=\"232\" srcset=\"https:\/\/cormac.eu\/wp-content\/uploads\/2023\/11\/lidding-process-300x232.jpg 300w, https:\/\/cormac.eu\/wp-content\/uploads\/2023\/11\/lidding-process.jpg 453w\" sizes=\"(max-width: 300px) 100vw, 300px\" \/><\/p>\n<p>&nbsp;<\/p>\n<p>EL\u00c9RHET\u0150 MODELLEK:<\/p>\n<ul>\n<li>F\u00fcgg\u0151leges emel\u0151fedeles g\u00e9p, max. sebess\u00e9g 20db\/perc\/fej<\/li>\n<li>F\u00f3li\u00e1z\u00f3 g\u00e9p, max sebess\u00e9g 18db\/perc fejenk\u00e9nt<\/li>\n<li>SPECIALS: Speci\u00e1lis, az \u00fcgyf\u00e9l ig\u00e9nyeihez igazod\u00f3 fed\u0151g\u00e9p<\/li>\n<\/ul>\n<p>&nbsp;<\/p>\n<table style=\"height: 522px\" width=\"843\">\n<tbody>\n<tr>\n<td width=\"264\"><strong>F<\/strong><strong>eatures<\/strong><\/td>\n<td width=\"340\"><strong>El\u0151ny\u00f6k<\/strong><\/td>\n<\/tr>\n<tr>\n<td width=\"264\">Egy vagy k\u00e9tfedeles fej<\/td>\n<td width=\"340\">Sebess\u00e9gtartom\u00e1ny kiv\u00e1laszt\u00e1sa<\/td>\n<\/tr>\n<tr>\n<td width=\"264\">Elektromos sebess\u00e9gszab\u00e1lyoz\u00e1s<\/td>\n<td width=\"340\">\u00c1ll\u00edthat\u00f3 sebess\u00e9g<\/td>\n<\/tr>\n<tr>\n<td width=\"264\">Z\u00e1r\u00e1s forr\u00f3 olvad\u00e9k ragaszt\u00f3val<\/td>\n<td width=\"340\">Biztons\u00e1gos ragaszt\u00e1si rendszer<\/td>\n<\/tr>\n<tr>\n<td width=\"264\">Gyors \u00e1t\u00e1ll\u00e1s<\/td>\n<td width=\"340\">\u00c1tlagos form\u00e1tumv\u00e1lt\u00e1s 5-10 perc<\/td>\n<\/tr>\n<tr>\n<td width=\"264\">Integr\u00e1ci\u00f3 lehets\u00e9ges<\/td>\n<td width=\"340\">Teljes csomagol\u00f3sorok kialak\u00edt\u00e1sa<\/td>\n<\/tr>\n<tr>\n<td width=\"264\">Speci\u00e1lis m\u00e9rn\u00f6ki tev\u00e9kenys\u00e9g<\/td>\n<td width=\"340\">K\u00fcl\u00f6nb\u00f6z\u0151 konfigur\u00e1ci\u00f3k lehets\u00e9gesek<\/td>\n<\/tr>\n<tr>\n<td width=\"264\">Rozsdamentes vagy festett ac\u00e9lszerkezet<\/td>\n<td width=\"340\">Alkalmas k\u00fcl\u00f6nb\u00f6z\u0151 ipar\u00e1gak sz\u00e1m\u00e1ra<\/td>\n<\/tr>\n<\/tbody>\n<\/table>","protected":false},"excerpt":{"rendered":"<p>A fedelez\u0151g\u00e9pet \u00fagy tervezt\u00e9k, hogy a kartonfedeleket t\u00e1lc\u00e1ra vagy vitrines dobozra helyezze \u00e9s ragassza.<\/p>","protected":false},"featured_media":4037,"comment_status":"open","ping_status":"closed","template":"","meta":{"uix_meta_title":"","uix_meta_description":"","uix_canonical_url":""},"product_brand":[],"product_cat":[114],"product_tag":[],"class_list":{"0":"post-4063","1":"product","2":"type-product","3":"status-publish","4":"has-post-thumbnail","6":"product_cat-secondary-packaging","8":"first","9":"instock","10":"shipping-taxable","11":"product-type-simple"},"_links":{"self":[{"href":"https:\/\/cormac.eu\/hu\/wp-json\/wp\/v2\/product\/4063","targetHints":{"allow":["GET"]}}],"collection":[{"href":"https:\/\/cormac.eu\/hu\/wp-json\/wp\/v2\/product"}],"about":[{"href":"https:\/\/cormac.eu\/hu\/wp-json\/wp\/v2\/types\/product"}],"replies":[{"embeddable":true,"href":"https:\/\/cormac.eu\/hu\/wp-json\/wp\/v2\/comments?post=4063"}],"wp:featuredmedia":[{"embeddable":true,"href":"https:\/\/cormac.eu\/hu\/wp-json\/wp\/v2\/media\/4037"}],"wp:attachment":[{"href":"https:\/\/cormac.eu\/hu\/wp-json\/wp\/v2\/media?parent=4063"}],"wp:term":[{"taxonomy":"product_brand","embeddable":true,"href":"https:\/\/cormac.eu\/hu\/wp-json\/wp\/v2\/product_brand?post=4063"},{"taxonomy":"product_cat","embeddable":true,"href":"https:\/\/cormac.eu\/hu\/wp-json\/wp\/v2\/product_cat?post=4063"},{"taxonomy":"product_tag","embeddable":true,"href":"https:\/\/cormac.eu\/hu\/wp-json\/wp\/v2\/product_tag?post=4063"}],"curies":[{"name":"wp","href":"https:\/\/api.w.org\/{rel}","templated":true}]}}