{"id":4061,"date":"2023-11-10T14:25:58","date_gmt":"2023-11-10T13:25:58","guid":{"rendered":"https:\/\/cormac.eu\/?post_type=product&#038;p=4061"},"modified":"2024-02-05T13:59:15","modified_gmt":"2024-02-05T12:59:15","slug":"wrap-around-gepek","status":"publish","type":"product","link":"https:\/\/cormac.eu\/hu\/product\/wrap-around-machines\/","title":{"rendered":"Wrap around g\u00e9pek"},"content":{"rendered":"<p>A wrap around g\u00e9peket \u00fagy tervezt\u00e9k, hogy egyetlen lapos kartonlapb\u00f3l kiindulva alak\u00edts\u00e1k ki, t\u00f6lts\u00e9k be \u00e9s z\u00e1rj\u00e1k le a sz\u00e1ll\u00edt\u00f3- vagy kirakatl\u00e1d\u00e1kat. Ezt az \u00fcres kartonlapot a term\u00e9k vagy term\u00e9kcsoport k\u00f6r\u00e9 tekerik, majd a k\u00f6vetkez\u0151 \u00e1llom\u00e1sokra sz\u00e1ll\u00edtj\u00e1k, ahol forr\u00f3 olvad\u00e9kragaszt\u00f3val lez\u00e1rj\u00e1k. Ezek a g\u00e9pek rendk\u00edv\u00fcl rugalmasak, \u00e9s lehet\u0151v\u00e9 teszik k\u00fcl\u00f6nb\u00f6z\u0151 t\u00edpus\u00fa csomagol\u00e1sok, p\u00e9ld\u00e1ul teljes tokok, t\u00e1lc\u00e1k, t\u00e1lc\u00e1k+fedelek, vitrines dobozok stb. gyors \u00e9s korl\u00e1tozott form\u00e1tumv\u00e1lt\u00e1si m\u0171veletekkel t\u00f6rt\u00e9n\u0151 megval\u00f3s\u00edt\u00e1s\u00e1t.<\/p>\n<p>EL\u00c9RHET\u0150 MODELLEK:<\/p>\n<ul>\n<li>Egyetlen t\u00e1rral ell\u00e1tott g\u00e9p<\/li>\n<li>Wrap around g\u00e9p dupla t\u00e1rral a t\u00e1lc\u00e1k+fedelek megold\u00e1saihoz<\/li>\n<\/ul>\n<p>&nbsp;<\/p>\n<table style=\"height: 298px\" width=\"800\">\n<tbody>\n<tr>\n<td width=\"264\"><strong>F<\/strong><strong>eatures<\/strong><\/td>\n<td width=\"340\"><strong>El\u0151ny\u00f6k<\/strong><\/td>\n<\/tr>\n<tr>\n<td width=\"264\">\u00a0Sebess\u00e9gszab\u00e1lyoz\u00e1s<\/td>\n<td width=\"340\">\u00c1ll\u00edthat\u00f3 sebess\u00e9g<\/td>\n<\/tr>\n<tr>\n<td width=\"264\">Gyors \u00e1t\u00e1ll\u00e1s<\/td>\n<td width=\"340\">\u00c1tlagos id\u0151beli v\u00e1ltoz\u00e1s 5-10 perc<\/td>\n<\/tr>\n<tr>\n<td width=\"264\">Fels\u0151 vagy oldals\u00f3 bet\u00f6lt\u00e9si lehet\u0151s\u00e9gek<\/td>\n<td width=\"340\">A term\u00e9k\/doboz lehet\u0151 legjobb rakod\u00e1si m\u00f3dja<\/td>\n<\/tr>\n<tr>\n<td width=\"264\">Festett ac\u00e9lszerkezet\u0171, festett ac\u00e9lszerkezet n\u00e9lk\u00fcl<\/td>\n<td width=\"340\">Alkalmas k\u00fcl\u00f6nb\u00f6z\u0151 ipar\u00e1gak sz\u00e1m\u00e1ra<\/td>\n<\/tr>\n<\/tbody>\n<\/table>","protected":false},"excerpt":{"rendered":"<p>A csomagol\u00f3g\u00e9p egy magazinb\u00f3l vesz egy \u00fcres lapot, \u00e9s egy term\u00e9k, term\u00e9kcsoport vagy term\u00e9kcsomag k\u00f6r\u00e9 tekercseli.<\/p>","protected":false},"featured_media":4035,"comment_status":"open","ping_status":"closed","template":"","meta":{"uix_meta_title":"","uix_meta_description":"","uix_canonical_url":""},"product_brand":[],"product_cat":[114],"product_tag":[],"class_list":{"0":"post-4061","1":"product","2":"type-product","3":"status-publish","4":"has-post-thumbnail","6":"product_cat-secondary-packaging","8":"first","9":"instock","10":"shipping-taxable","11":"product-type-simple"},"_links":{"self":[{"href":"https:\/\/cormac.eu\/hu\/wp-json\/wp\/v2\/product\/4061","targetHints":{"allow":["GET"]}}],"collection":[{"href":"https:\/\/cormac.eu\/hu\/wp-json\/wp\/v2\/product"}],"about":[{"href":"https:\/\/cormac.eu\/hu\/wp-json\/wp\/v2\/types\/product"}],"replies":[{"embeddable":true,"href":"https:\/\/cormac.eu\/hu\/wp-json\/wp\/v2\/comments?post=4061"}],"wp:featuredmedia":[{"embeddable":true,"href":"https:\/\/cormac.eu\/hu\/wp-json\/wp\/v2\/media\/4035"}],"wp:attachment":[{"href":"https:\/\/cormac.eu\/hu\/wp-json\/wp\/v2\/media?parent=4061"}],"wp:term":[{"taxonomy":"product_brand","embeddable":true,"href":"https:\/\/cormac.eu\/hu\/wp-json\/wp\/v2\/product_brand?post=4061"},{"taxonomy":"product_cat","embeddable":true,"href":"https:\/\/cormac.eu\/hu\/wp-json\/wp\/v2\/product_cat?post=4061"},{"taxonomy":"product_tag","embeddable":true,"href":"https:\/\/cormac.eu\/hu\/wp-json\/wp\/v2\/product_tag?post=4061"}],"curies":[{"name":"wp","href":"https:\/\/api.w.org\/{rel}","templated":true}]}}