{"id":4060,"date":"2023-11-10T14:19:52","date_gmt":"2023-11-10T13:19:52","guid":{"rendered":"https:\/\/cormac.eu\/?post_type=product&#038;p=4060"},"modified":"2023-11-10T14:25:30","modified_gmt":"2023-11-10T13:25:30","slug":"ladapakolo-2","status":"publish","type":"product","link":"https:\/\/cormac.eu\/hu\/product\/case-packer\/","title":{"rendered":"K\u00e9szletcsomagol\u00f3"},"content":{"rendered":"<p>A tokcsomagol\u00f3 g\u00e9pek az amerikai tokok form\u00e1z\u00e1s\u00e1ra \u00e9s t\u00f6lt\u00e9s\u00e9re tervezett v\u00e9gberendez\u00e9sek. Ezek a g\u00e9pek kinyitj\u00e1k az el\u0151re beragasztott tokot, \u00e9s a term\u00e9ket (vagy term\u00e9kcsoportot) egy oldalbet\u00f6lt\u0151 rendszer vagy egy robotiz\u00e1lt fels\u0151 bet\u00f6lt\u0151 egys\u00e9g seg\u00edts\u00e9g\u00e9vel helyezik a tokba.<br \/>\nA tok forr\u00f3 olvad\u00e9kragaszt\u00f3val vagy ragaszt\u00f3szalaggal z\u00e1r\u00f3dik. Ezek a tokcsomagol\u00f3k rendk\u00edv\u00fcl rugalmas g\u00e9pek, \u00e9s a form\u00e1tumv\u00e1lt\u00e1s k\u00f6nnyen \u00e9s gyorsan elv\u00e9gezhet\u0151 a k\u00fcl\u00f6nb\u00f6z\u0151 t\u00edpus\u00fa term\u00e9kek hat\u00e9kony kezel\u00e9se \u00e9rdek\u00e9ben.<\/p>\n<p><img decoding=\"async\" class=\"alignnone size-medium wp-image-4033\" src=\"https:\/\/cormac.eu\/wp-content\/uploads\/2023\/11\/case-packer-process-300x159.jpg\" alt=\"\" width=\"300\" height=\"159\" srcset=\"https:\/\/cormac.eu\/wp-content\/uploads\/2023\/11\/case-packer-process-300x159.jpg 300w, https:\/\/cormac.eu\/wp-content\/uploads\/2023\/11\/case-packer-process.jpg 437w\" sizes=\"(max-width: 300px) 100vw, 300px\" \/><\/p>\n<p>&nbsp;<\/p>\n<p>EL\u00c9RHET\u0150 MODELLEK:<\/p>\n<ul>\n<li>Dobozcsomagol\u00f3 g\u00e9p dobozos lez\u00e1r\u00e1ssal forr\u00f3 olvad\u00e9kragaszt\u00f3val<\/li>\n<li>Dobozcsomagol\u00f3 g\u00e9p ragaszt\u00f3szalaggal t\u00f6rt\u00e9n\u0151 dobozz\u00e1r\u00e1ssal<\/li>\n<\/ul>\n<p>&nbsp;<\/p>\n<table style=\"height: 311px\" width=\"730\">\n<tbody>\n<tr>\n<td width=\"264\"><strong>F<\/strong><strong>eatures<\/strong><\/td>\n<td width=\"340\"><strong>El\u0151ny\u00f6k<\/strong><\/td>\n<\/tr>\n<tr>\n<td width=\"264\">\u00a0Sebess\u00e9gszab\u00e1lyoz\u00e1s<\/td>\n<td width=\"340\">\u00c1ll\u00edthat\u00f3 sebess\u00e9g<\/td>\n<\/tr>\n<tr>\n<td width=\"264\">Gyors \u00e1t\u00e1ll\u00e1s<\/td>\n<td width=\"340\">\u00c1tlagos id\u0151beli v\u00e1ltoz\u00e1s 5-10 perc<\/td>\n<\/tr>\n<tr>\n<td width=\"264\">Fels\u0151 vagy oldals\u00f3 bet\u00f6lt\u00e9si lehet\u0151s\u00e9gek<\/td>\n<td width=\"340\">A term\u00e9k\/doboz lehet\u0151 legjobb rakod\u00e1si m\u00f3dja<\/td>\n<\/tr>\n<tr>\n<td width=\"264\">Festett ac\u00e9lszerkezet\u0171, festett ac\u00e9lszerkezet n\u00e9lk\u00fcl<\/td>\n<td width=\"340\">Alkalmas k\u00fcl\u00f6nb\u00f6z\u0151 ipar\u00e1gak sz\u00e1m\u00e1ra<\/td>\n<\/tr>\n<\/tbody>\n<\/table>","protected":false},"excerpt":{"rendered":"<p>G\u00e9p amerikai tokok form\u00e1z\u00e1s\u00e1ra \u00e9s oldalr\u00f3l vagy fel\u00fclr\u0151l t\u00f6rt\u00e9n\u0151 bet\u00f6lt\u00e9s\u00e9re.<\/p>","protected":false},"featured_media":4034,"comment_status":"open","ping_status":"closed","template":"","meta":{"uix_meta_title":"","uix_meta_description":"","uix_canonical_url":""},"product_brand":[],"product_cat":[114],"product_tag":[],"class_list":{"0":"post-4060","1":"product","2":"type-product","3":"status-publish","4":"has-post-thumbnail","6":"product_cat-secondary-packaging","8":"first","9":"instock","10":"shipping-taxable","11":"product-type-simple"},"_links":{"self":[{"href":"https:\/\/cormac.eu\/hu\/wp-json\/wp\/v2\/product\/4060","targetHints":{"allow":["GET"]}}],"collection":[{"href":"https:\/\/cormac.eu\/hu\/wp-json\/wp\/v2\/product"}],"about":[{"href":"https:\/\/cormac.eu\/hu\/wp-json\/wp\/v2\/types\/product"}],"replies":[{"embeddable":true,"href":"https:\/\/cormac.eu\/hu\/wp-json\/wp\/v2\/comments?post=4060"}],"wp:featuredmedia":[{"embeddable":true,"href":"https:\/\/cormac.eu\/hu\/wp-json\/wp\/v2\/media\/4034"}],"wp:attachment":[{"href":"https:\/\/cormac.eu\/hu\/wp-json\/wp\/v2\/media?parent=4060"}],"wp:term":[{"taxonomy":"product_brand","embeddable":true,"href":"https:\/\/cormac.eu\/hu\/wp-json\/wp\/v2\/product_brand?post=4060"},{"taxonomy":"product_cat","embeddable":true,"href":"https:\/\/cormac.eu\/hu\/wp-json\/wp\/v2\/product_cat?post=4060"},{"taxonomy":"product_tag","embeddable":true,"href":"https:\/\/cormac.eu\/hu\/wp-json\/wp\/v2\/product_tag?post=4060"}],"curies":[{"name":"wp","href":"https:\/\/api.w.org\/{rel}","templated":true}]}}