{"id":4058,"date":"2023-11-10T13:26:28","date_gmt":"2023-11-10T12:26:28","guid":{"rendered":"https:\/\/cormac.eu\/?post_type=product&#038;p=4058"},"modified":"2023-11-10T13:36:51","modified_gmt":"2023-11-10T12:36:51","slug":"teljes-masodlagos-csomagolosor","status":"publish","type":"product","link":"https:\/\/cormac.eu\/hu\/product\/complete-secondary-packaging-line\/","title":{"rendered":"Teljes m\u00e1sodlagos csomagol\u00f3sor"},"content":{"rendered":"<p>A k\u00fcl\u00f6nb\u00f6z\u0151 alkalmaz\u00e1sokhoz rendelkez\u00e9sre \u00e1ll\u00f3 m\u00e1sodlagos csomagol\u00f3g\u00e9pek k\u00edn\u00e1lat\u00e1b\u00f3l minden egyes g\u00e9p kombin\u00e1lhat\u00f3 egy kulcsrak\u00e9sz teljes csomagol\u00f3sorba. Az ilyen komplett sorokban saj\u00e1t tervez\u00e9s\u0171 k\u00e9t- \u00e9s h\u00e1romtengelyes robotokat haszn\u00e1lunk a term\u00e9kek k\u00fcl\u00f6nb\u00f6z\u0151 dobozkonfigur\u00e1ci\u00f3kba t\u00f6rt\u00e9n\u0151 elhelyez\u00e9s\u00e9hez \u00e9s t\u00e1jol\u00e1s\u00e1hoz. A rakod\u00f3egys\u00e9gek lehetnek robotiz\u00e1ltak vagy automatikusak. K+F r\u00e9szleg\u00fcnk olyan komplett gy\u00e1rt\u00f3sorokat tervez \u00e9s fejleszt, amelyek a term\u00e9ket \u00e9s az \u00fcgyf\u00e9l csomagol\u00e1s\u00e1t helyezik a k\u00f6z\u00e9ppontba. Ezek a vonalak teljesen testre szabhat\u00f3k \u00e9s tervezhet\u0151k az \u00fcgyf\u00e9l ig\u00e9nyeinek megfelel\u0151en, a legfejlettebb technol\u00f3gi\u00e1k felhaszn\u00e1l\u00e1s\u00e1val. A komplett gy\u00e1rt\u00f3sorok biztos\u00edt\u00e1s\u00e1val garant\u00e1ljuk a k\u00fcl\u00f6nb\u00f6z\u0151 g\u00e9pek logik\u00e1j\u00e1nak egys\u00e9gess\u00e9g\u00e9t, a projektmenedzsment egys\u00e9gess\u00e9g\u00e9t, a gyors \u00e9rt\u00e9kes\u00edt\u00e9s ut\u00e1ni szolg\u00e1ltat\u00e1st \u00e9s egy elk\u00f6telezett csapatot, amely azonnal reag\u00e1l az \u00fcgyfelek t\u00e1mogat\u00e1si ig\u00e9nyeire.<\/p>\n<p>&nbsp;<\/p>\n<p><img fetchpriority=\"high\" decoding=\"async\" class=\"alignnone size-medium wp-image-4039\" src=\"https:\/\/cormac.eu\/wp-content\/uploads\/2023\/11\/Robotic-loading-process-288x300.jpg\" alt=\"\" width=\"288\" height=\"300\" srcset=\"https:\/\/cormac.eu\/wp-content\/uploads\/2023\/11\/Robotic-loading-process-288x300.jpg 288w, https:\/\/cormac.eu\/wp-content\/uploads\/2023\/11\/Robotic-loading-process.jpg 407w\" sizes=\"(max-width: 288px) 100vw, 288px\" \/><\/p>\n<p><strong>\u00a0<\/strong><\/p>\n<p><u>A TELJES SOROKBA INTEGR\u00c1LHAT\u00d3 RENDSZEREK:<\/u><\/p>\n<ul>\n<li>S\u00falyszab\u00e1lyoz\u00f3 rendszerek<\/li>\n<li>L\u00e1t\u00f3rendszerek<\/li>\n<li>Kil\u00f6v\u0151 rendszerek a nem megfelel\u0151 term\u00e9kekhez<\/li>\n<li>C\u00edmk\u00e9z\u00e9si rendszerek<\/li>\n<li>K\u00f3dol\u00e1si \u00e9s nyomtat\u00e1si rendszerek<\/li>\n<li>Raklapoz\u00f3 rendszerek<\/li>\n<\/ul>\n<p>&nbsp;<\/p>\n<table style=\"height: 307px\" width=\"805\">\n<tbody>\n<tr>\n<td width=\"264\"><strong>F<\/strong><strong>eatures<\/strong><\/td>\n<td width=\"340\"><strong>El\u0151ny\u00f6k<\/strong><\/td>\n<\/tr>\n<tr>\n<td width=\"264\">\u00a0Teljes g\u00e9psorok teljes m\u00e9rn\u00f6ki munk\u00e1ja<\/td>\n<td width=\"340\">K\u00fcl\u00f6nb\u00f6z\u0151 csomagol\u00e1si megold\u00e1sok<\/td>\n<\/tr>\n<tr>\n<td width=\"264\">Robotikus rakod\u00e1s<\/td>\n<td width=\"340\">Gyors, hat\u00e9kony, megb\u00edzhat\u00f3<\/td>\n<\/tr>\n<tr>\n<td width=\"264\">Kulcsrak\u00e9sz ell\u00e1t\u00e1s<\/td>\n<td width=\"340\">Egyablakos besz\u00e1ll\u00edt\u00f3 projektfelel\u0151ss\u00e9ggel<\/td>\n<\/tr>\n<tr>\n<td width=\"264\">Rozsdamentes vagy rozsdamentes ac\u00e9lb\u00f3l k\u00e9sz\u00fclt szerkezetek<\/td>\n<td width=\"340\">Ipar\u00e1gi megb\u00edzhat\u00f3s\u00e1g<\/td>\n<\/tr>\n<\/tbody>\n<\/table>","protected":false},"excerpt":{"rendered":"<p>Automatikus kartonform\u00e1z\u00e1s, a term\u00e9kek rakod\u00e1sa robotiz\u00e1lt pick and place cell\u00e1k vagy m\u00e1s rendszerek seg\u00edts\u00e9g\u00e9vel, a vonal v\u00e9gi megold\u00e1sok be\u00e9p\u00edt\u00e9s\u00e9vel, bele\u00e9rtve a raklapoz\u00e1st is.<\/p>","protected":false},"featured_media":4032,"comment_status":"open","ping_status":"closed","template":"","meta":{"uix_meta_title":"","uix_meta_description":"","uix_canonical_url":""},"product_brand":[],"product_cat":[114],"product_tag":[],"class_list":{"0":"post-4058","1":"product","2":"type-product","3":"status-publish","4":"has-post-thumbnail","6":"product_cat-secondary-packaging","8":"first","9":"instock","10":"shipping-taxable","11":"product-type-simple"},"_links":{"self":[{"href":"https:\/\/cormac.eu\/hu\/wp-json\/wp\/v2\/product\/4058","targetHints":{"allow":["GET"]}}],"collection":[{"href":"https:\/\/cormac.eu\/hu\/wp-json\/wp\/v2\/product"}],"about":[{"href":"https:\/\/cormac.eu\/hu\/wp-json\/wp\/v2\/types\/product"}],"replies":[{"embeddable":true,"href":"https:\/\/cormac.eu\/hu\/wp-json\/wp\/v2\/comments?post=4058"}],"wp:featuredmedia":[{"embeddable":true,"href":"https:\/\/cormac.eu\/hu\/wp-json\/wp\/v2\/media\/4032"}],"wp:attachment":[{"href":"https:\/\/cormac.eu\/hu\/wp-json\/wp\/v2\/media?parent=4058"}],"wp:term":[{"taxonomy":"product_brand","embeddable":true,"href":"https:\/\/cormac.eu\/hu\/wp-json\/wp\/v2\/product_brand?post=4058"},{"taxonomy":"product_cat","embeddable":true,"href":"https:\/\/cormac.eu\/hu\/wp-json\/wp\/v2\/product_cat?post=4058"},{"taxonomy":"product_tag","embeddable":true,"href":"https:\/\/cormac.eu\/hu\/wp-json\/wp\/v2\/product_tag?post=4058"}],"curies":[{"name":"wp","href":"https:\/\/api.w.org\/{rel}","templated":true}]}}