{"id":4054,"date":"2023-11-10T13:13:17","date_gmt":"2023-11-10T12:13:17","guid":{"rendered":"https:\/\/cormac.eu\/?post_type=product&#038;p=4054"},"modified":"2023-11-10T13:26:17","modified_gmt":"2023-11-10T12:26:17","slug":"dobozzaro-gep","status":"publish","type":"product","link":"https:\/\/cormac.eu\/hu\/product\/box-closing-machine\/","title":{"rendered":"Dobozz\u00e1r\u00f3 g\u00e9p"},"content":{"rendered":"<p>A z\u00e1r\u00f3g\u00e9peket \u00fagy tervezt\u00e9k, hogy a term\u00e9kekkel val\u00f3 megt\u00f6lt\u00e9s ut\u00e1n a fedeles dobozokat lez\u00e1rj\u00e1k. A z\u00e1r\u00f3g\u00e9pek lehetnek line\u00e1risak nagy sebess\u00e9g\u0171 megold\u00e1sokhoz, vagy ha a dobozok 1-lapos fed\u00e9llel rendelkeznek.<br \/>\nA g\u00e9pek sz\u00f6gletesek lehetnek a 3 patentos fedel\u0171 dobozok eset\u00e9ben. Ezek a g\u00e9pek folyamatos mozg\u00e1ssal rendelkeznek. A dobozok forr\u00f3 olvad\u00e9kragaszt\u00f3val vagy reteszel\u0151 rendszerrel z\u00e1rhat\u00f3k.<br \/>\nA sebess\u00e9g elektronikusan \u00e1ll\u00edthat\u00f3, maximum 200 doboz per percig. A form\u00e1tumv\u00e1lt\u00e1s gyors \u00e9s egyszer\u0171.<\/p>\n<p>Kapacit\u00e1s: Percenk\u00e9nt ak\u00e1r 200 doboz.<\/p>\n<p><img decoding=\"async\" class=\"alignnone size-medium wp-image-4055\" src=\"https:\/\/cormac.eu\/wp-content\/uploads\/2023\/11\/closing-process-300x123.jpg\" alt=\"\" width=\"300\" height=\"123\" srcset=\"https:\/\/cormac.eu\/wp-content\/uploads\/2023\/11\/closing-process-300x123.jpg 300w, https:\/\/cormac.eu\/wp-content\/uploads\/2023\/11\/closing-process-600x245.jpg 600w, https:\/\/cormac.eu\/wp-content\/uploads\/2023\/11\/closing-process.jpg 644w\" sizes=\"(max-width: 300px) 100vw, 300px\" \/><\/p>\n<p>&nbsp;<\/p>\n<p>&nbsp;<\/p>\n<table style=\"height: 395px\" width=\"841\">\n<tbody>\n<tr>\n<td width=\"264\"><strong>F<\/strong><strong>eatures<\/strong><\/td>\n<td width=\"340\"><strong>El\u0151ny\u00f6k<\/strong><\/td>\n<\/tr>\n<tr>\n<td width=\"264\">Id\u0151szakos vagy folyamatos mozg\u00e1s<\/td>\n<td width=\"340\">Rendszerintegr\u00e1ci\u00f3<\/td>\n<\/tr>\n<tr>\n<td width=\"264\">Sebess\u00e9gszab\u00e1lyoz\u00e1s<\/td>\n<td width=\"340\">\u00c1ll\u00edthat\u00f3 sebess\u00e9g<\/td>\n<\/tr>\n<tr>\n<td width=\"264\">Z\u00e1r\u00e1s forr\u00f3 olvad\u00e9k ragaszt\u00f3val vagy horgokkal<\/td>\n<td width=\"340\">Biztons\u00e1gos z\u00e1r\u00e1s \u00e9s kreat\u00edv doboztervez\u00e9s<\/td>\n<\/tr>\n<tr>\n<td width=\"264\">Gyors \u00e1t\u00e1ll\u00e1s<\/td>\n<td width=\"340\">\u00c1tlagos id\u0151beli v\u00e1ltoz\u00e1s 5-10 perc<\/td>\n<\/tr>\n<tr>\n<td width=\"264\">Rozsdamentes vagy festett ac\u00e9lszerkezet<\/td>\n<td width=\"340\">Alkalmas k\u00fcl\u00f6nb\u00f6z\u0151 ipar\u00e1gak sz\u00e1m\u00e1ra<\/td>\n<\/tr>\n<\/tbody>\n<\/table>\n<p>&nbsp;<\/p>\n<p>&nbsp;<\/p>","protected":false},"excerpt":{"rendered":"<p>G\u00e9p a megt\u00f6lt\u00f6tt dobozok \u00e9s kartondobozok fed\u00e9llel t\u00f6rt\u00e9n\u0151 lez\u00e1r\u00e1s\u00e1ra.<\/p>","protected":false},"featured_media":4057,"comment_status":"open","ping_status":"closed","template":"","meta":{"uix_meta_title":"","uix_meta_description":"","uix_canonical_url":""},"product_brand":[],"product_cat":[114],"product_tag":[],"class_list":{"0":"post-4054","1":"product","2":"type-product","3":"status-publish","4":"has-post-thumbnail","6":"product_cat-secondary-packaging","8":"first","9":"instock","10":"shipping-taxable","11":"product-type-simple"},"_links":{"self":[{"href":"https:\/\/cormac.eu\/hu\/wp-json\/wp\/v2\/product\/4054","targetHints":{"allow":["GET"]}}],"collection":[{"href":"https:\/\/cormac.eu\/hu\/wp-json\/wp\/v2\/product"}],"about":[{"href":"https:\/\/cormac.eu\/hu\/wp-json\/wp\/v2\/types\/product"}],"replies":[{"embeddable":true,"href":"https:\/\/cormac.eu\/hu\/wp-json\/wp\/v2\/comments?post=4054"}],"wp:featuredmedia":[{"embeddable":true,"href":"https:\/\/cormac.eu\/hu\/wp-json\/wp\/v2\/media\/4057"}],"wp:attachment":[{"href":"https:\/\/cormac.eu\/hu\/wp-json\/wp\/v2\/media?parent=4054"}],"wp:term":[{"taxonomy":"product_brand","embeddable":true,"href":"https:\/\/cormac.eu\/hu\/wp-json\/wp\/v2\/product_brand?post=4054"},{"taxonomy":"product_cat","embeddable":true,"href":"https:\/\/cormac.eu\/hu\/wp-json\/wp\/v2\/product_cat?post=4054"},{"taxonomy":"product_tag","embeddable":true,"href":"https:\/\/cormac.eu\/hu\/wp-json\/wp\/v2\/product_tag?post=4054"}],"curies":[{"name":"wp","href":"https:\/\/api.w.org\/{rel}","templated":true}]}}