{"id":4052,"date":"2023-11-10T13:00:26","date_gmt":"2023-11-10T12:00:26","guid":{"rendered":"https:\/\/cormac.eu\/?post_type=product&#038;p=4052"},"modified":"2023-11-10T14:17:50","modified_gmt":"2023-11-10T13:17:50","slug":"tokkepzo-gep-2","status":"publish","type":"product","link":"https:\/\/cormac.eu\/hu\/product\/case-forming-machine\/","title":{"rendered":"Dobozk\u00e9pz\u0151 g\u00e9p"},"content":{"rendered":"<p>K\u00fcl\u00f6nleges m\u00e9ret\u0171 \u00e9s form\u00e1j\u00fa dobozok \u00e9s t\u00e1lc\u00e1k form\u00e1z\u00e1s\u00e1ra szolg\u00e1l\u00f3 g\u00e9pek a legk\u00fcl\u00f6nf\u00e9l\u00e9bb alkalmaz\u00e1sokhoz. Form\u00e1z\u00f3 g\u00e9peinket 90\u00b0-os \u00e9s 45\u00b0-os k\u00faposs\u00e1ggal vagy dupla fal\u00fa kartondobozok \u00e9s t\u00e1lc\u00e1k gy\u00e1rt\u00e1s\u00e1ra tervezt\u00fck. A dobozokat \u00e9s t\u00e1lc\u00e1kat lapos nyersanyagb\u00f3l alak\u00edtjuk ki forr\u00f3olvad\u00f3 ragaszt\u00f3, hidegragaszt\u00f3 vagy kamp\u00f3 seg\u00edts\u00e9g\u00e9vel. A sebess\u00e9g elektronikusan \u00e1ll\u00edthat\u00f3, maximum 60 l\u00f6ket\/percig, egyetlen form\u00e1z\u00f3fejjel. A k\u00edv\u00e1nt sebess\u00e9gnek \u00e9s a lapos nyersanyag jellemz\u0151inek megfelel\u0151en dupla form\u00e1z\u00f3fejjel (120 doboz\/perc) vagy h\u00e1romszoros form\u00e1z\u00f3fejjel (180 doboz\/perc) is rendelkez\u00e9sre \u00e1llnak opci\u00f3k. A form\u00e1tumv\u00e1lt\u00e1s gyors \u00e9s egyszer\u0171. A form\u00e1z\u00f3fej lehet fix vagy \u00e1ll\u00edthat\u00f3. Opci\u00f3k\u00e9nt automatikus form\u00e1tumv\u00e1lt\u00e1s is rendelkez\u00e9sre \u00e1ll.  Az automatiz\u00e1lt \u00e9s robotiz\u00e1lt term\u00e9kbet\u00f6lt\u0151 rendszereknek k\u00f6sz\u00f6nhet\u0151en form\u00e1z\u00f3 g\u00e9peink z\u00e1r\u00f3- \u00e9s fed\u0151g\u00e9pekkel integr\u00e1lhat\u00f3k, \u00edgy teljes csomagol\u00f3sorokat alkotnak.<\/p>\n<p><img decoding=\"async\" class=\"alignnone wp-image-4053\" src=\"https:\/\/cormac.eu\/wp-content\/uploads\/2023\/11\/product-line-case-forming-300x48.jpg\" alt=\"\" width=\"337\" height=\"54\" srcset=\"https:\/\/cormac.eu\/wp-content\/uploads\/2023\/11\/product-line-case-forming-300x48.jpg 300w, https:\/\/cormac.eu\/wp-content\/uploads\/2023\/11\/product-line-case-forming-600x96.jpg 600w, https:\/\/cormac.eu\/wp-content\/uploads\/2023\/11\/product-line-case-forming.jpg 659w\" sizes=\"(max-width: 337px) 100vw, 337px\" \/><\/p>\n<p>EL\u00c9RHET\u0150 MODELLEK:<\/p>\n<ul>\n<li>\u00a0Forr\u00f3 olvad\u00e9kragaszt\u00f3val m\u0171k\u00f6d\u0151 form\u00e1z\u00f3g\u00e9pek<\/li>\n<li>Hidegragaszt\u00f3val m\u0171k\u00f6d\u0151 form\u00e1z\u00f3g\u00e9p, hajtogat\u00f3 egys\u00e9ggel vagy an\u00e9lk\u00fcl<\/li>\n<li>Form\u00e1z\u00f3g\u00e9p kagyl\u00f3s dobozokhoz<\/li>\n<li>Egy- vagy k\u00e9tfej\u0171 form\u00e1z\u00f3g\u00e9pek horoggal t\u00f6rt\u00e9n\u0151 lez\u00e1r\u00e1ssal<\/li>\n<li>Form\u00e1z\u00f3g\u00e9pek kett\u0151s fal\u00fa, egym\u00e1sba illeszthet\u0151 z\u00e1r\u00f3d\u00e1s\u00fa dobozokhoz<\/li>\n<li>SPECIALS: Form\u00e1z\u00f3g\u00e9pek, bele\u00e9rtve a kezel\u0151egys\u00e9geket, oldals\u00f3 laphajtogat\u00f3 egys\u00e9geket, bels\u0151 elv\u00e1laszt\u00f3kat, pozicion\u00e1l\u00f3 egys\u00e9geket stb.<\/li>\n<\/ul>\n<p>&nbsp;<\/p>\n<table style=\"height: 515px\" width=\"870\">\n<tbody>\n<tr>\n<td width=\"264\"><strong>F<\/strong><strong>eatures<\/strong><\/td>\n<td width=\"340\"><strong>El\u0151ny\u00f6k<\/strong><\/td>\n<\/tr>\n<tr>\n<td width=\"264\">K\u00fcl\u00f6nb\u00f6z\u0151 ragaszt\u00e1si m\u00f3dszerek<\/td>\n<td width=\"340\">Forr\u00f3 ragaszt\u00f3, hideg ragaszt\u00f3 vagy horgok<\/td>\n<\/tr>\n<tr>\n<td width=\"264\">\u00c1ll\u00edthat\u00f3 sebess\u00e9g<\/td>\n<td width=\"340\">Sebess\u00e9gszab\u00e1lyoz\u00e1s<\/td>\n<\/tr>\n<tr>\n<td width=\"264\">Egy-, k\u00e9t- \u00e9s h\u00e1romfejes form\u00e1z\u00f3k<\/td>\n<td width=\"340\">K\u00fcl\u00f6nb\u00f6z\u0151 kapacit\u00e1s\u00fa kivitelek v\u00e1laszt\u00e1sa<\/td>\n<\/tr>\n<tr>\n<td width=\"264\">Gyors \u00e1t\u00e1ll\u00e1s<\/td>\n<td width=\"340\">Form\u00e1tumv\u00e1lt\u00e1s 5-10 perc<\/td>\n<\/tr>\n<tr>\n<td width=\"264\">Integr\u00e1ci\u00f3 lehets\u00e9ges<\/td>\n<td width=\"340\">Teljes csomagol\u00f3sorok kialak\u00edt\u00e1sa<\/td>\n<\/tr>\n<tr>\n<td width=\"264\">Speci\u00e1lis m\u00e9rn\u00f6ki tev\u00e9kenys\u00e9g<\/td>\n<td width=\"340\">K\u00fcl\u00f6nb\u00f6z\u0151 konfigur\u00e1ci\u00f3k lehets\u00e9gesek<\/td>\n<\/tr>\n<tr>\n<td width=\"264\">Rozsdamentes vagy festett ac\u00e9lszerkezet<\/td>\n<td width=\"340\">Alkalmas k\u00fcl\u00f6nb\u00f6z\u0151 ipar\u00e1gak sz\u00e1m\u00e1ra<\/td>\n<\/tr>\n<\/tbody>\n<\/table>\n<p>&nbsp;<\/p>","protected":false},"excerpt":{"rendered":"<p>K\u00fcl\u00f6nleges m\u00e9ret\u0171 \u00e9s form\u00e1j\u00fa dobozok \u00e9s t\u00e1lc\u00e1k form\u00e1z\u00e1s\u00e1ra szolg\u00e1l\u00f3 g\u00e9pek, lapos nyerslemezekb\u0151l kiindulva.<\/p>","protected":false},"featured_media":4029,"comment_status":"open","ping_status":"closed","template":"","meta":{"uix_meta_title":"","uix_meta_description":"","uix_canonical_url":""},"product_brand":[],"product_cat":[114],"product_tag":[],"class_list":{"0":"post-4052","1":"product","2":"type-product","3":"status-publish","4":"has-post-thumbnail","6":"product_cat-secondary-packaging","8":"first","9":"instock","10":"shipping-taxable","11":"product-type-simple"},"_links":{"self":[{"href":"https:\/\/cormac.eu\/hu\/wp-json\/wp\/v2\/product\/4052","targetHints":{"allow":["GET"]}}],"collection":[{"href":"https:\/\/cormac.eu\/hu\/wp-json\/wp\/v2\/product"}],"about":[{"href":"https:\/\/cormac.eu\/hu\/wp-json\/wp\/v2\/types\/product"}],"replies":[{"embeddable":true,"href":"https:\/\/cormac.eu\/hu\/wp-json\/wp\/v2\/comments?post=4052"}],"wp:featuredmedia":[{"embeddable":true,"href":"https:\/\/cormac.eu\/hu\/wp-json\/wp\/v2\/media\/4029"}],"wp:attachment":[{"href":"https:\/\/cormac.eu\/hu\/wp-json\/wp\/v2\/media?parent=4052"}],"wp:term":[{"taxonomy":"product_brand","embeddable":true,"href":"https:\/\/cormac.eu\/hu\/wp-json\/wp\/v2\/product_brand?post=4052"},{"taxonomy":"product_cat","embeddable":true,"href":"https:\/\/cormac.eu\/hu\/wp-json\/wp\/v2\/product_cat?post=4052"},{"taxonomy":"product_tag","embeddable":true,"href":"https:\/\/cormac.eu\/hu\/wp-json\/wp\/v2\/product_tag?post=4052"}],"curies":[{"name":"wp","href":"https:\/\/api.w.org\/{rel}","templated":true}]}}