{"id":4048,"date":"2023-11-10T12:43:37","date_gmt":"2023-11-10T11:43:37","guid":{"rendered":"https:\/\/cormac.eu\/?post_type=product&#038;p=4048"},"modified":"2023-11-10T12:59:40","modified_gmt":"2023-11-10T11:59:40","slug":"kartonozogep","status":"publish","type":"product","link":"https:\/\/cormac.eu\/hu\/product\/cartoning-machine\/","title":{"rendered":"Kartonoz\u00f3 g\u00e9p"},"content":{"rendered":"<p>Kartondobozol\u00f3 g\u00e9pek, bele\u00e9rtve az intermitt\u00e1l\u00f3, intermitt\u00e1l\u00f3, t\u00f6bb oszt\u00e1s\u00fa \u00e9s folyamatos mozg\u00e1s\u00fa g\u00e9peket. A mozg\u00e1s a term\u00e9k specifik\u00e1ci\u00f3it\u00f3l \u00e9s a k\u00edv\u00e1nt sebess\u00e9gt\u0151l f\u00fcgg, amely el\u00e9rheti a 300 darab\/perc sebess\u00e9get is.<em>.<br \/>\n<\/em>A kartonoz\u00f3g\u00e9pek a k\u00f6vetkez\u0151kre szolg\u00e1lnak <strong>oldals\u00f3 rakod\u00e1s<\/strong> el\u0151ragasztott kartondobozok lez\u00e1r\u00e1sa forr\u00f3olvad\u00e9kos ragaszt\u00f3val vagy reteszel\u0151 rendszerrel. A form\u00e1tumv\u00e1lt\u00e1s gyors \u00e9s egyszer\u0171<em>. <\/em>A kartonoz\u00f3g\u00e9pek minden modellje t\u00f6bbf\u00e9le g\u00e9poszt\u00e1ssal kaphat\u00f3, hogy megfeleljen az \u00fcgyfelek k\u00fcl\u00f6nb\u00f6z\u0151 ig\u00e9nyeinek.<em>. <\/em>A term\u00e9kbet\u00e1pl\u00e1l\u00e1s k\u00fcl\u00f6nb\u00f6z\u0151 megold\u00e1sai \u00e1llnak rendelkez\u00e9sre. A dobozok k\u00fcl\u00f6nleges m\u00e9retei vagy form\u00e1ja eset\u00e9n speci\u00e1lis kivitelek is tanulm\u00e1nyozhat\u00f3k.<\/p>\n<p><img decoding=\"async\" class=\"alignnone size-medium wp-image-4051\" src=\"https:\/\/cormac.eu\/wp-content\/uploads\/2023\/11\/carton-loading-process-300x91.jpg\" alt=\"\" width=\"300\" height=\"91\" srcset=\"https:\/\/cormac.eu\/wp-content\/uploads\/2023\/11\/carton-loading-process-300x91.jpg 300w, https:\/\/cormac.eu\/wp-content\/uploads\/2023\/11\/carton-loading-process.jpg 538w\" sizes=\"(max-width: 300px) 100vw, 300px\" \/><\/p>\n<p>Kapacit\u00e1sok\/Modellek<\/p>\n<ul>\n<li>CCM100 modell : folyamatos kartonoz\u00f3g\u00e9p, max. sebess\u00e9g 300 ppm<\/li>\n<li>Modell ICMMP100 : szakaszos kartonoz\u00f3g\u00e9p, t\u00f6bbsz\u00f6r\u00f6s oszt\u00e1s, max. sebess\u00e9g 90 ppm<\/li>\n<li>ICM100 modell : szakaszos kartonoz\u00f3g\u00e9p, max. sebess\u00e9g 60 ppm<\/li>\n<li>K\u00fcl\u00f6nleges kivitelek : k\u00e9r\u00e9sre<\/li>\n<\/ul>\n<p>&nbsp;<\/p>\n<table style=\"height: 487px\" width=\"698\">\n<tbody>\n<tr>\n<td width=\"264\"><strong>F<\/strong><strong>eatures<\/strong><\/td>\n<td width=\"340\"><strong>El\u0151ny\u00f6k<\/strong><\/td>\n<\/tr>\n<tr>\n<td width=\"264\">Id\u0151szakos vagy folyamatos mozg\u00e1s<\/td>\n<td width=\"340\">Rendszerintegr\u00e1ci\u00f3<\/td>\n<\/tr>\n<tr>\n<td width=\"264\">Robotiz\u00e1lt term\u00e9kbet\u00f6lt\u00e9s<\/td>\n<td width=\"340\">Hat\u00e9kony, higi\u00e9nikus, gyors<\/td>\n<\/tr>\n<tr>\n<td width=\"264\">Testreszabott term\u00e9kbet\u00f6lt\u00e9s<\/td>\n<td width=\"340\">Term\u00e9kbet\u00f6lt\u00e9s az \u00fcgyf\u00e9l ig\u00e9nyei szerint<\/td>\n<\/tr>\n<tr>\n<td width=\"264\">Elektronikus sebess\u00e9gszab\u00e1lyoz\u00e1s<\/td>\n<td width=\"340\">\u00c1ll\u00edthat\u00f3 sebess\u00e9g<\/td>\n<\/tr>\n<tr>\n<td width=\"264\">Z\u00e1r\u00e1s forr\u00f3 olvad\u00e9kragaszt\u00f3val<\/td>\n<td width=\"340\">Megb\u00edzhat\u00f3 ragaszt\u00e1si m\u00f3dszer<\/td>\n<\/tr>\n<tr>\n<td width=\"264\">Gyors \u00e1t\u00e1ll\u00e1s<\/td>\n<td width=\"340\">\u00c1tlagos v\u00e1ltoz\u00e1s 5-10 perc alatt<\/td>\n<\/tr>\n<tr>\n<td width=\"264\">R\u00fad n\u00e9lk\u00fcli vagy festett ac\u00e9lszerkezet<\/td>\n<td width=\"340\">Alkalmas k\u00fcl\u00f6nb\u00f6z\u0151 ipar\u00e1gak sz\u00e1m\u00e1ra<\/td>\n<\/tr>\n<\/tbody>\n<\/table>","protected":false},"excerpt":{"rendered":"<p>A term\u00e9kek oldalir\u00e1ny\u00fa bet\u00f6lt\u00e9s\u00e9re \u00e9s lez\u00e1r\u00e1s\u00e1ra szolg\u00e1l\u00f3 g\u00e9p az el\u0151re ragasztott kartondobozokba.<\/p>","protected":false},"featured_media":4028,"comment_status":"open","ping_status":"closed","template":"","meta":{"uix_meta_title":"","uix_meta_description":"","uix_canonical_url":""},"product_brand":[],"product_cat":[114],"product_tag":[300,271,299],"class_list":{"0":"post-4048","1":"product","2":"type-product","3":"status-publish","4":"has-post-thumbnail","6":"product_cat-secondary-packaging","7":"product_tag-cartoning","8":"product_tag-packaging-lines","9":"product_tag-secondary-packaging","11":"first","12":"instock","13":"shipping-taxable","14":"product-type-simple"},"_links":{"self":[{"href":"https:\/\/cormac.eu\/hu\/wp-json\/wp\/v2\/product\/4048","targetHints":{"allow":["GET"]}}],"collection":[{"href":"https:\/\/cormac.eu\/hu\/wp-json\/wp\/v2\/product"}],"about":[{"href":"https:\/\/cormac.eu\/hu\/wp-json\/wp\/v2\/types\/product"}],"replies":[{"embeddable":true,"href":"https:\/\/cormac.eu\/hu\/wp-json\/wp\/v2\/comments?post=4048"}],"wp:featuredmedia":[{"embeddable":true,"href":"https:\/\/cormac.eu\/hu\/wp-json\/wp\/v2\/media\/4028"}],"wp:attachment":[{"href":"https:\/\/cormac.eu\/hu\/wp-json\/wp\/v2\/media?parent=4048"}],"wp:term":[{"taxonomy":"product_brand","embeddable":true,"href":"https:\/\/cormac.eu\/hu\/wp-json\/wp\/v2\/product_brand?post=4048"},{"taxonomy":"product_cat","embeddable":true,"href":"https:\/\/cormac.eu\/hu\/wp-json\/wp\/v2\/product_cat?post=4048"},{"taxonomy":"product_tag","embeddable":true,"href":"https:\/\/cormac.eu\/hu\/wp-json\/wp\/v2\/product_tag?post=4048"}],"curies":[{"name":"wp","href":"https:\/\/api.w.org\/{rel}","templated":true}]}}