{"id":4006,"date":"2023-11-02T21:54:50","date_gmt":"2023-11-02T20:54:50","guid":{"rendered":"https:\/\/cormac.eu\/?post_type=product&#038;p=4006"},"modified":"2023-11-02T22:35:46","modified_gmt":"2023-11-02T21:35:46","slug":"kcm-omega-csokolade-lerako-2","status":"publish","type":"product","link":"https:\/\/cormac.eu\/hu\/product\/kcm-omega-chocolate-depositor\/","title":{"rendered":"KCM Omega csokol\u00e1d\u00e9 bet\u00e9tes"},"content":{"rendered":"<p>A KCM 9\/18 Omega a t\u00f6k\u00e9letes eszk\u00f6z az egyadagos t\u00f6lt\u00f6tt term\u00e9kek k\u00e9zm\u0171ves gy\u00e1rt\u00e1s\u00e1hoz. Teljesen elektroszerv\u00f3 vez\u00e9rl\u00e9s\u0171, szabadalmaztatott forg\u00f3dugatty\u00fas rendszerrel ell\u00e1tott lerak\u00f3t tartalmaz. A karcs\u00fa test a legkisebb sarokban is elf\u00e9r, \u00e9s g\u00f6rg\u0151k\u00f6n \u00e1ll, \u00edgy mozgathat\u00f3. A be\u00e9p\u00edtett biztons\u00e1gi fed\u00e9s lehet\u0151v\u00e9 teszi a teljes hozz\u00e1f\u00e9r\u00e9st a tart\u00e1lyokhoz a gy\u00e1rt\u00e1s sor\u00e1n. A lerak\u00f3 35 mm-es hengerb\u00e9l\u00e9ssel rendelkezik, 3 k\u00fcl\u00f6nb\u00f6z\u0151 dugatty\u00fa\u00e1tm\u00e9r\u0151 k\u00f6z\u00fcl v\u00e1laszthat\u00f3 10\/20\/25 mm. A dugatty\u00fak l\u00f6kethossza 32 mm. A g\u00e9p lehet\u0151v\u00e9 teszi a z\u00e1rv\u00e1nyokkal ell\u00e1tott term\u00e9k optim\u00e1lis \u00e1tmen\u0151 teljes\u00edtm\u00e9ny\u00e9t. Egyedi dugatty\u00faaktiv\u00e1l\u00e1ssal rendelkezik szabadalmaztatott kapcsol\u00f3rendszerrel. Az oldals\u00ednek 380-275 mm k\u00f6z\u00f6tt \u00e1ll\u00edthat\u00f3ak. Ez lehet\u0151v\u00e9 teszi a szabv\u00e1nyos form\u00e1k, v\u00e1kuumform\u00e1zott form\u00e1k \u00e9s lemezek haszn\u00e1lat\u00e1t!<\/p>\n<p>&nbsp;<\/p>\n<table style=\"height: 366px\" width=\"879\">\n<tbody>\n<tr>\n<td width=\"197\">\u00a0<strong>Jellemz\u0151k<\/strong><\/td>\n<td width=\"197\">\u00a0<strong>El\u0151ny\u00f6k<\/strong><\/td>\n<\/tr>\n<tr>\n<td>G\u00f6rg\u0151s g\u00e9p<\/td>\n<td>\n<ul>\n<li>k\u00f6nny\u0171 mozg\u00e1s<\/li>\n<\/ul>\n<\/td>\n<\/tr>\n<tr>\n<td>Forg\u00f3dugatty\u00fas rendszer<\/td>\n<td>\n<ul>\n<li>legnagyobb pontoss\u00e1g<\/li>\n<\/ul>\n<\/td>\n<\/tr>\n<tr>\n<td>Konzolos dugatty\u00fablokk<\/td>\n<td>\n<ul>\n<li>k\u00f6nny\u0171 hozz\u00e1f\u00e9r\u00e9s<\/li>\n<li>k\u00f6nny\u0171 tiszt\u00edt\u00e1s<\/li>\n<\/ul>\n<\/td>\n<\/tr>\n<tr>\n<td>F\u00fav\u00f3kat\u00e1ny\u00e9r r\u00f6gz\u00edt\u00e9s k\u00f6zponti z\u00e1rrendszerrel<\/td>\n<td>\n<ul>\n<li>Gyors f\u00fav\u00f3ka lemezcsere<\/li>\n<\/ul>\n<\/td>\n<\/tr>\n<\/tbody>\n<\/table>\n<p>&nbsp;<\/p>\n<p>&nbsp;<\/p>","protected":false},"excerpt":{"rendered":"<p>Nagy pontoss\u00e1g\u00fa \u00e9s mobil, egyl\u00f6vet\u0171 csokol\u00e1d\u00e9k\u00e9sz\u00edt\u0151 az ambici\u00f3zus csokol\u00e1d\u00e9k\u00e9sz\u00edt\u0151k sz\u00e1m\u00e1ra.<\/p>","protected":false},"featured_media":4025,"comment_status":"open","ping_status":"closed","template":"","meta":{"uix_meta_title":"","uix_meta_description":"","uix_canonical_url":""},"product_brand":[],"product_cat":[107,104],"product_tag":[],"class_list":{"0":"post-4006","1":"product","2":"type-product","3":"status-publish","4":"has-post-thumbnail","6":"product_cat-artisanal","7":"product_cat-processing","9":"first","10":"instock","11":"shipping-taxable","12":"product-type-simple"},"_links":{"self":[{"href":"https:\/\/cormac.eu\/hu\/wp-json\/wp\/v2\/product\/4006","targetHints":{"allow":["GET"]}}],"collection":[{"href":"https:\/\/cormac.eu\/hu\/wp-json\/wp\/v2\/product"}],"about":[{"href":"https:\/\/cormac.eu\/hu\/wp-json\/wp\/v2\/types\/product"}],"replies":[{"embeddable":true,"href":"https:\/\/cormac.eu\/hu\/wp-json\/wp\/v2\/comments?post=4006"}],"wp:featuredmedia":[{"embeddable":true,"href":"https:\/\/cormac.eu\/hu\/wp-json\/wp\/v2\/media\/4025"}],"wp:attachment":[{"href":"https:\/\/cormac.eu\/hu\/wp-json\/wp\/v2\/media?parent=4006"}],"wp:term":[{"taxonomy":"product_brand","embeddable":true,"href":"https:\/\/cormac.eu\/hu\/wp-json\/wp\/v2\/product_brand?post=4006"},{"taxonomy":"product_cat","embeddable":true,"href":"https:\/\/cormac.eu\/hu\/wp-json\/wp\/v2\/product_cat?post=4006"},{"taxonomy":"product_tag","embeddable":true,"href":"https:\/\/cormac.eu\/hu\/wp-json\/wp\/v2\/product_tag?post=4006"}],"curies":[{"name":"wp","href":"https:\/\/api.w.org\/{rel}","templated":true}]}}