{"id":3987,"date":"2023-10-27T14:59:24","date_gmt":"2023-10-27T12:59:24","guid":{"rendered":"https:\/\/cormac.eu\/?post_type=product&#038;p=3987"},"modified":"2023-10-27T15:28:07","modified_gmt":"2023-10-27T13:28:07","slug":"golyosmalom","status":"publish","type":"product","link":"https:\/\/cormac.eu\/hu\/product\/ball-mill\/","title":{"rendered":"Goly\u00f3smalom"},"content":{"rendered":"<p>20-50 KG kapacit\u00e1s\u00fa goly\u00f3smalom, amely alkalmas kis \u00e9s k\u00f6zepes csokol\u00e1d\u00e9gy\u00e1rt\u00f3k \u00e9s cukr\u00e1szd\u00e1k sz\u00e1m\u00e1ra. A g\u00e9p k\u00e9pes finom\u00edtani kr\u00e9meket, csokol\u00e1d\u00e9massz\u00e1kat, csokol\u00e1d\u00e9kr\u00e9meket \u00e9s k\u00fcl\u00f6nb\u00f6z\u0151 m\u00e1zakat 20 mikron finoms\u00e1gig. A g\u00e9p szil\u00e1rd, megb\u00edzhat\u00f3 \u00e9s k\u00f6nnyen kezelhet\u0151. A h\u00e1l\u00f3zati csatlakoz\u00f3ja 220 V-ra van be\u00e1ll\u00edtva, \u00edgy k\u00f6nnyen csatlakoztathat\u00f3 b\u00e1rmely gy\u00e1rt\u00f3\u00fczemben.<\/p>\n<p>&nbsp;<\/p>\n<table width=\"491\">\n<tbody>\n<tr>\n<td width=\"246\"><strong>Jellemz\u0151k<\/strong><\/td>\n<td width=\"246\"><strong>El\u0151ny\u00f6k<\/strong><\/td>\n<\/tr>\n<tr>\n<td width=\"246\">Kompakt kialak\u00edt\u00e1s<\/td>\n<td width=\"246\">K\u00f6nnyen elhelyezhet\u0151 \u00e9s kezelhet\u0151<\/td>\n<\/tr>\n<tr>\n<td width=\"246\">220 V-os \u00e1ramell\u00e1t\u00e1s<\/td>\n<td width=\"246\">B\u00e1rmilyen l\u00e9tes\u00edtm\u00e9nyben, m\u0171helyben vagy laborat\u00f3riumban haszn\u00e1lhat\u00f3<\/td>\n<\/tr>\n<tr>\n<td width=\"246\"><\/td>\n<td width=\"246\"><\/td>\n<\/tr>\n<tr>\n<td width=\"246\">M\u00e9retek<\/td>\n<td width=\"246\">L 875 x W 675 x H 1100 MM<\/td>\n<\/tr>\n<tr>\n<td width=\"246\">S\u00faly<\/td>\n<td width=\"246\">340 kg<\/td>\n<\/tr>\n<\/tbody>\n<\/table>","protected":false},"excerpt":{"rendered":"<p>Kis kapacit\u00e1s\u00fa goly\u00f3s malomfinom\u00edt\u00f3 kis \u00e9s k\u00f6zepes csokol\u00e1d\u00e9gy\u00e1rt\u00f3k \u00e9s cukr\u00e1szd\u00e1k sz\u00e1m\u00e1ra.<\/p>","protected":false},"featured_media":3986,"comment_status":"open","ping_status":"closed","template":"","meta":{"uix_meta_title":"","uix_meta_description":"","uix_canonical_url":""},"product_brand":[],"product_cat":[104],"product_tag":[],"class_list":{"0":"post-3987","1":"product","2":"type-product","3":"status-publish","4":"has-post-thumbnail","6":"product_cat-processing","8":"first","9":"instock","10":"shipping-taxable","11":"product-type-simple"},"_links":{"self":[{"href":"https:\/\/cormac.eu\/hu\/wp-json\/wp\/v2\/product\/3987","targetHints":{"allow":["GET"]}}],"collection":[{"href":"https:\/\/cormac.eu\/hu\/wp-json\/wp\/v2\/product"}],"about":[{"href":"https:\/\/cormac.eu\/hu\/wp-json\/wp\/v2\/types\/product"}],"replies":[{"embeddable":true,"href":"https:\/\/cormac.eu\/hu\/wp-json\/wp\/v2\/comments?post=3987"}],"wp:featuredmedia":[{"embeddable":true,"href":"https:\/\/cormac.eu\/hu\/wp-json\/wp\/v2\/media\/3986"}],"wp:attachment":[{"href":"https:\/\/cormac.eu\/hu\/wp-json\/wp\/v2\/media?parent=3987"}],"wp:term":[{"taxonomy":"product_brand","embeddable":true,"href":"https:\/\/cormac.eu\/hu\/wp-json\/wp\/v2\/product_brand?post=3987"},{"taxonomy":"product_cat","embeddable":true,"href":"https:\/\/cormac.eu\/hu\/wp-json\/wp\/v2\/product_cat?post=3987"},{"taxonomy":"product_tag","embeddable":true,"href":"https:\/\/cormac.eu\/hu\/wp-json\/wp\/v2\/product_tag?post=3987"}],"curies":[{"name":"wp","href":"https:\/\/api.w.org\/{rel}","templated":true}]}}