{"id":3938,"date":"2023-05-19T10:50:29","date_gmt":"2023-05-19T08:50:29","guid":{"rendered":"https:\/\/cormac.eu\/?post_type=product&#038;p=3938"},"modified":"2023-05-25T21:10:07","modified_gmt":"2023-05-25T19:10:07","slug":"automata-csiga-adagolo-2","status":"publish","type":"product","link":"https:\/\/cormac.eu\/hu\/product\/automatic-slug-feeder\/","title":{"rendered":"Automatikus csiga adagol\u00f3"},"content":{"rendered":"<p>A csigaadagol\u00f3 a kezel\u0151 etet\u0151rendszerek kateg\u00f3ri\u00e1j\u00e1ba tartozik. Ez egy f\u00fcgg\u0151leges bet\u00f6lt\u0151 \u00e9s adagol\u00f3 egys\u00e9g, amelyet a gy\u00e1rt\u00f3sor kifut\u00f3 v\u00e9ge \u00e9s a csomagol\u00f3\/foly\u00f3csomagol\u00f3 g\u00e9p k\u00f6z\u00e9 telep\u00edtenek.<br \/>\nA Slug adagol\u00f3 automatikusan \u00e9l\u00e9re \u00e1ll\u00edtott term\u00e9kadagokat k\u00e9sz\u00edt. Ezek a csig\u00e1k ezut\u00e1n automatikusan \u00e1tker\u00fclnek a hull\u00e1mos sz\u00e1ll\u00edt\u00f3szalagra egy 90\u00b0-os \u00e1temel\u0151 egys\u00e9gen kereszt\u00fcl. A csiga adagol\u00f3k 2-t\u0151l 16 csatorn\u00e1ig terjed\u0151 csatorn\u00e1val rendelkezhetnek, a bej\u00f6v\u0151 term\u00e9k s\u00e1vjainak sz\u00e1m\u00e1t\u00f3l \u00e9s sebess\u00e9g\u00e9t\u0151l f\u00fcgg\u0151en. Az egys\u00e9gek a term\u00e9kek t\u00e1lc\u00e1kba t\u00f6rt\u00e9n\u0151 elhelyez\u00e9s\u00e9re is haszn\u00e1lhat\u00f3k.<\/p>\n<p><strong>Kapacit\u00e1si tartom\u00e1ny<\/strong>: Testreszabott \/ ig\u00e9ny szerint<\/p>\n<p>&nbsp;<\/p>\n<table>\n<tbody>\n<tr>\n<td><strong>Jellemz\u0151k<\/strong><\/td>\n<td><strong>El\u0151ny\u00f6k<\/strong><\/td>\n<\/tr>\n<tr>\n<td>Halom hossz\u00e1nak be\u00e1ll\u00edt\u00e1sa<\/td>\n<td>A term\u00e9kvastags\u00e1g-elt\u00e9r\u00e9sek kompenz\u00e1l\u00e1sa<\/td>\n<\/tr>\n<tr>\n<td>Modul\u00e1ris kialak\u00edt\u00e1s<\/td>\n<td>K\u00fcl\u00f6nb\u00f6z\u0151 konfigur\u00e1ci\u00f3kban kaphat\u00f3<\/td>\n<\/tr>\n<\/tbody>\n<\/table>","protected":false},"excerpt":{"rendered":"<p>The slug feeder belongs to the category of Handling Feeding Systems. It is a vertical loading and feeding unit, installed between the outfeed end of a production line and the packaging \/ flowpack machine. The Slug feeder automatically creates portions of products on edge. These slugs are then automatically transferred to the flighted conveyor via [&hellip;]<\/p>\n","protected":false},"featured_media":3897,"comment_status":"open","ping_status":"closed","template":"","meta":{"uix_meta_title":"","uix_meta_description":"","uix_canonical_url":""},"product_brand":[],"product_cat":[105],"product_tag":[265,266,271,279],"class_list":{"0":"post-3938","1":"product","2":"type-product","3":"status-publish","4":"has-post-thumbnail","6":"product_cat-packaging","7":"product_tag-flowpack","8":"product_tag-flowwrapping","9":"product_tag-packaging-lines","10":"product_tag-slug-feeder","12":"first","13":"instock","14":"shipping-taxable","15":"product-type-simple"},"_links":{"self":[{"href":"https:\/\/cormac.eu\/hu\/wp-json\/wp\/v2\/product\/3938","targetHints":{"allow":["GET"]}}],"collection":[{"href":"https:\/\/cormac.eu\/hu\/wp-json\/wp\/v2\/product"}],"about":[{"href":"https:\/\/cormac.eu\/hu\/wp-json\/wp\/v2\/types\/product"}],"replies":[{"embeddable":true,"href":"https:\/\/cormac.eu\/hu\/wp-json\/wp\/v2\/comments?post=3938"}],"wp:featuredmedia":[{"embeddable":true,"href":"https:\/\/cormac.eu\/hu\/wp-json\/wp\/v2\/media\/3897"}],"wp:attachment":[{"href":"https:\/\/cormac.eu\/hu\/wp-json\/wp\/v2\/media?parent=3938"}],"wp:term":[{"taxonomy":"product_brand","embeddable":true,"href":"https:\/\/cormac.eu\/hu\/wp-json\/wp\/v2\/product_brand?post=3938"},{"taxonomy":"product_cat","embeddable":true,"href":"https:\/\/cormac.eu\/hu\/wp-json\/wp\/v2\/product_cat?post=3938"},{"taxonomy":"product_tag","embeddable":true,"href":"https:\/\/cormac.eu\/hu\/wp-json\/wp\/v2\/product_tag?post=3938"}],"curies":[{"name":"wp","href":"https:\/\/api.w.org\/{rel}","templated":true}]}}