{"id":3936,"date":"2023-05-19T10:38:59","date_gmt":"2023-05-19T08:38:59","guid":{"rendered":"https:\/\/cormac.eu\/?post_type=product&#038;p=3936"},"modified":"2023-05-25T21:11:43","modified_gmt":"2023-05-25T19:11:43","slug":"automata-tekercsadagolo","status":"publish","type":"product","link":"https:\/\/cormac.eu\/hu\/product\/automatic-roll-feeder\/","title":{"rendered":"Automatikus tekercs adagol\u00f3"},"content":{"rendered":"<p>Az automata tekercsadagol\u00f3 a kezel\u0151 adagol\u00f3rendszerek kateg\u00f3ri\u00e1j\u00e1ba tartozik. A gy\u00e1rt\u00f3sor kimeneti v\u00e9ge \u00e9s a csomagol\u00f3\/foly\u00f3csomagol\u00f3 g\u00e9p k\u00f6z\u00e9 telep\u00edtik.<br \/>\nEz fogadja a term\u00e9ket, \u00e9s a k\u00edv\u00e1nt mennyis\u00e9gben \u00e9s csomagol\u00e1si m\u00e9retben adagolja a flowpackg\u00e9pnek. Az egys\u00e9g bizonyos sz\u00e1m\u00fa term\u00e9ktart\u00e1llyal rendelkezik, amelyeket a term\u00e9k k\u00fcl\u00f6nleges form\u00e1j\u00e1hoz \u00e9s a sz\u00fcks\u00e9ges kimeneti sebess\u00e9ghez terveztek. Minden egyes tart\u00e1lyban van egy kiold\u00f3 csappanty\u00fa, \u00e9s a csomagsz\u00e1mot \u00e9rz\u00e9kel\u0151 fotocell\u00e1k hat\u00e1rozz\u00e1k meg. A rozsdamentes ac\u00e9l hordoz\u00f3kkal ell\u00e1tott sz\u00e1ll\u00edt\u00f3szalagok a fotocell\u00e1k el\u0151tt haladnak el, \u00e9s megsz\u00e1molj\u00e1k a megfelel\u0151 sz\u00e1m\u00fa term\u00e9ket, amely az egyes term\u00e9ktart\u00e1lyokba ker\u00fcl.<\/p>\n<p><strong>Kapacit\u00e1si tartom\u00e1ny <\/strong>: Szem\u00e9lyre szabottan\/ ig\u00e9ny szerint<\/p>","protected":false},"excerpt":{"rendered":"<p>Automatikus sz\u00e1ml\u00e1l\u00f3, csoportos\u00edt\u00f3 \u00e9s a flowpacker adagol\u00f3szalagj\u00e1ra adagol\u00f3 g\u00e9p.<\/p>","protected":false},"featured_media":3898,"comment_status":"open","ping_status":"closed","template":"","meta":{"uix_meta_title":"","uix_meta_description":"","uix_canonical_url":""},"product_brand":[],"product_cat":[105],"product_tag":[277,278,271],"class_list":{"0":"post-3936","1":"product","2":"type-product","3":"status-publish","4":"has-post-thumbnail","6":"product_cat-packaging","7":"product_tag-bread-roll-feeder","8":"product_tag-feeding-system","9":"product_tag-packaging-lines","11":"first","12":"instock","13":"shipping-taxable","14":"product-type-simple"},"_links":{"self":[{"href":"https:\/\/cormac.eu\/hu\/wp-json\/wp\/v2\/product\/3936","targetHints":{"allow":["GET"]}}],"collection":[{"href":"https:\/\/cormac.eu\/hu\/wp-json\/wp\/v2\/product"}],"about":[{"href":"https:\/\/cormac.eu\/hu\/wp-json\/wp\/v2\/types\/product"}],"replies":[{"embeddable":true,"href":"https:\/\/cormac.eu\/hu\/wp-json\/wp\/v2\/comments?post=3936"}],"wp:featuredmedia":[{"embeddable":true,"href":"https:\/\/cormac.eu\/hu\/wp-json\/wp\/v2\/media\/3898"}],"wp:attachment":[{"href":"https:\/\/cormac.eu\/hu\/wp-json\/wp\/v2\/media?parent=3936"}],"wp:term":[{"taxonomy":"product_brand","embeddable":true,"href":"https:\/\/cormac.eu\/hu\/wp-json\/wp\/v2\/product_brand?post=3936"},{"taxonomy":"product_cat","embeddable":true,"href":"https:\/\/cormac.eu\/hu\/wp-json\/wp\/v2\/product_cat?post=3936"},{"taxonomy":"product_tag","embeddable":true,"href":"https:\/\/cormac.eu\/hu\/wp-json\/wp\/v2\/product_tag?post=3936"}],"curies":[{"name":"wp","href":"https:\/\/api.w.org\/{rel}","templated":true}]}}