{"id":3935,"date":"2023-05-18T23:09:21","date_gmt":"2023-05-18T21:09:21","guid":{"rendered":"https:\/\/cormac.eu\/?post_type=product&#038;p=3935"},"modified":"2023-05-19T10:50:05","modified_gmt":"2023-05-19T08:50:05","slug":"automatikus-halom-adagolo-2","status":"publish","type":"product","link":"https:\/\/cormac.eu\/hu\/product\/automatic-pile-feeder\/","title":{"rendered":"Automatikus halom adagol\u00f3"},"content":{"rendered":"<p>Az automatikus halomadagol\u00f3 a kezel\u0151 adagol\u00f3rendszerek kateg\u00f3ri\u00e1j\u00e1ba tartozik. Ez egy v\u00edzszintes rakod\u00f3- \u00e9s adagol\u00f3egys\u00e9g, amelyet a gy\u00e1rt\u00f3sorok kimeneti v\u00e9g\u00e9re telep\u00edtenek.  Feladata, hogy a laposan fekv\u0151 term\u00e9keket halmokba csoportos\u00edtsa, \u00e9s a halmokat az \u00e1tfoly\u00f3f\u00f3li\u00e1z\u00f3 g\u00e9p(ek) bet\u00e1pl\u00e1l\u00f3 j\u00e1rataiba juttassa. Ez a halomadagol\u00f3 k\u00edm\u00e9letesen hozza l\u00e9tre a halmokat v\u00e1ltoz\u00f3 magass\u00e1gban, az egy r\u00e9tegt\u0151l a maxim\u00e1lis stabil magass\u00e1gig. A kezelend\u0151 term\u00e9kek jellemz\u0151en kekszek, kekszek, szendvicskekszek, pir\u00edt\u00f3s szeletek vagy kekszes kenyerek.  A cs\u00facsmodell n\u00e9gytengelyes horizont\u00e1lis adagol\u00f3egys\u00e9g\u00e9t 4 szervomotor hajtja.  Ez a v\u00e1ltozat lehet\u0151v\u00e9 teszi a halom magass\u00e1g\u00e1nak be\u00e1ll\u00edt\u00e1s\u00e1t a g\u00e9p m\u0171k\u00f6d\u00e9se k\u00f6zben, megszak\u00edt\u00e1s n\u00e9lk\u00fcl. L\u00e9tezik k\u00e9t tengelyes v\u00e1ltozat is, amelyet k\u00e9t szervomotor hajt.<\/p>\n<p><strong>Kapacit\u00e1si tartom\u00e1ny<\/strong> : testreszabott\/megrendel\u00e9sre<\/p>\n<p>&nbsp;<\/p>\n<table>\n<tbody>\n<tr>\n<td><strong>Jellemz\u0151k<\/strong><\/td>\n<td><strong>El\u0151ny\u00f6k<\/strong><\/td>\n<\/tr>\n<tr>\n<td>Halom magass\u00e1g\u00e1nak be\u00e1ll\u00edt\u00e1sa<\/td>\n<td>A term\u00e9kvastags\u00e1g-elt\u00e9r\u00e9sek menet k\u00f6zbeni kompenz\u00e1l\u00e1sa<\/td>\n<\/tr>\n<tr>\n<td>Modul\u00e1ris kialak\u00edt\u00e1s<\/td>\n<td>K\u00fcl\u00f6nb\u00f6z\u0151 konfigur\u00e1ci\u00f3kban kaphat\u00f3<\/td>\n<\/tr>\n<\/tbody>\n<\/table>\n<p>&nbsp;<\/p>","protected":false},"excerpt":{"rendered":"<p>Ez a g\u00e9p a term\u00e9keket, p\u00e9ld\u00e1ul kekszeket, kekszeket \u00e9s pir\u00edt\u00f3s szeleteket halmokba rakja, \u00e9s ezeket a flowpacker adagol\u00f3szalagra t\u00e1pl\u00e1lja.<\/p>","protected":false},"featured_media":3897,"comment_status":"open","ping_status":"closed","template":"","meta":{"uix_meta_title":"","uix_meta_description":"","uix_canonical_url":""},"product_brand":[],"product_cat":[105],"product_tag":[275,265,271,276],"class_list":{"0":"post-3935","1":"product","2":"type-product","3":"status-publish","4":"has-post-thumbnail","6":"product_cat-packaging","7":"product_tag-feeding","8":"product_tag-flowpack","9":"product_tag-packaging-lines","10":"product_tag-stacking","12":"first","13":"instock","14":"shipping-taxable","15":"product-type-simple"},"_links":{"self":[{"href":"https:\/\/cormac.eu\/hu\/wp-json\/wp\/v2\/product\/3935","targetHints":{"allow":["GET"]}}],"collection":[{"href":"https:\/\/cormac.eu\/hu\/wp-json\/wp\/v2\/product"}],"about":[{"href":"https:\/\/cormac.eu\/hu\/wp-json\/wp\/v2\/types\/product"}],"replies":[{"embeddable":true,"href":"https:\/\/cormac.eu\/hu\/wp-json\/wp\/v2\/comments?post=3935"}],"wp:featuredmedia":[{"embeddable":true,"href":"https:\/\/cormac.eu\/hu\/wp-json\/wp\/v2\/media\/3897"}],"wp:attachment":[{"href":"https:\/\/cormac.eu\/hu\/wp-json\/wp\/v2\/media?parent=3935"}],"wp:term":[{"taxonomy":"product_brand","embeddable":true,"href":"https:\/\/cormac.eu\/hu\/wp-json\/wp\/v2\/product_brand?post=3935"},{"taxonomy":"product_cat","embeddable":true,"href":"https:\/\/cormac.eu\/hu\/wp-json\/wp\/v2\/product_cat?post=3935"},{"taxonomy":"product_tag","embeddable":true,"href":"https:\/\/cormac.eu\/hu\/wp-json\/wp\/v2\/product_tag?post=3935"}],"curies":[{"name":"wp","href":"https:\/\/api.w.org\/{rel}","templated":true}]}}