{"id":3927,"date":"2023-05-18T22:15:35","date_gmt":"2023-05-18T20:15:35","guid":{"rendered":"https:\/\/cormac.eu\/?post_type=product&#038;p=3927"},"modified":"2023-05-19T11:00:29","modified_gmt":"2023-05-19T09:00:29","slug":"flowpack-gepcsomag-60","status":"publish","type":"product","link":"https:\/\/cormac.eu\/hu\/product\/flowpack-machine-pack-60\/","title":{"rendered":"Flowpack g\u00e9p - Pack 60"},"content":{"rendered":"<p>Ez a flowpack machie a 6-os sorozathoz tartozik, amely als\u00f3 filmtekercs tart\u00f3val rendelkezik.<br \/>\nEzt a tervez\u00e9si platformot t\u00f6bbf\u00e9le konfigur\u00e1ci\u00f3hoz haszn\u00e1lj\u00e1k, amely a tartoz\u00e9kok sz\u00e9les v\u00e1laszt\u00e9k\u00e1val egy\u00fctt lehet\u0151v\u00e9 teszi, hogy a g\u00e9pet sokf\u00e9le, k\u00fcl\u00f6nb\u00f6z\u0151 gy\u00e1rt\u00e1si k\u00f6rnyezetben csomagoland\u00f3 term\u00e9khez igaz\u00edts\u00e1k.<br \/>\nA g\u00e9p k\u00fcl\u00f6nb\u00f6z\u0151 v\u00e1ltozatokban sz\u00e1ll\u00edthat\u00f3, p\u00e9ld\u00e1ul h\u0151- vagy hidegpecs\u00e9tel\u0151vel, forg\u00f3pecs\u00e9tel\u0151vel\/v\u00e1g\u00f3val, rozsdamentes ac\u00e9lb\u00f3l \u00e9s jobb vagy bal oldali kivitelben.<br \/>\nA g\u00e9p k\u00fcl\u00f6nb\u00f6z\u0151, szem\u00e9lyre szabott adagol\u00f3rendszerekkel sz\u00e1ll\u00edthat\u00f3.<\/p>\n<p><strong>Kapacit\u00e1si tartom\u00e1ny<\/strong>: 100- 300 darab\/perc; 30 m\/perc<\/p>\n<p>&nbsp;<\/p>\n<table style=\"height: 742px\" width=\"638\">\n<tbody>\n<tr>\n<td>\n<p style=\"text-align: center\"><strong>Jellemz\u0151k<\/strong><\/p>\n<\/td>\n<td>\n<p style=\"text-align: center\"><strong>El\u0151ny\u00f6k<\/strong><\/p>\n<\/td>\n<\/tr>\n<tr>\n<td>Cantilever kialak\u00edt\u00e1s<\/td>\n<td>\n<ul>\n<li>J\u00f3 hozz\u00e1f\u00e9r\u00e9s a g\u00e9p minden r\u00e9sz\u00e9hez<\/li>\n<li>K\u00f6nny\u0171 karbantart\u00e1s<\/li>\n<\/ul>\n<\/td>\n<\/tr>\n<tr>\n<td>Modul\u00e1ris fel\u00e9p\u00edt\u00e9s<\/td>\n<td>\n<ul>\n<li>Alkalmazkod\u00f3k\u00e9pess\u00e9g az \u00fcgyfelek ig\u00e9nyeihez<\/li>\n<li>nagyfok\u00fa rugalmass\u00e1g<\/li>\n<\/ul>\n<\/td>\n<\/tr>\n<tr>\n<td>Pneumatikus ors\u00f3tart\u00f3<\/td>\n<td>\n<ul>\n<li>K\u00f6nny\u0171 ors\u00f3csere<\/li>\n<li>Axi\u00e1lis be\u00e1ll\u00edt\u00e1s a g\u00e9p m\u0171k\u00f6d\u00e9se k\u00f6zben<\/li>\n<\/ul>\n<\/td>\n<\/tr>\n<tr>\n<td>Univerz\u00e1lis form\u00e1z\u00f3 doboz<\/td>\n<td>\n<ul>\n<li>K\u00fcl\u00f6nb\u00f6z\u0151 term\u00e9km\u00e9retekhez igaz\u00edthat\u00f3<\/li>\n<\/ul>\n<\/td>\n<\/tr>\n<tr>\n<td>Modul\u00e1ris hosszanti t\u00f6m\u00edt\u0151egys\u00e9g<\/td>\n<td>\n<ul>\n<li>1 p\u00e1r hidegh\u00faz\u00f3 ker\u00e9k<\/li>\n<li>2 p\u00e1r f\u0171t\u00f6tt t\u00f6m\u00edt\u0151 ker\u00e9k<\/li>\n<li>1 p\u00e1r k\u00fapos uszony\u00fa t\u00f6m\u00edt\u00e9s\u0171 \u00f6sszecsukhat\u00f3 ker\u00e9k<\/li>\n<\/ul>\n<\/td>\n<\/tr>\n<tr>\n<td>Univerz\u00e1lis form\u00e1z\u00f3 doboz<\/td>\n<td>\n<ul>\n<li>K\u00fcl\u00f6nb\u00f6z\u0151 term\u00e9km\u00e9retekhez igaz\u00edthat\u00f3<\/li>\n<\/ul>\n<\/td>\n<\/tr>\n<tr>\n<td>V\u00e1ltoztathat\u00f3 sebess\u00e9g\u0171 sz\u00e1ll\u00edt\u00f3szalag<\/td>\n<td>\n<ul>\n<li>A csomagol\u00e1si sebess\u00e9ghez \u00e1ll\u00edthat\u00f3<\/li>\n<\/ul>\n<\/td>\n<\/tr>\n<tr>\n<td>\u00a010,4\" \u00e9rint\u0151k\u00e9perny\u0151s kijelz\u0151<\/td>\n<td>\n<ul>\n<li>Teljes elektronikus vez\u00e9rl\u00e9s<\/li>\n<li>Intuit\u00edv m\u0171k\u00f6d\u00e9s<\/li>\n<li>A param\u00e9terek t\u00e1rol\u00e1sa<\/li>\n<li>Megjelen\u00edtett riaszt\u00e1sok \u00e9s figyelmeztet\u00e9sek<\/li>\n<\/ul>\n<\/td>\n<\/tr>\n<\/tbody>\n<\/table>","protected":false},"excerpt":{"rendered":"<p>Flowpack g\u00e9p szab\u00e1lytalan vagy t\u00f6r\u00e9keny term\u00e9kek \u00e1raml\u00e1sos csomagol\u00e1s\u00e1ra alacsony \u00e9s k\u00f6zepes gy\u00e1rt\u00e1si sebess\u00e9ggel.<\/p>","protected":false},"featured_media":3891,"comment_status":"open","ping_status":"closed","template":"","meta":{"uix_meta_title":"","uix_meta_description":"","uix_canonical_url":""},"product_brand":[],"product_cat":[105],"product_tag":[274,265,266],"class_list":{"0":"post-3927","1":"product","2":"type-product","3":"status-publish","4":"has-post-thumbnail","6":"product_cat-packaging","7":"product_tag-complete-packaging-lines","8":"product_tag-flowpack","9":"product_tag-flowwrapping","11":"first","12":"instock","13":"shipping-taxable","14":"product-type-simple"},"_links":{"self":[{"href":"https:\/\/cormac.eu\/hu\/wp-json\/wp\/v2\/product\/3927","targetHints":{"allow":["GET"]}}],"collection":[{"href":"https:\/\/cormac.eu\/hu\/wp-json\/wp\/v2\/product"}],"about":[{"href":"https:\/\/cormac.eu\/hu\/wp-json\/wp\/v2\/types\/product"}],"replies":[{"embeddable":true,"href":"https:\/\/cormac.eu\/hu\/wp-json\/wp\/v2\/comments?post=3927"}],"wp:featuredmedia":[{"embeddable":true,"href":"https:\/\/cormac.eu\/hu\/wp-json\/wp\/v2\/media\/3891"}],"wp:attachment":[{"href":"https:\/\/cormac.eu\/hu\/wp-json\/wp\/v2\/media?parent=3927"}],"wp:term":[{"taxonomy":"product_brand","embeddable":true,"href":"https:\/\/cormac.eu\/hu\/wp-json\/wp\/v2\/product_brand?post=3927"},{"taxonomy":"product_cat","embeddable":true,"href":"https:\/\/cormac.eu\/hu\/wp-json\/wp\/v2\/product_cat?post=3927"},{"taxonomy":"product_tag","embeddable":true,"href":"https:\/\/cormac.eu\/hu\/wp-json\/wp\/v2\/product_tag?post=3927"}],"curies":[{"name":"wp","href":"https:\/\/api.w.org\/{rel}","templated":true}]}}