{"id":3913,"date":"2023-05-18T21:35:42","date_gmt":"2023-05-18T19:35:42","guid":{"rendered":"https:\/\/cormac.eu\/?post_type=product&#038;p=3913"},"modified":"2023-05-18T22:13:54","modified_gmt":"2023-05-18T20:13:54","slug":"teljes-flowpack-rendszerek","status":"publish","type":"product","link":"https:\/\/cormac.eu\/hu\/product\/complete-flowpack-systems\/","title":{"rendered":"Teljes flowpack rendszerek"},"content":{"rendered":"<p>Teljes csomagol\u00f3sorok a k\u00fcl\u00f6nb\u00f6z\u0151 ipar\u00e1gak term\u00e9keinek sz\u00e9les sk\u00e1l\u00e1j\u00e1hoz tartoz\u00f3 adagol\u00e1shoz, \u00e1tfoly\u00f3csomagol\u00e1shoz \u00e9s m\u00e1sodlagos csomagol\u00e1shoz.<\/p>\n<p>Ezek a vonalak \u00f6sszetett projektekhez igaz\u00edthat\u00f3k, \u00e9s konfigur\u00e1ci\u00f3jukat teljes m\u00e9rt\u00e9kben az \u00fcgyf\u00e9l ig\u00e9nyeihez igaz\u00edtjuk.<\/p>\n<p>Az adagol\u00f3rendszerek magukban foglalhatnak egy- vagy t\u00f6bbsoros eloszt\u00f3rendszereket, robotiz\u00e1lt bet\u00f6lt\u0151cell\u00e1kat, term\u00e9korient\u00e1ci\u00f3s rendszereket, halom- \u00e9s csigak\u00e9pz\u0151ket \u00e9s bet\u00f6lt\u0151ket, pufferrendszereket , k\u00fcl\u00f6nb\u00f6z\u0151 flowpack g\u00e9peket, ki\u00fcr\u00edt\u0151 rendszereket \u00e9s m\u00e1sodlagos csomagol\u00e1si megold\u00e1sokat.<\/p>\n<p>&nbsp;<\/p>\n<p><img decoding=\"async\" class=\"alignnone wp-image-3919\" src=\"https:\/\/cormac.eu\/wp-content\/uploads\/2023\/05\/Pos-1-300x141.jpg\" alt=\"\" width=\"323\" height=\"152\" srcset=\"https:\/\/cormac.eu\/wp-content\/uploads\/2023\/05\/Pos-1-300x141.jpg 300w, https:\/\/cormac.eu\/wp-content\/uploads\/2023\/05\/Pos-1-768x360.jpg 768w, https:\/\/cormac.eu\/wp-content\/uploads\/2023\/05\/Pos-1-600x281.jpg 600w, https:\/\/cormac.eu\/wp-content\/uploads\/2023\/05\/Pos-1.jpg 888w\" sizes=\"(max-width: 323px) 100vw, 323px\" \/> <img fetchpriority=\"high\" decoding=\"async\" class=\"alignnone wp-image-3925\" src=\"https:\/\/cormac.eu\/wp-content\/uploads\/2023\/05\/SAF3-300x130.jpg\" alt=\"\" width=\"360\" height=\"156\" srcset=\"https:\/\/cormac.eu\/wp-content\/uploads\/2023\/05\/SAF3-300x130.jpg 300w, https:\/\/cormac.eu\/wp-content\/uploads\/2023\/05\/SAF3-768x334.jpg 768w, https:\/\/cormac.eu\/wp-content\/uploads\/2023\/05\/SAF3-600x261.jpg 600w, https:\/\/cormac.eu\/wp-content\/uploads\/2023\/05\/SAF3.jpg 868w\" sizes=\"(max-width: 360px) 100vw, 360px\" \/><\/p>\n<p><img decoding=\"async\" class=\"alignnone size-medium wp-image-3915\" src=\"https:\/\/cormac.eu\/wp-content\/uploads\/2023\/05\/HSS1-and-HSS2-300x218.jpg\" alt=\"\" width=\"300\" height=\"218\" srcset=\"https:\/\/cormac.eu\/wp-content\/uploads\/2023\/05\/HSS1-and-HSS2-300x218.jpg 300w, https:\/\/cormac.eu\/wp-content\/uploads\/2023\/05\/HSS1-and-HSS2-768x559.jpg 768w, https:\/\/cormac.eu\/wp-content\/uploads\/2023\/05\/HSS1-and-HSS2-600x437.jpg 600w, https:\/\/cormac.eu\/wp-content\/uploads\/2023\/05\/HSS1-and-HSS2.jpg 776w\" sizes=\"(max-width: 300px) 100vw, 300px\" \/><img loading=\"lazy\" decoding=\"async\" class=\"alignnone size-medium wp-image-3923\" src=\"https:\/\/cormac.eu\/wp-content\/uploads\/2023\/05\/SAF1-300x172.jpg\" alt=\"\" width=\"300\" height=\"172\" srcset=\"https:\/\/cormac.eu\/wp-content\/uploads\/2023\/05\/SAF1-300x172.jpg 300w, https:\/\/cormac.eu\/wp-content\/uploads\/2023\/05\/SAF1-600x345.jpg 600w, https:\/\/cormac.eu\/wp-content\/uploads\/2023\/05\/SAF1.jpg 714w\" sizes=\"(max-width: 300px) 100vw, 300px\" \/><\/p>\n<p><img loading=\"lazy\" decoding=\"async\" class=\"alignnone wp-image-3920\" src=\"https:\/\/cormac.eu\/wp-content\/uploads\/2023\/05\/Pos-2-300x73.jpg\" alt=\"\" width=\"386\" height=\"94\" srcset=\"https:\/\/cormac.eu\/wp-content\/uploads\/2023\/05\/Pos-2-300x73.jpg 300w, https:\/\/cormac.eu\/wp-content\/uploads\/2023\/05\/Pos-2-768x187.jpg 768w, https:\/\/cormac.eu\/wp-content\/uploads\/2023\/05\/Pos-2-600x146.jpg 600w, https:\/\/cormac.eu\/wp-content\/uploads\/2023\/05\/Pos-2.jpg 891w\" sizes=\"(max-width: 386px) 100vw, 386px\" \/><\/p>\n<p>&nbsp;<\/p>\n<p>&nbsp;<\/p>\n<p>&nbsp;<\/p>","protected":false},"excerpt":{"rendered":"<p>Teljes flowwrapping rendszerek automatikus eloszt\u00f3, term\u00e9korient\u00e1ci\u00f3s, csoportos\u00edt\u00f3 \u00e9s adagol\u00f3 rendszerekkel.<\/p>","protected":false},"featured_media":3914,"comment_status":"open","ping_status":"closed","template":"","meta":{"uix_meta_title":"","uix_meta_description":"","uix_canonical_url":""},"product_brand":[],"product_cat":[105,114],"product_tag":[274,265,266],"class_list":{"0":"post-3913","1":"product","2":"type-product","3":"status-publish","4":"has-post-thumbnail","6":"product_cat-packaging","7":"product_cat-secondary-packaging","8":"product_tag-complete-packaging-lines","9":"product_tag-flowpack","10":"product_tag-flowwrapping","12":"first","13":"instock","14":"shipping-taxable","15":"product-type-simple"},"_links":{"self":[{"href":"https:\/\/cormac.eu\/hu\/wp-json\/wp\/v2\/product\/3913","targetHints":{"allow":["GET"]}}],"collection":[{"href":"https:\/\/cormac.eu\/hu\/wp-json\/wp\/v2\/product"}],"about":[{"href":"https:\/\/cormac.eu\/hu\/wp-json\/wp\/v2\/types\/product"}],"replies":[{"embeddable":true,"href":"https:\/\/cormac.eu\/hu\/wp-json\/wp\/v2\/comments?post=3913"}],"wp:featuredmedia":[{"embeddable":true,"href":"https:\/\/cormac.eu\/hu\/wp-json\/wp\/v2\/media\/3914"}],"wp:attachment":[{"href":"https:\/\/cormac.eu\/hu\/wp-json\/wp\/v2\/media?parent=3913"}],"wp:term":[{"taxonomy":"product_brand","embeddable":true,"href":"https:\/\/cormac.eu\/hu\/wp-json\/wp\/v2\/product_brand?post=3913"},{"taxonomy":"product_cat","embeddable":true,"href":"https:\/\/cormac.eu\/hu\/wp-json\/wp\/v2\/product_cat?post=3913"},{"taxonomy":"product_tag","embeddable":true,"href":"https:\/\/cormac.eu\/hu\/wp-json\/wp\/v2\/product_tag?post=3913"}],"curies":[{"name":"wp","href":"https:\/\/api.w.org\/{rel}","templated":true}]}}