{"id":3790,"date":"2023-03-05T18:01:43","date_gmt":"2023-03-05T17:01:43","guid":{"rendered":"https:\/\/cormac.eu\/?post_type=product&#038;p=3790"},"modified":"2023-03-05T18:01:43","modified_gmt":"2023-03-05T17:01:43","slug":"raklapcimkezo-rendszer-2","status":"publish","type":"product","link":"https:\/\/cormac.eu\/hu\/product\/pallet-labelling-system\/","title":{"rendered":"Raklapc\u00edmk\u00e9z\u0151 rendszer"},"content":{"rendered":"<p>A teljesen integr\u00e1lt v\u00e9gterm\u00e9keknek garant\u00e1lniuk kell a term\u00e9k t\u00f6k\u00e9letes nyomon k\u00f6vethet\u0151s\u00e9g\u00e9t. Ehhez olyan integr\u00e1lt rendszerre van sz\u00fcks\u00e9g, amely kapcsol\u00f3dik az \u00fcgyf\u00e9l ir\u00e1ny\u00edt\u00e1si rendszer\u00e9hez, \u00e9s mag\u00e1ban foglal egy raklapkezel\u0151t, egy stretch-csomagol\u00f3t \u00e9s egy raklapc\u00edmk\u00e9z\u0151 rendszert. Teljesen integr\u00e1lt raklapc\u00edmk\u00e9z\u0151 rendszer\u00fcnk a hardvertervez\u00e9st\u0151l a szoftvertervez\u00e9sig t\u00f6k\u00e9letesen integr\u00e1lt. A raklapc\u00edmk\u00e9z\u0151 automatikus nyomtat\u00f3- \u00e9s tervez\u0151rendszer k\u00e9pes a raklap k\u00e9t oldal\u00e1ra c\u00edmk\u00e9ket nyomtatni \u00e9s felragasztani, \u00e9s a c\u00edmk\u00e9k r\u00f6gz\u00edt\u00e9s\u00e9re szolg\u00e1l\u00f3 v\u00e1kuumlemezzel, a c\u00edmk\u00e9k elhelyez\u00e9s\u00e9nek \u00e9s olvashat\u00f3s\u00e1g\u00e1nak ellen\u0151rz\u00e9s\u00e9re szolg\u00e1l\u00f3 vonalk\u00f3dolvas\u00f3val, valamint a felhaszn\u00e1l\u00f3 biztons\u00e1g\u00e1t garant\u00e1l\u00f3 biztons\u00e1gi modullal van ell\u00e1tva.<\/p>\n<p>&nbsp;<\/p>\n<table width=\"491\">\n<tbody>\n<tr>\n<td width=\"491\"><strong>Jellemz\u0151k \u00a0<\/strong><\/td>\n<\/tr>\n<tr>\n<td width=\"491\">A raklap k\u00e9t oldal\u00e1n c\u00edmk\u00e9ket kell elhelyezni.<\/td>\n<\/tr>\n<tr>\n<td width=\"491\">V\u00e1kuumlemez a c\u00edmke tart\u00e1s\u00e1hoz<\/td>\n<\/tr>\n<tr>\n<td width=\"491\">Vonalk\u00f3d olvas\u00f3<\/td>\n<\/tr>\n<tr>\n<td width=\"491\">Biztons\u00e1gi modul<\/td>\n<\/tr>\n<\/tbody>\n<\/table>\n<p>&nbsp;<\/p>","protected":false},"excerpt":{"rendered":"<p>Raklapc\u00edmk\u00e9z\u0151 berendez\u00e9s a raklaprendez\u0151 rendszerbe integr\u00e1land\u00f3<\/p>","protected":false},"featured_media":3789,"comment_status":"open","ping_status":"closed","template":"","meta":{"uix_meta_title":"","uix_meta_description":"","uix_canonical_url":""},"product_brand":[],"product_cat":[257],"product_tag":[],"class_list":{"0":"post-3790","1":"product","2":"type-product","3":"status-publish","4":"has-post-thumbnail","6":"product_cat-end-of-line-packaging","8":"first","9":"instock","10":"shipping-taxable","11":"product-type-simple"},"_links":{"self":[{"href":"https:\/\/cormac.eu\/hu\/wp-json\/wp\/v2\/product\/3790","targetHints":{"allow":["GET"]}}],"collection":[{"href":"https:\/\/cormac.eu\/hu\/wp-json\/wp\/v2\/product"}],"about":[{"href":"https:\/\/cormac.eu\/hu\/wp-json\/wp\/v2\/types\/product"}],"replies":[{"embeddable":true,"href":"https:\/\/cormac.eu\/hu\/wp-json\/wp\/v2\/comments?post=3790"}],"wp:featuredmedia":[{"embeddable":true,"href":"https:\/\/cormac.eu\/hu\/wp-json\/wp\/v2\/media\/3789"}],"wp:attachment":[{"href":"https:\/\/cormac.eu\/hu\/wp-json\/wp\/v2\/media?parent=3790"}],"wp:term":[{"taxonomy":"product_brand","embeddable":true,"href":"https:\/\/cormac.eu\/hu\/wp-json\/wp\/v2\/product_brand?post=3790"},{"taxonomy":"product_cat","embeddable":true,"href":"https:\/\/cormac.eu\/hu\/wp-json\/wp\/v2\/product_cat?post=3790"},{"taxonomy":"product_tag","embeddable":true,"href":"https:\/\/cormac.eu\/hu\/wp-json\/wp\/v2\/product_tag?post=3790"}],"curies":[{"name":"wp","href":"https:\/\/api.w.org\/{rel}","templated":true}]}}