{"id":3787,"date":"2023-03-05T17:17:39","date_gmt":"2023-03-05T16:17:39","guid":{"rendered":"https:\/\/cormac.eu\/?post_type=product&#038;p=3787"},"modified":"2023-03-05T17:19:53","modified_gmt":"2023-03-05T16:19:53","slug":"stretch-csomagologep","status":"publish","type":"product","link":"https:\/\/cormac.eu\/hu\/product\/stretch-wrapping-machine\/","title":{"rendered":"Stretch csomagol\u00f3g\u00e9p"},"content":{"rendered":"<p>Az automata stretchcsomagol\u00f3 g\u00e9pek k\u00edn\u00e1lata optim\u00e1lis stabilit\u00e1st, megb\u00edzhat\u00f3s\u00e1got \u00e9s raklapterhel\u00e9st biztos\u00edt. A k\u00fcl\u00f6nb\u00f6z\u0151 modellek forg\u00f3 platformmal, forg\u00f3 karral vagy forg\u00f3 gy\u0171r\u0171vel is kivitelezhet\u0151k. A stretchcsomagol\u00f3 g\u00e9pek lehet\u0151v\u00e9 teszik b\u00e1rmilyen t\u00edpus\u00fa raklapos term\u00e9k stabil \u00e9s kompakt csomagol\u00e1s\u00e1t stretchf\u00f3li\u00e1val, \u00e9s speci\u00e1lis jellemz\u0151kkel vagy nem szabv\u00e1nyos m\u00e9retekkel is kivitelezhet\u0151ek. Ezek a g\u00e9pek integr\u00e1lhat\u00f3k megl\u00e9v\u0151 csomagol\u00f3sorba vagy \u00f6n\u00e1ll\u00f3an is.<\/p>\n<table width=\"491\">\n<tbody>\n<tr>\n<td width=\"491\"><strong>Jellemz\u0151k \u00a0<\/strong><strong>\u00a0\u00a0\u00a0<\/strong><strong>(a csomagol\u00f3anyag t\u00edpus\u00e1t\u00f3l f\u00fcgg\u0151en)<\/strong><\/td>\n<\/tr>\n<tr>\n<td width=\"491\">Motoros el\u0151fesz\u00edt\u00e9s ar\u00e1nya 300%-t\u0151l 400%-ig<\/td>\n<\/tr>\n<tr>\n<td width=\"491\">Automatikus kamp\u00f3s, v\u00e1g\u00f3 \u00e9s f\u00f3liabez\u00e1r\u00f3 egys\u00e9g<\/td>\n<\/tr>\n<tr>\n<td width=\"491\">Fordul\u00f3asztal forgat\u00e1s\u00e1nak ind\u00edt\u00e1sa \u00e9s le\u00e1ll\u00edt\u00e1sa alacsony fordulatsz\u00e1mon frekvenciavez\u00e9rl\u00e9ssel<\/td>\n<\/tr>\n<tr>\n<td width=\"491\">Elektromos vez\u00e9rl\u0151panel PLC-vel \u00e9s operat\u00edv panellel<\/td>\n<\/tr>\n<tr>\n<td width=\"491\">F\u00f3liatekercs fel \u00e9s le l\u00f6ket sebess\u00e9ge frekvenciavez\u00e9rl\u0151vel \u00e1ll\u00edthat\u00f3<\/td>\n<\/tr>\n<tr>\n<td width=\"491\">Ny\u00fajthat\u00f3 f\u00f3lia feszess\u00e9g\u00e9nek be\u00e1ll\u00edt\u00e1sa<\/td>\n<\/tr>\n<tr>\n<td width=\"491\">A kar forg\u00e1s\u00e1nak ind\u00edt\u00e1sa \u00e9s le\u00e1ll\u00edt\u00e1sa alacsony fordulatsz\u00e1mon, frekvenciavez\u00e9rl\u0151vel vez\u00e9relve<\/td>\n<\/tr>\n<tr>\n<td width=\"491\">F\u00e9nycella az automatikus pelletmagass\u00e1g-\u00e9rz\u00e9kel\u00e9shez<\/td>\n<\/tr>\n<tr>\n<td width=\"491\">Vizu\u00e1lis kijelz\u0151 a hibajelz\u00e9shez \u00e9s a ciklusid\u0151k be\u00e1ll\u00edt\u00e1s\u00e1hoz<\/td>\n<\/tr>\n<tr>\n<td width=\"491\">Pantogr\u00e1f t\u00edpus\u00fa fels\u0151 pneumatikus nyom\u00f3g\u00e9p (gy\u0171r\u0171s modell)<\/td>\n<\/tr>\n<tr>\n<td width=\"491\">Integr\u00e1lt v\u00edz\u00e1ll\u00f3 fels\u0151 lapadagol\u00f3 (gy\u0171r\u0171s modell)<\/td>\n<\/tr>\n<\/tbody>\n<\/table>\n<p>&nbsp;<\/p>\n<table style=\"height: 227px\" width=\"502\">\n<tbody>\n<tr>\n<td width=\"171\">Stretch csomagol\u00f3rendszer<\/td>\n<td style=\"text-align: center\" colspan=\"2\" width=\"153\">gy\u00e1rt\u00e1si sebess\u00e9gek<\/td>\n<\/tr>\n<tr>\n<td style=\"text-align: center\"><\/td>\n<td style=\"text-align: center\" colspan=\"2\">RPM<\/td>\n<\/tr>\n<tr>\n<td><\/td>\n<td style=\"text-align: center\">standard<\/td>\n<td style=\"text-align: center\">K\u00fcl\u00f6nleges<\/td>\n<\/tr>\n<tr>\n<td>Forg\u00f3 platform<\/td>\n<td style=\"text-align: center\">16<\/td>\n<td style=\"text-align: center\">18<\/td>\n<\/tr>\n<tr>\n<td>Forg\u00f3kar<\/td>\n<td style=\"text-align: center\">20<\/td>\n<td style=\"text-align: center\">30<\/td>\n<\/tr>\n<tr>\n<td>Forg\u00f3gy\u0171r\u0171<\/td>\n<td style=\"text-align: center\">40<\/td>\n<td style=\"text-align: center\">55<\/td>\n<\/tr>\n<\/tbody>\n<\/table>","protected":false},"excerpt":{"rendered":"<p>Strech csomagol\u00f3g\u00e9pek forg\u00f3 platformmal, karral vagy gy\u0171r\u0171vel.<\/p>","protected":false},"featured_media":3786,"comment_status":"open","ping_status":"closed","template":"","meta":{"uix_meta_title":"","uix_meta_description":"","uix_canonical_url":""},"product_brand":[],"product_cat":[257],"product_tag":[],"class_list":{"0":"post-3787","1":"product","2":"type-product","3":"status-publish","4":"has-post-thumbnail","6":"product_cat-end-of-line-packaging","8":"first","9":"instock","10":"shipping-taxable","11":"product-type-simple"},"_links":{"self":[{"href":"https:\/\/cormac.eu\/hu\/wp-json\/wp\/v2\/product\/3787","targetHints":{"allow":["GET"]}}],"collection":[{"href":"https:\/\/cormac.eu\/hu\/wp-json\/wp\/v2\/product"}],"about":[{"href":"https:\/\/cormac.eu\/hu\/wp-json\/wp\/v2\/types\/product"}],"replies":[{"embeddable":true,"href":"https:\/\/cormac.eu\/hu\/wp-json\/wp\/v2\/comments?post=3787"}],"wp:featuredmedia":[{"embeddable":true,"href":"https:\/\/cormac.eu\/hu\/wp-json\/wp\/v2\/media\/3786"}],"wp:attachment":[{"href":"https:\/\/cormac.eu\/hu\/wp-json\/wp\/v2\/media?parent=3787"}],"wp:term":[{"taxonomy":"product_brand","embeddable":true,"href":"https:\/\/cormac.eu\/hu\/wp-json\/wp\/v2\/product_brand?post=3787"},{"taxonomy":"product_cat","embeddable":true,"href":"https:\/\/cormac.eu\/hu\/wp-json\/wp\/v2\/product_cat?post=3787"},{"taxonomy":"product_tag","embeddable":true,"href":"https:\/\/cormac.eu\/hu\/wp-json\/wp\/v2\/product_tag?post=3787"}],"curies":[{"name":"wp","href":"https:\/\/api.w.org\/{rel}","templated":true}]}}