{"id":3783,"date":"2023-03-05T16:29:34","date_gmt":"2023-03-05T15:29:34","guid":{"rendered":"https:\/\/cormac.eu\/?post_type=product&#038;p=3783"},"modified":"2023-03-05T16:33:43","modified_gmt":"2023-03-05T15:33:43","slug":"raklapozo-rendszer-ladakhoz-es-kotegekhez-2","status":"publish","type":"product","link":"https:\/\/cormac.eu\/hu\/product\/palletizing-system-for-cases-and-bundles\/","title":{"rendered":"Raklapoz\u00f3 rendszer l\u00e1d\u00e1khoz \u00e9s k\u00f6tegekhez"},"content":{"rendered":"<p>A raklaprakod\u00f3g\u00e9pek k\u00f6z\u00f6tt vannak automatikus magas \u00e9s alacsony szint\u0171 raklaprakod\u00f3g\u00e9pek fix vagy mobil raklapokhoz. Ezek a rendszerek teljes m\u00e9rt\u00e9kben az \u00fcgyf\u00e9l ig\u00e9nyeihez igazodnak. A rendelkez\u00e9sre \u00e1ll\u00f3 helyt\u0151l f\u00fcgg\u0151en nagy vagy kis alapter\u00fclet\u0171ek lehetnek.<br \/>\nFelszerelhet\u0151k egy-, k\u00e9t- vagy h\u00e1romszori bet\u00e1pl\u00e1l\u00e1ssal \u00e9s r\u00e9tegk\u00e9pz\u0151 berendez\u00e9sekkel, egy- vagy k\u00e9tszeri tol\u00f3val, blokkokkal vagy robotokkal. A legt\u00f6bb rendszer programozhat\u00f3 a k\u00fcl\u00f6nb\u00f6z\u0151 term\u00e9km\u00e9retekhez val\u00f3 automatikus alkalmazkod\u00e1sra.<\/p>\n<p>&nbsp;<\/p>\n<table width=\"528\">\n<tbody>\n<tr>\n<td width=\"528\"><strong>Jellemz\u0151k<\/strong><\/td>\n<\/tr>\n<tr>\n<td>Rendszerek mobil vagy r\u00f6gz\u00edtett raklapokhoz<\/td>\n<\/tr>\n<tr>\n<td>90\u00b0-os r\u00e9teg\u00e1tviteli rendszer<\/td>\n<\/tr>\n<tr>\n<td>Magas vagy alacsony szint\u0171 bet\u00e1pl\u00e1l\u00f3 sz\u00e1ll\u00edt\u00f3szalagok<\/td>\n<\/tr>\n<tr>\n<td>Automatikus term\u00e9km\u00e9ret-szab\u00e1lyoz\u00e1s<\/td>\n<\/tr>\n<tr>\n<td>Az \u00fcgyf\u00e9l ig\u00e9nyeihez igaz\u00edtva<\/td>\n<\/tr>\n<\/tbody>\n<\/table>\n<p>&nbsp;<\/p>\n<p><strong>Kapacit\u00e1sok a k\u00fcl\u00f6nb\u00f6z\u0151 rendszerekhez<\/strong><\/p>\n<table style=\"height: 707px\" width=\"616\">\n<tbody>\n<tr>\n<td width=\"172\"><strong>Raklapoz\u00f3 rendszer<\/strong><\/td>\n<td width=\"57\">\n<p style=\"text-align: center\"><strong>Raklap<\/strong><\/p>\n<\/td>\n<td colspan=\"2\" width=\"131\">\n<p style=\"text-align: center\"><strong>Gy\u00e1rt\u00e1si sebess\u00e9gek<\/strong><\/p>\n<\/td>\n<\/tr>\n<tr>\n<td width=\"172\"><\/td>\n<td width=\"57\"><\/td>\n<td width=\"67\">\n<p style=\"text-align: center\"><strong>CMP<\/strong><\/p>\n<\/td>\n<td width=\"64\">\n<p style=\"text-align: center\"><strong>SPM<\/strong><\/p>\n<\/td>\n<\/tr>\n<tr>\n<td width=\"172\">Kompakt alacsony szint<\/td>\n<td width=\"57\">\n<p style=\"text-align: center\">\n<\/td>\n<td style=\"text-align: center\" width=\"67\">25<\/td>\n<td width=\"64\">\n<p style=\"text-align: center\">2,5<\/p>\n<\/td>\n<\/tr>\n<tr>\n<td width=\"172\">Kompakt robotsziget<\/td>\n<td width=\"57\">\n<p style=\"text-align: center\">\n<\/td>\n<td style=\"text-align: center\" width=\"67\">25<\/td>\n<td width=\"64\">\n<p style=\"text-align: center\">2,5<\/p>\n<\/td>\n<\/tr>\n<tr>\n<td width=\"172\">Robotsziget<\/td>\n<td width=\"57\">\n<p style=\"text-align: center\">\n<\/td>\n<td style=\"text-align: center\" width=\"67\">25<\/td>\n<td width=\"64\">\n<p style=\"text-align: center\">2,5<\/p>\n<\/td>\n<\/tr>\n<tr>\n<td width=\"172\">Magas szint\u0171 kompakt<\/td>\n<td width=\"57\">\n<p style=\"text-align: center\">\n<\/td>\n<td style=\"text-align: center\" width=\"67\">40<\/td>\n<td width=\"64\">\n<p style=\"text-align: center\">4<\/p>\n<\/td>\n<\/tr>\n<tr>\n<td width=\"172\">Magas szint\u0171 multi brand<\/td>\n<td width=\"57\">\n<p style=\"text-align: center\">r\u00f6gz\u00edtett<\/p>\n<\/td>\n<td style=\"text-align: center\" width=\"67\">40<\/td>\n<td width=\"64\">\n<p style=\"text-align: center\">4,5<\/p>\n<\/td>\n<\/tr>\n<tr>\n<td width=\"172\">Robotrendszer<\/td>\n<td width=\"57\">\n<p style=\"text-align: center\">\n<\/td>\n<td style=\"text-align: center\" width=\"67\">60<\/td>\n<td width=\"64\">\n<p style=\"text-align: center\">4,5<\/p>\n<\/td>\n<\/tr>\n<tr>\n<td width=\"172\">Magas szint\u0171 bet\u00e1pl\u00e1l\u00e1s<\/td>\n<td width=\"57\">\n<p style=\"text-align: center\">r\u00f6gz\u00edtett<\/p>\n<\/td>\n<td style=\"text-align: center\" width=\"67\">60<\/td>\n<td style=\"text-align: center\" width=\"64\">4,5<\/td>\n<\/tr>\n<tr>\n<td width=\"172\">Magas szint\u0171 bet\u00e1pl\u00e1l\u00e1s<\/td>\n<td width=\"57\">\n<p style=\"text-align: center\">mobil<\/p>\n<\/td>\n<td style=\"text-align: center\" width=\"67\">120<\/td>\n<td width=\"64\">\n<p style=\"text-align: center\">8<\/p>\n<\/td>\n<\/tr>\n<tr>\n<td width=\"172\">Magas szint\u0171 bet\u00e1pl\u00e1l\u00e1s<\/td>\n<td width=\"57\">\n<p style=\"text-align: center\">\n<\/td>\n<td style=\"text-align: center\" width=\"67\">140<\/td>\n<td width=\"64\">\n<p style=\"text-align: center\">11<\/p>\n<\/td>\n<\/tr>\n<\/tbody>\n<\/table>","protected":false},"excerpt":{"rendered":"<p>Testre szabott automatikus raklapoz\u00f3 rendszer l\u00e1d\u00e1khoz \u00e9s k\u00f6tegekhez alacsony, k\u00f6zepes \u00e9s nagy kapacit\u00e1ssal.<\/p>","protected":false},"featured_media":3785,"comment_status":"open","ping_status":"closed","template":"","meta":{"uix_meta_title":"","uix_meta_description":"","uix_canonical_url":""},"product_brand":[],"product_cat":[257],"product_tag":[],"class_list":{"0":"post-3783","1":"product","2":"type-product","3":"status-publish","4":"has-post-thumbnail","6":"product_cat-end-of-line-packaging","8":"first","9":"instock","10":"shipping-taxable","11":"product-type-simple"},"_links":{"self":[{"href":"https:\/\/cormac.eu\/hu\/wp-json\/wp\/v2\/product\/3783","targetHints":{"allow":["GET"]}}],"collection":[{"href":"https:\/\/cormac.eu\/hu\/wp-json\/wp\/v2\/product"}],"about":[{"href":"https:\/\/cormac.eu\/hu\/wp-json\/wp\/v2\/types\/product"}],"replies":[{"embeddable":true,"href":"https:\/\/cormac.eu\/hu\/wp-json\/wp\/v2\/comments?post=3783"}],"wp:featuredmedia":[{"embeddable":true,"href":"https:\/\/cormac.eu\/hu\/wp-json\/wp\/v2\/media\/3785"}],"wp:attachment":[{"href":"https:\/\/cormac.eu\/hu\/wp-json\/wp\/v2\/media?parent=3783"}],"wp:term":[{"taxonomy":"product_brand","embeddable":true,"href":"https:\/\/cormac.eu\/hu\/wp-json\/wp\/v2\/product_brand?post=3783"},{"taxonomy":"product_cat","embeddable":true,"href":"https:\/\/cormac.eu\/hu\/wp-json\/wp\/v2\/product_cat?post=3783"},{"taxonomy":"product_tag","embeddable":true,"href":"https:\/\/cormac.eu\/hu\/wp-json\/wp\/v2\/product_tag?post=3783"}],"curies":[{"name":"wp","href":"https:\/\/api.w.org\/{rel}","templated":true}]}}