{"id":3777,"date":"2023-03-03T18:11:56","date_gmt":"2023-03-03T17:11:56","guid":{"rendered":"https:\/\/cormac.eu\/?post_type=product&#038;p=3777"},"modified":"2023-03-03T18:13:34","modified_gmt":"2023-03-03T17:13:34","slug":"negyzet-alaku-kaves-silo-2","status":"publish","type":"product","link":"https:\/\/cormac.eu\/hu\/product\/square-coffee-silo\/","title":{"rendered":"N\u00e9gyzet alak\u00fa k\u00e1v\u00e9s sil\u00f3"},"content":{"rendered":"<p>K\u00e1v\u00e9sil\u00f3 2 mm vastags\u00e1g\u00fa sz\u00e9nac\u00e9l lemezb\u0151l k\u00e9sz\u00fclt, bels\u0151 meger\u0151s\u00edt\u00e9sekkel ell\u00e1tott, k\u00edv\u00fclr\u0151l festett tart\u00f3szerkezetre szerelt k\u00e1v\u00e9s sil\u00f3. Fels\u0151 bet\u00f6lt\u0151rendszer el\u00fcls\u0151 forg\u00f3kapcsol\u00f3val. Kirakod\u00f3 rendszer m\u00e9rlegel\u0151 tart\u00e1lyokkal, amely lehet\u0151v\u00e9 teszi az \u00fcgyf\u00e9l \u00e1ltal ig\u00e9nyelt \u00f6sszes kever\u00e9k elk\u00e9sz\u00edt\u00e9s\u00e9t.<\/p>\n<p>&nbsp;<\/p>\n<table width=\"586\">\n<tbody>\n<tr>\n<td width=\"1\"><\/td>\n<td colspan=\"3\" width=\"586\"><strong>Jellemz\u0151k<\/strong><\/td>\n<\/tr>\n<tr>\n<td colspan=\"2\" width=\"292\">Sil\u00f3 tart\u00f3szerkezete<\/td>\n<td width=\"293\">V\u00e9g\u00e1ll\u00e1skapcsol\u00f3k<\/td>\n<td width=\"1\"><\/td>\n<\/tr>\n<tr>\n<td colspan=\"2\" width=\"292\">2 mm vastag f\u00e9mlemezek \u00e9s k\u00fapok<\/td>\n<td width=\"293\">Biztons\u00e1gi v\u00e9delemmel ell\u00e1tott szervizl\u00e9pcs\u0151<\/td>\n<td width=\"1\"><\/td>\n<\/tr>\n<tr>\n<td colspan=\"2\" width=\"292\">Szintvez\u00e9rl\u00e9s<\/td>\n<td width=\"293\">Ellen\u0151rz\u0151 \u00fcveg<\/td>\n<td width=\"1\"><\/td>\n<\/tr>\n<tr>\n<td colspan=\"2\" width=\"292\">Fogad\u00e1s ciklon<\/td>\n<td width=\"293\">4 pneumatikus regiszter<\/td>\n<td width=\"1\"><\/td>\n<\/tr>\n<tr>\n<td colspan=\"2\" width=\"292\">4 \u00e1ll\u00e1s\u00fa v\u00e1laszt\u00f3<\/td>\n<td width=\"293\"><\/td>\n<td width=\"1\"><\/td>\n<\/tr>\n<\/tbody>\n<\/table>\n<p>&nbsp;<\/p>\n<table width=\"586\">\n<tbody>\n<tr>\n<td width=\"292\"><strong>M\u0171szaki r\u00e9szletek<\/strong><\/td>\n<td width=\"293\"><\/td>\n<\/tr>\n<tr>\n<td width=\"292\">Kapacit\u00e1sok<\/td>\n<td width=\"293\">5 t p\u00f6rk\u00f6lt term\u00e9k \/ 10 t z\u00f6ld term\u00e9k<\/p>\n<p>10 t p\u00f6rk\u00f6lt term\u00e9k \/ 20 t z\u00f6ld term\u00e9k<br \/>\n20 t p\u00f6rk\u00f6lt term\u00e9k \/ 40 t z\u00f6ld term\u00e9k<\/td>\n<\/tr>\n<tr>\n<td width=\"292\">Egy\u00e9b m\u0171szaki r\u00e9szletek<\/td>\n<td width=\"293\">K\u00e9r\u00e9sre<\/td>\n<\/tr>\n<\/tbody>\n<\/table>","protected":false},"excerpt":{"rendered":"<p>Sil\u00f3 a z\u00f6ld \u00e9s p\u00f6rk\u00f6lt term\u00e9k t\u00e1rol\u00e1s\u00e1ra.<\/p>","protected":false},"featured_media":3776,"comment_status":"open","ping_status":"closed","template":"","meta":{"uix_meta_title":"","uix_meta_description":"","uix_canonical_url":""},"product_brand":[],"product_cat":[104],"product_tag":[],"class_list":{"0":"post-3777","1":"product","2":"type-product","3":"status-publish","4":"has-post-thumbnail","6":"product_cat-processing","8":"first","9":"instock","10":"shipping-taxable","11":"product-type-simple"},"_links":{"self":[{"href":"https:\/\/cormac.eu\/hu\/wp-json\/wp\/v2\/product\/3777","targetHints":{"allow":["GET"]}}],"collection":[{"href":"https:\/\/cormac.eu\/hu\/wp-json\/wp\/v2\/product"}],"about":[{"href":"https:\/\/cormac.eu\/hu\/wp-json\/wp\/v2\/types\/product"}],"replies":[{"embeddable":true,"href":"https:\/\/cormac.eu\/hu\/wp-json\/wp\/v2\/comments?post=3777"}],"wp:featuredmedia":[{"embeddable":true,"href":"https:\/\/cormac.eu\/hu\/wp-json\/wp\/v2\/media\/3776"}],"wp:attachment":[{"href":"https:\/\/cormac.eu\/hu\/wp-json\/wp\/v2\/media?parent=3777"}],"wp:term":[{"taxonomy":"product_brand","embeddable":true,"href":"https:\/\/cormac.eu\/hu\/wp-json\/wp\/v2\/product_brand?post=3777"},{"taxonomy":"product_cat","embeddable":true,"href":"https:\/\/cormac.eu\/hu\/wp-json\/wp\/v2\/product_cat?post=3777"},{"taxonomy":"product_tag","embeddable":true,"href":"https:\/\/cormac.eu\/hu\/wp-json\/wp\/v2\/product_tag?post=3777"}],"curies":[{"name":"wp","href":"https:\/\/api.w.org\/{rel}","templated":true}]}}