{"id":3775,"date":"2023-03-03T17:50:36","date_gmt":"2023-03-03T16:50:36","guid":{"rendered":"https:\/\/cormac.eu\/?post_type=product&#038;p=3775"},"modified":"2023-03-03T18:08:03","modified_gmt":"2023-03-03T17:08:03","slug":"shop-kave-porkolo-profi-2","status":"publish","type":"product","link":"https:\/\/cormac.eu\/hu\/product\/shop-coffee-roaster-professional\/","title":{"rendered":"K\u00e1v\u00e9z\u00f3 p\u00f6rk\u00f6l\u0151g\u00e9p (professzion\u00e1lis)"},"content":{"rendered":"<p>K\u00e1v\u00e9p\u00f6rk\u00f6l\u0151k a term\u00e9k h\u0151g\u00f6rb\u00e9j\u00e9nek p\u00f6rk\u00f6l\u00e9si folyamat k\u00f6zbeni megjelen\u00edt\u00e9s\u00e9re szolg\u00e1l\u00f3 technol\u00f3gi\u00e1val. Az egyes term\u00e9kek ide\u00e1lis p\u00f6rk\u00f6l\u00e9si g\u00f6rb\u00e9i potenciom\u00e9terrel vagy adatok bevezet\u00e9s\u00e9vel tervezhet\u0151k. Az automatikus \u00e9s intelligens h\u0151m\u00e9rs\u00e9klet-szab\u00e1lyoz\u00e1s emellett lehet\u0151v\u00e9 teszi az ide\u00e1lis p\u00f6rk\u00f6l\u00e9si g\u00f6rbe t\u00e1rol\u00e1s\u00e1t egy adott term\u00e9khez, hogy az k\u00f6nnyen \u00e9s pontosan reproduk\u00e1lhat\u00f3 legyen, m\u00e9g abban az esetben is, ha elt\u00e9r\u00e9sek mer\u00fclnek fel, p\u00e9ld\u00e1ul elt\u00e9r\u0151 mennyis\u00e9g\u0171 term\u00e9k bevezet\u00e9se, magasabb vagy alacsonyabb k\u00f6rnyezeti h\u0151m\u00e9rs\u00e9klet, a p\u00e1ratartalom vagy a z\u00f6ld term\u00e9k h\u0151m\u00e9rs\u00e9klete stb. eset\u00e9n. A k\u00e1v\u00e9p\u00f6rk\u00f6l\u0151k \u00e9rint\u0151k\u00e9perny\u0151vel, modul\u00e1l\u00f3 \u00e9g\u0151kkel \u00e9s WI-FI modullal vannak felszerelve a mobiltelefonr\u00f3l, t\u00e1blag\u00e9pr\u0151l vagy PC-r\u0151l t\u00f6rt\u00e9n\u0151 t\u00e1vfel\u00fcgyelethez \u00e9s t\u00e1vvez\u00e9rl\u00e9shez. Ez a jel t\u00e1volr\u00f3l is kivet\u00edthet\u0151 az \u00fcgyfelek sz\u00e1m\u00e1ra, \u00edgy \u00e9l\u0151ben k\u00f6vethetik a term\u00e9k\u00fck p\u00f6rk\u00f6l\u00e9si g\u00f6rb\u00e9j\u00e9t, igazolva, hogy a term\u00e9k\u00fck p\u00f6rk\u00f6l\u00e9se optim\u00e1lisan t\u00f6rt\u00e9nik.<\/p>\n<table width=\"586\">\n<tbody>\n<tr>\n<td colspan=\"2\" width=\"586\"><strong>Jellemz\u0151k<\/strong><\/td>\n<\/tr>\n<tr>\n<td width=\"292\">PLC \u00e9s Schneider \u00e9rint\u0151k\u00e9perny\u0151<\/td>\n<td width=\"293\">H\u00e9j lerak\u00f3d\u00e1s<\/td>\n<\/tr>\n<tr>\n<td width=\"292\">Rakod\u00f3tart\u00e1ly<\/td>\n<td width=\"293\">Tiszt\u00edt\u00f3 ajt\u00f3h\u0171t\u0151<\/td>\n<\/tr>\n<tr>\n<td width=\"292\">Intelligens s\u00fct\u00e9sszab\u00e1lyoz\u00e1s<\/td>\n<td width=\"293\">\u00a0F\u00fcggetlen dekant\u00e1l\u00f3<\/td>\n<\/tr>\n<tr>\n<td width=\"292\">Sz\u00edv\u00f3 h\u0171t\u0151<\/td>\n<td width=\"293\">\u00c9get\u0151<\/td>\n<\/tr>\n<tr>\n<td width=\"292\">Mintav\u00e9telez\u00e9s<\/td>\n<td width=\"293\"><\/td>\n<\/tr>\n<\/tbody>\n<\/table>\n<p>&nbsp;<\/p>\n<table width=\"586\">\n<tbody>\n<tr>\n<td width=\"292\"><strong>M\u0171szaki r\u00e9szletek<\/strong><\/td>\n<td width=\"293\"><\/td>\n<\/tr>\n<tr>\n<td width=\"292\">Kapacit\u00e1s<\/td>\n<td width=\"293\">6-8 kg\/\u00f3ra<\/td>\n<\/tr>\n<tr>\n<td width=\"292\">M\u00e9retek<\/td>\n<td width=\"293\">L 99 x B 80 x H 94 cm<\/td>\n<\/tr>\n<tr>\n<td width=\"292\">Energia<\/td>\n<td width=\"293\">* F\u00f6ldg\u00e1z: 0,2-0,4 m3\/h<br \/>\n* But\u00e1ng\u00e1z: 0,1-0,3 kg\/h<\/td>\n<\/tr>\n<tr>\n<td width=\"292\">Maxim\u00e1lis h\u0151teljes\u00edtm\u00e9ny<\/td>\n<td width=\"293\">\u00a05.000 Kcal \/ \u00f3ra<\/td>\n<\/tr>\n<tr>\n<td width=\"292\">Fesz\u00fclts\u00e9g<\/td>\n<td width=\"293\">\u00a0220 V 50\/60 Hz<\/td>\n<\/tr>\n<tr>\n<td width=\"292\">Teljes\u00edtm\u00e9ny<\/td>\n<td width=\"293\">0,5 kW<\/td>\n<\/tr>\n<tr>\n<td width=\"292\">S\u00faly<\/td>\n<td width=\"293\">85 kg<\/td>\n<\/tr>\n<\/tbody>\n<\/table>","protected":false},"excerpt":{"rendered":"<p>Professzion\u00e1lis k\u00e1v\u00e9p\u00f6rk\u00f6l\u0151 \u00fczletek \u00e9s kis\u00fczemek sz\u00e1m\u00e1ra<\/p>","protected":false},"featured_media":3774,"comment_status":"open","ping_status":"closed","template":"","meta":{"uix_meta_title":"","uix_meta_description":"","uix_canonical_url":""},"product_brand":[],"product_cat":[107,104],"product_tag":[],"class_list":{"0":"post-3775","1":"product","2":"type-product","3":"status-publish","4":"has-post-thumbnail","6":"product_cat-artisanal","7":"product_cat-processing","9":"first","10":"instock","11":"shipping-taxable","12":"product-type-simple"},"_links":{"self":[{"href":"https:\/\/cormac.eu\/hu\/wp-json\/wp\/v2\/product\/3775","targetHints":{"allow":["GET"]}}],"collection":[{"href":"https:\/\/cormac.eu\/hu\/wp-json\/wp\/v2\/product"}],"about":[{"href":"https:\/\/cormac.eu\/hu\/wp-json\/wp\/v2\/types\/product"}],"replies":[{"embeddable":true,"href":"https:\/\/cormac.eu\/hu\/wp-json\/wp\/v2\/comments?post=3775"}],"wp:featuredmedia":[{"embeddable":true,"href":"https:\/\/cormac.eu\/hu\/wp-json\/wp\/v2\/media\/3774"}],"wp:attachment":[{"href":"https:\/\/cormac.eu\/hu\/wp-json\/wp\/v2\/media?parent=3775"}],"wp:term":[{"taxonomy":"product_brand","embeddable":true,"href":"https:\/\/cormac.eu\/hu\/wp-json\/wp\/v2\/product_brand?post=3775"},{"taxonomy":"product_cat","embeddable":true,"href":"https:\/\/cormac.eu\/hu\/wp-json\/wp\/v2\/product_cat?post=3775"},{"taxonomy":"product_tag","embeddable":true,"href":"https:\/\/cormac.eu\/hu\/wp-json\/wp\/v2\/product_tag?post=3775"}],"curies":[{"name":"wp","href":"https:\/\/api.w.org\/{rel}","templated":true}]}}