{"id":3773,"date":"2023-03-03T17:22:34","date_gmt":"2023-03-03T16:22:34","guid":{"rendered":"https:\/\/cormac.eu\/?post_type=product&#038;p=3773"},"modified":"2023-03-03T17:25:32","modified_gmt":"2023-03-03T16:25:32","slug":"kavezo-porkologep-kozepes-2","status":"publish","type":"product","link":"https:\/\/cormac.eu\/hu\/product\/coffee-shop-roasting-machine-medium\/","title":{"rendered":"K\u00e1v\u00e9z\u00f3 p\u00f6rk\u00f6l\u0151g\u00e9p (k\u00f6zepes)"},"content":{"rendered":"<p>Ez a p\u00f6rk\u00f6l\u0151g\u00e9p alkalmas k\u00e1v\u00e9kiskereskedelmi \u00fczletek vagy k\u00e9zm\u0171ves termel\u0151\u00fczemek sz\u00e1m\u00e1ra. Nem csak z\u00f6ld k\u00e1v\u00e9babot, hanem m\u00e1s term\u00e9keket, p\u00e9ld\u00e1ul gabonaf\u00e9l\u00e9ket \u00e9s di\u00f3f\u00e9l\u00e9ket is p\u00f6rk\u00f6lhet vele.A g\u00e9p eleg\u00e1ns megjelen\u00e9s\u0171, ami igaz\u00e1n \u00e9rt\u00e9kes kieg\u00e9sz\u00edt\u0151je lesz egy kiskereskedelmi \u00fczletnek. K\u00f6nnyen kezelhet\u0151 \u00e9s nem ig\u00e9nyel sok karbantart\u00e1st. A p\u00f6rk\u00f6l\u00e9s min\u0151s\u00e9ge kiv\u00e1l\u00f3 lesz, a p\u00f6rk\u00f6l\u00e9s hat\u00e1sa pedig stabil p\u00f6rk\u00f6l\u00e9si ponttal egyenletes.<\/p>\n<table width=\"586\">\n<tbody>\n<tr>\n<td colspan=\"2\" width=\"586\"><strong>Jellemz\u0151k<\/strong><\/td>\n<\/tr>\n<tr>\n<td width=\"292\">H\u0171t\u0151szekr\u00e9ny aspir\u00e1ci\u00f3val<\/td>\n<td width=\"293\">Mintatart\u00e1ly<\/td>\n<\/tr>\n<tr>\n<td width=\"292\">F\u00e9nyes fekete fest\u00e9k arany akcentusokkal<\/td>\n<td width=\"293\">Eleg\u00e1ns megjelen\u00e9s<\/td>\n<\/tr>\n<tr>\n<td width=\"292\">Alacsony karbantart\u00e1si ig\u00e9ny<\/td>\n<td width=\"293\">K\u00f6nny\u0171 telep\u00edt\u00e9s<\/td>\n<\/tr>\n<tr>\n<td width=\"292\">T\u00f6ltse be a tart\u00e1lyba<\/td>\n<td width=\"293\">Digit\u00e1lis termoszt\u00e1t<\/td>\n<\/tr>\n<tr>\n<td width=\"292\">Pelyhes fi\u00f3k<\/td>\n<td width=\"293\">Mintatart\u00e1ly<\/td>\n<\/tr>\n<\/tbody>\n<\/table>\n<p>&nbsp;<\/p>\n<table width=\"586\">\n<tbody>\n<tr>\n<td width=\"292\"><strong>M\u0171szaki r\u00e9szletek<\/strong><\/td>\n<td width=\"293\">&nbsp;<\/td>\n<\/tr>\n<tr>\n<td width=\"292\">Kapacit\u00e1s<\/td>\n<td width=\"293\">6-8 kg \/ \u00f3ra<\/td>\n<\/tr>\n<tr>\n<td width=\"292\">M\u00e9retek<\/td>\n<td width=\"293\">96 x 46 x 82 cm<\/td>\n<\/tr>\n<tr>\n<td width=\"292\">S\u00faly<\/td>\n<td width=\"293\">79 kg<\/td>\n<\/tr>\n<tr>\n<td width=\"292\">Fesz\u00fclts\u00e9g<\/td>\n<td width=\"293\">220V 50 Hz<\/td>\n<\/tr>\n<tr>\n<td width=\"292\">hatalom<\/td>\n<td width=\"293\">2,84 kW ; fogyaszt\u00e1s 12,9 A<\/td>\n<\/tr>\n<\/tbody>\n<\/table>","protected":false},"excerpt":{"rendered":"<p>K\u00e1v\u00e9z\u00f3 p\u00f6rk\u00f6l\u0151, amely alkalmas mintap\u00f6rk\u00f6l\u0151nek vagy olyan \u00fczletek sz\u00e1m\u00e1ra, amelyek a k\u00e1v\u00e9 p\u00f6rk\u00f6l\u00e9s\u00e9t a v\u00e1s\u00e1rl\u00f3 el\u0151tt szeretn\u00e9k elv\u00e9gezni.<\/p>\n<p>&nbsp;<\/p>","protected":false},"featured_media":3771,"comment_status":"open","ping_status":"closed","template":"","meta":{"uix_meta_title":"","uix_meta_description":"","uix_canonical_url":""},"product_brand":[],"product_cat":[107],"product_tag":[],"class_list":{"0":"post-3773","1":"product","2":"type-product","3":"status-publish","4":"has-post-thumbnail","6":"product_cat-artisanal","8":"first","9":"instock","10":"shipping-taxable","11":"product-type-simple"},"_links":{"self":[{"href":"https:\/\/cormac.eu\/hu\/wp-json\/wp\/v2\/product\/3773","targetHints":{"allow":["GET"]}}],"collection":[{"href":"https:\/\/cormac.eu\/hu\/wp-json\/wp\/v2\/product"}],"about":[{"href":"https:\/\/cormac.eu\/hu\/wp-json\/wp\/v2\/types\/product"}],"replies":[{"embeddable":true,"href":"https:\/\/cormac.eu\/hu\/wp-json\/wp\/v2\/comments?post=3773"}],"wp:featuredmedia":[{"embeddable":true,"href":"https:\/\/cormac.eu\/hu\/wp-json\/wp\/v2\/media\/3771"}],"wp:attachment":[{"href":"https:\/\/cormac.eu\/hu\/wp-json\/wp\/v2\/media?parent=3773"}],"wp:term":[{"taxonomy":"product_brand","embeddable":true,"href":"https:\/\/cormac.eu\/hu\/wp-json\/wp\/v2\/product_brand?post=3773"},{"taxonomy":"product_cat","embeddable":true,"href":"https:\/\/cormac.eu\/hu\/wp-json\/wp\/v2\/product_cat?post=3773"},{"taxonomy":"product_tag","embeddable":true,"href":"https:\/\/cormac.eu\/hu\/wp-json\/wp\/v2\/product_tag?post=3773"}],"curies":[{"name":"wp","href":"https:\/\/api.w.org\/{rel}","templated":true}]}}