{"id":3769,"date":"2023-03-03T16:49:01","date_gmt":"2023-03-03T15:49:01","guid":{"rendered":"https:\/\/cormac.eu\/?post_type=product&#038;p=3769"},"modified":"2023-03-03T16:59:06","modified_gmt":"2023-03-03T15:59:06","slug":"ipari-kavedaralo-2-2","status":"publish","type":"product","link":"https:\/\/cormac.eu\/hu\/product\/industrial-coffee-grinder-2\/","title":{"rendered":"Ipari k\u00e1v\u00e9dar\u00e1l\u00f3 (k\u00f6zepes)"},"content":{"rendered":"<p>Ipari k\u00e1v\u00e9dar\u00e1l\u00f3, amelyet kifejezetten k\u00f6zepes \u00e9s nagy\u00fczemi termel\u00e9shez terveztek. Az \u0151rl\u0151t\u00e1rcs\u00e1k speci\u00e1lis kialak\u00edt\u00e1sa biztos\u00edtja a teljes \u00e9s egyenletes \u0151rl\u00e9st. A g\u00e9p k\u00f6nnyen szab\u00e1lyozhat\u00f3 a fels\u0151 k\u00f6r alak\u00fa r\u00e9sz elforgat\u00e1s\u00e1val , \u00edgy v\u00e1ltoztathat\u00f3 az \u0151rl\u00e9s m\u00e9rt\u00e9ke. Az \u0151rl\u0151kamra belsej\u00e9ben a kidob\u00f3k v\u00e9gzik a kever\u00e9st, valamint az \u0151r\u00f6lhet\u0151 pelyhek \u00f6sszez\u00faz\u00e1s\u00e1t. Az \u0151rl\u0151kamra leveg\u0151vel szell\u0151zik, megakad\u00e1lyozva a k\u00e1v\u00e9 t\u00falmeleged\u00e9s\u00e9t, \u00edgy optim\u00e1lis min\u0151s\u00e9g \u00e9s aroma \u00e9rhet\u0151 el. A k\u00e1v\u00e9 h\u0151m\u00e9rs\u00e9klete egy szond\u00e1val szab\u00e1lyozhat\u00f3. Ez a g\u00e9p k\u00f6nnyed\u00e9n \u0151r\u00f6lheti a k\u00e1v\u00e9t a nagyon finomt\u00f3l a s\u0171r\u0171ig, \u00e9s t\u00f6bb \u00f3r\u00e1n kereszt\u00fcl folyamatosan k\u00e9pes dolgozni. A g\u00e9p l\u00e9gh\u0171t\u00e9ses \u00e9s szell\u0151z\u0151rendszerrel rendelkezik, hogy a k\u00e1v\u00e9 ne melegedjen fel.<\/p>\n<p>&nbsp;<\/p>\n<table width=\"586\">\n<tbody>\n<tr>\n<td colspan=\"2\" width=\"586\"><strong>Jellemz\u0151k<\/strong><\/td>\n<\/tr>\n<tr>\n<td width=\"283\">Rakod\u00f3tart\u00e1ly<\/td>\n<td width=\"303\">Tisztas\u00e1gi ajt\u00f3<\/td>\n<\/tr>\n<tr>\n<td width=\"283\">Neod\u00edmium m\u00e1gnes<\/td>\n<td width=\"303\">Motor \u00e9s hajtott sz\u00edjt\u00e1rcs\u00e1k<\/td>\n<\/tr>\n<tr>\n<td width=\"283\">K\u00e9zi nyilv\u00e1ntart\u00e1s<\/td>\n<td width=\"303\">H\u0151v\u00e9delem<\/td>\n<\/tr>\n<tr>\n<td width=\"283\">Szell\u0151z\u00e9si k\u00f6r<\/td>\n<td width=\"303\">Kapcsol\u00f3t\u00e1bla<\/td>\n<\/tr>\n<tr>\n<td width=\"283\">Halb platte speci\u00e1lis kem\u00e9nys\u00e9g\u0171 t\u00e1rcs\u00e1k<\/td>\n<td width=\"303\">H\u0151m\u00e9r\u0151<\/td>\n<\/tr>\n<tr>\n<td width=\"283\">Monoblokk alv\u00e1z<\/td>\n<td width=\"303\">H\u0151m\u00e9rs\u00e9klet szonda<\/td>\n<\/tr>\n<\/tbody>\n<\/table>\n<p>&nbsp;<\/p>\n<table width=\"586\">\n<tbody>\n<tr>\n<td><strong>M\u0171szaki r\u00e9szletek<\/strong><\/td>\n<td><\/td>\n<\/tr>\n<tr>\n<td>Kapacit\u00e1s<\/td>\n<td>300 - 600 kg\/\u00f3ra<\/td>\n<\/tr>\n<tr>\n<td>Teljes\u00edtm\u00e9ny<\/td>\n<td>12 LE<\/td>\n<\/tr>\n<tr>\n<td>Fesz\u00fclts\u00e9g<\/td>\n<td>H\u00e1romf\u00e1zis\u00fa 230\/400V 50Hz<\/td>\n<\/tr>\n<\/tbody>\n<\/table>","protected":false},"excerpt":{"rendered":"<p>K\u00e1v\u00e9t\u00e1rcs\u00e1s \u0151rl\u0151 k\u00f6zepes \u00e9s nagy mennyis\u00e9g\u0171 k\u00e1v\u00e9 \u0151rl\u00e9s\u00e9hez, egyszer\u0171 be\u00e1ll\u00edt\u00e1sokkal a nagyon finomt\u00f3l a durva \u0151rl\u00e9sig.<\/p>","protected":false},"featured_media":3767,"comment_status":"open","ping_status":"closed","template":"","meta":{"uix_meta_title":"","uix_meta_description":"","uix_canonical_url":""},"product_brand":[],"product_cat":[104],"product_tag":[],"class_list":{"0":"post-3769","1":"product","2":"type-product","3":"status-publish","4":"has-post-thumbnail","6":"product_cat-processing","8":"first","9":"instock","10":"shipping-taxable","11":"product-type-simple"},"_links":{"self":[{"href":"https:\/\/cormac.eu\/hu\/wp-json\/wp\/v2\/product\/3769","targetHints":{"allow":["GET"]}}],"collection":[{"href":"https:\/\/cormac.eu\/hu\/wp-json\/wp\/v2\/product"}],"about":[{"href":"https:\/\/cormac.eu\/hu\/wp-json\/wp\/v2\/types\/product"}],"replies":[{"embeddable":true,"href":"https:\/\/cormac.eu\/hu\/wp-json\/wp\/v2\/comments?post=3769"}],"wp:featuredmedia":[{"embeddable":true,"href":"https:\/\/cormac.eu\/hu\/wp-json\/wp\/v2\/media\/3767"}],"wp:attachment":[{"href":"https:\/\/cormac.eu\/hu\/wp-json\/wp\/v2\/media?parent=3769"}],"wp:term":[{"taxonomy":"product_brand","embeddable":true,"href":"https:\/\/cormac.eu\/hu\/wp-json\/wp\/v2\/product_brand?post=3769"},{"taxonomy":"product_cat","embeddable":true,"href":"https:\/\/cormac.eu\/hu\/wp-json\/wp\/v2\/product_cat?post=3769"},{"taxonomy":"product_tag","embeddable":true,"href":"https:\/\/cormac.eu\/hu\/wp-json\/wp\/v2\/product_tag?post=3769"}],"curies":[{"name":"wp","href":"https:\/\/api.w.org\/{rel}","templated":true}]}}