{"id":3761,"date":"2023-03-03T13:39:55","date_gmt":"2023-03-03T12:39:55","guid":{"rendered":"https:\/\/cormac.eu\/?post_type=product&#038;p=3761"},"modified":"2023-03-03T16:53:10","modified_gmt":"2023-03-03T15:53:10","slug":"vegyes-kaveporkolo-2","status":"publish","type":"product","link":"https:\/\/cormac.eu\/hu\/product\/mixed-coffee-roaster\/","title":{"rendered":"Vegyes k\u00e1v\u00e9p\u00f6rk\u00f6l\u0151"},"content":{"rendered":"<p>F\u00e9lautomata berendez\u00e9s f\u0151k\u00e9nt k\u00e1v\u00e9 \u00e9s di\u00f3f\u00e9l\u00e9k p\u00f6rk\u00f6l\u00e9s\u00e9re, amely alkalmas kis \u00e9s k\u00f6zepes termel\u00e9si l\u00e9tes\u00edtm\u00e9nyek sz\u00e1m\u00e1ra. A p\u00f6rk\u00f6l\u0151 alkalmas a k\u00e1v\u00e9 term\u00e9szetes p\u00f6rk\u00f6l\u00e9s\u00e9re \u00e9s vegyes p\u00f6rk\u00f6l\u00e9s\u00e9re granul\u00e1lt adal\u00e9kanyagok, p\u00e9ld\u00e1ul s\u00f3, cukor stb. felhaszn\u00e1l\u00e1s\u00e1val .Ez a p\u00f6rk\u00f6l\u0151 k\u00fcl\u00f6nb\u00f6z\u0151 m\u00e9ret\u0171 gabonaf\u00e9l\u00e9k term\u00e9szetes p\u00f6rk\u00f6l\u00e9s\u00e9re is \u00e1talak\u00edthat\u00f3. A PLC intelligens, automatikus p\u00f6rk\u00f6l\u00e9si g\u00f6rb\u00e9ket k\u00f6vet\u0151 szoftverrel, grafikonokkal, lehet\u0151v\u00e9 teszi ak\u00e1r 20 p\u00f6rk\u00f6l\u00e9si recept t\u00e1rol\u00e1s\u00e1t, a dob forg\u00e1si sebess\u00e9g\u00e9nek \u00e9s a sz\u00edv\u00f3ventil\u00e1tornak a vez\u00e9rl\u00e9s\u00e9t minden egyes p\u00f6rk\u00f6l\u00e9si g\u00f6rb\u00e9hez. A szoftvert h\u00e1zon bel\u00fcl fejlesztett\u00e9k ki, \u00e9s a p\u00f6rk\u00f6l\u0151be van be\u00e9p\u00edtve, haszn\u00e1lat\u00e1nak t\u00f6bbletk\u00f6lts\u00e9gei n\u00e9lk\u00fcl. a h\u0171t\u0151 speci\u00e1lisan a term\u00e9szetes term\u00e9kekhez vagy adal\u00e9kanyagokkal ell\u00e1tott term\u00e9kekhez, k\u00f6z\u00e9pen bels\u0151 k\u00fappal, amely a vev\u0151k lefoly\u00f3j\u00e1ba folyik, hogy a p\u00f6rk\u00f6l\u0151dob \u00e9s maga a h\u0171t\u0151 tiszt\u00edt\u00e1sa sor\u00e1n keletkez\u0151 vizet elsz\u00edvja. A DCI Decanter Cyclone egy szigetelt tart\u00e1lyt tartalmaz a k\u00e1v\u00e9babh\u00e9j elhamvaszt\u00e1s\u00e1hoz. Ezek a p\u00f6rk\u00f6l\u0151k a leg\u00fajabb technol\u00f3giai fejleszt\u00e9seket tartalmazz\u00e1k, \u00e9s h\u00e1zon bel\u00fcl kifejlesztett, szem\u00e9lyre szabott p\u00f6rk\u00f6l\u00e9si profilszoftverrel vannak ell\u00e1tva. Ez a szoftver a p\u00f6rk\u00f6l\u0151h\u00f6z tartozik.<\/p>\n<p><strong>Kapacit\u00e1s<\/strong><\/p>\n<p>Teherb\u00edr\u00e1s 15 kg - 30 kg k\u00e1v\u00e9babok<br \/>\nTermel\u00e9si kapacit\u00e1s: A term\u00e9kt\u0151l \u00e9s a k\u00e1v\u00e9pontt\u00f3l f\u00fcgg\u0151en 15-22 perces ciklusok \u00e1ll\u00edthat\u00f3ak be.<\/p>\n<p>&nbsp;<\/p>\n<table style=\"height: 382px\" width=\"713\">\n<tbody>\n<tr>\n<td width=\"402\"><strong>Jellemz\u0151k<\/strong><\/td>\n<td width=\"184\"><strong>El\u0151ny\u00f6k<\/strong><\/td>\n<\/tr>\n<tr>\n<td>Dob \u00e9s a term\u00e9kkel \u00e9rintkez\u0151 ter\u00fcletek rozsdamentes ac\u00e9lb\u00f3l<\/td>\n<td>Higi\u00e9nikus kivitelez\u00e9s<\/td>\n<\/tr>\n<tr>\n<td>A p\u00f6rk\u00f6l\u0151 m\u00e1r a rendszerhez igaz\u00edtott v\u00edzzel t\u00f6rt\u00e9n\u0151 tiszt\u00edt\u00e1st is mag\u00e1ban foglalja.<\/td>\n<td>K\u00f6nny\u0171 tiszt\u00edt\u00e1s<\/td>\n<\/tr>\n<tr>\n<td>Meleg leveg\u0151 visszanyer\u00e9se \u00e9s \u00fajrahasznos\u00edt\u00e1sa<\/td>\n<td>Energiamegtakar\u00edt\u00e1s ak\u00e1r 30%<\/td>\n<\/tr>\n<tr>\n<td>Modul\u00e1l\u00f3 h\u0151m\u00e9rs\u00e9klet-szab\u00e1lyoz\u00f3 rendszer<\/td>\n<td>Jobb h\u0151m\u00e9rs\u00e9klet-szab\u00e1lyoz\u00e1s<br \/>\nEnergiahat\u00e9kony<\/td>\n<\/tr>\n<\/tbody>\n<\/table>\n<p>&nbsp;<\/p>\n<p>&nbsp;<\/p>\n<p>&nbsp;<\/p>","protected":false},"excerpt":{"rendered":"<p>Vegyes p\u00f6rk\u00f6l\u0151 nat\u00far \u00e9s vegyes p\u00f6rk\u00f6l\u00e9s\u0171 nat\u00far k\u00e1v\u00e9, p\u00f6rk\u00f6lt k\u00e1v\u00e9 (k\u00e1v\u00e9 cukorral), gabonaf\u00e9l\u00e9k, sz\u00e1r\u00edtott gy\u00fcm\u00f6lcs\u00f6k, kaka\u00f3 \u00e9s egy\u00e9b granul\u00e1lt term\u00e9kek p\u00f6rk\u00f6l\u00e9s\u00e9hez, amelyeknek a m\u00e9rete megk\u00f6zel\u00edt\u0151leg 8 mm.<\/p>","protected":false},"featured_media":3763,"comment_status":"open","ping_status":"closed","template":"","meta":{"uix_meta_title":"","uix_meta_description":"","uix_canonical_url":""},"product_brand":[],"product_cat":[104],"product_tag":[],"class_list":{"0":"post-3761","1":"product","2":"type-product","3":"status-publish","4":"has-post-thumbnail","6":"product_cat-processing","8":"first","9":"instock","10":"shipping-taxable","11":"product-type-simple"},"_links":{"self":[{"href":"https:\/\/cormac.eu\/hu\/wp-json\/wp\/v2\/product\/3761","targetHints":{"allow":["GET"]}}],"collection":[{"href":"https:\/\/cormac.eu\/hu\/wp-json\/wp\/v2\/product"}],"about":[{"href":"https:\/\/cormac.eu\/hu\/wp-json\/wp\/v2\/types\/product"}],"replies":[{"embeddable":true,"href":"https:\/\/cormac.eu\/hu\/wp-json\/wp\/v2\/comments?post=3761"}],"wp:featuredmedia":[{"embeddable":true,"href":"https:\/\/cormac.eu\/hu\/wp-json\/wp\/v2\/media\/3763"}],"wp:attachment":[{"href":"https:\/\/cormac.eu\/hu\/wp-json\/wp\/v2\/media?parent=3761"}],"wp:term":[{"taxonomy":"product_brand","embeddable":true,"href":"https:\/\/cormac.eu\/hu\/wp-json\/wp\/v2\/product_brand?post=3761"},{"taxonomy":"product_cat","embeddable":true,"href":"https:\/\/cormac.eu\/hu\/wp-json\/wp\/v2\/product_cat?post=3761"},{"taxonomy":"product_tag","embeddable":true,"href":"https:\/\/cormac.eu\/hu\/wp-json\/wp\/v2\/product_tag?post=3761"}],"curies":[{"name":"wp","href":"https:\/\/api.w.org\/{rel}","templated":true}]}}