{"id":3758,"date":"2023-03-03T11:10:45","date_gmt":"2023-03-03T10:10:45","guid":{"rendered":"https:\/\/cormac.eu\/?post_type=product&#038;p=3758"},"modified":"2023-03-03T13:35:24","modified_gmt":"2023-03-03T12:35:24","slug":"ipari-kaveporkolo-2","status":"publish","type":"product","link":"https:\/\/cormac.eu\/hu\/product\/industrial-coffee-roaster\/","title":{"rendered":"Ipari k\u00e1v\u00e9p\u00f6rk\u00f6l\u0151"},"content":{"rendered":"<p>Z\u00f6ld k\u00e1v\u00e9babok, di\u00f3f\u00e9l\u00e9k, gabonaf\u00e9l\u00e9k term\u00e9szetes p\u00f6rk\u00f6l\u00e9s\u00e9re szolg\u00e1l\u00f3 g\u00e9p, 15 kg \u00e9s 30 kg k\u00f6z\u00f6tti p\u00f6rk\u00f6l\u00e9si kapacit\u00e1ssal, amely \u00f3r\u00e1nk\u00e9nt 3-5 p\u00f6rk\u00f6l\u00e9si ciklust tesz lehet\u0151v\u00e9, a k\u00e1v\u00e9 t\u00edpus\u00e1t\u00f3l \u00e9s a p\u00f6rk\u00f6l\u00e9si pontt\u00f3l f\u00fcgg\u0151en. Modul\u00e1l\u00f3 h\u0151m\u00e9rs\u00e9klet-szab\u00e1lyoz\u00e1ssal, intelligens szoftverrel \u00e9s \u00e9rint\u0151k\u00e9perny\u0151vel ell\u00e1tott PLC-vel rendelkezik, amely lehet\u0151v\u00e9 teszi a p\u00f6rk\u00f6l\u00e9si profilok l\u00e9trehoz\u00e1s\u00e1t \u00e9s nyomon k\u00f6vet\u00e9s\u00e9t. Minden p\u00f6rk\u00f6l\u00e9si ciklus azonos p\u00f6rk\u00f6l\u00e9si profilt kap, \u00e9s a p\u00f6rk\u00f6l\u00e9si receptek az egyes term\u00e9kek eredet\u00e9nek megfelel\u0151en testre szabhat\u00f3k \u00e9s t\u00e1rolhat\u00f3k.<br \/>\n\u00c1tlagos m\u00e9ret\u00e9nek k\u00f6sz\u00f6nhet\u0151en szinte b\u00e1rhov\u00e1 felszerelhet\u0151, \u00e9s folyamatosan automata vagy f\u00e9lautomata \u00fczemm\u00f3dban dolgozik, mindig kiv\u00e1l\u00f3 min\u0151s\u00e9get biztos\u00edtva.<\/p>\n<p>&nbsp;<\/p>\n<table width=\"586\">\n<tbody>\n<tr>\n<td width=\"251\"><strong>Jellemz\u0151k<\/strong><\/td>\n<td width=\"335\"><strong>El\u0151ny\u00f6k<\/strong><\/td>\n<\/tr>\n<tr>\n<td>T\u00f6ltse be a tart\u00e1lyba<\/td>\n<td>K\u00f6nny\u0171 telep\u00edt\u00e9s<\/td>\n<\/tr>\n<tr>\n<td>G\u00e1zf\u0171t\u00e9s<\/td>\n<td>Eleg\u00e1ns megjelen\u00e9s<\/td>\n<\/tr>\n<tr>\n<td>Meleg leveg\u0151 visszanyer\u00e9se \u00e9s \u00fajrahasznos\u00edt\u00e1sa<\/td>\n<td>Alacsony karbantart\u00e1si k\u00f6lts\u00e9g<\/td>\n<\/tr>\n<tr>\n<td>Izol\u00e1l\u00e1s 1250 \u00b0C-os kr\u00e9msz\u00e1las izol\u00e1l\u00e1ssal<\/td>\n<td>Biztons\u00e1g, energiatakar\u00e9koss\u00e1g, hat\u00e9konys\u00e1g<\/td>\n<\/tr>\n<tr>\n<td>T\u0171z\u00e1ll\u00f3 ac\u00e9l t\u0171zhely<\/td>\n<td>Nincs karbantart\u00e1s<\/td>\n<\/tr>\n<tr>\n<td>F\u00fcggetlen ventil\u00e1torok a s\u00fct\u00e9shez \u00e9s a h\u0171t\u00e9shez.<\/td>\n<td>H\u0151m\u00e9rs\u00e9klet-szab\u00e1lyoz\u00e1s<\/td>\n<\/tr>\n<tr>\n<td>Ciklonos pelyva\u00e9get\u0151.<\/td>\n<td><\/td>\n<\/tr>\n<tr>\n<td>F\u00fcggetlen elektromos szekr\u00e9ny.<\/td>\n<td>Fokozott biztons\u00e1g \u00e9s ellen\u0151rz\u00e9s<\/td>\n<\/tr>\n<tr>\n<td>Modul\u00e1l\u00f3 \u00e9g\u0151<\/td>\n<td>Energiatakar\u00e9koss\u00e1g<\/td>\n<\/tr>\n<tr>\n<td>PLC \u00e9s \u00e9rint\u0151k\u00e9perny\u0151<\/td>\n<td>A folyamat param\u00e9tereinek teljes ellen\u0151rz\u00e9se<\/td>\n<\/tr>\n<\/tbody>\n<\/table>\n<p>&nbsp;<\/p>\n<table width=\"586\">\n<tbody>\n<tr>\n<td><strong>M\u0171szaki r\u00e9szletek<\/strong><\/td>\n<td><\/td>\n<\/tr>\n<tr>\n<td>M\u00e9retek<\/td>\n<td>L 2300 x Sz 1800 x H 2170-2480 MM<\/td>\n<\/tr>\n<tr>\n<td>S\u00faly<\/td>\n<td>1500 kg<\/td>\n<\/tr>\n<tr>\n<td>Fesz\u00fclts\u00e9g<\/td>\n<td>H\u00e1romf\u00e1zis\u00fa 380V + N+E 50\/60 Hz<\/td>\n<\/tr>\n<\/tbody>\n<\/table>","protected":false},"excerpt":{"rendered":"<p>F\u00e9lig vagy teljesen automatikus p\u00f6rk\u00f6l\u0151berendez\u00e9s, amely k\u00e9pes a legk\u00fcl\u00f6nb\u00f6z\u0151bb term\u00e9kek term\u00e9szetes m\u00f3don t\u00f6rt\u00e9n\u0151 p\u00f6rk\u00f6l\u00e9s\u00e9re.<\/p>","protected":false},"featured_media":3759,"comment_status":"open","ping_status":"closed","template":"","meta":{"uix_meta_title":"","uix_meta_description":"","uix_canonical_url":""},"product_brand":[],"product_cat":[104],"product_tag":[],"class_list":{"0":"post-3758","1":"product","2":"type-product","3":"status-publish","4":"has-post-thumbnail","6":"product_cat-processing","8":"first","9":"instock","10":"shipping-taxable","11":"product-type-simple"},"_links":{"self":[{"href":"https:\/\/cormac.eu\/hu\/wp-json\/wp\/v2\/product\/3758","targetHints":{"allow":["GET"]}}],"collection":[{"href":"https:\/\/cormac.eu\/hu\/wp-json\/wp\/v2\/product"}],"about":[{"href":"https:\/\/cormac.eu\/hu\/wp-json\/wp\/v2\/types\/product"}],"replies":[{"embeddable":true,"href":"https:\/\/cormac.eu\/hu\/wp-json\/wp\/v2\/comments?post=3758"}],"wp:featuredmedia":[{"embeddable":true,"href":"https:\/\/cormac.eu\/hu\/wp-json\/wp\/v2\/media\/3759"}],"wp:attachment":[{"href":"https:\/\/cormac.eu\/hu\/wp-json\/wp\/v2\/media?parent=3758"}],"wp:term":[{"taxonomy":"product_brand","embeddable":true,"href":"https:\/\/cormac.eu\/hu\/wp-json\/wp\/v2\/product_brand?post=3758"},{"taxonomy":"product_cat","embeddable":true,"href":"https:\/\/cormac.eu\/hu\/wp-json\/wp\/v2\/product_cat?post=3758"},{"taxonomy":"product_tag","embeddable":true,"href":"https:\/\/cormac.eu\/hu\/wp-json\/wp\/v2\/product_tag?post=3758"}],"curies":[{"name":"wp","href":"https:\/\/api.w.org\/{rel}","templated":true}]}}