{"id":3704,"date":"2022-06-23T16:26:06","date_gmt":"2022-06-23T14:26:06","guid":{"rendered":"https:\/\/cormac.eu\/?post_type=product&#038;p=3704"},"modified":"2022-06-23T16:26:06","modified_gmt":"2022-06-23T14:26:06","slug":"3d-dekorator","status":"publish","type":"product","link":"https:\/\/cormac.eu\/hu\/product\/3d-decorator\/","title":{"rendered":"3D dekor\u00e1tor"},"content":{"rendered":"<p>A 3 D dekor\u00e1ci\u00f3s berendez\u00e9s k\u00e9pes a term\u00e9k szubsztr\u00e1tum\u00e1ra egy dekor\u00e1ci\u00f3s mint\u00e1t felhordani a felhord\u00f3cs\u0151 3 tengelyes mozgat\u00e1s\u00e1val. A g\u00e9pet b\u00e1rmely sz\u00e1ll\u00edt\u00f3szalag f\u00f6l\u00f6tt vagy p\u00e9ld\u00e1ul egy csokol\u00e1d\u00e9 bevon\u00f3sor h\u0171t\u0151alag\u00fatj\u00e1nak v\u00e9g\u00e9n lehet haszn\u00e1lni. A dekor\u00e1ci\u00f3s massz\u00e1t egy f\u0151gy\u0171r\u0171n l\u00e9v\u0151 v\u00edzk\u00f6penyes cs\u0151vezet\u00e9ken kereszt\u00fcl lehet adagolni.<\/p>\n<p><img decoding=\"async\" class=\"alignnone  wp-image-3705\" src=\"https:\/\/cormac.eu\/wp-content\/uploads\/2022\/06\/wymbs-supply-tank-station-283x300.jpg\" alt=\"\" width=\"189\" height=\"200\" srcset=\"https:\/\/cormac.eu\/wp-content\/uploads\/2022\/06\/wymbs-supply-tank-station-283x300.jpg 283w, https:\/\/cormac.eu\/wp-content\/uploads\/2022\/06\/wymbs-supply-tank-station.jpg 456w\" sizes=\"(max-width: 189px) 100vw, 189px\" \/><\/p>\n<p>A lerak\u00f3 vagy d\u00edsz\u00edt\u0151 f\u00fav\u00f3k\u00e1k a term\u00e9k(ek)re szabhat\u00f3ak.<br \/>\nA lerak\u00f3fejet \u00fagy tervezt\u00e9k, hogy az alkatr\u00e9szek k\u00f6nnyen karbantarthat\u00f3k vagy cser\u00e9lhet\u0151k legyenek.<\/p>\n<table>\n<tbody>\n<tr>\n<td width=\"302\"><strong>Jellemz\u0151k<\/strong><\/td>\n<td width=\"302\"><strong>El\u0151ny\u00f6k<\/strong><\/td>\n<\/tr>\n<tr>\n<td width=\"302\">Fanuc Scara robotkar<\/td>\n<td width=\"302\">Teljesen programozhat\u00f3<\/td>\n<\/tr>\n<tr>\n<td width=\"302\">3 mozg\u00e1s tengely<\/td>\n<td width=\"302\">Rugalmas dekor\u00e1ci\u00f3s kialak\u00edt\u00e1s<br \/>\nAlkalmas k\u00fcl\u00f6nb\u00f6z\u0151 magass\u00e1g\u00fa term\u00e9kekhez<\/td>\n<\/tr>\n<tr>\n<td width=\"302\">IP65 szabv\u00e1ny<\/td>\n<td width=\"302\">Por- \u00e9s v\u00edz\u00e1ll\u00f3<\/td>\n<\/tr>\n<tr>\n<td width=\"302\">Integr\u00e1lt vez\u00e9rl\u00e9s<\/td>\n<td width=\"302\">Tan\u00edt\u00e1si funkci\u00f3<br \/>\nMulti program<\/td>\n<\/tr>\n<tr>\n<td width=\"302\">Integr\u00e1lt sz\u00e1ll\u00edt\u00f3szalag szinkroniz\u00e1l\u00f3 k\u00f3dol\u00f3val<\/td>\n<td width=\"302\">A sz\u00e1ll\u00edt\u00f3szalag mozg\u00e1s\u00e1val szinkroniz\u00e1lt bet\u00e9tek<\/td>\n<\/tr>\n<tr>\n<td width=\"302\">Beh\u00fazhat\u00f3 \u00f6v<\/td>\n<td width=\"302\">K\u00f6nny\u0171 tiszt\u00edt\u00e1s<\/td>\n<\/tr>\n<tr>\n<td width=\"302\">Keret g\u00f6rg\u0151k\u00f6n<\/td>\n<td width=\"302\">Mobilit\u00e1s<\/td>\n<\/tr>\n<tr>\n<td width=\"302\">&nbsp;<\/td>\n<td width=\"302\">&nbsp;<\/td>\n<\/tr>\n<\/tbody>\n<\/table>\n<p>&nbsp;<\/p>","protected":false},"excerpt":{"rendered":"<p>Mozgathat\u00f3 3D dekor\u00e1ci\u00f3s egys\u00e9g zsin\u00f3rokhoz \u00e9s egy\u00e9b dekor\u00e1ci\u00f3s mint\u00e1khoz<\/p>","protected":false},"featured_media":3703,"comment_status":"open","ping_status":"closed","template":"","meta":{"uix_meta_title":"","uix_meta_description":"","uix_canonical_url":""},"product_brand":[],"product_cat":[104],"product_tag":[],"class_list":{"0":"post-3704","1":"product","2":"type-product","3":"status-publish","4":"has-post-thumbnail","6":"product_cat-processing","8":"first","9":"instock","10":"shipping-taxable","11":"product-type-simple"},"_links":{"self":[{"href":"https:\/\/cormac.eu\/hu\/wp-json\/wp\/v2\/product\/3704","targetHints":{"allow":["GET"]}}],"collection":[{"href":"https:\/\/cormac.eu\/hu\/wp-json\/wp\/v2\/product"}],"about":[{"href":"https:\/\/cormac.eu\/hu\/wp-json\/wp\/v2\/types\/product"}],"replies":[{"embeddable":true,"href":"https:\/\/cormac.eu\/hu\/wp-json\/wp\/v2\/comments?post=3704"}],"wp:featuredmedia":[{"embeddable":true,"href":"https:\/\/cormac.eu\/hu\/wp-json\/wp\/v2\/media\/3703"}],"wp:attachment":[{"href":"https:\/\/cormac.eu\/hu\/wp-json\/wp\/v2\/media?parent=3704"}],"wp:term":[{"taxonomy":"product_brand","embeddable":true,"href":"https:\/\/cormac.eu\/hu\/wp-json\/wp\/v2\/product_brand?post=3704"},{"taxonomy":"product_cat","embeddable":true,"href":"https:\/\/cormac.eu\/hu\/wp-json\/wp\/v2\/product_cat?post=3704"},{"taxonomy":"product_tag","embeddable":true,"href":"https:\/\/cormac.eu\/hu\/wp-json\/wp\/v2\/product_tag?post=3704"}],"curies":[{"name":"wp","href":"https:\/\/api.w.org\/{rel}","templated":true}]}}