{"id":3659,"date":"2022-06-06T00:05:01","date_gmt":"2022-06-05T22:05:01","guid":{"rendered":"https:\/\/cormac.eu\/?post_type=product&#038;p=3659"},"modified":"2022-06-06T00:10:38","modified_gmt":"2022-06-05T22:10:38","slug":"lencse-formazo-hengerek","status":"publish","type":"product","link":"https:\/\/cormac.eu\/hu\/product\/lentil-forming-rollers\/","title":{"rendered":"Lencse form\u00e1z\u00f3 hengerek"},"content":{"rendered":"<p>Egy k\u00e9szlet, ha k\u00e9t centrifug\u00e1lt bronz lencseform\u00e1z\u00f3 henger, amelyet szimmetrikus \u00e9s t\u00f6m\u00f6r csokol\u00e1d\u00e9magok, p\u00e9ld\u00e1ul lencs\u00e9k, kis goly\u00f3k, sz\u00edvek \u00e9s hasonl\u00f3 form\u00e1k el\u0151\u00e1ll\u00edt\u00e1s\u00e1ra terveztek.A hengerek fel\u00fclet\u00e9n a k\u00edv\u00e1nt k\u00f6zpontok prec\u00edzi\u00f3s grav\u00edroz\u00e1ssal vannak ell\u00e1tva. Minden egyes grav\u00edrozott \u00fcreg a k\u00e9szterm\u00e9k egyik fel\u00e9nek felel meg. A k\u00e9t henger pontosan poz\u00edcion\u00e1lt \u00e9s fogaskerekek seg\u00edts\u00e9g\u00e9vel szinkroniz\u00e1lt, \u00edgy az egyik hengeren l\u00e9v\u0151 \u00fcreg mindig pontosan megegyezik a m\u00e1sik hengeren l\u00e9v\u0151 \u00fcreggel, \u00edgy a k\u00e9t f\u00e9l egy\u00fctt t\u00f6k\u00e9letes term\u00e9ket alkot. A k\u00e9t g\u00f6rg\u0151 azonos sebess\u00e9ggel ellenkez\u0151 ir\u00e1nyban forog. A csokol\u00e1d\u00e9t vagy a kever\u00e9ket \u00e1ll\u00edthat\u00f3 f\u00fav\u00f3k\u00e1kkal ell\u00e1tott, kett\u0151s k\u00f6peny\u0171 cs\u00f6v\u00f6n kereszt\u00fcl juttatj\u00e1k a hengerekre. Mindk\u00e9t henger ker\u00fclete lefel\u00e9 halad, \u00edgy a csokol\u00e1d\u00e9 a hengerek k\u00f6z\u00e9 k\u00e9nyszer\u00fcl, hogy teljesen kit\u00f6ltse a grav\u00edroz\u00e1st. Egy automata szelep z\u00e1rja el a t\u00e1pcs\u00f6vet, ha a hengerek meg\u00e1llnak. a hengerek belseje \u00fcreges, \u00e9s speci\u00e1lis k\u00e9nyszerh\u0171t\u00e9s\u0171 h\u0171t\u0151v\u00edz- vagy glikol-keringet\u0151 cs\u00f6veket tartalmaz, amelyek biztos\u00edtj\u00e1k, hogy a bronzfel\u00fcleten egyenletesen alacsony h\u0151m\u00e9rs\u00e9klet uralkodjon. Ennek a \"szuperh\u0171t\u00e9snek\" k\u00f6sz\u00f6nhet\u0151en a csokol\u00e1d\u00e9 azonnal kikrist\u00e1lyosodik az \u00fcregek k\u00f6z\u00f6tt. A k\u00e9t henger k\u00f6z\u00f6tti pontosan szab\u00e1lyozott h\u00e9zagnak k\u00f6sz\u00f6nhet\u0151en a csokol\u00e1d\u00e9b\u00f3l egy sz\u0151nyeg (vagy \"h\u00e1l\u00f3\") alakul ki, amely az \u00f6sszes kialakult lencs\u00e9t megtartja. Ennek a szalagnak a vastags\u00e1ga mechanikus be\u00e1ll\u00edt\u00e1ssal pontosan szab\u00e1lyozhat\u00f3, \u00edgy a lencs\u00e9k h\u0171t\u00e9s ut\u00e1n k\u00f6nnyen lev\u00e1laszthat\u00f3k a szalagr\u00f3l. A hengerek glikol be- \u00e9s kimeneti ny\u00edl\u00e1sa keresztezi egym\u00e1st, biztos\u00edtva az \u00e1lland\u00f3 h\u0151k\u00fcl\u00f6nbs\u00e9get a hengerek ment\u00e9n.<\/p>\n<p>A g\u00f6rg\u0151ket goly\u00f3scsap\u00e1gyazott tengelyekkel szerelik \u00f6ssze egy z\u00e1rt rozsdamentes ac\u00e9lkamr\u00e1ban, \u00e9s k\u00e9t rozsdamentes ac\u00e9lkeretre t\u00e1masztj\u00e1k. Ebbe a dobozba p\u00e1r\u00e1tlan\u00edtott leveg\u0151 vezethet\u0151 be. A g\u00f6rg\u0151k oldals\u00f3 karim\u00e1i rozsdamentes ac\u00e9lb\u00f3l k\u00e9sz\u00fclnek.  A teljes g\u00f6rg\u0151csoportot vezet\u0151kre szerelik \u00f6ssze, hogy lehet\u0151v\u00e9 tegy\u00e9k a gyors cser\u00e9t. Minden g\u00f6rg\u0151 m\u0171anyag kapar\u00f3val van felszerelve.<\/p>\n<p>A g\u00f6rg\u0151ket a forg\u00e1si sebess\u00e9g szab\u00e1lyoz\u00e1s\u00e1ra frekvenciavez\u00e9rl\u00e9s\u0171 fogasker\u00e9kmotor hajtja.<br \/>\nA hengerek elektromos szekr\u00e9nye a h\u0171t\u0151alag\u00fat szekr\u00e9ny\u00e9be van be\u00e9p\u00edtve.<\/p>\n<p>A teljes lencseform\u00e1z\u00f3 vonal a k\u00f6vetkez\u0151ket tartalmazza: csokol\u00e1d\u00e9t\u00e1rol\u00f3 tart\u00e1ly(ok), a v\u00e9gterm\u00e9kt\u0151l f\u00fcgg\u0151en egy temper\u00e1l\u00f3g\u00e9p, a h\u0171t\u0151alag\u00fat bej\u00e1rat\u00e1n\u00e1l a sz\u00e1ll\u00edt\u00f3szalag f\u00f6l\u00e9 szerelt form\u00e1z\u00f3hengerek k\u00e9szlete, h\u0171t\u0151v\u00edz- vagy glikolell\u00e1t\u00f3 rendszer, h\u0171t\u0151alag\u00fat \u00e9s egy sz\u00e9tv\u00e1laszt\u00f3 dob. A szalagr\u00f3l a csokol\u00e1d\u00e9t a csokol\u00e1d\u00e9t\u00e1rol\u00f3 \u00e9s kever\u0151tart\u00e1lyba visszavezetik. Gyakran a hevederr\u0151l val\u00f3 lev\u00e1laszt\u00e1s ut\u00e1n a kialak\u00edtott lencs\u00e9ket bevon\u00f3 dobokban cukorral bevonj\u00e1k, majd pol\u00edroz\u00f3 dobokban f\u00e9nyes\u00edtik, \u00e9s ezut\u00e1n k\u00e9szen \u00e1llnak a csomagol\u00e1sra.<\/p>\n<p><img decoding=\"async\" class=\"alignnone wp-image-3665\" src=\"https:\/\/cormac.eu\/wp-content\/uploads\/2022\/06\/Fecoatec-lentil-P1000419-1024x769-1-300x225.jpg\" alt=\"\" width=\"182\" height=\"136\" srcset=\"https:\/\/cormac.eu\/wp-content\/uploads\/2022\/06\/Fecoatec-lentil-P1000419-1024x769-1-300x225.jpg 300w, https:\/\/cormac.eu\/wp-content\/uploads\/2022\/06\/Fecoatec-lentil-P1000419-1024x769-1-768x577.jpg 768w, https:\/\/cormac.eu\/wp-content\/uploads\/2022\/06\/Fecoatec-lentil-P1000419-1024x769-1-600x451.jpg 600w, https:\/\/cormac.eu\/wp-content\/uploads\/2022\/06\/Fecoatec-lentil-P1000419-1024x769-1.jpg 1024w\" sizes=\"(max-width: 182px) 100vw, 182px\" \/>\u00a0 \u00a0 \u00a0<img decoding=\"async\" class=\"wp-image-3662\" src=\"https:\/\/cormac.eu\/wp-content\/uploads\/2022\/06\/Fecoatec-dark-chocolate-lentils--300x200.jpg\" alt=\"\" width=\"210\" height=\"140\" srcset=\"https:\/\/cormac.eu\/wp-content\/uploads\/2022\/06\/Fecoatec-dark-chocolate-lentils--300x200.jpg 300w, https:\/\/cormac.eu\/wp-content\/uploads\/2022\/06\/Fecoatec-dark-chocolate-lentils--600x399.jpg 600w, https:\/\/cormac.eu\/wp-content\/uploads\/2022\/06\/Fecoatec-dark-chocolate-lentils-.jpg 640w\" sizes=\"(max-width: 210px) 100vw, 210px\" \/>\u00a0 \u00a0 <img decoding=\"async\" class=\"wp-image-3661\" src=\"https:\/\/cormac.eu\/wp-content\/uploads\/2022\/06\/Fecoatec-chocolate-hearts--300x200.jpg\" alt=\"\" width=\"200\" height=\"133\" srcset=\"https:\/\/cormac.eu\/wp-content\/uploads\/2022\/06\/Fecoatec-chocolate-hearts--300x200.jpg 300w, https:\/\/cormac.eu\/wp-content\/uploads\/2022\/06\/Fecoatec-chocolate-hearts--600x399.jpg 600w, https:\/\/cormac.eu\/wp-content\/uploads\/2022\/06\/Fecoatec-chocolate-hearts-.jpg 640w\" sizes=\"(max-width: 200px) 100vw, 200px\" \/>\u00a0 \u00a0 <img loading=\"lazy\" decoding=\"async\" class=\"alignnone wp-image-3660\" src=\"https:\/\/cormac.eu\/wp-content\/uploads\/2022\/06\/Fecoatec-cake-pops-693645_640-300x225.jpg\" alt=\"\" width=\"187\" height=\"140\" srcset=\"https:\/\/cormac.eu\/wp-content\/uploads\/2022\/06\/Fecoatec-cake-pops-693645_640-300x225.jpg 300w, https:\/\/cormac.eu\/wp-content\/uploads\/2022\/06\/Fecoatec-cake-pops-693645_640-600x450.jpg 600w, https:\/\/cormac.eu\/wp-content\/uploads\/2022\/06\/Fecoatec-cake-pops-693645_640.jpg 640w\" sizes=\"(max-width: 187px) 100vw, 187px\" \/><\/p>\n<div class=\"mceTemp\"><\/div>\n<table style=\"height: 946px\" width=\"715\">\n<tbody>\n<tr>\n<td width=\"230\"><strong>Jellemz\u0151k<\/strong><\/td>\n<td width=\"355\"><strong>El\u0151ny\u00f6k<\/strong><\/td>\n<\/tr>\n<tr>\n<td>V\u00e1z rozsdamentes ac\u00e9lb\u00f3l k\u00e9sz\u00fclt keret, fels\u0151bbrend\u0171 megmunk\u00e1lt ac\u00e9l r\u00e9szb\u0151l<\/td>\n<td>\n<ul>\n<li>K\u00f6nny\u0171 tiszt\u00edt\u00e1s<\/li>\n<li>Robusztus<\/li>\n<\/ul>\n<\/td>\n<\/tr>\n<tr>\n<td>Elektronikus v\u00e9delem<\/td>\n<td>\n<ul>\n<li>A g\u00f6rg\u0151k t\u00falterhel\u00e9s eset\u00e9n le\u00e1llnak<\/li>\n<\/ul>\n<\/td>\n<\/tr>\n<tr>\n<td>Vezet\u0151kre szerelt g\u00f6rg\u0151k<\/td>\n<td>\n<ul>\n<li>Gyors \u00e1t\u00e1ll\u00e1s<\/li>\n<\/ul>\n<\/td>\n<\/tr>\n<tr>\n<td>Glikol keresztezett be- \u00e9s kivezet\u00e9se<\/td>\n<td>\n<ul>\n<li>\u00c1lland\u00f3 h\u0151k\u00fcl\u00f6nbs\u00e9g a g\u00f6rg\u0151k ment\u00e9n<\/li>\n<\/ul>\n<\/td>\n<\/tr>\n<tr>\n<td>Rozsdamentes ac\u00e9lb\u00f3l k\u00e9sz\u00fclt g\u00f6rg\u0151k oldals\u00f3 peremei<\/td>\n<td>\n<ul>\n<li>Higi\u00e9niai<\/li>\n<li>K\u00f6nny\u0171 tiszt\u00edt\u00e1s<\/li>\n<\/ul>\n<\/td>\n<\/tr>\n<tr>\n<td>Polikarbon\u00e1t burkolatok<\/td>\n<td>\n<ul>\n<li>\u00dczemeltet\u0151i biztons\u00e1g<\/li>\n<li>Form\u00e1z\u00e1si ter\u00fclet l\u00e1that\u00f3<\/li>\n<\/ul>\n<\/td>\n<\/tr>\n<tr>\n<td>OPCI\u00d3K<\/td>\n<td><\/td>\n<\/tr>\n<tr>\n<td>Hev\u00edt\u0151g\u00e9p<\/td>\n<td><\/td>\n<\/tr>\n<tr>\n<td>T\u00e1rol\u00f3\/puffer\/visszavezet\u0151 tart\u00e1ly<\/td>\n<td><\/td>\n<\/tr>\n<tr>\n<td>H\u0171t\u0151alag\u00fat<\/td>\n<td><\/td>\n<\/tr>\n<tr>\n<td>Sz\u00e9tv\u00e1laszt\u00f3 dob<\/td>\n<td><\/td>\n<\/tr>\n<tr>\n<td>Bevon\u00f3 serpeny\u0151k<\/td>\n<td><\/td>\n<\/tr>\n<tr>\n<td>L\u00e9gsz\u00e1r\u00edt\u00f3 a form\u00e1z\u00f3 ter\u00fcletre<\/td>\n<td><\/td>\n<\/tr>\n<\/tbody>\n<\/table>","protected":false},"excerpt":{"rendered":"<p>Szimmetrikus \u00e9s t\u00f6m\u00f6r csokol\u00e1d\u00e9magok, p\u00e9ld\u00e1ul lencs\u00e9k, kis goly\u00f3k, sz\u00edvek \u00e9s hasonl\u00f3 form\u00e1k k\u00e9sz\u00edt\u00e9s\u00e9hez sz\u00fcks\u00e9ges hengerek k\u00e9szlete.<\/p>","protected":false},"featured_media":3664,"comment_status":"open","ping_status":"closed","template":"","meta":{"uix_meta_title":"","uix_meta_description":"","uix_canonical_url":""},"product_brand":[],"product_cat":[104],"product_tag":[204,243,177],"class_list":{"0":"post-3659","1":"product","2":"type-product","3":"status-publish","4":"has-post-thumbnail","6":"product_cat-processing","7":"product_tag-chocolate-balls","8":"product_tag-chocolate-coffee-beans","9":"product_tag-lentils","11":"first","12":"instock","13":"shipping-taxable","14":"product-type-simple"},"_links":{"self":[{"href":"https:\/\/cormac.eu\/hu\/wp-json\/wp\/v2\/product\/3659","targetHints":{"allow":["GET"]}}],"collection":[{"href":"https:\/\/cormac.eu\/hu\/wp-json\/wp\/v2\/product"}],"about":[{"href":"https:\/\/cormac.eu\/hu\/wp-json\/wp\/v2\/types\/product"}],"replies":[{"embeddable":true,"href":"https:\/\/cormac.eu\/hu\/wp-json\/wp\/v2\/comments?post=3659"}],"wp:featuredmedia":[{"embeddable":true,"href":"https:\/\/cormac.eu\/hu\/wp-json\/wp\/v2\/media\/3664"}],"wp:attachment":[{"href":"https:\/\/cormac.eu\/hu\/wp-json\/wp\/v2\/media?parent=3659"}],"wp:term":[{"taxonomy":"product_brand","embeddable":true,"href":"https:\/\/cormac.eu\/hu\/wp-json\/wp\/v2\/product_brand?post=3659"},{"taxonomy":"product_cat","embeddable":true,"href":"https:\/\/cormac.eu\/hu\/wp-json\/wp\/v2\/product_cat?post=3659"},{"taxonomy":"product_tag","embeddable":true,"href":"https:\/\/cormac.eu\/hu\/wp-json\/wp\/v2\/product_tag?post=3659"}],"curies":[{"name":"wp","href":"https:\/\/api.w.org\/{rel}","templated":true}]}}