{"id":3652,"date":"2022-06-05T20:22:55","date_gmt":"2022-06-05T18:22:55","guid":{"rendered":"https:\/\/cormac.eu\/?post_type=product&#038;p=3652"},"modified":"2022-06-17T17:12:33","modified_gmt":"2022-06-17T15:12:33","slug":"olvaszto-es-keverotartaly-egyseg","status":"publish","type":"product","link":"https:\/\/cormac.eu\/hu\/product\/melting-and-mixing-tank-unit\/","title":{"rendered":"Olvaszt\u00f3- \u00e9s kever\u0151tart\u00e1ly k\u00e9szlet"},"content":{"rendered":"<p>Kompakt tart\u00e1lyk\u00e9szlet csokol\u00e1d\u00e9, vegy\u00fcletek, zs\u00edros massz\u00e1k \u00e9s kr\u00e9mek olvaszt\u00e1s\u00e1hoz, kever\u00e9s\u00e9hez, t\u00e1rol\u00e1s\u00e1hoz vagy pufferel\u00e9s\u00e9hez. Ez egy egyedi \u00e9p\u00edt\u00e9s\u0171 berendez\u00e9s, amely az \u00fcgyf\u00e9l specifik\u00e1ci\u00f3i \u00e9s ig\u00e9nyei szerint k\u00e9sz\u00fcl. \u00c1ltal\u00e1ban ez a berendez\u00e9s t\u00f6bb tart\u00e1lyb\u00f3l \u00e1ll a massz\u00e1k kever\u00e9s\u00e9hez, szab\u00e1lyozott olvaszt\u00e1s\u00e1hoz \u00e9s t\u00e1rol\u00e1s\u00e1hoz vagy pufferel\u00e9s\u00e9hez, bele\u00e9rtve egy (opcion\u00e1lis) automatikus CIP-rendszert, k\u00f6zbens\u0151 szivatty\u00fakat \u00e9s cs\u0151vezet\u00e9keket, valamint a fogyaszt\u00e1si pontra t\u00f6rt\u00e9n\u0151 adagolt ki\u00fcr\u00edt\u00e9st. A tart\u00e1lyok f\u00fcgg\u0151leges kialak\u00edt\u00e1s\u00faak, \u00e9s h\u00e1rmas k\u00f6pennyel vannak ell\u00e1tva: term\u00e9kz\u00f3na, f\u0171t\u0151k\u00f6zeg-keringet\u00e9s \u00e9s h\u0151szigetel\u00e9s. Tartalmaznak tov\u00e1bb\u00e1 egy automatikus f\u0171t\u0151k\u00f6zeg-el\u0151\u00e1ll\u00edt\u00f3 rendszert centrifug\u00e1lszivatty\u00faval, elektromos f\u0171t\u0151berendez\u00e9ssel, h\u0151m\u00e9rs\u00e9kletszond\u00e1val \u00e9s vez\u00e9rl\u0151elemekkel.<\/p>\n<p>&nbsp;<\/p>\n<p><img decoding=\"async\" class=\"alignnone wp-image-3650\" src=\"https:\/\/cormac.eu\/wp-content\/uploads\/2022\/06\/fecoatec-melted-chocolate-300x300.jpg\" alt=\"\" width=\"130\" height=\"130\" srcset=\"https:\/\/cormac.eu\/wp-content\/uploads\/2022\/06\/fecoatec-melted-chocolate-300x300.jpg 300w, https:\/\/cormac.eu\/wp-content\/uploads\/2022\/06\/fecoatec-melted-chocolate-1024x1024.jpg 1024w, https:\/\/cormac.eu\/wp-content\/uploads\/2022\/06\/fecoatec-melted-chocolate-150x150.jpg 150w, https:\/\/cormac.eu\/wp-content\/uploads\/2022\/06\/fecoatec-melted-chocolate-768x768.jpg 768w, https:\/\/cormac.eu\/wp-content\/uploads\/2022\/06\/fecoatec-melted-chocolate-600x600.jpg 600w, https:\/\/cormac.eu\/wp-content\/uploads\/2022\/06\/fecoatec-melted-chocolate-100x100.jpg 100w, https:\/\/cormac.eu\/wp-content\/uploads\/2022\/06\/fecoatec-melted-chocolate.jpg 1180w\" sizes=\"(max-width: 130px) 100vw, 130px\" \/>\u00a0 \u00a0<img decoding=\"async\" class=\"wp-image-3648\" src=\"https:\/\/cormac.eu\/wp-content\/uploads\/2022\/06\/Fecoatec-bowl-of-chocolate-and-milk-vanilla-cream-300x300.jpg\" alt=\"\" width=\"156\" height=\"156\" srcset=\"https:\/\/cormac.eu\/wp-content\/uploads\/2022\/06\/Fecoatec-bowl-of-chocolate-and-milk-vanilla-cream-300x300.jpg 300w, https:\/\/cormac.eu\/wp-content\/uploads\/2022\/06\/Fecoatec-bowl-of-chocolate-and-milk-vanilla-cream.jpg 1024w, https:\/\/cormac.eu\/wp-content\/uploads\/2022\/06\/Fecoatec-bowl-of-chocolate-and-milk-vanilla-cream-150x150.jpg 150w, https:\/\/cormac.eu\/wp-content\/uploads\/2022\/06\/Fecoatec-bowl-of-chocolate-and-milk-vanilla-cream-768x768.jpg 768w, https:\/\/cormac.eu\/wp-content\/uploads\/2022\/06\/Fecoatec-bowl-of-chocolate-and-milk-vanilla-cream-600x600.jpg 600w, https:\/\/cormac.eu\/wp-content\/uploads\/2022\/06\/Fecoatec-bowl-of-chocolate-and-milk-vanilla-cream-100x100.jpg 100w\" sizes=\"(max-width: 156px) 100vw, 156px\" \/> \u00a0<img decoding=\"async\" class=\"wp-image-3649\" src=\"https:\/\/cormac.eu\/wp-content\/uploads\/2022\/06\/fecoatec-chocolate-cream-swirl-300x300.jpg\" alt=\"\" width=\"160\" height=\"160\" srcset=\"https:\/\/cormac.eu\/wp-content\/uploads\/2022\/06\/fecoatec-chocolate-cream-swirl-300x300.jpg 300w, https:\/\/cormac.eu\/wp-content\/uploads\/2022\/06\/fecoatec-chocolate-cream-swirl.jpg 1024w, https:\/\/cormac.eu\/wp-content\/uploads\/2022\/06\/fecoatec-chocolate-cream-swirl-150x150.jpg 150w, https:\/\/cormac.eu\/wp-content\/uploads\/2022\/06\/fecoatec-chocolate-cream-swirl-768x768.jpg 768w, https:\/\/cormac.eu\/wp-content\/uploads\/2022\/06\/fecoatec-chocolate-cream-swirl-600x600.jpg 600w, https:\/\/cormac.eu\/wp-content\/uploads\/2022\/06\/fecoatec-chocolate-cream-swirl-100x100.jpg 100w\" sizes=\"(max-width: 160px) 100vw, 160px\" \/><\/p>\n<div class=\"mceTemp\"><\/div>\n<div class=\"mceTemp\"><\/div>\n<p>&nbsp;<\/p>\n<table style=\"height: 1030px\" width=\"701\">\n<tbody>\n<tr>\n<td width=\"230\"><strong>Jellemz\u0151k<\/strong><\/td>\n<td width=\"355\"><strong>El\u0151ny\u00f6k<\/strong><\/td>\n<\/tr>\n<tr>\n<td>Teljesen rozsdamentes ac\u00e9lb\u00f3l AISI304L<\/td>\n<td>\n<ul>\n<li>Higi\u00e9nia<\/li>\n<li>K\u00f6nny\u0171 tiszt\u00edt\u00e1s<\/li>\n<\/ul>\n<\/td>\n<\/tr>\n<tr>\n<td>Terhel\u00e9scell\u00e1k<\/td>\n<td>\n<ul>\n<li>Recepci\u00f3 \u00e9s adagol\u00e1s ellen\u0151rz\u00e9se<\/li>\n<\/ul>\n<\/td>\n<\/tr>\n<tr>\n<td>2 kever\u0151<\/td>\n<td>\n<ul>\n<li>Gyors old\u00f3d\u00e1s.<\/li>\n<li>Homog\u00e9n t\u00f6meg.<\/li>\n<li>HMI vez\u00e9relt forg\u00e1si sebess\u00e9g<\/li>\n<\/ul>\n<\/td>\n<\/tr>\n<tr>\n<td>\u00c9lelmiszer min\u0151s\u00e9g\u0171 falkapar\u00f3k olajsziv\u00e1rg\u00e1s-\u00e9rz\u00e9kel\u0151vel<\/td>\n<td>\n<ul>\n<li>Ker\u00fclje el a sebess\u00e9gv\u00e1lt\u00f3 olaj bejut\u00e1s\u00e1t a tart\u00e1lyba<\/li>\n<\/ul>\n<\/td>\n<\/tr>\n<tr>\n<td>Integr\u00e1lt szivatty\u00fak \u00e9s cs\u0151vezet\u00e9kek<\/td>\n<td>\n<ul>\n<li>Plug and play k\u00e9szlet a cs\u00faszd\u00e1n<\/li>\n<\/ul>\n<\/td>\n<\/tr>\n<tr>\n<td>Jacketed<\/td>\n<td>\n<ul>\n<li>H\u0151m\u00e9rs\u00e9klet-szab\u00e1lyoz\u00e1s<\/li>\n<li>A t\u00f6meges krist\u00e1lyosod\u00e1s megakad\u00e1lyoz\u00e1sa<\/li>\n<\/ul>\n<\/td>\n<\/tr>\n<tr>\n<td>PLC \/ HMI vez\u00e9rl\u00e9s\u0171<\/td>\n<td>\n<ul>\n<li>Pontos param\u00e9tervez\u00e9rl\u00e9s<\/li>\n<li>C\u00edmzett t\u00e1rol\u00e1sa<\/li>\n<li>T\u00f6megszintek \u00e9s t\u00f6meg\u00e1raml\u00e1sok be\u00e1ll\u00edt\u00e1sa<\/li>\n<\/ul>\n<\/td>\n<\/tr>\n<tr>\n<td>OPCION\u00c1LIS<\/td>\n<td><\/td>\n<\/tr>\n<tr>\n<td>Hozz\u00e1f\u00e9r\u00e9si platform<\/td>\n<td>\n<ul>\n<li>Hozz\u00e1f\u00e9r\u00e9s a magas tart\u00e1lyajt\u00f3khoz<\/li>\n<\/ul>\n<\/td>\n<\/tr>\n<tr>\n<td>CIP rendszer<\/td>\n<td>\n<ul>\n<li>Automatiz\u00e1lt tiszt\u00edt\u00e1si folyamat.<\/li>\n<li>Kevesebb \u00e1ll\u00e1sid\u0151.<\/li>\n<\/ul>\n<\/td>\n<\/tr>\n<tr>\n<td>AISI 316L kivitel<\/td>\n<td>\n<ul>\n<li>Aj\u00e1nlott abban az esetben, ha a CIP agressz\u00edv szereket haszn\u00e1l.<\/li>\n<\/ul>\n<\/td>\n<\/tr>\n<tr>\n<td>Automatikus bet\u00f6lt\u0151 rendszer<\/td>\n<td>\n<ul>\n<li>Nagyobb hat\u00e9konys\u00e1g<\/li>\n<li>Jobb term\u00e9kkonzisztencia<\/li>\n<\/ul>\n<\/td>\n<\/tr>\n<\/tbody>\n<\/table>\n<p>&nbsp;<\/p>","protected":false},"excerpt":{"rendered":"<p>Kompakt olvaszt\u00f3-, kever\u0151- \u00e9s puffertart\u00e1lyk\u00e9szlet cs\u00faszd\u00e1n, szivatty\u00fakkal \u00e9s cs\u0151vezet\u00e9kekkel egy\u00fctt<\/p>","protected":false},"featured_media":3651,"comment_status":"open","ping_status":"closed","template":"","meta":{"uix_meta_title":"","uix_meta_description":"","uix_canonical_url":""},"product_brand":[],"product_cat":[104],"product_tag":[187,238,241,190,237,201],"class_list":{"0":"post-3652","1":"product","2":"type-product","3":"status-publish","4":"has-post-thumbnail","6":"product_cat-processing","7":"product_tag-biscuit-creams","8":"product_tag-chocolate-mass","9":"product_tag-compound","10":"product_tag-dairy-creams","11":"product_tag-fat-masses","12":"product_tag-wafer-creams","14":"first","15":"instock","16":"shipping-taxable","17":"product-type-simple"},"_links":{"self":[{"href":"https:\/\/cormac.eu\/hu\/wp-json\/wp\/v2\/product\/3652","targetHints":{"allow":["GET"]}}],"collection":[{"href":"https:\/\/cormac.eu\/hu\/wp-json\/wp\/v2\/product"}],"about":[{"href":"https:\/\/cormac.eu\/hu\/wp-json\/wp\/v2\/types\/product"}],"replies":[{"embeddable":true,"href":"https:\/\/cormac.eu\/hu\/wp-json\/wp\/v2\/comments?post=3652"}],"wp:featuredmedia":[{"embeddable":true,"href":"https:\/\/cormac.eu\/hu\/wp-json\/wp\/v2\/media\/3651"}],"wp:attachment":[{"href":"https:\/\/cormac.eu\/hu\/wp-json\/wp\/v2\/media?parent=3652"}],"wp:term":[{"taxonomy":"product_brand","embeddable":true,"href":"https:\/\/cormac.eu\/hu\/wp-json\/wp\/v2\/product_brand?post=3652"},{"taxonomy":"product_cat","embeddable":true,"href":"https:\/\/cormac.eu\/hu\/wp-json\/wp\/v2\/product_cat?post=3652"},{"taxonomy":"product_tag","embeddable":true,"href":"https:\/\/cormac.eu\/hu\/wp-json\/wp\/v2\/product_tag?post=3652"}],"curies":[{"name":"wp","href":"https:\/\/api.w.org\/{rel}","templated":true}]}}