{"id":3632,"date":"2022-06-05T14:58:31","date_gmt":"2022-06-05T12:58:31","guid":{"rendered":"https:\/\/cormac.eu\/?post_type=product&#038;p=3632"},"modified":"2022-06-05T18:11:51","modified_gmt":"2022-06-05T16:11:51","slug":"tejszinfeldolgozo-vonal","status":"publish","type":"product","link":"https:\/\/cormac.eu\/hu\/product\/cream-processing-line\/","title":{"rendered":"Kr\u00e9mfeldolgoz\u00f3 vonal"},"content":{"rendered":"<p>A testreszabott kr\u00e9mfeldolgoz\u00f3 sorok a term\u00e9ket egy els\u0151dleges feldolgoz\u00f3szalagr\u00f3l kapj\u00e1k, vagy k\u00e9zzel t\u00f6ltik be. A feldolgoz\u00f3sor \u00e1ltal\u00e1ban t\u00f6bbtengelyes lerak\u00f3\u00e1llom\u00e1sokat \u00e9s befecskendez\u0151 \u00e1llom\u00e1sokat kombin\u00e1l dekor\u00e1ci\u00f3s \u00e9s sz\u00f3r\u00f3egys\u00e9gekkel annak \u00e9rdek\u00e9ben, hogy ugyanazon a term\u00e9ken t\u00f6bb m\u0171veletet v\u00e9gezzenek, mik\u00f6zben az folyamatosan halad egy erre a c\u00e9lra szolg\u00e1l\u00f3 sz\u00e1ll\u00edt\u00f3szalagon. A term\u00e9keket a sz\u00e1ll\u00edt\u00f3szalagon a sz\u00e1ll\u00edt\u00f3szalaggal k\u00f6zvetlen\u00fcl \u00e9rintkezve, t\u00f6bbnyire alacsony s\u00farl\u00f3d\u00e1s\u00fa fut\u00f3rudak seg\u00edts\u00e9g\u00e9vel vagy h\u0151form\u00e1zott t\u00e1lc\u00e1kban lehet sz\u00e1ll\u00edtani. Ezek a feldolgoz\u00f3sorok k\u00fcl\u00f6nb\u00f6z\u0151 t\u00edpus\u00fa term\u00e9kekhez alak\u00edthat\u00f3k ki. Gondolhatunk p\u00e9ld\u00e1ul egy \u00e9clair-feldolgoz\u00f3 vonalra. Amelybe el\u0151sz\u00f6r friss, leveg\u0151ztetett tejsz\u00ednt fecskendeznek, majd fondantb\u00f3l vagy cukorm\u00e1zb\u00f3l \u00e1ll\u00f3 felt\u00e9tet helyeznek fel. Egy m\u00e1sik p\u00e9lda ilyen vonalra lehet a friss tejsz\u00edn befecskendez\u00e9se a choux kal\u00e1csokba vagy profiterolokba, amelyet csokol\u00e1d\u00e9 fondant m\u00e1zzal val\u00f3 d\u00edsz\u00edt\u00e9s k\u00f6vet. Vagy gondolhatunk lekv\u00e1r befecskendez\u00e9s\u00e9re berlini f\u00e1nkokba, vagy a hossz\u00fa ujj\u00fa t\u00e9szt\u00e1k v\u00e1g\u00e1s\u00e1ra \u00e9s felnyit\u00e1s\u00e1ra, lekv\u00e1r, puding vagy almap\u00fcr\u00e9 cs\u00edkoz\u00e1s\u00e1val, amelyet friss, sz\u00e9nsavas kr\u00e9m befecskendez\u00e9se k\u00f6vet. E vonalak k\u00f6z\u00e9 tartozna a fondant lapoz\u00e1s \u00e9s d\u00edsz\u00edt\u00e9s is a keksz tetej\u00e9n.  A term\u00e9kkombin\u00e1ci\u00f3k v\u00e9gtelenek, \u00e9s ezek a vonalak \u00e9rt\u00e9kes \u00e9s rugalmas befektet\u00e9st jelentenek a v\u00e1s\u00e1rl\u00f3 sz\u00e1m\u00e1ra.<\/p>\n<p><img decoding=\"async\" class=\"alignnone size-medium wp-image-3634\" src=\"https:\/\/cormac.eu\/wp-content\/uploads\/2022\/06\/wymbs-processing-line-01-300x53.jpg\" alt=\"\" width=\"300\" height=\"53\" srcset=\"https:\/\/cormac.eu\/wp-content\/uploads\/2022\/06\/wymbs-processing-line-01-300x53.jpg 300w, https:\/\/cormac.eu\/wp-content\/uploads\/2022\/06\/wymbs-processing-line-01-1024x180.jpg 1024w, https:\/\/cormac.eu\/wp-content\/uploads\/2022\/06\/wymbs-processing-line-01-768x135.jpg 768w, https:\/\/cormac.eu\/wp-content\/uploads\/2022\/06\/wymbs-processing-line-01-600x105.jpg 600w, https:\/\/cormac.eu\/wp-content\/uploads\/2022\/06\/wymbs-processing-line-01.jpg 1140w\" sizes=\"(max-width: 300px) 100vw, 300px\" \/>\u00a0 \u00a0<img decoding=\"async\" class=\"alignnone wp-image-3640\" src=\"https:\/\/cormac.eu\/wp-content\/uploads\/2022\/06\/wymbs-processing-line-6-300x245.jpg\" alt=\"\" width=\"127\" height=\"104\" srcset=\"https:\/\/cormac.eu\/wp-content\/uploads\/2022\/06\/wymbs-processing-line-6-300x245.jpg 300w, https:\/\/cormac.eu\/wp-content\/uploads\/2022\/06\/wymbs-processing-line-6.jpg 430w\" sizes=\"(max-width: 127px) 100vw, 127px\" \/> <img decoding=\"async\" class=\"alignnone size-full wp-image-3639\" src=\"https:\/\/cormac.eu\/wp-content\/uploads\/2022\/06\/wymbs-processing-line-5.jpg\" alt=\"\" width=\"150\" height=\"112\" \/> <img loading=\"lazy\" decoding=\"async\" class=\"alignnone size-full wp-image-3638\" src=\"https:\/\/cormac.eu\/wp-content\/uploads\/2022\/06\/wymbs-processing-line-4.jpg\" alt=\"\" width=\"150\" height=\"112\" \/> <img loading=\"lazy\" decoding=\"async\" class=\"alignnone size-full wp-image-3637\" src=\"https:\/\/cormac.eu\/wp-content\/uploads\/2022\/06\/wymbs-processing-line-3.jpg\" alt=\"\" width=\"150\" height=\"112\" \/> <img loading=\"lazy\" decoding=\"async\" class=\"alignnone size-full wp-image-3636\" src=\"https:\/\/cormac.eu\/wp-content\/uploads\/2022\/06\/wymbs-processing-line-2.jpg\" alt=\"\" width=\"150\" height=\"112\" \/><\/p>\n<p>&nbsp;<\/p>\n<table>\n<tbody>\n<tr>\n<td width=\"276\">\u00a0<strong>Jellemz\u0151k<\/strong><\/td>\n<td width=\"328\">\u00a0<strong>El\u0151ny\u00f6k<\/strong><\/td>\n<\/tr>\n<tr>\n<td>Rozsdamentes ac\u00e9l burkolat \u00e9s tart\u00f3rendszer<\/td>\n<td>\n<ul>\n<li>k\u00f6nny\u0171 s\u00faly<\/li>\n<li>er\u0151s<\/li>\n<li>k\u00f6nny\u0171 tiszt\u00edt\u00e1s<\/li>\n<\/ul>\n<\/td>\n<\/tr>\n<tr>\n<td>Helyi \u00e9rint\u0151k\u00e9perny\u0151s HMI t\u00e1voli elektromos panellel<\/td>\n<td>\n<ul>\n<li>param\u00e9terek t\u00e1rol\u00e1sa<\/li>\n<li>folyamatir\u00e1ny\u00edt\u00e1s<\/li>\n<li>k\u00f6nny\u0171 kezelhet\u0151s\u00e9g<\/li>\n<\/ul>\n<\/td>\n<\/tr>\n<tr>\n<td>Opci\u00f3k<\/td>\n<td>\n<ul>\n<li>integr\u00e1lt lerak\u00f3 sz\u00e1ll\u00edt\u00f3szalag<\/li>\n<li>befecskendez\u0151 \u00e1llom\u00e1sok<\/li>\n<li>f\u00f3liarendszer<\/li>\n<li>string dekor\u00e1torok<\/li>\n<li>\u00e9s \u00edgy tov\u00e1bb<\/li>\n<\/ul>\n<\/td>\n<\/tr>\n<\/tbody>\n<\/table>\n<p>&nbsp;<\/p>\n<p>&nbsp;<\/p>","protected":false},"excerpt":{"rendered":"<p>Sokoldal\u00fa \u00e9s rugalmas gy\u00e1rt\u00f3sor, amely t\u00f6bbf\u00e9le lerak\u00f3rendszert kombin\u00e1l injekt\u00e1l\u00f3, deko\u00e1toroz\u00f3 \u00e9s sz\u00f3r\u00f3 egys\u00e9gekkel.<\/p>","protected":false},"featured_media":3633,"comment_status":"open","ping_status":"closed","template":"","meta":{"uix_meta_title":"","uix_meta_description":"","uix_canonical_url":""},"product_brand":[],"product_cat":[104],"product_tag":[187,229,227,228,225,226],"class_list":{"0":"post-3632","1":"product","2":"type-product","3":"status-publish","4":"has-post-thumbnail","6":"product_cat-processing","7":"product_tag-biscuit-creams","8":"product_tag-biscuits","9":"product_tag-choux-buns","10":"product_tag-doughnuts","11":"product_tag-eclairs","12":"product_tag-profiteroles","14":"first","15":"instock","16":"shipping-taxable","17":"product-type-simple"},"_links":{"self":[{"href":"https:\/\/cormac.eu\/hu\/wp-json\/wp\/v2\/product\/3632","targetHints":{"allow":["GET"]}}],"collection":[{"href":"https:\/\/cormac.eu\/hu\/wp-json\/wp\/v2\/product"}],"about":[{"href":"https:\/\/cormac.eu\/hu\/wp-json\/wp\/v2\/types\/product"}],"replies":[{"embeddable":true,"href":"https:\/\/cormac.eu\/hu\/wp-json\/wp\/v2\/comments?post=3632"}],"wp:featuredmedia":[{"embeddable":true,"href":"https:\/\/cormac.eu\/hu\/wp-json\/wp\/v2\/media\/3633"}],"wp:attachment":[{"href":"https:\/\/cormac.eu\/hu\/wp-json\/wp\/v2\/media?parent=3632"}],"wp:term":[{"taxonomy":"product_brand","embeddable":true,"href":"https:\/\/cormac.eu\/hu\/wp-json\/wp\/v2\/product_brand?post=3632"},{"taxonomy":"product_cat","embeddable":true,"href":"https:\/\/cormac.eu\/hu\/wp-json\/wp\/v2\/product_cat?post=3632"},{"taxonomy":"product_tag","embeddable":true,"href":"https:\/\/cormac.eu\/hu\/wp-json\/wp\/v2\/product_tag?post=3632"}],"curies":[{"name":"wp","href":"https:\/\/api.w.org\/{rel}","templated":true}]}}