{"id":3630,"date":"2022-06-05T14:25:33","date_gmt":"2022-06-05T12:25:33","guid":{"rendered":"https:\/\/cormac.eu\/?post_type=product&#038;p=3630"},"modified":"2022-06-05T14:56:26","modified_gmt":"2022-06-05T12:56:26","slug":"alafutasgatlo-rendszer-2","status":"publish","type":"product","link":"https:\/\/cormac.eu\/hu\/product\/underband-depositing-system\/","title":{"rendered":"Als\u00f3szalagos let\u00e9tbe helyez\u0151 rendszer"},"content":{"rendered":"<p>Az univerz\u00e1lis fels\u0151 hajt\u00e1srendszer felszerelhet\u0151 a s\u00fct\u0151- \u00e9s a visszat\u00e9r\u0151 fel\u00fclet k\u00f6z\u00e9, a s\u00fct\u0151ed\u00e9ny sz\u00e1ll\u00edt\u00f3szalagj\u00e1ra vagy egy utaz\u00f3 ac\u00e9l s\u00fct\u0151szalagra, ahogyan azt \u00e1ltal\u00e1ban a Jaffa-tort\u00e1kn\u00e1l haszn\u00e1lj\u00e1k. \u00dajonnan is meg\u00e9p\u00edthet\u0151 saj\u00e1t be\u00e9p\u00edtett lerak\u00f3szalaggal. A szalag alatti meghajt\u00f3rendszer alapvet\u0151en a t\u00e9rfogatm\u00e9r\u0151s adagol\u00f3szalagok k\u00edn\u00e1lat\u00e1nak befogad\u00e1s\u00e1ra k\u00e9sz\u00fclt, de k\u00fcl\u00f6nb\u00f6z\u0151 t\u00edpus\u00fa adagol\u00f3szalagokkal is felszerelhet\u0151, sima vagy kombin\u00e1lt term\u00e9kek vagy dr\u00f3tv\u00e1gott m\u00e1lyvacukrok nyom\u00e1s alatti adagol\u00e1s\u00e1hoz.<\/p>\n<p>&nbsp;<\/p>\n<p><img decoding=\"async\" class=\"alignnone size-full wp-image-3631\" src=\"https:\/\/cormac.eu\/wp-content\/uploads\/2022\/06\/Afbeelding-jaffa-cake.jpg\" alt=\"\" width=\"173\" height=\"119\" \/>\u00a0 <img decoding=\"async\" class=\"alignnone wp-image-3629\" src=\"https:\/\/cormac.eu\/wp-content\/uploads\/2022\/06\/piskoty.jpg\" alt=\"\" width=\"116\" height=\"120\" \/>\u00a0 <img decoding=\"async\" class=\"alignnone wp-image-3074\" src=\"https:\/\/cormac.eu\/wp-content\/uploads\/2022\/05\/Wymbs-Universal-MDS-ladyfinger-2.jpg\" alt=\"\" width=\"182\" height=\"107\" \/>\u00a0 <img loading=\"lazy\" decoding=\"async\" class=\"alignnone wp-image-3626\" src=\"https:\/\/cormac.eu\/wp-content\/uploads\/2022\/06\/Underband-application-300x259.jpg\" alt=\"\" width=\"138\" height=\"119\" srcset=\"https:\/\/cormac.eu\/wp-content\/uploads\/2022\/06\/Underband-application-300x259.jpg 300w, https:\/\/cormac.eu\/wp-content\/uploads\/2022\/06\/Underband-application.jpg 330w\" sizes=\"(max-width: 138px) 100vw, 138px\" \/><\/p>\n<p>&nbsp;<\/p>\n<table>\n<tbody>\n<tr>\n<td width=\"276\">\u00a0<strong>Jellemz\u0151k<\/strong><\/td>\n<td width=\"328\">\u00a0<strong>El\u0151ny\u00f6k<\/strong><\/td>\n<\/tr>\n<tr>\n<td>Rozsdamentes ac\u00e9l burkolat \u00e9s tart\u00f3rendszer<\/td>\n<td>\n<ul>\n<li>k\u00f6nny\u0171 s\u00faly<\/li>\n<li>er\u0151s<\/li>\n<li>k\u00f6nny\u0171 tiszt\u00edt\u00e1s<\/li>\n<\/ul>\n<\/td>\n<\/tr>\n<tr>\n<td>Helyi \u00e9rint\u0151k\u00e9perny\u0151s HMI t\u00e1voli elektromos panellel<\/td>\n<td>\n<ul>\n<li>param\u00e9terek t\u00e1rol\u00e1sa<\/li>\n<li>folyamatir\u00e1ny\u00edt\u00e1s<\/li>\n<li>k\u00f6nny\u0171 kezelhet\u0151s\u00e9g<\/li>\n<\/ul>\n<\/td>\n<\/tr>\n<tr>\n<td>Opci\u00f3k<\/td>\n<td>\n<ul>\n<li>Integr\u00e1lt lerak\u00f3 sz\u00e1ll\u00edt\u00f3szalag<\/li>\n<li>kekszadagol\u00f3 \u00e9s -igaz\u00edt\u00f3 egys\u00e9g<\/li>\n<\/ul>\n<\/td>\n<\/tr>\n<\/tbody>\n<\/table>\n<p>&nbsp;<\/p>","protected":false},"excerpt":{"rendered":"<p>S\u00fct\u00f6tt term\u00e9kek gy\u00e1rt\u00f3sor\u00e1nak s\u00fct\u0151- \u00e9s visszavezet\u0151 fel\u00fcletei k\u00f6z\u00e9 szerelhet\u0151 hajt\u00e1srendszer.<\/p>","protected":false},"featured_media":3627,"comment_status":"open","ping_status":"closed","template":"","meta":{"uix_meta_title":"","uix_meta_description":"","uix_canonical_url":""},"product_brand":[],"product_cat":[104],"product_tag":[223,219,194,195,196,197,198,222,207,202],"class_list":{"0":"post-3630","1":"product","2":"type-product","3":"status-publish","4":"has-post-thumbnail","6":"product_cat-processing","7":"product_tag-ganache","8":"product_tag-jaffa-cakes","9":"product_tag-jams-jellies","10":"product_tag-lady-fingers","11":"product_tag-marshmallows","12":"product_tag-meringues","13":"product_tag-muffins-cupcakes","14":"product_tag-piskoty","15":"product_tag-pralines","16":"product_tag-sponge-drops","18":"first","19":"instock","20":"shipping-taxable","21":"product-type-simple"},"_links":{"self":[{"href":"https:\/\/cormac.eu\/hu\/wp-json\/wp\/v2\/product\/3630","targetHints":{"allow":["GET"]}}],"collection":[{"href":"https:\/\/cormac.eu\/hu\/wp-json\/wp\/v2\/product"}],"about":[{"href":"https:\/\/cormac.eu\/hu\/wp-json\/wp\/v2\/types\/product"}],"replies":[{"embeddable":true,"href":"https:\/\/cormac.eu\/hu\/wp-json\/wp\/v2\/comments?post=3630"}],"wp:featuredmedia":[{"embeddable":true,"href":"https:\/\/cormac.eu\/hu\/wp-json\/wp\/v2\/media\/3627"}],"wp:attachment":[{"href":"https:\/\/cormac.eu\/hu\/wp-json\/wp\/v2\/media?parent=3630"}],"wp:term":[{"taxonomy":"product_brand","embeddable":true,"href":"https:\/\/cormac.eu\/hu\/wp-json\/wp\/v2\/product_brand?post=3630"},{"taxonomy":"product_cat","embeddable":true,"href":"https:\/\/cormac.eu\/hu\/wp-json\/wp\/v2\/product_cat?post=3630"},{"taxonomy":"product_tag","embeddable":true,"href":"https:\/\/cormac.eu\/hu\/wp-json\/wp\/v2\/product_tag?post=3630"}],"curies":[{"name":"wp","href":"https:\/\/api.w.org\/{rel}","templated":true}]}}