{"id":3186,"date":"2022-05-29T22:54:30","date_gmt":"2022-05-29T20:54:30","guid":{"rendered":"https:\/\/cormac.eu\/?post_type=product&#038;p=3186"},"modified":"2022-06-01T11:34:35","modified_gmt":"2022-06-01T09:34:35","slug":"bevonoedeny-2","status":"publish","type":"product","link":"https:\/\/cormac.eu\/hu\/product\/coating-pan-2\/","title":{"rendered":"Automatikus bevon\u00f3 pan"},"content":{"rendered":"<p>Automatikus bevon\u00f3ed\u00e9ny cukorsziruppal, cukormentes oldattal, csokol\u00e1d\u00e9val vagy zsirad\u00e9kkal t\u00f6rt\u00e9n\u0151 bevon\u00e1shoz. Maga a bevon\u00f3ed\u00e9ny egy v\u00edzszintes henger, amely 4 szabadon fut\u00f3 tengelyker\u00e9kre t\u00e1maszkodik.A t\u00e1lat egy fogazott sz\u00edj hajtja a k\u00fcls\u0151 ker\u00fclet\u00e9n. A bevon\u00e1s sor\u00e1n a term\u00e9k szintje a belsej\u00e9ben alacsony \u00e9s sz\u00e9lesre van ter\u00edtve, \u00edgy a term\u00e9k gyorsabban sz\u00e1rad, \u00e9s kisebb s\u00farl\u00f3d\u00e1snak \u00e9s nyom\u00e1snak van kit\u00e9ve a bevon\u00e1si folyamat sor\u00e1n. Az egyenletes leveg\u0151eloszl\u00e1s a bevon\u00f3ed\u00e9ny ment\u00e9n biztos\u00edtja a term\u00e9k egyenletes leveg\u0151vel val\u00f3 \u00e9rintkez\u00e9s\u00e9t, \u00e9s mivel a bels\u0151 t\u00e9rben nagat\u00edv nyom\u00e1s van fenntartva, nem ker\u00fcl ki por. A bevon\u00f3ed\u00e9ny belsej\u00e9ben speci\u00e1lis f\u00fav\u00f3k\u00e1k permetezik a bevon\u00f3oldatot a term\u00e9kekre. Aroma-, sz\u00edn-, capol- \u00e9s poradal\u00e9kok tov\u00e1bbi eszk\u00f6z\u00f6kkel alkalmazhat\u00f3k. A teljes bevon\u00e1si ciklus alatt nincs sz\u00fcks\u00e9g kezel\u0151re. A g\u00e9p gyors ciklusid\u0151vel rendelkezik, p\u00e9ld\u00e1ul egy 30% suga h\u00e9j eset\u00e9ben kb. 4 \u00f3ra, bele\u00e9rtve a pol\u00edroz\u00e1st is. A pol\u00edroz\u00e1si ciklus automatikusan a bevon\u00e1si ciklus befejez\u00e9se ut\u00e1n t\u00f6rt\u00e9nik.<\/p>\n<p>\u00c1ltal\u00e1ban ezeket a bevon\u00f3ed\u00e9nyeket kulcsrak\u00e9szen \u00e9s teljes k\u00f6r\u0171en sz\u00e1ll\u00edtj\u00e1k, az alkalmaz\u00e1st\u00f3l f\u00fcgg\u0151en mell\u00e9kberendez\u00e9sekkel egy\u00fctt, mint p\u00e9ld\u00e1ul szirupf\u0151z\u0151k, cukormentes oldatokhoz val\u00f3 old\u00f3k, porgy\u0171jt\u0151 \u00e9s leveg\u0151elsz\u00edv\u00f3 rendszerek, sziruptart\u00e1lyok, csokol\u00e1d\u00e9tart\u00e1lyok, poreloszt\u00f3 rendszerek, automatikus be- \u00e9s kirakod\u00f3 rendszerek \u00e9s CIP-rendszerek. A dedik\u00e1lt l\u00e9gkezel\u0151 \u00e9s sz\u00e1r\u00edt\u00f3 egys\u00e9g a teljes k\u00edn\u00e1lat r\u00e9sz\u00e9t k\u00e9pez\u0151 egyik fontos kieg\u00e9sz\u00edt\u0151 g\u00e9p.<\/p>\n<table>\n<tbody>\n<tr>\n<td colspan=\"6\" width=\"604\">\n<p style=\"text-align: center\"><strong>Rendelkez\u00e9sre \u00e1ll\u00f3 kapacit\u00e1sok \u00a0<\/strong><\/p>\n<\/td>\n<\/tr>\n<tr>\n<td width=\"123\">\n<p style=\"text-align: center\"><strong>Termel\u00e9s:<\/strong><\/p>\n<\/td>\n<td style=\"text-align: center\" width=\"88\"><strong>laborat\u00f3riumi m\u00e9rleg<\/strong><\/td>\n<td style=\"text-align: center\" width=\"101\"><strong>Kis<\/strong><\/td>\n<td style=\"text-align: center\" width=\"104\"><strong>k\u00f6zepes<\/strong><\/td>\n<td colspan=\"2\" width=\"189\">\n<p style=\"text-align: center\"><strong>Nagy<\/strong><\/p>\n<\/td>\n<\/tr>\n<tr>\n<td width=\"123\"><strong>Serpeny\u0151kapacit\u00e1s<\/strong><\/td>\n<td width=\"88\">\n<p style=\"text-align: center\">25<\/p>\n<\/td>\n<td style=\"text-align: center\" width=\"101\">600<\/td>\n<td style=\"text-align: center\" width=\"104\">1050<\/td>\n<td style=\"text-align: center\" width=\"97\">2250<\/td>\n<td width=\"92\">\n<p style=\"text-align: center\">3650<\/p>\n<\/td>\n<\/tr>\n<tr>\n<td width=\"123\"><strong>K\u00e9szterm\u00e9k<\/strong><\/td>\n<td width=\"88\">\n<p style=\"text-align: center\">20<\/p>\n<\/td>\n<td style=\"text-align: center\" width=\"101\">500<\/td>\n<td style=\"text-align: center\" width=\"104\">875<\/td>\n<td style=\"text-align: center\" width=\"97\">1875<\/td>\n<td width=\"92\">\n<p style=\"text-align: center\">3000<\/p>\n<\/td>\n<\/tr>\n<\/tbody>\n<\/table>\n<p>&nbsp;<\/p>\n<p><strong>Alkalmaz\u00e1si p\u00e9ld\u00e1k:<\/strong><\/p>\n<p><img decoding=\"async\" class=\"wp-image-3185\" src=\"https:\/\/cormac.eu\/wp-content\/uploads\/2022\/05\/fecoatec-Bombo-sugar-coated-300x300.jpg\" alt=\"\" width=\"137\" height=\"137\" srcset=\"https:\/\/cormac.eu\/wp-content\/uploads\/2022\/05\/fecoatec-Bombo-sugar-coated-300x300.jpg 300w, https:\/\/cormac.eu\/wp-content\/uploads\/2022\/05\/fecoatec-Bombo-sugar-coated.jpg 1024w, https:\/\/cormac.eu\/wp-content\/uploads\/2022\/05\/fecoatec-Bombo-sugar-coated-150x150.jpg 150w, https:\/\/cormac.eu\/wp-content\/uploads\/2022\/05\/fecoatec-Bombo-sugar-coated-768x768.jpg 768w, https:\/\/cormac.eu\/wp-content\/uploads\/2022\/05\/fecoatec-Bombo-sugar-coated-600x600.jpg 600w, https:\/\/cormac.eu\/wp-content\/uploads\/2022\/05\/fecoatec-Bombo-sugar-coated-100x100.jpg 100w\" sizes=\"(max-width: 137px) 100vw, 137px\" \/>\u00a0 \u00a0 <img decoding=\"async\" class=\"wp-image-3184\" src=\"https:\/\/cormac.eu\/wp-content\/uploads\/2022\/05\/Fecoatec-Bombo-chocolate-coated-300x300.jpg\" alt=\"\" width=\"138\" height=\"138\" srcset=\"https:\/\/cormac.eu\/wp-content\/uploads\/2022\/05\/Fecoatec-Bombo-chocolate-coated-300x300.jpg 300w, https:\/\/cormac.eu\/wp-content\/uploads\/2022\/05\/Fecoatec-Bombo-chocolate-coated.jpg 1024w, https:\/\/cormac.eu\/wp-content\/uploads\/2022\/05\/Fecoatec-Bombo-chocolate-coated-150x150.jpg 150w, https:\/\/cormac.eu\/wp-content\/uploads\/2022\/05\/Fecoatec-Bombo-chocolate-coated-768x768.jpg 768w, https:\/\/cormac.eu\/wp-content\/uploads\/2022\/05\/Fecoatec-Bombo-chocolate-coated-600x600.jpg 600w, https:\/\/cormac.eu\/wp-content\/uploads\/2022\/05\/Fecoatec-Bombo-chocolate-coated-100x100.jpg 100w\" sizes=\"(max-width: 138px) 100vw, 138px\" \/> \u00a0<img decoding=\"async\" class=\"alignnone wp-image-3183\" src=\"https:\/\/cormac.eu\/wp-content\/uploads\/2022\/05\/Fecoatec-bombo-chewing-gum-300x300.jpg\" alt=\"\" width=\"136\" height=\"136\" srcset=\"https:\/\/cormac.eu\/wp-content\/uploads\/2022\/05\/Fecoatec-bombo-chewing-gum-300x300.jpg 300w, https:\/\/cormac.eu\/wp-content\/uploads\/2022\/05\/Fecoatec-bombo-chewing-gum.jpg 1024w, https:\/\/cormac.eu\/wp-content\/uploads\/2022\/05\/Fecoatec-bombo-chewing-gum-150x150.jpg 150w, https:\/\/cormac.eu\/wp-content\/uploads\/2022\/05\/Fecoatec-bombo-chewing-gum-768x768.jpg 768w, https:\/\/cormac.eu\/wp-content\/uploads\/2022\/05\/Fecoatec-bombo-chewing-gum-600x600.jpg 600w, https:\/\/cormac.eu\/wp-content\/uploads\/2022\/05\/Fecoatec-bombo-chewing-gum-100x100.jpg 100w\" sizes=\"(max-width: 136px) 100vw, 136px\" \/> \u00a0<img loading=\"lazy\" decoding=\"async\" class=\"wp-image-3182\" src=\"https:\/\/cormac.eu\/wp-content\/uploads\/2022\/05\/Fecoatec-Bombo-jelly-bean-300x300.jpg\" alt=\"\" width=\"135\" height=\"135\" srcset=\"https:\/\/cormac.eu\/wp-content\/uploads\/2022\/05\/Fecoatec-Bombo-jelly-bean-300x300.jpg 300w, https:\/\/cormac.eu\/wp-content\/uploads\/2022\/05\/Fecoatec-Bombo-jelly-bean.jpg 1024w, https:\/\/cormac.eu\/wp-content\/uploads\/2022\/05\/Fecoatec-Bombo-jelly-bean-150x150.jpg 150w, https:\/\/cormac.eu\/wp-content\/uploads\/2022\/05\/Fecoatec-Bombo-jelly-bean-768x768.jpg 768w, https:\/\/cormac.eu\/wp-content\/uploads\/2022\/05\/Fecoatec-Bombo-jelly-bean-600x600.jpg 600w, https:\/\/cormac.eu\/wp-content\/uploads\/2022\/05\/Fecoatec-Bombo-jelly-bean-100x100.jpg 100w\" sizes=\"(max-width: 135px) 100vw, 135px\" \/><\/p>\n<table width=\"586\">\n<tbody>\n<tr>\n<td width=\"234\">\n<p style=\"text-align: center\"><strong>Jellemz\u0151k<\/strong><\/p>\n<\/td>\n<td width=\"352\">\n<p style=\"text-align: center\"><strong>El\u0151ny\u00f6k<\/strong><\/p>\n<\/td>\n<\/tr>\n<tr>\n<td>Fel\u00e9p\u00edt\u00e9s AISI304L rozsdamentes ac\u00e9l<\/td>\n<td>\n<ul>\n<li>Solid-Hygenic<\/li>\n<\/ul>\n<\/td>\n<\/tr>\n<tr>\n<td>Egyszer\u0171 kialak\u00edt\u00e1s<\/td>\n<td>\n<ul>\n<li>K\u00f6nny\u0171 karbantart\u00e1s-cs\u00f6kkentett tiszt\u00edt\u00e1si id\u0151-gyors term\u00e9kcsere<\/li>\n<\/ul>\n<\/td>\n<\/tr>\n<tr>\n<td>4 szabad ker\u00e9kre t\u00e1masztott serpeny\u0151<\/td>\n<td>\n<ul>\n<li>Sim\u00e1n \u00e9s stabilan forgathat\u00f3 serpeny\u0151<\/li>\n<\/ul>\n<\/td>\n<\/tr>\n<tr>\n<td>Speci\u00e1lis kialak\u00edt\u00e1s\u00fa sz\u00f3r\u00f3fejek<\/td>\n<td>\n<ul>\n<li>A bevon\u00f3anyag egyenletes felvitele<\/li>\n<\/ul>\n<\/td>\n<\/tr>\n<tr>\n<td>\n<p style=\"text-align: center\">OPCI\u00d3K:<\/p>\n<\/td>\n<td><\/td>\n<\/tr>\n<tr>\n<td>\n<ul>\n<li>Dedik\u00e1lt l\u00e9gkezel\u0151 \u00e9s sz\u00e1r\u00edt\u00f3 egys\u00e9g<\/li>\n<\/ul>\n<\/td>\n<td>\u00a0 \u00a0- A term\u00e9k gyors sz\u00e1r\u00edt\u00e1s\u00e1hoz<br \/>\n- Egyenletes leveg\u0151eloszt\u00e1s<\/td>\n<\/tr>\n<tr>\n<td>\n<ul>\n<li>Adagol\u00f3rendszerek arom\u00e1khoz, sz\u00ednez\u00e9kekhez \u00e9s f\u00e9nyes\u00edt\u0151kh\u00f6z<\/li>\n<\/ul>\n<\/td>\n<td><\/td>\n<\/tr>\n<tr>\n<td>\n<ul>\n<li>Automatikus be- \u00e9s kirakod\u00f3rendszerek<\/li>\n<\/ul>\n<\/td>\n<td><\/td>\n<\/tr>\n<tr>\n<td>\n<ul>\n<li>Szirupf\u0151z\u0151k<\/li>\n<\/ul>\n<\/td>\n<td><\/td>\n<\/tr>\n<tr>\n<td>\n<ul>\n<li>Old\u00f3tart\u00e1lyok<\/li>\n<\/ul>\n<\/td>\n<td>\u00a0 \u00a0- Cukormentes bevon\u00f3oldatokhoz<\/td>\n<\/tr>\n<tr>\n<td>\n<ul>\n<li>Szirup \u00e9s csokol\u00e1d\u00e9 tart\u00e1lyok<\/li>\n<\/ul>\n<\/td>\n<td><\/td>\n<\/tr>\n<tr>\n<td>\n<ul>\n<li>CIP rendszerek<\/li>\n<\/ul>\n<\/td>\n<td><\/td>\n<\/tr>\n<tr>\n<td>\n<ul>\n<li>Scada h\u00e1l\u00f3zat<\/li>\n<\/ul>\n<\/td>\n<td>\u00a0 \u00a0- Nyomon k\u00f6vet\u00e9s, adatnapl\u00f3z\u00e1s, recept\u00fara<br \/>\nt\u00e1rol\u00e1s, termel\u00e9si param\u00e9terek regisztr\u00e1l\u00e1sa<\/td>\n<\/tr>\n<\/tbody>\n<\/table>","protected":false},"excerpt":{"rendered":"<p>Automatikus bevon\u00f3ed\u00e9ny telep\u00edt\u00e9s, komplett \u00e9s kulcsrak\u00e9sz, cukorral, csokol\u00e1d\u00e9val, zs\u00edrtartalm\u00fa bevonatokkal \u00e9s cukormentes megold\u00e1sokkal t\u00f6rt\u00e9n\u0151 bevon\u00e1shoz.<\/p>","protected":false},"featured_media":3181,"comment_status":"open","ping_status":"closed","template":"","meta":{"uix_meta_title":"","uix_meta_description":"","uix_canonical_url":""},"product_brand":[],"product_cat":[135,104],"product_tag":[179,204,178,177],"class_list":{"0":"post-3186","1":"product","2":"type-product","3":"status-publish","4":"has-post-thumbnail","6":"product_cat-laboratory","7":"product_cat-processing","8":"product_tag-chewing-gums","9":"product_tag-chocolate-balls","10":"product_tag-jelly-beans","11":"product_tag-lentils","13":"first","14":"instock","15":"shipping-taxable","16":"product-type-simple"},"_links":{"self":[{"href":"https:\/\/cormac.eu\/hu\/wp-json\/wp\/v2\/product\/3186","targetHints":{"allow":["GET"]}}],"collection":[{"href":"https:\/\/cormac.eu\/hu\/wp-json\/wp\/v2\/product"}],"about":[{"href":"https:\/\/cormac.eu\/hu\/wp-json\/wp\/v2\/types\/product"}],"replies":[{"embeddable":true,"href":"https:\/\/cormac.eu\/hu\/wp-json\/wp\/v2\/comments?post=3186"}],"wp:featuredmedia":[{"embeddable":true,"href":"https:\/\/cormac.eu\/hu\/wp-json\/wp\/v2\/media\/3181"}],"wp:attachment":[{"href":"https:\/\/cormac.eu\/hu\/wp-json\/wp\/v2\/media?parent=3186"}],"wp:term":[{"taxonomy":"product_brand","embeddable":true,"href":"https:\/\/cormac.eu\/hu\/wp-json\/wp\/v2\/product_brand?post=3186"},{"taxonomy":"product_cat","embeddable":true,"href":"https:\/\/cormac.eu\/hu\/wp-json\/wp\/v2\/product_cat?post=3186"},{"taxonomy":"product_tag","embeddable":true,"href":"https:\/\/cormac.eu\/hu\/wp-json\/wp\/v2\/product_tag?post=3186"}],"curies":[{"name":"wp","href":"https:\/\/api.w.org\/{rel}","templated":true}]}}