{"id":3178,"date":"2022-05-29T15:22:36","date_gmt":"2022-05-29T13:22:36","guid":{"rendered":"https:\/\/cormac.eu\/?post_type=product&#038;p=3178"},"modified":"2022-06-05T19:09:17","modified_gmt":"2022-06-05T17:09:17","slug":"hutoalagut-2","status":"publish","type":"product","link":"https:\/\/cormac.eu\/hu\/product\/cooling-tunnel\/","title":{"rendered":"H\u0171t\u0151alag\u00fat"},"content":{"rendered":"<p>H\u0171t\u0151alag\u00fat 2 vagy 4 k\u00fcl\u00f6nb\u00f6z\u0151 h\u0171t\u00e9si z\u00f3n\u00e1val, a h\u0171t\u0151v\u00edz \u00e9s a h\u0171t\u0151leveg\u0151 f\u00fcggetlen szab\u00e1lyoz\u00e1s\u00e1val. A speci\u00e1lis kialak\u00edt\u00e1s\u00fa alag\u00fat konvekci\u00f3 \u00e9s vezet\u00e9s seg\u00edts\u00e9g\u00e9vel adja \u00e1t a h\u0151m\u00e9rs\u00e9kletet a term\u00e9knek, \u00e9s biztos\u00edtja a maxim\u00e1lis h\u0171t\u00e9st alacsony energiafogyaszt\u00e1s mellett.<\/p>\n<p>A h\u0171t\u00e9s szab\u00e1lyozott h\u0151m\u00e9rs\u00e9klet\u0171 \u00e9s \u00e1lland\u00f3 sebess\u00e9g\u0171\/\u00e1raml\u00e1s\u00fa leveg\u0151vel t\u00f6rt\u00e9nik. Minden h\u0171t\u00e9si z\u00f3na rendelkezik egy h\u0171t\u0151csoporttal, amely egy h\u0151cser\u00e9l\u0151b\u0151l \u00e1ll, amely a h\u0171t\u0151v\u00edz h\u0151m\u00e9rs\u00e9klet\u00e9t a h\u0171t\u0151leveg\u0151be viszi \u00e1t, egy nagy hat\u00e9konys\u00e1g\u00fa centrifug\u00e1lis ventil\u00e1torral a sz\u00fcks\u00e9ges l\u00e9g\u00e1raml\u00e1s l\u00e9trehoz\u00e1s\u00e1hoz \u00e9s egy G4 hat\u00e9konys\u00e1g\u00fa l\u00e9gsz\u0171r\u0151vel. A leveg\u0151 h\u0151m\u00e9rs\u00e9klet\u00e9t egy h\u0151m\u00e9rs\u00e9kletm\u00e9r\u0151 szonda szab\u00e1lyozza, amely a h\u0171t\u0151v\u00edzrendszerben l\u00e9v\u0151 3 ir\u00e1ny\u00fa modul\u00e1l\u00f3 szelepeket vez\u00e9rli. Az als\u00f3 h\u0171t\u00e9s a szalagsz\u00e1ll\u00edt\u00f3 rendszer fel\u00fclet\u00e9re szerelt hideglapokon kereszt\u00fcl t\u00f6rt\u00e9n\u0151 hidegv\u00edz-visszavezet\u00e9ssel val\u00f3sul meg. Az alag\u00fatban l\u00e9v\u0151 p\u00e1ratartalom szab\u00e1lyoz\u00e1sa \u00e9rdek\u00e9ben az alag\u00fatba sz\u00e1raz leveg\u0151t juttat\u00f3 l\u00e9gsz\u00e1r\u00edt\u00f3t lehet biztos\u00edtani.<\/p>\n<p>A Sandwhich t\u00edpus\u00fa burkolatok rozsdamentes ac\u00e9lb\u00f3l k\u00e9sz\u00fclnek, nagy s\u0171r\u0171s\u00e9g\u0171 poliuret\u00e1n szigetel\u00e9ssel befecskendezve. A fedelek a h\u0171t\u0151alag\u00fat mindk\u00e9t oldal\u00e1n g\u00e1zpalackok seg\u00edts\u00e9g\u00e9vel k\u00f6nnyen felemelhet\u0151k. A sz\u00e1ll\u00edt\u00f3szalag \u00e9lelmiszeripari min\u0151s\u00e9g\u0171 poliuret\u00e1n \u00e9s antisztatikus. A szalag cs\u00fasz\u00f3fel\u00fclete rozsdamentes ac\u00e9lb\u00f3l k\u00e9sz\u00fclt. A h\u0171t\u0151alag\u00fat a h\u0171t\u0151alag\u00fat be- \u00e9s kimenet\u00e9n\u00e9l tal\u00e1lhat\u00f3 automatikus nyomk\u00f6vet\u0151 eszk\u00f6z\u00f6kkel rendelkezik, l\u00e9zeres \u00e9rz\u00e9kel\u0151kkel \u00e9s pneumatikus hengerekkel. Ez lehet\u0151v\u00e9 teszi a szalagfesz\u00edt\u00e9s megfelel\u0151 szab\u00e1lyoz\u00e1s\u00e1t \u00e9s megakad\u00e1lyozza a cs\u00fasz\u00e1st.<\/p>\n<p>A h\u0171t\u0151alag\u00fat hossz\u00e1t az \u00fcgyf\u00e9l folyamat\u00e1nak megfelel\u0151en sz\u00e1m\u00edtj\u00e1k ki \u00e9s \u00e1ll\u00edtj\u00e1k be.<\/p>\n<p><strong>Alkalmaz\u00e1si p\u00e9ld\u00e1k<\/strong><\/p>\n<p><img decoding=\"async\" class=\"alignnone wp-image-3176\" src=\"https:\/\/cormac.eu\/wp-content\/uploads\/2022\/05\/candy-3665529_1920-1024x732-1-300x214.jpg\" alt=\"\" width=\"177\" height=\"127\" srcset=\"https:\/\/cormac.eu\/wp-content\/uploads\/2022\/05\/candy-3665529_1920-1024x732-1-300x214.jpg 300w, https:\/\/cormac.eu\/wp-content\/uploads\/2022\/05\/candy-3665529_1920-1024x732-1-768x549.jpg 768w, https:\/\/cormac.eu\/wp-content\/uploads\/2022\/05\/candy-3665529_1920-1024x732-1-600x429.jpg 600w, https:\/\/cormac.eu\/wp-content\/uploads\/2022\/05\/candy-3665529_1920-1024x732-1.jpg 1024w\" sizes=\"(max-width: 177px) 100vw, 177px\" \/>\u00a0 \u00a0<img decoding=\"async\" class=\"wp-image-3175\" src=\"https:\/\/cormac.eu\/wp-content\/uploads\/2022\/05\/granola-bar-with-nuts-fruit-and-berries-on-white-D7QCZ5B-V2-300x300.jpg\" alt=\"\" width=\"143\" height=\"143\" srcset=\"https:\/\/cormac.eu\/wp-content\/uploads\/2022\/05\/granola-bar-with-nuts-fruit-and-berries-on-white-D7QCZ5B-V2-300x300.jpg 300w, https:\/\/cormac.eu\/wp-content\/uploads\/2022\/05\/granola-bar-with-nuts-fruit-and-berries-on-white-D7QCZ5B-V2.jpg 1024w, https:\/\/cormac.eu\/wp-content\/uploads\/2022\/05\/granola-bar-with-nuts-fruit-and-berries-on-white-D7QCZ5B-V2-150x150.jpg 150w, https:\/\/cormac.eu\/wp-content\/uploads\/2022\/05\/granola-bar-with-nuts-fruit-and-berries-on-white-D7QCZ5B-V2-768x768.jpg 768w, https:\/\/cormac.eu\/wp-content\/uploads\/2022\/05\/granola-bar-with-nuts-fruit-and-berries-on-white-D7QCZ5B-V2-600x600.jpg 600w, https:\/\/cormac.eu\/wp-content\/uploads\/2022\/05\/granola-bar-with-nuts-fruit-and-berries-on-white-D7QCZ5B-V2-100x100.jpg 100w\" sizes=\"(max-width: 143px) 100vw, 143px\" \/> <img decoding=\"async\" class=\"alignnone wp-image-3168\" src=\"https:\/\/cormac.eu\/wp-content\/uploads\/2022\/05\/chocolate-rice-cakes-PZY8PSN-V2-300x300.jpg\" alt=\"\" width=\"156\" height=\"156\" srcset=\"https:\/\/cormac.eu\/wp-content\/uploads\/2022\/05\/chocolate-rice-cakes-PZY8PSN-V2-300x300.jpg 300w, https:\/\/cormac.eu\/wp-content\/uploads\/2022\/05\/chocolate-rice-cakes-PZY8PSN-V2.jpg 1024w, https:\/\/cormac.eu\/wp-content\/uploads\/2022\/05\/chocolate-rice-cakes-PZY8PSN-V2-150x150.jpg 150w, https:\/\/cormac.eu\/wp-content\/uploads\/2022\/05\/chocolate-rice-cakes-PZY8PSN-V2-768x768.jpg 768w, https:\/\/cormac.eu\/wp-content\/uploads\/2022\/05\/chocolate-rice-cakes-PZY8PSN-V2-600x600.jpg 600w, https:\/\/cormac.eu\/wp-content\/uploads\/2022\/05\/chocolate-rice-cakes-PZY8PSN-V2-100x100.jpg 100w\" sizes=\"(max-width: 156px) 100vw, 156px\" \/><img loading=\"lazy\" decoding=\"async\" class=\"alignnone wp-image-2956\" src=\"https:\/\/cormac.eu\/wp-content\/uploads\/2022\/05\/Wymbs-Picture-1-pressurized-DMF-300x168.jpg\" alt=\"\" width=\"192\" height=\"108\" srcset=\"https:\/\/cormac.eu\/wp-content\/uploads\/2022\/05\/Wymbs-Picture-1-pressurized-DMF-300x168.jpg 300w, https:\/\/cormac.eu\/wp-content\/uploads\/2022\/05\/Wymbs-Picture-1-pressurized-DMF.jpg 337w\" sizes=\"(max-width: 192px) 100vw, 192px\" \/><\/p>\n<table>\n<tbody>\n<tr>\n<td width=\"264\"><strong>F<\/strong><strong>eatures<\/strong><\/td>\n<td width=\"340\"><strong>El\u0151ny\u00f6k<\/strong><\/td>\n<\/tr>\n<tr>\n<td width=\"264\">2-4 h\u0171t\u00e9si z\u00f3na<\/td>\n<td width=\"340\">\n<ul>\n<li>F\u00fcggetlen z\u00f3na h\u0151m\u00e9rs\u00e9klet-szab\u00e1lyoz\u00e1s<\/li>\n<\/ul>\n<\/td>\n<\/tr>\n<tr>\n<td width=\"264\">Poliuret\u00e1n sz\u00e1ll\u00edt\u00f3szalag<\/td>\n<td width=\"340\">\n<ul>\n<li>\u00c9lelmiszer-min\u0151s\u00e9g<\/li>\n<li>Antisztatikus<\/li>\n<\/ul>\n<\/td>\n<\/tr>\n<tr>\n<td width=\"264\">SEW meghajt\u00f3motor frekvenciav\u00e1lt\u00f3val<\/td>\n<td width=\"340\">\n<ul>\n<li>Szalagsebess\u00e9g be\u00e1ll\u00edt\u00e1sa<\/li>\n<\/ul>\n<\/td>\n<\/tr>\n<tr>\n<td width=\"264\">Automatikus sz\u00edjk\u00f6vet\u00e9s \u00e9s -fesz\u00edt\u00e9s<\/td>\n<td width=\"340\">\n<ul>\n<li>A sz\u00e1ll\u00edt\u00f3szalag \u00e1lland\u00f3 fesz\u00fclts\u00e9ge<\/li>\n<li>Cs\u00fasz\u00e1s megel\u0151z\u00e9se<\/li>\n<\/ul>\n<\/td>\n<\/tr>\n<tr>\n<td width=\"264\">AISI304 rozsdamentes ac\u00e9lb\u00f3l k\u00e9sz\u00fclt<\/td>\n<td width=\"340\">\n<ul>\n<li>Higi\u00e9niai<\/li>\n<li>K\u00f6nny\u0171 tiszt\u00edt\u00e1s<\/li>\n<\/ul>\n<\/td>\n<\/tr>\n<tr>\n<td width=\"264\">K\u00fcl\u00f6nb\u00f6z\u0151 sz\u00e9less\u00e9gek<\/td>\n<td width=\"340\">\n<ul>\n<li>350 - 1500 mm k\u00f6z\u00f6tt<\/li>\n<\/ul>\n<\/td>\n<\/tr>\n<tr>\n<td width=\"264\"><strong>Opcion\u00e1lis<\/strong><\/td>\n<td width=\"340\"><\/td>\n<\/tr>\n<tr>\n<td width=\"264\">\n<ul>\n<li>Sz\u00e1raz leveg\u0151 befecskendez\u00e9se<\/li>\n<\/ul>\n<\/td>\n<td width=\"340\">K\u00fcls\u0151 l\u00e9gsz\u00e1r\u00edt\u00f3, amely sz\u00e1raz leveg\u0151t juttat a h\u0171t\u0151alag\u00fatba.<\/td>\n<\/tr>\n<tr>\n<td width=\"264\">\n<ul>\n<li>Als\u00f3 h\u0171t\u00e9s hideg f\u00f6d\u00e9mek<\/li>\n<\/ul>\n<\/td>\n<td width=\"340\">Az als\u00f3 h\u0171t\u00e9s lehet\u0151v\u00e9 t\u00e9tele \u00e9rdek\u00e9ben a v\u00edzzel vagy glikollal h\u0171t\u00f6tt \u00f6v al\u00e1 szerelt \u00f6vek<\/td>\n<\/tr>\n<tr>\n<td width=\"264\">\n<ul>\n<li>V\u00edzh\u0171t\u0151<\/li>\n<\/ul>\n<\/td>\n<td width=\"340\">Gy\u00e1ri hidegv\u00edz-ell\u00e1t\u00f3 vezet\u00e9k hi\u00e1ny\u00e1ban k\u00fcls\u0151 h\u0171t\u0151t lehet telep\u00edteni, amely v\u00edzzel vagy glikollal m\u0171k\u00f6dik.<\/td>\n<\/tr>\n<tr>\n<td width=\"264\">\n<ul>\n<li>Elektromos l\u00e9gf\u0171t\u00e9s<\/li>\n<\/ul>\n<\/td>\n<td width=\"340\">Az \u00f6vek visszavezet\u00e9si pontj\u00e1n\u00e1l telep\u00edtve, hogy a h\u0171t\u00f6tt leveg\u0151 p\u00e1ratartalm\u00e1t cs\u00f6kkentse annak \u00fajb\u00f3li felmeleg\u00edt\u00e9s\u00e9vel.<\/td>\n<\/tr>\n<tr>\n<td width=\"264\">\n<ul>\n<li>Automatikus szalagmos\u00f3 kocsi<\/li>\n<\/ul>\n<\/td>\n<td width=\"340\">A sz\u00edj visszat\u00e9r\u00e9si pontj\u00e1n\u00e1l telep\u00edtve, a sz\u00edj wahs \u00e9s sz\u00e1r\u00edt\u00e1sa \u00e9rdek\u00e9ben. Kerete g\u00f6rg\u0151k\u00f6n \u00e1ll, \u00edgy k\u00f6nnyen elt\u00e1vol\u00edthat\u00f3. Sz\u00e1r\u00edt\u00f3 kapar\u00f3kkal, melegv\u00edztart\u00e1llyal, motoros kef\u00e9kkel \u00e9s pneumatikus hengerekkel, amelyek a kocsit mos\u00e1si helyzetbe emelik \u00e9s elt\u00e1vol\u00edt\u00e1shoz leengedik.<\/td>\n<\/tr>\n<\/tbody>\n<\/table>\n<p>&nbsp;<\/p>\n<p>&nbsp;<\/p>","protected":false},"excerpt":{"rendered":"<p>H\u0171t\u0151alag\u00fat csokol\u00e1d\u00e9val, vegy\u00fcletekkel vagy zs\u00edrt\u00f6meggel bevont term\u00e9kek h\u0171t\u00e9s\u00e9hez<\/p>","protected":false},"featured_media":3179,"comment_status":"open","ping_status":"closed","template":"","meta":{"uix_meta_title":"","uix_meta_description":"","uix_canonical_url":""},"product_brand":[],"product_cat":[104],"product_tag":[205,206,208,207],"class_list":{"0":"post-3178","1":"product","2":"type-product","3":"status-publish","4":"has-post-thumbnail","6":"product_cat-processing","7":"product_tag-candy-bars","8":"product_tag-chocolate-tablets","9":"product_tag-chocolates","10":"product_tag-pralines","12":"first","13":"instock","14":"shipping-taxable","15":"product-type-simple"},"_links":{"self":[{"href":"https:\/\/cormac.eu\/hu\/wp-json\/wp\/v2\/product\/3178","targetHints":{"allow":["GET"]}}],"collection":[{"href":"https:\/\/cormac.eu\/hu\/wp-json\/wp\/v2\/product"}],"about":[{"href":"https:\/\/cormac.eu\/hu\/wp-json\/wp\/v2\/types\/product"}],"replies":[{"embeddable":true,"href":"https:\/\/cormac.eu\/hu\/wp-json\/wp\/v2\/comments?post=3178"}],"wp:featuredmedia":[{"embeddable":true,"href":"https:\/\/cormac.eu\/hu\/wp-json\/wp\/v2\/media\/3179"}],"wp:attachment":[{"href":"https:\/\/cormac.eu\/hu\/wp-json\/wp\/v2\/media?parent=3178"}],"wp:term":[{"taxonomy":"product_brand","embeddable":true,"href":"https:\/\/cormac.eu\/hu\/wp-json\/wp\/v2\/product_brand?post=3178"},{"taxonomy":"product_cat","embeddable":true,"href":"https:\/\/cormac.eu\/hu\/wp-json\/wp\/v2\/product_cat?post=3178"},{"taxonomy":"product_tag","embeddable":true,"href":"https:\/\/cormac.eu\/hu\/wp-json\/wp\/v2\/product_tag?post=3178"}],"curies":[{"name":"wp","href":"https:\/\/api.w.org\/{rel}","templated":true}]}}