{"id":3173,"date":"2022-05-29T14:14:17","date_gmt":"2022-05-29T12:14:17","guid":{"rendered":"https:\/\/cormac.eu\/?post_type=product&#038;p=3173"},"modified":"2022-06-01T11:39:16","modified_gmt":"2022-06-01T09:39:16","slug":"iratbevono-gep-2","status":"publish","type":"product","link":"https:\/\/cormac.eu\/hu\/product\/enrobing-machine\/","title":{"rendered":"Bevon\u00f3g\u00e9p"},"content":{"rendered":"<p>350 \u00e9s 1500 mm k\u00f6z\u00f6tti munkasz\u00e9less\u00e9ggel \u00e9s 1,5 \u00e9s 12 m\u00e9ter\/\u00f3ra k\u00f6z\u00f6tti h\u00e1l\u00f3sebess\u00e9ggel kaphat\u00f3 bor\u00edt\u00f3g\u00e9p. Ez a g\u00e9p dupla csokof\u00fcgg\u00f6nnyel rendelkezik, \u00e9s \u00fagy tervezt\u00e9k, hogy a nap 24 \u00f3r\u00e1j\u00e1ban m\u0171k\u00f6dj\u00f6n. A csokol\u00e1d\u00e9tart\u00e1ly \u00e9s a h\u00e1l\u00f3k\u00e9szlet gyors elt\u00e1vol\u00edt\u00e1sa, bele\u00e9rtve annak minden tengely\u00e9t \u00e9s alkatr\u00e9sz\u00e9t. A h\u00e1l\u00f3k\u00e9szletet vezet\u0151k t\u00e1masztj\u00e1k al\u00e1, a tart\u00e1ly pedig a h\u00e1l\u00f3k\u00e9szlet al\u00e1t\u00e1maszt\u00e1s\u00e1ra szolg\u00e1l. A csokol\u00e1d\u00e9hord\u00f3 nem tartalmaz olyan elektromos elemeket, amelyek a tiszt\u00edt\u00e1s sor\u00e1n megs\u00e9r\u00fclhetn\u00e9nek. A g\u00e9p h\u00e1ts\u00f3 r\u00e9sz\u00e9n, a kezel\u0151i oldallal szemben, az elektromos szekr\u00e9ny elford\u00edt\u00e1s\u00e1val egyszer\u0171en hozz\u00e1f\u00e9rhet\u0151 egy szervizhelyis\u00e9g. A be\u00e9p\u00edtett v\u00edzkeringet\u0151 k\u00f6rforg\u00e1snak k\u00f6sz\u00f6nhet\u0151en a term\u00e9kkel \u00e9rintkez\u0151 valamennyi alkatr\u00e9sz a k\u00edv\u00e1nt h\u0151m\u00e9rs\u00e9kleten marad.<\/p>\n<p><strong>Alkalmaz\u00e1s<\/strong><\/p>\n<p>A term\u00e9kek bevon\u00e1sa val\u00f3di csokol\u00e1d\u00e9val, \u00f6sszetett vagy zs\u00edros massz\u00e1val<\/p>\n<p><img decoding=\"async\" class=\"wp-image-3171\" src=\"https:\/\/cormac.eu\/wp-content\/uploads\/2022\/05\/waffles-with-chocolate-topping-GUSW6FC-V2-300x300.jpg\" alt=\"\" width=\"125\" height=\"125\" srcset=\"https:\/\/cormac.eu\/wp-content\/uploads\/2022\/05\/waffles-with-chocolate-topping-GUSW6FC-V2-300x300.jpg 300w, https:\/\/cormac.eu\/wp-content\/uploads\/2022\/05\/waffles-with-chocolate-topping-GUSW6FC-V2.jpg 1024w, https:\/\/cormac.eu\/wp-content\/uploads\/2022\/05\/waffles-with-chocolate-topping-GUSW6FC-V2-150x150.jpg 150w, https:\/\/cormac.eu\/wp-content\/uploads\/2022\/05\/waffles-with-chocolate-topping-GUSW6FC-V2-768x768.jpg 768w, https:\/\/cormac.eu\/wp-content\/uploads\/2022\/05\/waffles-with-chocolate-topping-GUSW6FC-V2-600x600.jpg 600w, https:\/\/cormac.eu\/wp-content\/uploads\/2022\/05\/waffles-with-chocolate-topping-GUSW6FC-V2-100x100.jpg 100w\" sizes=\"(max-width: 125px) 100vw, 125px\" \/>\u00a0 \u00a0<img decoding=\"async\" class=\"wp-image-3170\" src=\"https:\/\/cormac.eu\/wp-content\/uploads\/2022\/05\/glazed-donuts-PB5CCQD-V2-300x300.jpg\" alt=\"\" width=\"133\" height=\"133\" srcset=\"https:\/\/cormac.eu\/wp-content\/uploads\/2022\/05\/glazed-donuts-PB5CCQD-V2-300x300.jpg 300w, https:\/\/cormac.eu\/wp-content\/uploads\/2022\/05\/glazed-donuts-PB5CCQD-V2.jpg 1024w, https:\/\/cormac.eu\/wp-content\/uploads\/2022\/05\/glazed-donuts-PB5CCQD-V2-150x150.jpg 150w, https:\/\/cormac.eu\/wp-content\/uploads\/2022\/05\/glazed-donuts-PB5CCQD-V2-768x768.jpg 768w, https:\/\/cormac.eu\/wp-content\/uploads\/2022\/05\/glazed-donuts-PB5CCQD-V2-600x600.jpg 600w, https:\/\/cormac.eu\/wp-content\/uploads\/2022\/05\/glazed-donuts-PB5CCQD-V2-100x100.jpg 100w\" sizes=\"(max-width: 133px) 100vw, 133px\" \/> \u00a0\u00a0<img decoding=\"async\" class=\"alignnone wp-image-3168\" src=\"https:\/\/cormac.eu\/wp-content\/uploads\/2022\/05\/chocolate-rice-cakes-PZY8PSN-V2-300x300.jpg\" alt=\"\" width=\"152\" height=\"152\" srcset=\"https:\/\/cormac.eu\/wp-content\/uploads\/2022\/05\/chocolate-rice-cakes-PZY8PSN-V2-300x300.jpg 300w, https:\/\/cormac.eu\/wp-content\/uploads\/2022\/05\/chocolate-rice-cakes-PZY8PSN-V2.jpg 1024w, https:\/\/cormac.eu\/wp-content\/uploads\/2022\/05\/chocolate-rice-cakes-PZY8PSN-V2-150x150.jpg 150w, https:\/\/cormac.eu\/wp-content\/uploads\/2022\/05\/chocolate-rice-cakes-PZY8PSN-V2-768x768.jpg 768w, https:\/\/cormac.eu\/wp-content\/uploads\/2022\/05\/chocolate-rice-cakes-PZY8PSN-V2-600x600.jpg 600w, https:\/\/cormac.eu\/wp-content\/uploads\/2022\/05\/chocolate-rice-cakes-PZY8PSN-V2-100x100.jpg 100w\" sizes=\"(max-width: 152px) 100vw, 152px\" \/><img loading=\"lazy\" decoding=\"async\" class=\"wp-image-3166\" src=\"https:\/\/cormac.eu\/wp-content\/uploads\/2022\/05\/chocolate-dessert-PURBMSE-V3-300x300.jpg\" alt=\"\" width=\"149\" height=\"149\" srcset=\"https:\/\/cormac.eu\/wp-content\/uploads\/2022\/05\/chocolate-dessert-PURBMSE-V3-300x300.jpg 300w, https:\/\/cormac.eu\/wp-content\/uploads\/2022\/05\/chocolate-dessert-PURBMSE-V3.jpg 1024w, https:\/\/cormac.eu\/wp-content\/uploads\/2022\/05\/chocolate-dessert-PURBMSE-V3-150x150.jpg 150w, https:\/\/cormac.eu\/wp-content\/uploads\/2022\/05\/chocolate-dessert-PURBMSE-V3-768x768.jpg 768w, https:\/\/cormac.eu\/wp-content\/uploads\/2022\/05\/chocolate-dessert-PURBMSE-V3-600x600.jpg 600w, https:\/\/cormac.eu\/wp-content\/uploads\/2022\/05\/chocolate-dessert-PURBMSE-V3-100x100.jpg 100w\" sizes=\"(max-width: 149px) 100vw, 149px\" \/><\/p>\n<table width=\"586\">\n<tbody>\n<tr>\n<td width=\"245\"><strong>Jellemz\u0151k<\/strong><\/td>\n<td width=\"340\"><strong>El\u0151ny\u00f6k<\/strong><\/td>\n<\/tr>\n<tr>\n<td>Dupla csokol\u00e1d\u00e9 f\u00fcgg\u00f6ny<\/td>\n<td>\n<ul>\n<li>Egyenletes bevonat<\/li>\n<\/ul>\n<\/td>\n<\/tr>\n<tr>\n<td>Egyenletes leveg\u0151eloszt\u00e1s alog oldals\u00f3 bej\u00e1rat<\/td>\n<td>\n<ul>\n<li>H\u0151m\u00e9rs\u00e9klet-szab\u00e1lyoz\u00e1s<\/li>\n<\/ul>\n<\/td>\n<\/tr>\n<tr>\n<td>A term\u00e9k \u00e9rintkez\u0151 r\u00e9szei dupla k\u00f6penyesek<\/td>\n<td>\n<ul>\n<li>A csokol\u00e1d\u00e9 h\u0151m\u00e9rs\u00e9klet\u00e9nek fenntart\u00e1sa az egyenletes bevonat \u00e9rdek\u00e9ben<\/li>\n<\/ul>\n<\/td>\n<\/tr>\n<tr>\n<td>PID h\u0151m\u00e9rs\u00e9klet-szab\u00e1lyoz\u00f3k<\/td>\n<td>\n<ul>\n<li>A temper\u00e1lt csokol\u00e1d\u00e9 tart\u00e1si jellemz\u0151i<\/li>\n<\/ul>\n<\/td>\n<\/tr>\n<tr>\n<td>Rozsdamentes ac\u00e9lszerkezet<\/td>\n<td>\n<ul>\n<li>Higi\u00e9nikus, k\u00f6nny\u0171 tiszt\u00edt\u00e1s<\/li>\n<\/ul>\n<\/td>\n<\/tr>\n<tr>\n<td>Kivehet\u0151 term\u00e9ktart\u00e1ly<\/td>\n<td>\n<ul>\n<li>Gyors csokol\u00e1d\u00e9t\u00edpus-v\u00e1lt\u00e1s kevesebb \u00e1ll\u00e1sid\u0151<\/li>\n<\/ul>\n<\/td>\n<\/tr>\n<tr>\n<td>Teljes h\u00e1l\u00f3s k\u00e9szlet kivehet\u0151<\/td>\n<td>\n<ul>\n<li>Gyors term\u00e9kv\u00e1lt\u00e1s<\/li>\n<li>k\u00f6nny\u0171 tiszt\u00edt\u00e1s<\/li>\n<li>Kevesebb \u00e1ll\u00e1sid\u0151<\/li>\n<\/ul>\n<\/td>\n<\/tr>\n<tr>\n<td>Gyorscsatlakoz\u00f3 term\u00e9kcs\u00f6vek<\/td>\n<td>\n<ul>\n<li>K\u00f6nny\u0171 tiszt\u00edt\u00e1s \u00e9s karbantart\u00e1s<\/li>\n<\/ul>\n<\/td>\n<\/tr>\n<tr>\n<td>Tet\u0151 n\u00e9lk\u00fcli kialak\u00edt\u00e1s<\/td>\n<td>\n<ul>\n<li>K\u00f6nny\u0171 hozz\u00e1f\u00e9r\u00e9s<\/li>\n<\/ul>\n<\/td>\n<\/tr>\n<tr>\n<td>PLC vez\u00e9rl\u00e9s\u0171<\/td>\n<td>\n<ul>\n<li>Pontos param\u00e9ter-szab\u00e1lyoz\u00e1s-recepci\u00f3<\/li>\n<li>A csokol\u00e1d\u00e9 szint t\u00e1rol\u00e1si be\u00e1ll\u00edt\u00e1sa<\/li>\n<\/ul>\n<\/td>\n<\/tr>\n<tr>\n<td>Vibr\u00e1l\u00f3 t\u00e1lca, pneumatikus<\/td>\n<td>\n<ul>\n<li>Egys\u00e9ges bevonathat\u00e1s<\/li>\n<li>Frekvenciavez\u00e9relt<\/li>\n<\/ul>\n<\/td>\n<\/tr>\n<tr>\n<td>Opci\u00f3k<\/td>\n<td>\n<ul>\n<li>Sz\u0171r\u0151rendszerek<\/li>\n<li>Kever\u0151- \u00e9s olvaszt\u00f3tart\u00e1lyok<\/li>\n<li>Dekor\u00e1ci\u00f3s rendszerek<\/li>\n<li>Locsol\u00f3rendszerek<\/li>\n<li>Hev\u00edt\u0151g\u00e9pek<\/li>\n<li>Bet\u00e1pl\u00e1l\u00f3asztal<\/li>\n<li>Alternat\u00edv \u00f6vanyag<\/li>\n<\/ul>\n<\/td>\n<\/tr>\n<\/tbody>\n<\/table>\n<div class=\"mceTemp\"><\/div>\n<div class=\"mceTemp\"><\/div>","protected":false},"excerpt":{"rendered":"<p>Bevon\u00f3g\u00e9p csokol\u00e1d\u00e9val, \u00f6sszetett vagy zs\u00edros massz\u00e1val bevont term\u00e9kek bevon\u00e1s\u00e1hoz<\/p>","protected":false},"featured_media":3167,"comment_status":"open","ping_status":"closed","template":"","meta":{"uix_meta_title":"","uix_meta_description":"","uix_canonical_url":""},"product_brand":[],"product_cat":[104],"product_tag":[205,211,210,209],"class_list":{"0":"post-3173","1":"product","2":"type-product","3":"status-publish","4":"has-post-thumbnail","6":"product_cat-processing","7":"product_tag-candy-bars","8":"product_tag-chocolate-coated-products","9":"product_tag-cookies","10":"product_tag-wafers","12":"first","13":"instock","14":"shipping-taxable","15":"product-type-simple"},"_links":{"self":[{"href":"https:\/\/cormac.eu\/hu\/wp-json\/wp\/v2\/product\/3173","targetHints":{"allow":["GET"]}}],"collection":[{"href":"https:\/\/cormac.eu\/hu\/wp-json\/wp\/v2\/product"}],"about":[{"href":"https:\/\/cormac.eu\/hu\/wp-json\/wp\/v2\/types\/product"}],"replies":[{"embeddable":true,"href":"https:\/\/cormac.eu\/hu\/wp-json\/wp\/v2\/comments?post=3173"}],"wp:featuredmedia":[{"embeddable":true,"href":"https:\/\/cormac.eu\/hu\/wp-json\/wp\/v2\/media\/3167"}],"wp:attachment":[{"href":"https:\/\/cormac.eu\/hu\/wp-json\/wp\/v2\/media?parent=3173"}],"wp:term":[{"taxonomy":"product_brand","embeddable":true,"href":"https:\/\/cormac.eu\/hu\/wp-json\/wp\/v2\/product_brand?post=3173"},{"taxonomy":"product_cat","embeddable":true,"href":"https:\/\/cormac.eu\/hu\/wp-json\/wp\/v2\/product_cat?post=3173"},{"taxonomy":"product_tag","embeddable":true,"href":"https:\/\/cormac.eu\/hu\/wp-json\/wp\/v2\/product_tag?post=3173"}],"curies":[{"name":"wp","href":"https:\/\/api.w.org\/{rel}","templated":true}]}}