{"id":3160,"date":"2022-05-26T20:38:05","date_gmt":"2022-05-26T18:38:05","guid":{"rendered":"https:\/\/cormac.eu\/?post_type=product&#038;p=3160"},"modified":"2022-06-01T11:42:22","modified_gmt":"2022-06-01T09:42:22","slug":"intelligens-homersekletmero","status":"publish","type":"product","link":"https:\/\/cormac.eu\/hu\/product\/smart-tempermeter\/","title":{"rendered":"Intelligens h\u0151m\u00e9rs\u00e9kletm\u00e9r\u0151"},"content":{"rendered":"<p>Ez a cs\u00facstechnol\u00f3gi\u00e1s TEMPERMETER m\u00e9ri a csokol\u00e1d\u00e9 krist\u00e1lyosod\u00e1s\u00e1t, \u00e9s automatikusan kisz\u00e1m\u00edtja az inflexi\u00f3s pont n\u00e9gy jellemz\u0151j\u00e9t: meredeks\u00e9g, h\u0151m\u00e9rs\u00e9klet, id\u0151 \u00e9s RSI (1-t\u0151l 10-ig terjed\u0151 index). A PT100-as h\u0151m\u00e9rs\u00e9kletm\u00e9r\u0151 szonda, a cs\u00e9sz\u00e9k t\u00edpusa, a hideg blokk \u00e9s az indexsz\u00e1m\u00edt\u00e1s tekintet\u00e9ben \u00f6sszehasonl\u00edthat\u00f3 a piacon l\u00e9v\u0151 legt\u00f6bb m\u00e1s g\u00e9ppel. A t\u00e1bl\u00e1zatos hidegblokkja garant\u00e1lja a nagyfok\u00fa ism\u00e9telhet\u0151s\u00e9get, \u00e9s az indexg\u00f6rbe k\u00f6zvetlen\u00fcl l\u00e1that\u00f3 a k\u00e9perny\u0151n. A nyomon k\u00f6vethet\u0151s\u00e9g, a termel\u00e9s ellen\u0151rz\u00e9se, a folyamatos fejleszt\u00e9s \u00e9s a min\u0151s\u00e9gellen\u0151rz\u00e9s ennek a h\u0151m\u00e9r\u0151nek a fontos el\u0151nyei.<\/p>\n<p><img decoding=\"async\" class=\"alignnone wp-image-3158\" src=\"https:\/\/cormac.eu\/wp-content\/uploads\/2022\/05\/tempered-chocolate-300x298.jpg\" alt=\"\" width=\"149\" height=\"148\" srcset=\"https:\/\/cormac.eu\/wp-content\/uploads\/2022\/05\/tempered-chocolate-300x300.jpg 300w, https:\/\/cormac.eu\/wp-content\/uploads\/2022\/05\/tempered-chocolate-150x150.jpg 150w, https:\/\/cormac.eu\/wp-content\/uploads\/2022\/05\/tempered-chocolate-100x100.jpg 100w, https:\/\/cormac.eu\/wp-content\/uploads\/2022\/05\/tempered-chocolate.jpg 498w\" sizes=\"(max-width: 149px) 100vw, 149px\" \/>\u00a0 <img decoding=\"async\" class=\"alignnone wp-image-3156\" src=\"https:\/\/cormac.eu\/wp-content\/uploads\/2022\/05\/cups-300x206.jpg\" alt=\"\" width=\"213\" height=\"146\" srcset=\"https:\/\/cormac.eu\/wp-content\/uploads\/2022\/05\/cups-300x206.jpg 300w, https:\/\/cormac.eu\/wp-content\/uploads\/2022\/05\/cups.jpg 392w\" sizes=\"(max-width: 213px) 100vw, 213px\" \/><\/p>\n<p>&nbsp;<\/p>\n<table>\n<tbody>\n<tr>\n<td width=\"295\">\u00a0<strong>Jellemz\u0151k<\/strong><\/td>\n<td width=\"266\">\u00a0<strong>El\u0151ny\u00f6k<\/strong><\/td>\n<\/tr>\n<tr>\n<td><\/td>\n<td><\/td>\n<\/tr>\n<tr>\n<td>Asztali hidegblokk<\/td>\n<td>\n<ul>\n<li>Pontos m\u00e9r\u00e9s<\/li>\n<li>Nagyfok\u00fa ism\u00e9telhet\u0151s\u00e9g<\/li>\n<\/ul>\n<\/td>\n<\/tr>\n<tr>\n<td>El\u0151meleg\u00edtett h\u0151m\u00e9rs\u00e9kletm\u00e9r\u0151 szonda<\/td>\n<td>\n<ul>\n<li>M\u00e9r\u00e9s a csokol\u00e1d\u00e9 h\u0151m\u00e9rs\u00e9klete szerint<\/li>\n<\/ul>\n<\/td>\n<\/tr>\n<tr>\n<td>Sz\u00ednes LCD k\u00e9perny\u0151 be\u00e1gyazott nyomtat\u00f3val<\/td>\n<td>\n<ul>\n<li>G\u00f6rbe azonnal l\u00e1that\u00f3<\/li>\n<li>A g\u00f6rbe azonnali nyomtat\u00e1sa<\/li>\n<li>Jegyre vonatkoz\u00f3 specifik\u00e1ci\u00f3<\/li>\n<\/ul>\n<\/td>\n<\/tr>\n<tr>\n<td>Alum\u00ednium poharak haszn\u00e1lata<\/td>\n<td>\n<ul>\n<li>Jav\u00edtott h\u0151teljes\u00edtm\u00e9ny<\/li>\n<\/ul>\n<\/td>\n<\/tr>\n<tr>\n<td>Kompakt<\/td>\n<td>\n<ul>\n<li>Csak 5,5 KG<\/li>\n<li>Egy kapcsolat<\/li>\n<li>K\u00f6nnyen sz\u00e1ll\u00edthat\u00f3<\/li>\n<\/ul>\n<\/td>\n<\/tr>\n<\/tbody>\n<\/table>","protected":false},"excerpt":{"rendered":"<p>Kompakt \u00e9s hat\u00e9kony h\u0151m\u00e9r\u0151 a csokol\u00e1d\u00e9 krist\u00e1lyosod\u00e1s\u00e1nak m\u00e9r\u00e9s\u00e9re.<\/p>","protected":false},"featured_media":3157,"comment_status":"open","ping_status":"closed","template":"","meta":{"uix_meta_title":"","uix_meta_description":"","uix_canonical_url":""},"product_brand":[],"product_cat":[107,135,104],"product_tag":[208,212],"class_list":{"0":"post-3160","1":"product","2":"type-product","3":"status-publish","4":"has-post-thumbnail","6":"product_cat-artisanal","7":"product_cat-laboratory","8":"product_cat-processing","9":"product_tag-chocolates","10":"product_tag-tempermeter","12":"first","13":"instock","14":"shipping-taxable","15":"product-type-simple"},"_links":{"self":[{"href":"https:\/\/cormac.eu\/hu\/wp-json\/wp\/v2\/product\/3160","targetHints":{"allow":["GET"]}}],"collection":[{"href":"https:\/\/cormac.eu\/hu\/wp-json\/wp\/v2\/product"}],"about":[{"href":"https:\/\/cormac.eu\/hu\/wp-json\/wp\/v2\/types\/product"}],"replies":[{"embeddable":true,"href":"https:\/\/cormac.eu\/hu\/wp-json\/wp\/v2\/comments?post=3160"}],"wp:featuredmedia":[{"embeddable":true,"href":"https:\/\/cormac.eu\/hu\/wp-json\/wp\/v2\/media\/3157"}],"wp:attachment":[{"href":"https:\/\/cormac.eu\/hu\/wp-json\/wp\/v2\/media?parent=3160"}],"wp:term":[{"taxonomy":"product_brand","embeddable":true,"href":"https:\/\/cormac.eu\/hu\/wp-json\/wp\/v2\/product_brand?post=3160"},{"taxonomy":"product_cat","embeddable":true,"href":"https:\/\/cormac.eu\/hu\/wp-json\/wp\/v2\/product_cat?post=3160"},{"taxonomy":"product_tag","embeddable":true,"href":"https:\/\/cormac.eu\/hu\/wp-json\/wp\/v2\/product_tag?post=3160"}],"curies":[{"name":"wp","href":"https:\/\/api.w.org\/{rel}","templated":true}]}}