{"id":3077,"date":"2022-05-20T23:37:45","date_gmt":"2022-05-20T21:37:45","guid":{"rendered":"https:\/\/cormac.eu\/?post_type=product&#038;p=3077"},"modified":"2022-06-05T13:56:08","modified_gmt":"2022-06-05T11:56:08","slug":"univerzalis-gyujtocso-meghajtorendszer","status":"publish","type":"product","link":"https:\/\/cormac.eu\/hu\/product\/universal-manifold-drive-system\/","title":{"rendered":"Univerz\u00e1lis eloszt\u00f3 hajt\u00e1srendszer"},"content":{"rendered":"<p>Az univerz\u00e1lis fels\u0151f\u00f6d\u00e9mes lerak\u00f3rendszert \u00e1ltal\u00e1ban egy megl\u00e9v\u0151 gy\u00e1rt\u00f3sor, ac\u00e9ls\u00fct\u0151 szalag vagy t\u00e1lc\u00e1s sz\u00e1ll\u00edt\u00f3szalag f\u00f6l\u00e9 szerelik. Fel lehet szerelni k\u00fcl\u00f6nb\u00f6z\u0151 t\u00edpus\u00fa, nyom\u00e1s alatt \u00e1ll\u00f3 sima lerak\u00f3 eloszt\u00f3kkal, kombin\u00e1lt eloszt\u00f3kkal vagy dr\u00f3tv\u00e1g\u00f3 eloszt\u00f3kkal. A m\u00e1lyvacukrok eset\u00e9ben alkalmazva lehet\u0151v\u00e9 teszi a gy\u00e1rt\u00f3 sz\u00e1m\u00e1ra, hogy lerakott, extrud\u00e1lt vagy dr\u00f3tv\u00e1gott term\u00e9keket \u00e1ll\u00edtson el\u0151.<\/p>\n<p><img decoding=\"async\" class=\"alignnone wp-image-3075\" src=\"https:\/\/cormac.eu\/wp-content\/uploads\/2022\/05\/Wymbs-Universal-MDS-peep-1.jpg\" alt=\"\" width=\"153\" height=\"124\" \/> \u00a0<img decoding=\"async\" class=\"alignnone wp-image-2973\" src=\"https:\/\/cormac.eu\/wp-content\/uploads\/2022\/05\/wymbs-wire-cut-product-1.jpg\" alt=\"\" width=\"123\" height=\"111\" \/>\u00a0 \u00a0 <img decoding=\"async\" class=\"alignnone wp-image-2815\" src=\"https:\/\/cormac.eu\/wp-content\/uploads\/2022\/04\/marshmallow-IMG_0607-300x300.webp\" alt=\"\" width=\"135\" height=\"135\" srcset=\"https:\/\/cormac.eu\/wp-content\/uploads\/2022\/04\/marshmallow-IMG_0607-300x300.webp 300w, https:\/\/cormac.eu\/wp-content\/uploads\/2022\/04\/marshmallow-IMG_0607-1024x1024.webp 1024w, https:\/\/cormac.eu\/wp-content\/uploads\/2022\/04\/marshmallow-IMG_0607-150x150.webp 150w, https:\/\/cormac.eu\/wp-content\/uploads\/2022\/04\/marshmallow-IMG_0607-768x768.webp 768w, https:\/\/cormac.eu\/wp-content\/uploads\/2022\/04\/marshmallow-IMG_0607-1536x1536.webp 1536w, https:\/\/cormac.eu\/wp-content\/uploads\/2022\/04\/marshmallow-IMG_0607-600x600.webp 600w, https:\/\/cormac.eu\/wp-content\/uploads\/2022\/04\/marshmallow-IMG_0607-100x100.webp 100w, https:\/\/cormac.eu\/wp-content\/uploads\/2022\/04\/marshmallow-IMG_0607.webp 1920w\" sizes=\"(max-width: 135px) 100vw, 135px\" \/><img loading=\"lazy\" decoding=\"async\" class=\"alignnone wp-image-2958\" src=\"https:\/\/cormac.eu\/wp-content\/uploads\/2022\/05\/Wymbs-picture-3-DMF.jpg\" alt=\"\" width=\"158\" height=\"158\" srcset=\"https:\/\/cormac.eu\/wp-content\/uploads\/2022\/05\/Wymbs-picture-3-DMF.jpg 125w, https:\/\/cormac.eu\/wp-content\/uploads\/2022\/05\/Wymbs-picture-3-DMF-100x100.jpg 100w\" sizes=\"(max-width: 158px) 100vw, 158px\" \/><\/p>\n<p>Egy\u00e9bk\u00e9nt egyszer\u0171 cukr\u00e1szati term\u00e9kek is k\u00e9sz\u00edthet\u0151k, p\u00e9ld\u00e1ul cukrozott vagy kem\u00e9ny\u00edt\u0151vel permetezett sz\u00e1ll\u00edt\u00f3szalagokra helyezett term\u00e9kek, vagy t\u00f6ltel\u00e9kk\u00e9nt s\u00fctem\u00e9nyre vagy s\u00fctik k\u00f6z\u00e9 helyezett term\u00e9kek.<\/p>\n<p><img loading=\"lazy\" decoding=\"async\" class=\"alignnone wp-image-3073\" src=\"https:\/\/cormac.eu\/wp-content\/uploads\/2022\/05\/Wymbs-Universal-MDS-jaffa-4.jpg\" alt=\"\" width=\"148\" height=\"127\" \/><img loading=\"lazy\" decoding=\"async\" class=\"alignnone wp-image-3074\" src=\"https:\/\/cormac.eu\/wp-content\/uploads\/2022\/05\/Wymbs-Universal-MDS-ladyfinger-2.jpg\" alt=\"\" width=\"222\" height=\"131\" \/> <img loading=\"lazy\" decoding=\"async\" class=\"alignnone wp-image-3076\" src=\"https:\/\/cormac.eu\/wp-content\/uploads\/2022\/05\/Wymbs-Univesral-MDS-marshmallow-3.jpg\" alt=\"\" width=\"191\" height=\"107\" \/> <img loading=\"lazy\" decoding=\"async\" class=\"alignnone wp-image-3079\" src=\"https:\/\/cormac.eu\/wp-content\/uploads\/2022\/05\/Wymbs-Universal-MDS-prod-5.jpg\" alt=\"\" width=\"173\" height=\"130\" \/><\/p>\n<p>A k\u00fcl\u00f6nb\u00f6z\u0151 t\u00edpus\u00fa eloszt\u00f3k kombin\u00e1l\u00e1sa ezzel az univerz\u00e1lis eloszt\u00f3hajt\u00e1si rendszerrel, integr\u00e1ltan felszerelt folyamatsz\u00e1ll\u00edt\u00f3kkal, forg\u00f3 indexel\u0151 rendszerekkel, keksz adagol\u00f3 magazinokkal stb. a gy\u00e1rt\u00f3 sz\u00e1m\u00e1ra a lerak\u00e1si alkalmaz\u00e1sok sz\u00e9les k\u00f6r\u00e9t k\u00edn\u00e1lja. Ezek a rendszerek jellemz\u0151en 800 mm, 1000 mm, 1200 mm, 1500 mm munkasz\u00e9less\u00e9gre k\u00e9sz\u00fclnek.<\/p>\n<p>&nbsp;<\/p>\n<table>\n<tbody>\n<tr>\n<td width=\"295\">\n<p style=\"text-align: center\"><strong>Jellemz\u0151k<\/strong><\/p>\n<\/td>\n<td width=\"219\">\n<p style=\"text-align: center\"><strong>El\u0151ny\u00f6k<\/strong><\/p>\n<\/td>\n<\/tr>\n<tr>\n<td><\/td>\n<td><\/td>\n<\/tr>\n<tr>\n<td>Rozsdamentes ac\u00e9l burkolat \u00e9s szerkezet<\/td>\n<td>\n<ul>\n<li>Er\u0151s<\/li>\n<li>Higi\u00e9niai<\/li>\n<\/ul>\n<\/td>\n<\/tr>\n<tr>\n<td>\u00c9rint\u0151k\u00e9perny\u0151s HMI t\u00e1voli elektromos panellel<\/td>\n<td>\n<ul>\n<li>Pontos lerak\u00f3d\u00e1s-szab\u00e1lyoz\u00e1s<\/li>\n<li>Recept t\u00e1rol\u00e1sa<br \/>\nAdatt\u00e1rol\u00e1s<\/li>\n<li>Folyamat- \u00e9s h\u0151m\u00e9rs\u00e9klet-ellen\u0151rz\u00e9s<\/li>\n<\/ul>\n<\/td>\n<\/tr>\n<tr>\n<td>XYZ mozg\u00e1s<\/td>\n<td>\n<ul>\n<li>3 tengelyes mozg\u00e1s lehets\u00e9ges<\/li>\n<\/ul>\n<\/td>\n<\/tr>\n<tr>\n<td>Opci\u00f3k<\/td>\n<td>\n<ul>\n<li>Karbantart\u00f3 kocsi<\/li>\n<li>be\u00e9p\u00edtett lerak\u00f3 sz\u00e1ll\u00edt\u00f3szalag<\/li>\n<li>kekszadagol\u00f3<\/li>\n<\/ul>\n<\/td>\n<\/tr>\n<\/tbody>\n<\/table>\n<p>&nbsp;<\/p>","protected":false},"excerpt":{"rendered":"<p>Univerz\u00e1lis eloszt\u00f3cs\u0151-meghajt\u00f3rendszer, amely k\u00fcl\u00f6nb\u00f6z\u0151 eloszt\u00f3cs\u00f6vekkel kombin\u00e1lhat\u00f3 a k\u00fcl\u00f6nb\u00f6z\u0151 ki\u00fcr\u00edt\u00e9si lehet\u0151s\u00e9gek sz\u00e9les sk\u00e1l\u00e1j\u00e1hoz.<\/p>","protected":false},"featured_media":3072,"comment_status":"open","ping_status":"closed","template":"","meta":{"uix_meta_title":"","uix_meta_description":"","uix_canonical_url":""},"product_brand":[],"product_cat":[104],"product_tag":[219,195,196,198,202,200],"class_list":{"0":"post-3077","1":"product","2":"type-product","3":"status-publish","4":"has-post-thumbnail","6":"product_cat-processing","7":"product_tag-jaffa-cakes","8":"product_tag-lady-fingers","9":"product_tag-marshmallows","10":"product_tag-muffins-cupcakes","11":"product_tag-sponge-drops","12":"product_tag-tea0cake-mallows","14":"first","15":"instock","16":"shipping-taxable","17":"product-type-simple"},"_links":{"self":[{"href":"https:\/\/cormac.eu\/hu\/wp-json\/wp\/v2\/product\/3077","targetHints":{"allow":["GET"]}}],"collection":[{"href":"https:\/\/cormac.eu\/hu\/wp-json\/wp\/v2\/product"}],"about":[{"href":"https:\/\/cormac.eu\/hu\/wp-json\/wp\/v2\/types\/product"}],"replies":[{"embeddable":true,"href":"https:\/\/cormac.eu\/hu\/wp-json\/wp\/v2\/comments?post=3077"}],"wp:featuredmedia":[{"embeddable":true,"href":"https:\/\/cormac.eu\/hu\/wp-json\/wp\/v2\/media\/3072"}],"wp:attachment":[{"href":"https:\/\/cormac.eu\/hu\/wp-json\/wp\/v2\/media?parent=3077"}],"wp:term":[{"taxonomy":"product_brand","embeddable":true,"href":"https:\/\/cormac.eu\/hu\/wp-json\/wp\/v2\/product_brand?post=3077"},{"taxonomy":"product_cat","embeddable":true,"href":"https:\/\/cormac.eu\/hu\/wp-json\/wp\/v2\/product_cat?post=3077"},{"taxonomy":"product_tag","embeddable":true,"href":"https:\/\/cormac.eu\/hu\/wp-json\/wp\/v2\/product_tag?post=3077"}],"curies":[{"name":"wp","href":"https:\/\/api.w.org\/{rel}","templated":true}]}}