{"id":3069,"date":"2022-05-20T21:55:46","date_gmt":"2022-05-20T19:55:46","guid":{"rendered":"https:\/\/cormac.eu\/?post_type=product&#038;p=3069"},"modified":"2022-06-01T11:48:33","modified_gmt":"2022-06-01T09:48:33","slug":"foliazas-es-extrudalas","status":"publish","type":"product","link":"https:\/\/cormac.eu\/hu\/product\/sheeting-and-extrusion-manifold\/","title":{"rendered":"F\u00f3li\u00e1z\u00e1s \u00e9s extrud\u00e1l\u00e1s eloszt\u00f3"},"content":{"rendered":"<p>A lapoz\u00f3 \u00e9s extrud\u00e1l\u00f3 eloszt\u00f3 k\u00f6zvetlen\u00fcl egy folyamatos t\u00f6meg\u00e1ramhoz val\u00f3 k\u00f6zvetlen csatlakoztat\u00e1sra szolg\u00e1l. Ez a t\u00f6meg sz\u00e1rmazhat egy folyamatos leveg\u0151ztet\u0151 rendszerb\u0151l vagy egy adagol\u00f3rendszerb\u0151l, p\u00e9ld\u00e1ul egy szivatty\u00faegys\u00e9gb\u0151l.  Az eloszt\u00f3 folyamatos, teljes sz\u00e9less\u00e9g\u0171 lapot sz\u00e1ll\u00edt egy szalagon vagy meghat\u00e1rozott sz\u00e1m\u00fa, meghat\u00e1rozott sz\u00e9less\u00e9g\u0171 (t\u00f6bbs\u00e1vos) sz\u00e1lat. \u00dagy tervezik meg, hogy a fogad\u00f3szalag sz\u00e9less\u00e9g\u00e9t optim\u00e1lisan haszn\u00e1lj\u00e1k ki.  A lemez- \u00e9s extrud\u00e1l\u00f3 eloszt\u00f3 ut\u00f3lagosan felszerelhet\u0151 megl\u00e9v\u0151 gy\u00e1rt\u00f3sorokra.<\/p>\n<p>Alkalmaz\u00e1si p\u00e9ld\u00e1k<\/p>\n<p><img decoding=\"async\" class=\"alignnone wp-image-3063\" src=\"https:\/\/cormac.eu\/wp-content\/uploads\/2022\/05\/product-2-287x300.jpg\" alt=\"\" width=\"171\" height=\"179\" srcset=\"https:\/\/cormac.eu\/wp-content\/uploads\/2022\/05\/product-2-287x300.jpg 287w, https:\/\/cormac.eu\/wp-content\/uploads\/2022\/05\/product-2.jpg 311w\" sizes=\"(max-width: 171px) 100vw, 171px\" \/>\u00a0 \u00a0 \u00a0\u00a0<img decoding=\"async\" class=\"alignnone wp-image-3062\" src=\"https:\/\/cormac.eu\/wp-content\/uploads\/2022\/05\/product-1.jpg\" alt=\"\" width=\"169\" height=\"165\" \/><img decoding=\"async\" class=\"alignnone wp-image-3066\" src=\"https:\/\/cormac.eu\/wp-content\/uploads\/2022\/05\/product-5-300x213.jpg\" alt=\"\" width=\"181\" height=\"129\" srcset=\"https:\/\/cormac.eu\/wp-content\/uploads\/2022\/05\/product-5-300x213.jpg 300w, https:\/\/cormac.eu\/wp-content\/uploads\/2022\/05\/product-5.jpg 305w\" sizes=\"(max-width: 181px) 100vw, 181px\" \/> <img loading=\"lazy\" decoding=\"async\" class=\"alignnone wp-image-3065\" src=\"https:\/\/cormac.eu\/wp-content\/uploads\/2022\/05\/Product-4.jpg\" alt=\"\" width=\"157\" height=\"128\" \/><\/p>\n<p>&nbsp;<\/p>\n<table>\n<tbody>\n<tr>\n<td width=\"295\">\u00a0<strong>Jellemz\u0151k<\/strong><\/td>\n<td width=\"197\">\u00a0<strong>El\u0151ny\u00f6k<\/strong><\/td>\n<\/tr>\n<tr>\n<td><\/td>\n<td><\/td>\n<\/tr>\n<tr>\n<td>Alum\u00ednium vagy rozsdamentes ac\u00e9l szerkezet<\/td>\n<td>K\u00f6nny\u0171 s\u00faly<br \/>\nHigi\u00e9niai<\/td>\n<\/tr>\n<tr>\n<td>K\u00e9zi vagy szerv\u00f3 vez\u00e9rl\u00e9s\u0171 lemezvastags\u00e1g<\/td>\n<td>Az \u00fcgyf\u00e9l ig\u00e9nye szerint<\/td>\n<\/tr>\n<tr>\n<td>Bels\u0151 v\u00edzk\u00f6r (k\u00f6penyes)<\/td>\n<td>T\u00f6k\u00e9letes h\u0151m\u00e9rs\u00e9klet-szab\u00e1lyoz\u00e1s<br \/>\nh\u0151m\u00e9rs\u00e9klet-\u00e9rz\u00e9keny term\u00e9khez<\/td>\n<\/tr>\n<tr>\n<td>Rozsdamentes ac\u00e9l forg\u00f3szelepek<\/td>\n<td>Higi\u00e9niai<br \/>\nk\u00f6nny\u0171 tiszt\u00edt\u00e1s<\/td>\n<\/tr>\n<tr>\n<td>Opci\u00f3k<\/td>\n<td>Tiszt\u00edt\u00f3 tartoz\u00e9k a CIP-hez<br \/>\nSima vagy t\u00f6bbcs\u00facs\u00fa f\u00fav\u00f3k\u00e1k<br \/>\nTitatnium f\u0151test<\/td>\n<\/tr>\n<\/tbody>\n<\/table>","protected":false},"excerpt":{"rendered":"<p>Folyamatos t\u00f6meg\u00e1ramhoz val\u00f3 k\u00f6zvetlen csatlakoztat\u00e1sra alkalmas, ut\u00f3lagos felszerel\u00e9sre alkalmas lemez- \u00e9s extrud\u00e1l\u00f3 eloszt\u00f3.<\/p>","protected":false},"featured_media":3070,"comment_status":"open","ping_status":"closed","template":"","meta":{"uix_meta_title":"","uix_meta_description":"","uix_canonical_url":""},"product_brand":[],"product_cat":[104],"product_tag":[203,187,190,191,196,201],"class_list":{"0":"post-3069","1":"product","2":"type-product","3":"status-publish","4":"has-post-thumbnail","6":"product_cat-processing","7":"product_tag-batter","8":"product_tag-biscuit-creams","9":"product_tag-dairy-creams","10":"product_tag-fondants-icings","11":"product_tag-marshmallows","12":"product_tag-wafer-creams","14":"first","15":"instock","16":"shipping-taxable","17":"product-type-simple"},"_links":{"self":[{"href":"https:\/\/cormac.eu\/hu\/wp-json\/wp\/v2\/product\/3069","targetHints":{"allow":["GET"]}}],"collection":[{"href":"https:\/\/cormac.eu\/hu\/wp-json\/wp\/v2\/product"}],"about":[{"href":"https:\/\/cormac.eu\/hu\/wp-json\/wp\/v2\/types\/product"}],"replies":[{"embeddable":true,"href":"https:\/\/cormac.eu\/hu\/wp-json\/wp\/v2\/comments?post=3069"}],"wp:featuredmedia":[{"embeddable":true,"href":"https:\/\/cormac.eu\/hu\/wp-json\/wp\/v2\/media\/3070"}],"wp:attachment":[{"href":"https:\/\/cormac.eu\/hu\/wp-json\/wp\/v2\/media?parent=3069"}],"wp:term":[{"taxonomy":"product_brand","embeddable":true,"href":"https:\/\/cormac.eu\/hu\/wp-json\/wp\/v2\/product_brand?post=3069"},{"taxonomy":"product_cat","embeddable":true,"href":"https:\/\/cormac.eu\/hu\/wp-json\/wp\/v2\/product_cat?post=3069"},{"taxonomy":"product_tag","embeddable":true,"href":"https:\/\/cormac.eu\/hu\/wp-json\/wp\/v2\/product_tag?post=3069"}],"curies":[{"name":"wp","href":"https:\/\/api.w.org\/{rel}","templated":true}]}}