{"id":2976,"date":"2022-05-20T20:39:17","date_gmt":"2022-05-20T18:39:17","guid":{"rendered":"https:\/\/cormac.eu\/?post_type=product&#038;p=2976"},"modified":"2022-06-01T11:54:24","modified_gmt":"2022-06-01T09:54:24","slug":"volumetrikus-betetgyujto-eloszto-2","status":"publish","type":"product","link":"https:\/\/cormac.eu\/hu\/product\/volumetric-depositing-manifold\/","title":{"rendered":"Volumetrikus lerak\u00f3 eloszt\u00f3cs\u0151"},"content":{"rendered":"<p>A volumetrikus bet\u00e9tgy\u0171jt\u0151 eloszt\u00f3 z\u00e1rt rendszerben, azaz tart\u00e1ly n\u00e9lk\u00fcl ker\u00fcl alkalmaz\u00e1sra, aminek eredm\u00e9nyek\u00e9nt a bet\u00e9tmennyis\u00e9g t\u00f6k\u00e9letes szab\u00e1lyozhat\u00f3s\u00e1ga \u00e9rhet\u0151 el. Ez a t\u00edpus\u00fa eloszt\u00f3 felszerelhet\u0151 egy fels\u0151 vagy als\u00f3 s\u00e1vos eloszt\u00f3hajt\u00e1si rendszerre, amely ipari m\u00e9ret\u0171 megl\u00e9v\u0151 feldolgoz\u00f3sorok, ac\u00e9l s\u00fct\u0151szalagok vagy t\u00e1lc\u00e1s sz\u00e1ll\u00edt\u00f3szalagok f\u00f6l\u00e9\/al\u00e1 telep\u00edthet\u0151. Egy\u00e9bk\u00e9nt kisebb teljes\u00edtm\u00e9ny\u0171 OCD-meghajt\u00f3rendszerre is felszerelhet\u0151 kisebb teljes\u00edtm\u00e9nyhez.<\/p>\n<p>Alkalmaz\u00e1sok (p\u00e9ld\u00e1k)<\/p>\n<p><img decoding=\"async\" class=\"alignnone wp-image-3055\" src=\"https:\/\/cormac.eu\/wp-content\/uploads\/2022\/05\/fondants-and-icings-298x300.jpg\" alt=\"\" width=\"166\" height=\"167\" srcset=\"https:\/\/cormac.eu\/wp-content\/uploads\/2022\/05\/fondants-and-icings-298x300.jpg 298w, https:\/\/cormac.eu\/wp-content\/uploads\/2022\/05\/fondants-and-icings-150x150.jpg 150w, https:\/\/cormac.eu\/wp-content\/uploads\/2022\/05\/fondants-and-icings-300x300.jpg 300w, https:\/\/cormac.eu\/wp-content\/uploads\/2022\/05\/fondants-and-icings-100x100.jpg 100w, https:\/\/cormac.eu\/wp-content\/uploads\/2022\/05\/fondants-and-icings.jpg 375w\" sizes=\"(max-width: 166px) 100vw, 166px\" \/>\u00a0 <img decoding=\"async\" class=\"alignnone wp-image-3056\" src=\"https:\/\/cormac.eu\/wp-content\/uploads\/2022\/05\/VDM-product-picture-295x300.jpg\" alt=\"\" width=\"191\" height=\"194\" srcset=\"https:\/\/cormac.eu\/wp-content\/uploads\/2022\/05\/VDM-product-picture-295x300.jpg 295w, https:\/\/cormac.eu\/wp-content\/uploads\/2022\/05\/VDM-product-picture.jpg 301w\" sizes=\"(max-width: 191px) 100vw, 191px\" \/> <img decoding=\"async\" class=\"alignnone wp-image-3057\" src=\"https:\/\/cormac.eu\/wp-content\/uploads\/2022\/05\/VDM-spongecake-280x300.jpg\" alt=\"\" width=\"172\" height=\"185\" srcset=\"https:\/\/cormac.eu\/wp-content\/uploads\/2022\/05\/VDM-spongecake-280x300.jpg 280w, https:\/\/cormac.eu\/wp-content\/uploads\/2022\/05\/VDM-spongecake-957x1024.jpg 957w, https:\/\/cormac.eu\/wp-content\/uploads\/2022\/05\/VDM-spongecake-768x821.jpg 768w, https:\/\/cormac.eu\/wp-content\/uploads\/2022\/05\/VDM-spongecake-600x642.jpg 600w, https:\/\/cormac.eu\/wp-content\/uploads\/2022\/05\/VDM-spongecake.jpg 1005w\" sizes=\"(max-width: 172px) 100vw, 172px\" \/>\u00a0 <img loading=\"lazy\" decoding=\"async\" class=\"alignnone wp-image-2815\" src=\"https:\/\/cormac.eu\/wp-content\/uploads\/2022\/04\/marshmallow-IMG_0607-300x300.webp\" alt=\"\" width=\"202\" height=\"202\" srcset=\"https:\/\/cormac.eu\/wp-content\/uploads\/2022\/04\/marshmallow-IMG_0607-300x300.webp 300w, https:\/\/cormac.eu\/wp-content\/uploads\/2022\/04\/marshmallow-IMG_0607-1024x1024.webp 1024w, https:\/\/cormac.eu\/wp-content\/uploads\/2022\/04\/marshmallow-IMG_0607-150x150.webp 150w, https:\/\/cormac.eu\/wp-content\/uploads\/2022\/04\/marshmallow-IMG_0607-768x768.webp 768w, https:\/\/cormac.eu\/wp-content\/uploads\/2022\/04\/marshmallow-IMG_0607-1536x1536.webp 1536w, https:\/\/cormac.eu\/wp-content\/uploads\/2022\/04\/marshmallow-IMG_0607-600x600.webp 600w, https:\/\/cormac.eu\/wp-content\/uploads\/2022\/04\/marshmallow-IMG_0607-100x100.webp 100w, https:\/\/cormac.eu\/wp-content\/uploads\/2022\/04\/marshmallow-IMG_0607.webp 1920w\" sizes=\"(max-width: 202px) 100vw, 202px\" \/><\/p>\n<p>&nbsp;<\/p>\n<table style=\"height: 650px\" width=\"679\">\n<tbody>\n<tr>\n<td width=\"295\">\n<p style=\"text-align: center\">\u00a0<strong>Jellemz\u0151k<\/strong><\/p>\n<\/td>\n<td width=\"197\">\n<p style=\"text-align: center\">\u00a0<strong>El\u0151ny\u00f6k<\/strong><\/p>\n<\/td>\n<\/tr>\n<tr>\n<td><\/td>\n<td><\/td>\n<\/tr>\n<tr>\n<td>Szerv\u00f3vez\u00e9rl\u00e9s\u0171 nem f\u00e9mes dugatty\u00fak kombin\u00e1lva<br \/>\nrozsdamentes ac\u00e9l hengerekkel<\/td>\n<td>\n<ul>\n<li>Nagy let\u00e9tbe helyez\u00e9si pontoss\u00e1g<\/li>\n<\/ul>\n<\/td>\n<\/tr>\n<tr>\n<td>Bels\u0151 v\u00edzk\u00f6rforg\u00e1s<\/td>\n<td>\n<ul>\n<li>T\u00f6k\u00e9letes h\u0151m\u00e9rs\u00e9klet-szab\u00e1lyoz\u00e1s<\/li>\n<\/ul>\n<\/td>\n<\/tr>\n<tr>\n<td>Rozsdamentes ac\u00e9l forg\u00f3szelepek<\/td>\n<td>\n<ul>\n<li>Higi\u00e9niai<\/li>\n<li>K\u00f6nny\u0171 tiszt\u00edt\u00e1s<\/li>\n<\/ul>\n<\/td>\n<\/tr>\n<tr>\n<td>Volumetrikus<\/td>\n<td>\n<ul>\n<li>Nincs sz\u00fcks\u00e9g kiegyens\u00falyoz\u00e1sra<\/li>\n<\/ul>\n<\/td>\n<\/tr>\n<tr>\n<td>HMI a (kieg\u00e9sz\u00edt\u0151) eloszt\u00f3hajt\u00f3m\u0171re szerelve<\/td>\n<td>\n<ul>\n<li>A bet\u00e9t s\u00faly\u00e1nak ellen\u0151rz\u00e9se<\/li>\n<li>A sebess\u00e9g szab\u00e1lyoz\u00e1sa<\/li>\n<\/ul>\n<\/td>\n<\/tr>\n<tr>\n<td>Opci\u00f3k<\/td>\n<td>\n<ul>\n<li>Tiszt\u00edt\u00f3 tartoz\u00e9k a CIP-hez<\/li>\n<li>Sima vagy t\u00f6bbcs\u00facs\u00fa f\u00fav\u00f3k\u00e1k<\/li>\n<li>Tittanium f\u0151test<\/li>\n<\/ul>\n<p>&nbsp;<\/td>\n<\/tr>\n<\/tbody>\n<\/table>","protected":false},"excerpt":{"rendered":"<p>A volumetrikus depoz\u00edci\u00f3s eloszt\u00f3t z\u00e1rt rendszerben, befogad\u00f3 tart\u00e1ly n\u00e9lk\u00fcl alkalmazz\u00e1k.<\/p>","protected":false},"featured_media":3061,"comment_status":"open","ping_status":"closed","template":"","meta":{"uix_meta_title":"","uix_meta_description":"","uix_canonical_url":""},"product_brand":[],"product_cat":[104],"product_tag":[203,188,191,194,196,197],"class_list":{"0":"post-2976","1":"product","2":"type-product","3":"status-publish","4":"has-post-thumbnail","6":"product_cat-processing","7":"product_tag-batter","8":"product_tag-caramels-toffees","9":"product_tag-fondants-icings","10":"product_tag-jams-jellies","11":"product_tag-marshmallows","12":"product_tag-meringues","14":"first","15":"instock","16":"shipping-taxable","17":"product-type-simple"},"_links":{"self":[{"href":"https:\/\/cormac.eu\/hu\/wp-json\/wp\/v2\/product\/2976","targetHints":{"allow":["GET"]}}],"collection":[{"href":"https:\/\/cormac.eu\/hu\/wp-json\/wp\/v2\/product"}],"about":[{"href":"https:\/\/cormac.eu\/hu\/wp-json\/wp\/v2\/types\/product"}],"replies":[{"embeddable":true,"href":"https:\/\/cormac.eu\/hu\/wp-json\/wp\/v2\/comments?post=2976"}],"wp:featuredmedia":[{"embeddable":true,"href":"https:\/\/cormac.eu\/hu\/wp-json\/wp\/v2\/media\/3061"}],"wp:attachment":[{"href":"https:\/\/cormac.eu\/hu\/wp-json\/wp\/v2\/media?parent=2976"}],"wp:term":[{"taxonomy":"product_brand","embeddable":true,"href":"https:\/\/cormac.eu\/hu\/wp-json\/wp\/v2\/product_brand?post=2976"},{"taxonomy":"product_cat","embeddable":true,"href":"https:\/\/cormac.eu\/hu\/wp-json\/wp\/v2\/product_cat?post=2976"},{"taxonomy":"product_tag","embeddable":true,"href":"https:\/\/cormac.eu\/hu\/wp-json\/wp\/v2\/product_tag?post=2976"}],"curies":[{"name":"wp","href":"https:\/\/api.w.org\/{rel}","templated":true}]}}