{"id":2971,"date":"2022-05-19T23:29:08","date_gmt":"2022-05-19T21:29:08","guid":{"rendered":"https:\/\/cormac.eu\/?post_type=product&#038;p=2971"},"modified":"2022-06-01T11:56:02","modified_gmt":"2022-06-01T09:56:02","slug":"drotvagott-gyujtocso-2","status":"publish","type":"product","link":"https:\/\/cormac.eu\/hu\/product\/wire-cut-manifold\/","title":{"rendered":"Dr\u00f3tv\u00e1g\u00f3 eloszt\u00f3"},"content":{"rendered":"<p>A nyom\u00e1s alatt \u00e1ll\u00f3 lerak\u00f3 eloszt\u00f3t \u00fagy tervezt\u00e9k, hogy k\u00f6zvetlen\u00fcl csatlakoztathat\u00f3 legyen egy folyamatos adagol\u00f3egys\u00e9ghez vagy egy adagol\u00f3rendszerhez, p\u00e9ld\u00e1ul egy szivatty\u00faegys\u00e9ghez. Mivel ezek z\u00e1rt rendszerek, ahol nem haszn\u00e1lnak tart\u00e1lyokat, ezek a lerak\u00f3 eloszt\u00f3k k\u00fcl\u00f6n\u00f6sen alkalmasak finom t\u00f6megek \u00e9s k\u00f6nny\u0171 habok lerak\u00e1s\u00e1ra. A dr\u00f3tv\u00e1gott gy\u0171jt\u0151cs\u00f6vek a k\u00f6vetkez\u0151kb\u0151l \u00e1ll\u00edthat\u00f3k el\u0151 <a href=\"https:\/\/cormac.eu\/hu\/termek\/betetgyujto-gyujtocso\/\">\"sima\" gy\u0171jt\u0151cs\u0151<\/a> egysz\u00edn\u0171 m\u00e1lyvacukor bet\u00e9t\u00e9rt, vagy kombin\u00e1lt v\u00e1ltozataink k\u00f6z\u00fcl k\u00e9t sz\u00edn\u0171 bet\u00e9t\u00e9rt. A forg\u00f3szelepek \u00e1ltal\u00e1ban szervo meghajt\u00e1s\u00faak, m\u00edg a dugatty\u00fas dr\u00f3tv\u00e1g\u00f3 szerelv\u00e9ny pneumatikusan m\u0171k\u00f6dtetett.<\/p>\n<p>&nbsp;<\/p>\n<p><strong>Alkalmaz\u00e1sok<\/strong><\/p>\n<p><img decoding=\"async\" class=\"alignnone wp-image-2975\" src=\"https:\/\/cormac.eu\/wp-content\/uploads\/2022\/05\/wymbs-wire-cut-product-3.jpg\" alt=\"\" width=\"154\" height=\"134\" \/>\u00a0 <img decoding=\"async\" class=\"alignnone wp-image-2974\" src=\"https:\/\/cormac.eu\/wp-content\/uploads\/2022\/05\/wymbs-wire-cut-product-2.jpg\" alt=\"\" width=\"166\" height=\"132\" \/> <img decoding=\"async\" class=\"alignnone wp-image-2973\" src=\"https:\/\/cormac.eu\/wp-content\/uploads\/2022\/05\/wymbs-wire-cut-product-1.jpg\" alt=\"\" width=\"166\" height=\"151\" \/><\/p>\n<p>&nbsp;<\/p>\n<p>&nbsp;<\/p>\n<p>&nbsp;<\/p>\n<table>\n<tbody>\n<tr>\n<td width=\"253\">\u00a0<strong>Jellemz\u0151k<\/strong><\/td>\n<td width=\"351\">\u00a0<strong>El\u0151ny\u00f6k<\/strong><\/td>\n<\/tr>\n<tr>\n<td>Kiv\u00e1l\u00f3 min\u0151s\u00e9g\u0171 alum\u00ednium szerkezet<\/td>\n<td>\n<ul>\n<li>K\u00f6nny\u0171 s\u00faly<\/li>\n<li>Er\u0151s<\/li>\n<\/ul>\n<\/td>\n<\/tr>\n<tr>\n<td>Szersz\u00e1m n\u00e9lk\u00fcli rendszerkiegyenl\u00edt\u00e9s<\/td>\n<td>\n<ul>\n<li>A rendszernyom\u00e1s egyszer\u0171 kiegyenl\u00edt\u00e9se<\/li>\n<\/ul>\n<\/td>\n<\/tr>\n<tr>\n<td>Bels\u0151 v\u00edzkeringet\u0151 rendszer<\/td>\n<td>\n<ul>\n<li>Szab\u00e1lyozott f\u0171t\u00e9s \u00e9s h\u0171t\u00e9s<\/li>\n<\/ul>\n<\/td>\n<\/tr>\n<tr>\n<td>Nem f\u00e9mes polimerbe z\u00e1rt szerv\u00f3vez\u00e9rl\u00e9s\u0171 forg\u00f3szelep<\/td>\n<td>\n<ul>\n<li>Nagy rugalmass\u00e1g<\/li>\n<li>alacsony s\u00farl\u00f3d\u00e1s<\/li>\n<li>t\u00f6k\u00e9letes szelep mozg\u00e1sszab\u00e1lyoz\u00e1s<\/li>\n<\/ul>\n<\/td>\n<\/tr>\n<tr>\n<td>Opci\u00f3k<\/td>\n<td>\n<ul>\n<li>Extra tiszt\u00edt\u00f3 tartoz\u00e9kok a soron bel\u00fcli tiszt\u00edt\u00e1shoz (CIP)<\/li>\n<li>Speci\u00e1lis \u00f6tv\u00f6zetek, amelyek v\u00e9delmet ny\u00fajtanak a magas savtartalm\u00fa t\u00f6megek ellen<\/li>\n<\/ul>\n<\/td>\n<\/tr>\n<\/tbody>\n<\/table>\n<p>&nbsp;<\/p>","protected":false},"excerpt":{"rendered":"<p>Dr\u00f3tv\u00e1gott gy\u0171jt\u0151cs\u0151 , \u00e1ltal\u00e1ban lapos alj\u00fa m\u00e1lyvacukor term\u00e9kek gy\u00e1rt\u00e1s\u00e1hoz<\/p>","protected":false},"featured_media":2972,"comment_status":"open","ping_status":"closed","template":"","meta":{"uix_meta_title":"","uix_meta_description":"","uix_canonical_url":""},"product_brand":[],"product_cat":[104],"product_tag":[196],"class_list":{"0":"post-2971","1":"product","2":"type-product","3":"status-publish","4":"has-post-thumbnail","6":"product_cat-processing","7":"product_tag-marshmallows","9":"first","10":"instock","11":"sold-individually","12":"shipping-taxable","13":"purchasable","14":"product-type-simple"},"_links":{"self":[{"href":"https:\/\/cormac.eu\/hu\/wp-json\/wp\/v2\/product\/2971","targetHints":{"allow":["GET"]}}],"collection":[{"href":"https:\/\/cormac.eu\/hu\/wp-json\/wp\/v2\/product"}],"about":[{"href":"https:\/\/cormac.eu\/hu\/wp-json\/wp\/v2\/types\/product"}],"replies":[{"embeddable":true,"href":"https:\/\/cormac.eu\/hu\/wp-json\/wp\/v2\/comments?post=2971"}],"wp:featuredmedia":[{"embeddable":true,"href":"https:\/\/cormac.eu\/hu\/wp-json\/wp\/v2\/media\/2972"}],"wp:attachment":[{"href":"https:\/\/cormac.eu\/hu\/wp-json\/wp\/v2\/media?parent=2971"}],"wp:term":[{"taxonomy":"product_brand","embeddable":true,"href":"https:\/\/cormac.eu\/hu\/wp-json\/wp\/v2\/product_brand?post=2971"},{"taxonomy":"product_cat","embeddable":true,"href":"https:\/\/cormac.eu\/hu\/wp-json\/wp\/v2\/product_cat?post=2971"},{"taxonomy":"product_tag","embeddable":true,"href":"https:\/\/cormac.eu\/hu\/wp-json\/wp\/v2\/product_tag?post=2971"}],"curies":[{"name":"wp","href":"https:\/\/api.w.org\/{rel}","templated":true}]}}