{"id":2969,"date":"2022-05-19T23:25:00","date_gmt":"2022-05-19T21:25:00","guid":{"rendered":"https:\/\/cormac.eu\/?post_type=product&#038;p=2969"},"modified":"2022-06-05T22:25:45","modified_gmt":"2022-06-05T20:25:45","slug":"pressurized-combined-manifold","status":"publish","type":"product","link":"https:\/\/cormac.eu\/hu\/product\/pressurized-combined-manifold\/","title":{"rendered":"Nyom\u00e1s alatt \u00e1ll\u00f3 kombin\u00e1lt gy\u0171jt\u0151cs\u0151"},"content":{"rendered":"<p>Pressurized depositing manifold are designed to be directly connected to a continuous aeartion unit or a metering system like a pump unit. Since these are closed systems wherby no hoppers are being used these depositing manifolds are particularly suited for the depositing of delicate masses and light foams. Combination or center fill depositors have two mass chambers and two rows of flow control valves. This enables to deposit different masses simultaneously through one nozzle.<\/p>\n<p><strong>Applications:<\/strong><\/p>\n<p>Jam in marshmallow, Chocolate cream in marshmallow, soft caramel in marshmallow, side by side marshmallow, biscuit cream and jam<\/p>\n<p><img decoding=\"async\" class=\"alignnone wp-image-2966\" src=\"https:\/\/cormac.eu\/wp-content\/uploads\/2022\/05\/wymbs-product-CFD-3.jpg\" alt=\"\" width=\"157\" height=\"130\" \/> <img decoding=\"async\" class=\"alignnone wp-image-2965\" src=\"https:\/\/cormac.eu\/wp-content\/uploads\/2022\/05\/wymbs-product-CFD-2.jpg\" alt=\"\" width=\"159\" height=\"131\" \/> <img decoding=\"async\" class=\"alignnone wp-image-2967\" src=\"https:\/\/cormac.eu\/wp-content\/uploads\/2022\/05\/wymbs-product-CFD-4.jpg\" alt=\"\" width=\"194\" height=\"156\" \/> <img loading=\"lazy\" decoding=\"async\" class=\"alignnone wp-image-2963\" src=\"https:\/\/cormac.eu\/wp-content\/uploads\/2022\/05\/wymbs-product-CFD-1.jpg\" alt=\"\" width=\"180\" height=\"168\" \/><\/p>\n<p>&nbsp;<\/p>\n<table>\n<tbody>\n<tr>\n<td width=\"253\">\u00a0<strong>Jellemz\u0151k<\/strong><\/td>\n<td width=\"351\">\u00a0<strong>El\u0151ny\u00f6k<\/strong><\/td>\n<\/tr>\n<tr>\n<td>Kiv\u00e1l\u00f3 min\u0151s\u00e9g\u0171 alum\u00ednium szerkezet<\/td>\n<td>\n<ul>\n<li>K\u00f6nny\u0171 s\u00faly<\/li>\n<li>Er\u0151s<\/li>\n<\/ul>\n<\/td>\n<\/tr>\n<tr>\n<td>Szersz\u00e1m n\u00e9lk\u00fcli rendszerkiegyenl\u00edt\u00e9s<\/td>\n<td>\n<ul>\n<li>A rendszernyom\u00e1s egyszer\u0171 kiegyenl\u00edt\u00e9se<\/li>\n<\/ul>\n<\/td>\n<\/tr>\n<tr>\n<td>Bels\u0151 v\u00edzkeringet\u0151 rendszer<\/td>\n<td>\n<ul>\n<li>Szab\u00e1lyozott f\u0171t\u00e9s \u00e9s h\u0171t\u00e9s<\/li>\n<\/ul>\n<\/td>\n<\/tr>\n<tr>\n<td>Nem f\u00e9mes polimerbe z\u00e1rt forg\u00f3szelep<\/td>\n<td>\n<ul>\n<li>Nagy rugalmass\u00e1g<\/li>\n<li>alacsony s\u00farl\u00f3d\u00e1s<\/li>\n<\/ul>\n<\/td>\n<\/tr>\n<tr>\n<td>Servo driven rotary valve<\/td>\n<td>\n<ul>\n<li>Accurate valve motion control<\/li>\n<\/ul>\n<\/td>\n<\/tr>\n<tr>\n<td>Opci\u00f3k<\/td>\n<td>\n<ul>\n<li>Extra tiszt\u00edt\u00f3 tartoz\u00e9kok a soron bel\u00fcli tiszt\u00edt\u00e1shoz (CIP)<\/li>\n<li>Speci\u00e1lis \u00f6tv\u00f6zetek, amelyek v\u00e9delmet ny\u00fajtanak a magas savtartalm\u00fa t\u00f6megek ellen<\/li>\n<li>Special dual deposit nozzles<\/li>\n<li>Special multi-peak nozzles<\/li>\n<\/ul>\n<\/td>\n<\/tr>\n<\/tbody>\n<\/table>\n<p>&nbsp;<\/p>","protected":false},"excerpt":{"rendered":"<p>Nyom\u00e1s alatt \u00e1ll\u00f3 gy\u0171jt\u0151cs\u0151 k\u00f6z\u00e9pen t\u00f6lt\u00f6tt, egym\u00e1s melletti \u00e9s t\u00f6bbr\u00e9teg\u0171 lerak\u00e1shoz<\/p>","protected":false},"featured_media":2962,"comment_status":"open","ping_status":"closed","template":"","meta":{"uix_meta_title":"","uix_meta_description":"","uix_canonical_url":""},"product_brand":[],"product_cat":[104],"product_tag":[187,196],"class_list":{"0":"post-2969","1":"product","2":"type-product","3":"status-publish","4":"has-post-thumbnail","6":"product_cat-processing","7":"product_tag-biscuit-creams","8":"product_tag-marshmallows","10":"first","11":"instock","12":"shipping-taxable","13":"product-type-simple"},"_links":{"self":[{"href":"https:\/\/cormac.eu\/hu\/wp-json\/wp\/v2\/product\/2969","targetHints":{"allow":["GET"]}}],"collection":[{"href":"https:\/\/cormac.eu\/hu\/wp-json\/wp\/v2\/product"}],"about":[{"href":"https:\/\/cormac.eu\/hu\/wp-json\/wp\/v2\/types\/product"}],"replies":[{"embeddable":true,"href":"https:\/\/cormac.eu\/hu\/wp-json\/wp\/v2\/comments?post=2969"}],"wp:featuredmedia":[{"embeddable":true,"href":"https:\/\/cormac.eu\/hu\/wp-json\/wp\/v2\/media\/2962"}],"wp:attachment":[{"href":"https:\/\/cormac.eu\/hu\/wp-json\/wp\/v2\/media?parent=2969"}],"wp:term":[{"taxonomy":"product_brand","embeddable":true,"href":"https:\/\/cormac.eu\/hu\/wp-json\/wp\/v2\/product_brand?post=2969"},{"taxonomy":"product_cat","embeddable":true,"href":"https:\/\/cormac.eu\/hu\/wp-json\/wp\/v2\/product_cat?post=2969"},{"taxonomy":"product_tag","embeddable":true,"href":"https:\/\/cormac.eu\/hu\/wp-json\/wp\/v2\/product_tag?post=2969"}],"curies":[{"name":"wp","href":"https:\/\/api.w.org\/{rel}","templated":true}]}}