{"id":2951,"date":"2022-05-19T22:53:20","date_gmt":"2022-05-19T20:53:20","guid":{"rendered":"https:\/\/cormac.eu\/?post_type=product&#038;p=2951"},"modified":"2022-06-05T15:15:09","modified_gmt":"2022-06-05T13:15:09","slug":"betetgyujto-gyujtocso","status":"publish","type":"product","link":"https:\/\/cormac.eu\/hu\/product\/depositing-manifold\/","title":{"rendered":"Nyom\u00e1s alatt \u00e1ll\u00f3 bet\u00e9tgy\u0171jt\u0151 gy\u0171jt\u0151cs\u0151"},"content":{"rendered":"<p>A nyom\u00e1s alatt \u00e1ll\u00f3 lerak\u00f3 eloszt\u00f3t \u00fagy tervezt\u00e9k, hogy k\u00f6zvetlen\u00fcl csatlakoztathat\u00f3 legyen egy folyamatos adagol\u00f3egys\u00e9ghez vagy egy adagol\u00f3rendszerhez, p\u00e9ld\u00e1ul egy szivatty\u00faegys\u00e9ghez. Mivel ezek z\u00e1rt rendszerek, ahol nem haszn\u00e1lnak tart\u00e1lyokat, ezek a lerak\u00f3 eloszt\u00f3k k\u00fcl\u00f6n\u00f6sen alkalmasak finom t\u00f6megek \u00e9s k\u00f6nny\u0171 habok lerak\u00e1s\u00e1ra. A \"sima lerak\u00f3\" v\u00e1ltozat egy t\u00f6megkamr\u00e1val rendelkezik, ahol a rendszernyom\u00e1s kiegyenl\u00edtett. A gy\u0171jt\u0151csatorn\u00e1n l\u00e9v\u0151 minden egyes lerak\u00f3f\u00fav\u00f3k\u00e1t k\u00fcl\u00f6n \u00e1raml\u00e1sszab\u00e1lyoz\u00f3 szelep vez\u00e9rel. \u00cdgy a nyom\u00e1s finom kiegyenl\u00edt\u00e9se \u00e9rhet\u0151 el az eloszt\u00f3cs\u0151 teljes hossz\u00e1ban.<\/p>\n<p>&nbsp;<\/p>\n<p>Alkalmaz\u00e1sok<\/p>\n<p><img decoding=\"async\" class=\"alignnone wp-image-2959\" src=\"https:\/\/cormac.eu\/wp-content\/uploads\/2022\/05\/Wymbs-picture-4-DMF.jpg\" alt=\"\" width=\"107\" height=\"107\" srcset=\"https:\/\/cormac.eu\/wp-content\/uploads\/2022\/05\/Wymbs-picture-4-DMF.jpg 125w, https:\/\/cormac.eu\/wp-content\/uploads\/2022\/05\/Wymbs-picture-4-DMF-100x100.jpg 100w\" sizes=\"(max-width: 107px) 100vw, 107px\" \/> <img decoding=\"async\" class=\"alignnone size-full wp-image-2958\" src=\"https:\/\/cormac.eu\/wp-content\/uploads\/2022\/05\/Wymbs-picture-3-DMF.jpg\" alt=\"\" width=\"125\" height=\"125\" srcset=\"https:\/\/cormac.eu\/wp-content\/uploads\/2022\/05\/Wymbs-picture-3-DMF.jpg 125w, https:\/\/cormac.eu\/wp-content\/uploads\/2022\/05\/Wymbs-picture-3-DMF-100x100.jpg 100w\" sizes=\"(max-width: 125px) 100vw, 125px\" \/> <img decoding=\"async\" class=\"alignnone size-full wp-image-2957\" src=\"https:\/\/cormac.eu\/wp-content\/uploads\/2022\/05\/Wymbs-picture-2-DMF.jpg\" alt=\"\" width=\"125\" height=\"125\" srcset=\"https:\/\/cormac.eu\/wp-content\/uploads\/2022\/05\/Wymbs-picture-2-DMF.jpg 125w, https:\/\/cormac.eu\/wp-content\/uploads\/2022\/05\/Wymbs-picture-2-DMF-100x100.jpg 100w\" sizes=\"(max-width: 125px) 100vw, 125px\" \/>\u00a0 \u00a0 <img loading=\"lazy\" decoding=\"async\" class=\"alignnone wp-image-2960\" src=\"https:\/\/cormac.eu\/wp-content\/uploads\/2022\/05\/strawberry-jaffa-cakes-1-300x227.jpg\" alt=\"\" width=\"139\" height=\"105\" srcset=\"https:\/\/cormac.eu\/wp-content\/uploads\/2022\/05\/strawberry-jaffa-cakes-1-300x227.jpg 300w, https:\/\/cormac.eu\/wp-content\/uploads\/2022\/05\/strawberry-jaffa-cakes-1-768x581.jpg 768w, https:\/\/cormac.eu\/wp-content\/uploads\/2022\/05\/strawberry-jaffa-cakes-1-600x454.jpg 600w, https:\/\/cormac.eu\/wp-content\/uploads\/2022\/05\/strawberry-jaffa-cakes-1.jpg 969w\" sizes=\"(max-width: 139px) 100vw, 139px\" \/><\/p>\n<p>&nbsp;<\/p>\n<table>\n<tbody>\n<tr>\n<td width=\"253\">\u00a0<strong>Jellemz\u0151k<\/strong><\/td>\n<td width=\"351\">\u00a0<strong>El\u0151ny\u00f6k<\/strong><\/td>\n<\/tr>\n<tr>\n<td>Kiv\u00e1l\u00f3 min\u0151s\u00e9g\u0171 alum\u00ednium szerkezet<\/td>\n<td>\n<ul>\n<li>K\u00f6nny\u0171 s\u00faly<\/li>\n<li>Er\u0151s<\/li>\n<\/ul>\n<\/td>\n<\/tr>\n<tr>\n<td>Szersz\u00e1m n\u00e9lk\u00fcli rendszerkiegyenl\u00edt\u00e9s<\/td>\n<td>\n<ul>\n<li>A rendszernyom\u00e1s egyszer\u0171 kiegyenl\u00edt\u00e9se<\/li>\n<\/ul>\n<\/td>\n<\/tr>\n<tr>\n<td>Bels\u0151 v\u00edzkeringet\u0151 rendszer<\/td>\n<td>\n<ul>\n<li>Szab\u00e1lyozott f\u0171t\u00e9s \u00e9s h\u0171t\u00e9s<\/li>\n<\/ul>\n<\/td>\n<\/tr>\n<tr>\n<td>Nem f\u00e9mes polimerbe z\u00e1rt forg\u00f3szelep<\/td>\n<td>\n<ul>\n<li>Nagy rugalmass\u00e1g<\/li>\n<li>alacsony s\u00farl\u00f3d\u00e1s<\/li>\n<\/ul>\n<\/td>\n<\/tr>\n<tr>\n<td>Opci\u00f3k<\/td>\n<td>\n<ul>\n<li>Extra tiszt\u00edt\u00f3 tartoz\u00e9kok a soron bel\u00fcli tiszt\u00edt\u00e1shoz (CIP)<\/li>\n<li>Speci\u00e1lis \u00f6tv\u00f6zetek, amelyek v\u00e9delmet ny\u00fajtanak a magas savtartalm\u00fa t\u00f6megek ellen<\/li>\n<li>forg\u00f3szelep szervo vagy pneumatikus m\u0171k\u00f6dtet\u00e9s\u0171<\/li>\n<\/ul>\n<\/td>\n<\/tr>\n<\/tbody>\n<\/table>\n<p>&nbsp;<\/p>","protected":false},"excerpt":{"rendered":"<p>Z\u00e1rt rendszerben t\u00f6rt\u00e9n\u0151 munkav\u00e9gz\u00e9shez nyom\u00e1s alatt \u00e1ll\u00f3 bet\u00e9tgy\u0171jt\u0151 gy\u0171jt\u0151cs\u0151<\/p>","protected":false},"featured_media":2955,"comment_status":"open","ping_status":"closed","template":"","meta":{"uix_meta_title":"","uix_meta_description":"","uix_canonical_url":""},"product_brand":[],"product_cat":[104],"product_tag":[187,215,210,191,196],"class_list":{"0":"post-2951","1":"product","2":"type-product","3":"status-publish","4":"has-post-thumbnail","6":"product_cat-processing","7":"product_tag-biscuit-creams","8":"product_tag-center-filled-products","9":"product_tag-cookies","10":"product_tag-fondants-icings","11":"product_tag-marshmallows","13":"first","14":"instock","15":"shipping-taxable","16":"product-type-simple"},"_links":{"self":[{"href":"https:\/\/cormac.eu\/hu\/wp-json\/wp\/v2\/product\/2951","targetHints":{"allow":["GET"]}}],"collection":[{"href":"https:\/\/cormac.eu\/hu\/wp-json\/wp\/v2\/product"}],"about":[{"href":"https:\/\/cormac.eu\/hu\/wp-json\/wp\/v2\/types\/product"}],"replies":[{"embeddable":true,"href":"https:\/\/cormac.eu\/hu\/wp-json\/wp\/v2\/comments?post=2951"}],"wp:featuredmedia":[{"embeddable":true,"href":"https:\/\/cormac.eu\/hu\/wp-json\/wp\/v2\/media\/2955"}],"wp:attachment":[{"href":"https:\/\/cormac.eu\/hu\/wp-json\/wp\/v2\/media?parent=2951"}],"wp:term":[{"taxonomy":"product_brand","embeddable":true,"href":"https:\/\/cormac.eu\/hu\/wp-json\/wp\/v2\/product_brand?post=2951"},{"taxonomy":"product_cat","embeddable":true,"href":"https:\/\/cormac.eu\/hu\/wp-json\/wp\/v2\/product_cat?post=2951"},{"taxonomy":"product_tag","embeddable":true,"href":"https:\/\/cormac.eu\/hu\/wp-json\/wp\/v2\/product_tag?post=2951"}],"curies":[{"name":"wp","href":"https:\/\/api.w.org\/{rel}","templated":true}]}}