{"id":2939,"date":"2022-04-24T20:42:10","date_gmt":"2022-04-24T18:42:10","guid":{"rendered":"https:\/\/cormac.eu\/?post_type=product&#038;p=2939"},"modified":"2022-06-05T22:40:44","modified_gmt":"2022-06-05T20:40:44","slug":"hidegsajtolo-csokolade-formazo-uzem","status":"publish","type":"product","link":"https:\/\/cormac.eu\/hu\/product\/cold-press-chocolate-moulding-plant\/","title":{"rendered":"Hidegen sajtolt csokol\u00e1d\u00e9 form\u00e1z\u00f3 \u00fczem"},"content":{"rendered":"<p>A Knobel Cold Press System volt az els\u0151 szabadalmaztatott hidegsajtol\u00f3 rendszer a vil\u00e1gon, amelyet k\u00e9s\u0151bb m\u00e1s c\u00e9gek lem\u00e1soltak \u00e9s fagyasztott k\u00fap technol\u00f3giak\u00e9nt hoztak forgalomba. A hidegsajtol\u00f3 rendszer lehet\u0151v\u00e9 teszi az egys\u00e9ges \u00e9s konzisztens v\u00e9kony csokol\u00e1d\u00e9h\u00e9jak el\u0151\u00e1ll\u00edt\u00e1s\u00e1t, amelyek minden kiv\u00e1l\u00f3 min\u0151s\u00e9g\u0171 term\u00e9k alapj\u00e1t k\u00e9pezik. A h\u00e9jvastags\u00e1g pontosan szab\u00e1lyozhat\u00f3, \u00e9s 0,5 mm-t\u0151l kezd\u0151dik. A szabadalmaztatott Cold Press eszk\u00f6z\u00f6k egyik legfontosabb el\u0151nye a karbantart\u00e1smentes \u00e9s megszak\u00edt\u00e1s n\u00e9lk\u00fcli gy\u00e1rt\u00e1s. Nem sz\u00e1m\u00edt, milyen form\u00e1j\u00fa a term\u00e9k, ez a technol\u00f3gia megakad\u00e1lyozza, hogy a szersz\u00e1mokon mozg\u00f3 alkatr\u00e9szek legyenek, \u00e9s \u00edgy a Knobel abszol\u00fat t\u00f6k\u00e9letes, pontos t\u00e9rfogat\u00fa h\u00e9jat tud biztos\u00edtani. A nemzetk\u00f6zi szabadalmaztatott Coldpress szersz\u00e1mok kem\u00e9ny elox\u00e1lt ez\u00fcst bevonattal ell\u00e1tott r\u00e9z szersz\u00e1mmal rendelkeznek, amely harmatpont-szab\u00e1lyozott, sz\u00e1raz k\u00f6rnyezetben m\u0171k\u00f6dik. A szersz\u00e1m h\u0151m\u00e9rs\u00e9klete a pr\u00e9sel\u00e9skor kb. +2 Celsius fokos, percenk\u00e9nt ak\u00e1r 24 szersz\u00e1mot is ki lehet pr\u00e9selni, m\u00e9g v\u00e1logatott term\u00e9kek \u00e9s k\u00fcl\u00f6nb\u00f6z\u0151 csokol\u00e1d\u00e9k eset\u00e9n is. Ez a technol\u00f3gia alkalmazhat\u00f3 p\u00e9ld\u00e1ul di\u00f3s pralin\u00e9k, csereszny\u00e9s bonbonok, \u00fcreges figur\u00e1k, nyitott h\u00e9j\u00fa pralin\u00e9k, csokol\u00e1d\u00e9t\u00e1bl\u00e1k stb. el\u0151\u00e1ll\u00edt\u00e1s\u00e1ra.<\/p>\n<p>&nbsp;<\/p>\n<p><img decoding=\"async\" class=\"alignnone size-full wp-image-2943\" src=\"https:\/\/cormac.eu\/wp-content\/uploads\/2022\/04\/Knobel-KCM-Coldpress-app2.jpg\" alt=\"\" width=\"107\" height=\"155\" \/>\u00a0 \u00a0 <img decoding=\"async\" class=\"alignnone wp-image-2945\" src=\"https:\/\/cormac.eu\/wp-content\/uploads\/2022\/04\/cold-press-chocolate-1.jpg\" alt=\"\" width=\"128\" height=\"134\" \/>\u00a0 \u00a0 <img decoding=\"async\" class=\"alignnone wp-image-2942\" src=\"https:\/\/cormac.eu\/wp-content\/uploads\/2022\/04\/Knobel-KCM-Coldpress-app1.jpg\" alt=\"\" width=\"137\" height=\"143\" \/>\u00a0 \u00a0 <img loading=\"lazy\" decoding=\"async\" class=\"alignnone wp-image-2946\" src=\"https:\/\/cormac.eu\/wp-content\/uploads\/2022\/04\/cold-press-chocolate-2.jpg\" alt=\"\" width=\"120\" height=\"133\" \/><\/p>\n<p>&nbsp;<\/p>\n<table style=\"height: 536px\" width=\"570\">\n<tbody>\n<tr>\n<td width=\"204\">\u00a0\u00a0<strong>Jellemz\u0151k<\/strong><\/td>\n<td width=\"238\">\u00a0<strong>El\u0151ny\u00f6k<\/strong><\/td>\n<\/tr>\n<tr>\n<td>Szabadalmaztatott ColdPress rendszer<\/td>\n<td>\n<ul>\n<li>k\u00f6vetkezetes \u00e9s egys\u00e9ges h\u00e9jak<\/li>\n<li>v\u00e9kony h\u00e9jak (0,5 mm-t\u0151l)<\/li>\n<li>a csokol\u00e1d\u00e9fogyaszt\u00e1s cs\u00f6kkent\u00e9se<\/li>\n<li>kiv\u00e1l\u00f3 min\u0151s\u00e9g\u0171 v\u00e9gterm\u00e9k<\/li>\n<\/ul>\n<\/td>\n<\/tr>\n<tr>\n<td>\u00a0harmatpont szab\u00e1lyozott<\/td>\n<td>\n<ul>\n<li>sz\u00e1raz termel\u00e9si k\u00f6rnyezet<\/li>\n<\/ul>\n<\/td>\n<\/tr>\n<tr>\n<td>\u00a0Egy\u00fcttm\u0171k\u00f6dik a KCM bet\u00e9tesekkel<\/td>\n<td>\n<ul>\n<li>rendk\u00edv\u00fcl pontos<\/li>\n<li>k\u00f6nny\u0171 tiszt\u00edt\u00e1s<\/li>\n<li>alacsony karbantart\u00e1si ig\u00e9ny<\/li>\n<\/ul>\n<\/td>\n<\/tr>\n<tr>\n<td>\u00a0Modul\u00e1ris vonalkoncepci\u00f3<\/td>\n<td>\n<ul>\n<li>rugalmas<\/li>\n<li>term\u00e9kv\u00e1laszt\u00e9k<\/li>\n<\/ul>\n<\/td>\n<\/tr>\n<\/tbody>\n<\/table>\n<p>&nbsp;<\/p>","protected":false},"excerpt":{"rendered":"<p>Prec\u00edz csokol\u00e1d\u00e9h\u00e9j gy\u00e1rt\u00f3sor pralin\u00e9k, t\u00e1blacsokol\u00e1d\u00e9k, figur\u00e1k vagy ak\u00e1r nyitott h\u00e9jak k\u00e9sz\u00edt\u00e9s\u00e9hez b\u00e1rmilyen st\u00edlus\u00fa d\u00edsz\u00edt\u00e9ssel.<\/p>","protected":false},"featured_media":2948,"comment_status":"open","ping_status":"closed","template":"","meta":{"uix_meta_title":"","uix_meta_description":"","uix_canonical_url":""},"product_brand":[],"product_cat":[104],"product_tag":[208,207],"class_list":{"0":"post-2939","1":"product","2":"type-product","3":"status-publish","4":"has-post-thumbnail","6":"product_cat-processing","7":"product_tag-chocolates","8":"product_tag-pralines","10":"first","11":"instock","12":"shipping-taxable","13":"product-type-simple"},"_links":{"self":[{"href":"https:\/\/cormac.eu\/hu\/wp-json\/wp\/v2\/product\/2939","targetHints":{"allow":["GET"]}}],"collection":[{"href":"https:\/\/cormac.eu\/hu\/wp-json\/wp\/v2\/product"}],"about":[{"href":"https:\/\/cormac.eu\/hu\/wp-json\/wp\/v2\/types\/product"}],"replies":[{"embeddable":true,"href":"https:\/\/cormac.eu\/hu\/wp-json\/wp\/v2\/comments?post=2939"}],"wp:featuredmedia":[{"embeddable":true,"href":"https:\/\/cormac.eu\/hu\/wp-json\/wp\/v2\/media\/2948"}],"wp:attachment":[{"href":"https:\/\/cormac.eu\/hu\/wp-json\/wp\/v2\/media?parent=2939"}],"wp:term":[{"taxonomy":"product_brand","embeddable":true,"href":"https:\/\/cormac.eu\/hu\/wp-json\/wp\/v2\/product_brand?post=2939"},{"taxonomy":"product_cat","embeddable":true,"href":"https:\/\/cormac.eu\/hu\/wp-json\/wp\/v2\/product_cat?post=2939"},{"taxonomy":"product_tag","embeddable":true,"href":"https:\/\/cormac.eu\/hu\/wp-json\/wp\/v2\/product_tag?post=2939"}],"curies":[{"name":"wp","href":"https:\/\/api.w.org\/{rel}","templated":true}]}}