{"id":2930,"date":"2022-04-24T20:27:13","date_gmt":"2022-04-24T18:27:13","guid":{"rendered":"https:\/\/cormac.eu\/?post_type=product&#038;p=2930"},"modified":"2022-06-01T12:04:54","modified_gmt":"2022-06-01T10:04:54","slug":"egylovetu-froccsonto-vonal","status":"publish","type":"product","link":"https:\/\/cormac.eu\/hu\/product\/one-shot-moulding-line\/","title":{"rendered":"One-shot \u00f6nt\u0151sor"},"content":{"rendered":"<p>A Knobel one-shot form\u00e1z\u00f3sorok modul\u00e1ris csokol\u00e1d\u00e9form\u00e1z\u00f3 rendszerek, amelyek egy\u00fctt n\u0151nek az \u00d6n ig\u00e9nyeivel. A modul\u00e1ris koncepci\u00f3 lehet\u0151v\u00e9 teszi a gy\u00e1rt\u00f3 sz\u00e1m\u00e1ra, hogy l\u00e9p\u00e9sr\u0151l l\u00e9p\u00e9sre n\u00f6velje a kapacit\u00e1st a n\u00e9gy szabv\u00e1nyon bel\u00fcli \u00faj komponensek hozz\u00e1ad\u00e1s\u00e1val:<br \/>\nKCM 275, 275 x 175\/205 mm m\u00e9ret\u0171 szersz\u00e1mok felhaszn\u00e1l\u00e1s\u00e1val<br \/>\nKCM 380, 380 x 295 mm m\u00e9ret\u0171 szersz\u00e1mok felhaszn\u00e1l\u00e1s\u00e1val<br \/>\nKCM 500, 450 x 425 mm m\u00e9ret\u0171 szersz\u00e1mok felhaszn\u00e1l\u00e1s\u00e1val<br \/>\nKCM 650, 650 x 500 mm m\u00e9ret\u0171 szersz\u00e1mok haszn\u00e1lat\u00e1val<\/p>\n<p>Els\u0151 l\u00e9p\u00e9sk\u00e9nt egy KCM Alpha Compact vibr\u00e1ci\u00f3s asztallal \u00e9s h\u0171t\u0151spir\u00e1llal ell\u00e1tott KCM Alpha Compact k\u00e9sz\u00fcl\u00e9ket lehet haszn\u00e1lni.<\/p>\n<p><img decoding=\"async\" class=\"alignnone size-full wp-image-2931\" src=\"https:\/\/cormac.eu\/wp-content\/uploads\/2022\/04\/Knobel-one-shot-modular-step-1.jpg\" alt=\"\" width=\"220\" height=\"177\" \/><\/p>\n<p>M\u00e1sodik l\u00e9p\u00e9sk\u00e9nt a szersz\u00e1m el\u0151meleg\u00edt\u00e9s\u00e9vel ell\u00e1tott sz\u00e1ll\u00edt\u00f3szalag-rendszerrel lehet kieg\u00e9sz\u00edteni.<\/p>\n<p><img decoding=\"async\" class=\"alignnone size-full wp-image-2932\" src=\"https:\/\/cormac.eu\/wp-content\/uploads\/2022\/04\/Knobel-one-shot-modular-step-2.jpg\" alt=\"\" width=\"220\" height=\"165\" \/><\/p>\n<p>Harmadik l\u00e9p\u00e9sk\u00e9nt pedig automatikus formabont\u00f3 \u00e9s szersz\u00e1mcsere-rendszerrel eg\u00e9sz\u00fclhet ki.<\/p>\n<p><img decoding=\"async\" class=\"alignnone size-full wp-image-2933\" src=\"https:\/\/cormac.eu\/wp-content\/uploads\/2022\/04\/Knobel-one-shot-modular-step-3.jpg\" alt=\"\" width=\"220\" height=\"135\" \/><\/p>\n<p>Az ezeken a vonalakon haszn\u00e1lt lerak\u00f3g\u00e9pek mindegyike alkalmas t\u00f6lt\u00f6tt term\u00e9kek el\u0151\u00e1ll\u00edt\u00e1s\u00e1ra egy l\u00f6v\u00e9ssel (csokol\u00e1d\u00e9 + t\u00f6ltel\u00e9k).A megfelel\u0151 szersz\u00e1mok haszn\u00e1lat\u00e1val ak\u00e1r dupla t\u00f6lt\u00e9s\u0171, \u00fagynevezett tripla l\u00f6v\u00e9ses term\u00e9keket is el\u0151\u00e1ll\u00edthat.<\/p>\n<p><img loading=\"lazy\" decoding=\"async\" class=\"alignnone size-full wp-image-2926\" src=\"https:\/\/cormac.eu\/wp-content\/uploads\/2022\/04\/Knobel-one-shot-app-2.jpg\" alt=\"\" width=\"113\" height=\"108\" \/> \u00a0<img loading=\"lazy\" decoding=\"async\" class=\"alignnone size-full wp-image-2925\" src=\"https:\/\/cormac.eu\/wp-content\/uploads\/2022\/04\/Knobel-one-shot-app-1.jpg\" alt=\"\" width=\"107\" height=\"101\" \/><\/p>\n<p>&nbsp;<\/p>\n<table style=\"height: 661px\" width=\"692\">\n<tbody>\n<tr>\n<td width=\"197\">\u00a0<strong>Jellemz\u0151k<\/strong><\/td>\n<td width=\"197\">\u00a0<strong>El\u0151ny\u00f6k<\/strong><\/td>\n<\/tr>\n<tr>\n<td>szabadalmaztatott forg\u00f3dugatty\u00fas rendszer<\/td>\n<td>\n<ul>\n<li>k\u00f6nny\u0171 sz\u00e9tszerel\u00e9s<\/li>\n<li>k\u00f6nny\u0171 tiszt\u00edt\u00e1s \u00e9s gyors \u00e1t\u00e1ll\u00e1s<\/li>\n<li>nagy pontoss\u00e1g\u00fa lerak\u00e1s<\/li>\n<\/ul>\n<\/td>\n<\/tr>\n<tr>\n<td>\u00a0szervo meghajt\u00e1s\u00fa<\/td>\n<td>\n<ul>\n<li>nagy pontoss\u00e1g<\/li>\n<\/ul>\n<\/td>\n<\/tr>\n<tr>\n<td>canti-lever design<\/td>\n<td>\n<ul>\n<li>k\u00f6nny\u0171 tiszt\u00edt\u00e1s<\/li>\n<li>j\u00f3 hozz\u00e1f\u00e9r\u00e9s<\/li>\n<\/ul>\n<\/td>\n<\/tr>\n<tr>\n<td>\u00a0l\u00e1nc n\u00e9lk\u00fcli sz\u00e1ll\u00edt\u00e1s<\/td>\n<td>\n<ul>\n<li>k\u00fcl\u00f6nb\u00f6z\u0151 form\u00e1k lehets\u00e9gesek<\/li>\n<\/ul>\n<\/td>\n<\/tr>\n<tr>\n<td>pen\u00e9szfelismer\u0151 rendszer<\/td>\n<td>\n<ul>\n<li>term\u00e9kspecifikus int\u00e9zked\u00e9sek az egyes termel\u00e9si szakaszokban<\/li>\n<\/ul>\n<\/td>\n<\/tr>\n<tr>\n<td>modul\u00e1ris fel\u00e9p\u00edt\u00e9s<\/td>\n<td>\n<ul>\n<li>rugalmass\u00e1g<\/li>\n<\/ul>\n<\/td>\n<\/tr>\n<\/tbody>\n<\/table>\n<p>&nbsp;<\/p>","protected":false},"excerpt":{"rendered":"<p>Teljes egysoros csokol\u00e1d\u00e9form\u00e1z\u00f3 vonal t\u00f6lt\u00f6tt csokol\u00e1d\u00e9term\u00e9kek gy\u00e1rt\u00e1s\u00e1hoz.<\/p>","protected":false},"featured_media":2937,"comment_status":"open","ping_status":"closed","template":"","meta":{"uix_meta_title":"","uix_meta_description":"","uix_canonical_url":""},"product_brand":[],"product_cat":[104],"product_tag":[215,208,207],"class_list":{"0":"post-2930","1":"product","2":"type-product","3":"status-publish","4":"has-post-thumbnail","6":"product_cat-processing","7":"product_tag-center-filled-products","8":"product_tag-chocolates","9":"product_tag-pralines","11":"first","12":"instock","13":"shipping-taxable","14":"product-type-simple"},"_links":{"self":[{"href":"https:\/\/cormac.eu\/hu\/wp-json\/wp\/v2\/product\/2930","targetHints":{"allow":["GET"]}}],"collection":[{"href":"https:\/\/cormac.eu\/hu\/wp-json\/wp\/v2\/product"}],"about":[{"href":"https:\/\/cormac.eu\/hu\/wp-json\/wp\/v2\/types\/product"}],"replies":[{"embeddable":true,"href":"https:\/\/cormac.eu\/hu\/wp-json\/wp\/v2\/comments?post=2930"}],"wp:featuredmedia":[{"embeddable":true,"href":"https:\/\/cormac.eu\/hu\/wp-json\/wp\/v2\/media\/2937"}],"wp:attachment":[{"href":"https:\/\/cormac.eu\/hu\/wp-json\/wp\/v2\/media?parent=2930"}],"wp:term":[{"taxonomy":"product_brand","embeddable":true,"href":"https:\/\/cormac.eu\/hu\/wp-json\/wp\/v2\/product_brand?post=2930"},{"taxonomy":"product_cat","embeddable":true,"href":"https:\/\/cormac.eu\/hu\/wp-json\/wp\/v2\/product_cat?post=2930"},{"taxonomy":"product_tag","embeddable":true,"href":"https:\/\/cormac.eu\/hu\/wp-json\/wp\/v2\/product_tag?post=2930"}],"curies":[{"name":"wp","href":"https:\/\/api.w.org\/{rel}","templated":true}]}}