{"id":2922,"date":"2022-04-24T19:56:31","date_gmt":"2022-04-24T17:56:31","guid":{"rendered":"https:\/\/cormac.eu\/?post_type=product&#038;p=2922"},"modified":"2022-06-01T12:08:38","modified_gmt":"2022-06-01T10:08:38","slug":"csokolade-betetes-kcm-eta-theta","status":"publish","type":"product","link":"https:\/\/cormac.eu\/hu\/product\/chocolate-depositor-kcm-eta-theta\/","title":{"rendered":"Csokol\u00e1d\u00e9 bet\u00e9tes KCM Eta\/Theta"},"content":{"rendered":"<p>A k\u00e9tsoros Eta\/ Theta modell egy konzolos kialak\u00edt\u00e1s\u00fa ipari csokol\u00e1d\u00e9adagol\u00f3, amely szil\u00e1rd csokol\u00e1d\u00e9term\u00e9kek \u00e9s egyadagos term\u00e9kek el\u0151\u00e1ll\u00edt\u00e1s\u00e1ra alkalmas. Dekor\u00e1ci\u00f3s lerak\u00e1sra is haszn\u00e1lhat\u00f3. A g\u00e9p kialak\u00edt\u00e1sa lehet\u0151v\u00e9 teszi, hogy k\u00f6nnyen ut\u00f3lagosan be\u00e9p\u00edthet\u0151 legyen a megl\u00e9v\u0151 csokol\u00e1d\u00e9form\u00e1z\u00f3 sorokba, m\u00e9g akkor is, ha azok harmadik f\u00e9lt\u0151l sz\u00e1rmaznak. Az egyed\u00fcl\u00e1ll\u00f3 Knobel rot\u00e1ci\u00f3s szeleprendszernek k\u00f6sz\u00f6nhet\u0151en leny\u0171g\u00f6z\u0151 lerak\u00e1si pontoss\u00e1g \u00e9rhet\u0151 el. Minden KCM Eta\/Theta g\u00e9p h\u00e1rom tengellyel (CAD) felszerelhet\u0151, ami azt jelenti, hogy a lerak\u00f3fej h\u00e1romdimenzi\u00f3san mozoghat.  Amennyiben az opcion\u00e1lis di\u00f3felt\u00f6lt\u0151 funkci\u00f3t v\u00e1lasztj\u00e1k, a csokol\u00e1d\u00e9k\u00e9sz\u00edt\u0151 eg\u00e9sz di\u00f3f\u00e9l\u00e9ket \u00e9s m\u00e1s \u00f6sszetev\u0151ket is adagolhat. Az ETA modellhez k\u00e9pest, ahol az X-tengely (v\u00edzszintes) max. 300 mm-t, a THETA ak\u00e1r 500 mm-t is el\u00e9rhet az X-tengelyen. Ez a Knobel adagol\u00f3 v\u00e1laszt\u00e9k\u00e1nak legnagyobb g\u00e9pe, \u00e9s kifejezetten alkalmas nagyobb form\u00e1z\u00f3sorok \u00e9s ak\u00e1r 1500 mm sz\u00e9les s\u00fct\u0151szalagok haszn\u00e1lat\u00e1ra.<\/p>\n<p><img decoding=\"async\" class=\"alignnone wp-image-2929\" src=\"https:\/\/cormac.eu\/wp-content\/uploads\/2022\/04\/Chocolate-tablet-with-nuts-300x267.png\" alt=\"\" width=\"170\" height=\"151\" srcset=\"https:\/\/cormac.eu\/wp-content\/uploads\/2022\/04\/Chocolate-tablet-with-nuts-300x267.png 300w, https:\/\/cormac.eu\/wp-content\/uploads\/2022\/04\/Chocolate-tablet-with-nuts.png 600w\" sizes=\"(max-width: 170px) 100vw, 170px\" \/> <img decoding=\"async\" class=\"alignnone wp-image-2928\" src=\"https:\/\/cormac.eu\/wp-content\/uploads\/2022\/04\/Knobel-KCM-Cad-decoration-3.jpg\" alt=\"\" width=\"199\" height=\"133\" \/> <img decoding=\"async\" class=\"alignnone wp-image-2927\" src=\"https:\/\/cormac.eu\/wp-content\/uploads\/2022\/04\/Knobel-KCM-Cad-decoration-2.jpg\" alt=\"\" width=\"127\" height=\"124\" \/>\u00a0 \u00a0\u00a0 <img loading=\"lazy\" decoding=\"async\" class=\"alignnone wp-image-2925\" src=\"https:\/\/cormac.eu\/wp-content\/uploads\/2022\/04\/Knobel-one-shot-app-1.jpg\" alt=\"\" width=\"123\" height=\"115\" \/><\/p>\n<p>&nbsp;<\/p>\n<table style=\"height: 520px\" width=\"676\">\n<tbody>\n<tr>\n<td width=\"226\">\u00a0<strong>Jellemz\u0151k<\/strong><\/td>\n<td width=\"227\">\u00a0<strong>El\u0151ny\u00f6k<\/strong><\/td>\n<\/tr>\n<tr>\n<td>Szervomotoros meghajt\u00e1s\u00fa<\/td>\n<td>\n<ul>\n<li>pontos<\/li>\n<li>gyors<\/li>\n<li>megb\u00edzhat\u00f3<\/li>\n<\/ul>\n<\/td>\n<\/tr>\n<tr>\n<td>\u00a0Soros integr\u00e1ci\u00f3ra tervezve<\/td>\n<td>\n<ul>\n<li>alkalmas ut\u00f3lagos felszerel\u00e9sre<\/li>\n<li>a Knobel modul\u00e1ris rendszerek r\u00e9sze<\/li>\n<li>lehet\u0151v\u00e9 teszi a megl\u00e9v\u0151 termel\u0151berendez\u00e9sek haszn\u00e1lat\u00e1t<\/li>\n<\/ul>\n<\/td>\n<\/tr>\n<tr>\n<td>\u00a0Szabadalmaztatott forg\u00f3dugatty\u00fas rendszer<\/td>\n<td>\n<ul>\n<li>k\u00f6nny\u0171 tiszt\u00edt\u00e1s<\/li>\n<li>gyors \u00e1t\u00e1ll\u00e1s<\/li>\n<li>kiv\u00e1l\u00f3 let\u00e9tbe helyez\u00e9si pontoss\u00e1g<\/li>\n<li>z\u00e1rv\u00e1nyok lehets\u00e9gesek<\/li>\n<\/ul>\n<\/td>\n<\/tr>\n<tr>\n<td>V\u00e1ltozatos hat\u00f3sug\u00e1rra tervezve<\/td>\n<td>\n<ul>\n<li>Szabad \u00f6lt\u00f6zk\u00f6d\u00e9si lehet\u0151s\u00e9gek<\/li>\n<li>R\u00e9tegelt term\u00e9kek el\u0151\u00e1ll\u00edt\u00e1sa<\/li>\n<\/ul>\n<\/td>\n<\/tr>\n<\/tbody>\n<\/table>\n<p>&nbsp;<\/p>","protected":false},"excerpt":{"rendered":"<p>A konzolos kialak\u00edt\u00e1s\u00fa ipari csokol\u00e1d\u00e9\u00f6nt\u0151 k\u00f6nnyen ut\u00f3lagosan felszerelhet\u0151 a megl\u00e9v\u0151 form\u00e1z\u00f3sorokra, \u00e9s alkalmas szil\u00e1rd csokol\u00e1d\u00e9term\u00e9kek, egyadagos term\u00e9kek \u00e9s dekor\u00e1ci\u00f3s munk\u00e1k el\u0151\u00e1ll\u00edt\u00e1s\u00e1ra.<\/p>","protected":false},"featured_media":2924,"comment_status":"open","ping_status":"closed","template":"","meta":{"uix_meta_title":"","uix_meta_description":"","uix_canonical_url":""},"product_brand":[],"product_cat":[104],"product_tag":[216,206,208,207],"class_list":{"0":"post-2922","1":"product","2":"type-product","3":"status-publish","4":"has-post-thumbnail","6":"product_cat-processing","7":"product_tag-chocolate-lollies","8":"product_tag-chocolate-tablets","9":"product_tag-chocolates","10":"product_tag-pralines","12":"first","13":"instock","14":"shipping-taxable","15":"product-type-simple"},"_links":{"self":[{"href":"https:\/\/cormac.eu\/hu\/wp-json\/wp\/v2\/product\/2922","targetHints":{"allow":["GET"]}}],"collection":[{"href":"https:\/\/cormac.eu\/hu\/wp-json\/wp\/v2\/product"}],"about":[{"href":"https:\/\/cormac.eu\/hu\/wp-json\/wp\/v2\/types\/product"}],"replies":[{"embeddable":true,"href":"https:\/\/cormac.eu\/hu\/wp-json\/wp\/v2\/comments?post=2922"}],"wp:featuredmedia":[{"embeddable":true,"href":"https:\/\/cormac.eu\/hu\/wp-json\/wp\/v2\/media\/2924"}],"wp:attachment":[{"href":"https:\/\/cormac.eu\/hu\/wp-json\/wp\/v2\/media?parent=2922"}],"wp:term":[{"taxonomy":"product_brand","embeddable":true,"href":"https:\/\/cormac.eu\/hu\/wp-json\/wp\/v2\/product_brand?post=2922"},{"taxonomy":"product_cat","embeddable":true,"href":"https:\/\/cormac.eu\/hu\/wp-json\/wp\/v2\/product_cat?post=2922"},{"taxonomy":"product_tag","embeddable":true,"href":"https:\/\/cormac.eu\/hu\/wp-json\/wp\/v2\/product_tag?post=2922"}],"curies":[{"name":"wp","href":"https:\/\/api.w.org\/{rel}","templated":true}]}}