{"id":2915,"date":"2022-04-24T14:28:14","date_gmt":"2022-04-24T12:28:14","guid":{"rendered":"https:\/\/cormac.eu\/?post_type=product&#038;p=2915"},"modified":"2022-06-01T12:24:06","modified_gmt":"2022-06-01T10:24:06","slug":"csokolade-betetes-kcm-beta-2","status":"publish","type":"product","link":"https:\/\/cormac.eu\/hu\/product\/chocolate-depositer-kcm-beta\/","title":{"rendered":"Csokol\u00e1d\u00e9 bet\u00e9tes KCM Beta"},"content":{"rendered":"<p>Az egysoros Beta modellt konzolos kialak\u00edt\u00e1s\u00e1nak k\u00f6sz\u00f6nhet\u0151en gyakran haszn\u00e1lj\u00e1k ut\u00f3lagos bet\u00e9tgy\u0171jt\u0151k\u00e9nt megl\u00e9v\u0151 ipari csokol\u00e1d\u00e9form\u00e1z\u00f3 sorokban.  Kifejezetten \u00fagy tervezt\u00e9k, hogy a megl\u00e9v\u0151 sz\u00e1ll\u00edt\u00f3szalagok f\u00f6l\u00e9 helyezhet\u0151 legyen, vagy harmadik f\u00e9lt\u0151l sz\u00e1rmaz\u00f3 gy\u00e1rt\u00f3sorokba integr\u00e1lhat\u00f3 legyen. Ez vonz\u00f3 lehet\u0151s\u00e9get biztos\u00edt az \u00fcgyf\u00e9l sz\u00e1m\u00e1ra az elhaszn\u00e1l\u00f3dott egys\u00e9gek egyszer\u0171 cser\u00e9j\u00e9re. Ez a g\u00e9p alkalmas szil\u00e1rd term\u00e9kek lerak\u00e1s\u00e1ra, valamint dekor\u00e1ci\u00f3s alkalmaz\u00e1sokhoz. A k\u00e9tsoros modellekhez, mint p\u00e9ld\u00e1ul az Eta \/ Theta, k\u00e9pest el\u0151nye a karcs\u00fa test kialak\u00edt\u00e1sa, aminek k\u00f6vetkezt\u00e9ben ez a Beta g\u00e9p korl\u00e1tozott helyig\u00e9ny\u0171 helyekre is telep\u00edthet\u0151. A Beta modellek a leg\u00fajabb szervotechnol\u00f3gi\u00e1val vannak felszerelve, a konzolos kialak\u00edt\u00e1s pedig lehet\u0151v\u00e9 teszi a k\u00f6nny\u0171 kezelhet\u0151s\u00e9get, tiszt\u00edt\u00e1st \u00e9s a gyors \u00e1t\u00e1ll\u00e1st m\u00e1s term\u00e9kekre. Az egyed\u00fcl\u00e1ll\u00f3 forg\u00f3dugatty\u00fas rendszernek k\u00f6sz\u00f6nhet\u0151en nagyon pontos t\u00e9rfogat \u00e9rhet\u0151 el.<\/p>\n<p><img fetchpriority=\"high\" decoding=\"async\" class=\"alignnone size-medium wp-image-2920\" src=\"https:\/\/cormac.eu\/wp-content\/uploads\/2022\/04\/Knobel-Piston-system-pic_800031-300x200.jpg\" alt=\"\" width=\"300\" height=\"200\" srcset=\"https:\/\/cormac.eu\/wp-content\/uploads\/2022\/04\/Knobel-Piston-system-pic_800031-300x200.jpg 300w, https:\/\/cormac.eu\/wp-content\/uploads\/2022\/04\/Knobel-Piston-system-pic_800031.jpg 540w\" sizes=\"(max-width: 300px) 100vw, 300px\" \/><\/p>\n<p>Az opcion\u00e1lis Di\u00f3-kivitelez\u00e9ssel a Beta eg\u00e9sz di\u00f3f\u00e9l\u00e9k \u00e9s egy\u00e9b z\u00e1rv\u00e1nyok elhelyez\u00e9s\u00e9re is haszn\u00e1lhat\u00f3. A di\u00f3f\u00e9l\u00e9k, mazsola, rizssz\u00e1razgy\u00fcm\u00f6lcs\u00f6k vagy egy\u00e9b z\u00e1rv\u00e1nyok a k\u00edv\u00e1nt kever\u00e9kben ker\u00fclnek a KCM-tart\u00e1lyba. A tart\u00e1lyban l\u00e9v\u0151 programozhat\u00f3 v\u00edzszintes kever\u0151rendszer biztos\u00edtja, hogy az \u00f6sszetev\u0151k j\u00f3l eloszoljanak a kever\u00e9kben. A k\u00fcl\u00f6nb\u00f6z\u0151 z\u00e1rv\u00e1nyok egyszerre keverhet\u0151k.<\/p>\n<div data-row=\"1\">\n<div>\n<p>\u00a0 <img decoding=\"async\" class=\"alignnone wp-image-2921\" src=\"https:\/\/cormac.eu\/wp-content\/uploads\/2022\/04\/chocolate-with-nuts-pic_809973-300x225.jpg\" alt=\"\" width=\"263\" height=\"197\" srcset=\"https:\/\/cormac.eu\/wp-content\/uploads\/2022\/04\/chocolate-with-nuts-pic_809973-300x225.jpg 300w, https:\/\/cormac.eu\/wp-content\/uploads\/2022\/04\/chocolate-with-nuts-pic_809973.jpg 540w\" sizes=\"(max-width: 263px) 100vw, 263px\" \/> <img decoding=\"async\" class=\"alignnone wp-image-2917\" src=\"https:\/\/cormac.eu\/wp-content\/uploads\/2022\/04\/Bij-KCM-beta-pic_800033-300x200.png\" alt=\"\" width=\"327\" height=\"218\" srcset=\"https:\/\/cormac.eu\/wp-content\/uploads\/2022\/04\/Bij-KCM-beta-pic_800033-300x200.png 300w, https:\/\/cormac.eu\/wp-content\/uploads\/2022\/04\/Bij-KCM-beta-pic_800033.png 540w\" sizes=\"(max-width: 327px) 100vw, 327px\" \/><\/p>\n<\/div>\n<p>&nbsp;<\/p>\n<p>Minden Beta modell felszerelhet\u0151 3 tengelyes mozgat\u00e1ssal (CAD), ami lehet\u0151v\u00e9 teszi a lerak\u00f3fej minden ir\u00e1nyba t\u00f6rt\u00e9n\u0151 mozgat\u00e1s\u00e1t.<\/p>\n<\/div>\n<table style=\"height: 544px\" width=\"792\">\n<tbody>\n<tr>\n<td width=\"226\">\u00a0<strong>Jellemz\u0151k<\/strong><\/td>\n<td width=\"227\">\u00a0<strong>El\u0151ny\u00f6k<\/strong><\/td>\n<\/tr>\n<tr>\n<td>Teljesen elektromos meghajt\u00e1s\u00fa<\/td>\n<td>\n<ul>\n<li>pontos<\/li>\n<li>gyors<\/li>\n<li>megb\u00edzhat\u00f3<\/li>\n<\/ul>\n<\/td>\n<\/tr>\n<tr>\n<td>\u00a0Soros integr\u00e1ci\u00f3ra tervezve<\/td>\n<td>\n<ul>\n<li>alkalmas ut\u00f3lagos felszerel\u00e9sre<\/li>\n<li>a Knobel modul\u00e1ris rendszerek r\u00e9sze<\/li>\n<li>lehet\u0151v\u00e9 teszi a megl\u00e9v\u0151 termel\u0151berendez\u00e9sek haszn\u00e1lat\u00e1t<\/li>\n<\/ul>\n<\/td>\n<\/tr>\n<tr>\n<td>\u00a0Szabadalmaztatott forg\u00f3dugatty\u00fas rendszer<\/td>\n<td>\n<ul>\n<li>k\u00f6nny\u0171 tiszt\u00edt\u00e1s<\/li>\n<li>gyors \u00e1t\u00e1ll\u00e1s<\/li>\n<li>kiv\u00e1l\u00f3 let\u00e9tbe helyez\u00e9si pontoss\u00e1g<\/li>\n<\/ul>\n<\/td>\n<\/tr>\n<tr>\n<td>V\u00e1ltozatos hat\u00f3sug\u00e1rra tervezve<\/td>\n<td>\n<ul>\n<li>Szabad \u00f6lt\u00f6zk\u00f6d\u00e9si lehet\u0151s\u00e9gek<\/li>\n<li>R\u00e9tegelt term\u00e9kek el\u0151\u00e1ll\u00edt\u00e1sa<\/li>\n<\/ul>\n<\/td>\n<\/tr>\n<\/tbody>\n<\/table>\n<div data-row=\"1\">\n<p>&nbsp;<\/p>\n<\/div>","protected":false},"excerpt":{"rendered":"<p>Ipari csokol\u00e1d\u00e9 lerak\u00f3 3 tengelyes mozgat\u00e1s\u00fa lerak\u00f3val szil\u00e1rd term\u00e9k \u00e9s szil\u00e1rd \u00f6sszetev\u0151k el\u0151\u00e1ll\u00edt\u00e1s\u00e1hoz. Ez a lerak\u00f3 k\u00fcl\u00f6n\u00f6sen alkalmas arra, hogy ut\u00f3lagosan felszerelj\u00e9k a m\u00e1r m\u0171k\u00f6d\u0151, ak\u00e1r harmadik f\u00e9lt\u0151l sz\u00e1rmaz\u00f3 gy\u00e1rt\u00f3sorokra.<\/p>","protected":false},"featured_media":2916,"comment_status":"open","ping_status":"closed","template":"","meta":{"uix_meta_title":"","uix_meta_description":"","uix_canonical_url":""},"product_brand":[],"product_cat":[104],"product_tag":[206,217,208,218],"class_list":{"0":"post-2915","1":"product","2":"type-product","3":"status-publish","4":"has-post-thumbnail","6":"product_cat-processing","7":"product_tag-chocolate-tablets","8":"product_tag-chocolate-tablets-with-whole-nuts","9":"product_tag-chocolates","10":"product_tag-chocolates-with-inclusions","12":"first","13":"instock","14":"shipping-taxable","15":"product-type-simple"},"_links":{"self":[{"href":"https:\/\/cormac.eu\/hu\/wp-json\/wp\/v2\/product\/2915","targetHints":{"allow":["GET"]}}],"collection":[{"href":"https:\/\/cormac.eu\/hu\/wp-json\/wp\/v2\/product"}],"about":[{"href":"https:\/\/cormac.eu\/hu\/wp-json\/wp\/v2\/types\/product"}],"replies":[{"embeddable":true,"href":"https:\/\/cormac.eu\/hu\/wp-json\/wp\/v2\/comments?post=2915"}],"wp:featuredmedia":[{"embeddable":true,"href":"https:\/\/cormac.eu\/hu\/wp-json\/wp\/v2\/media\/2916"}],"wp:attachment":[{"href":"https:\/\/cormac.eu\/hu\/wp-json\/wp\/v2\/media?parent=2915"}],"wp:term":[{"taxonomy":"product_brand","embeddable":true,"href":"https:\/\/cormac.eu\/hu\/wp-json\/wp\/v2\/product_brand?post=2915"},{"taxonomy":"product_cat","embeddable":true,"href":"https:\/\/cormac.eu\/hu\/wp-json\/wp\/v2\/product_cat?post=2915"},{"taxonomy":"product_tag","embeddable":true,"href":"https:\/\/cormac.eu\/hu\/wp-json\/wp\/v2\/product_tag?post=2915"}],"curies":[{"name":"wp","href":"https:\/\/api.w.org\/{rel}","templated":true}]}}