{"id":2910,"date":"2022-04-24T13:43:56","date_gmt":"2022-04-24T11:43:56","guid":{"rendered":"https:\/\/cormac.eu\/?post_type=product&#038;p=2910"},"modified":"2022-06-01T11:13:13","modified_gmt":"2022-06-01T09:13:13","slug":"csokolade-betetes-kcm-omega","status":"publish","type":"product","link":"https:\/\/cormac.eu\/hu\/product\/chocolate-depositor-kcm-omega\/","title":{"rendered":"Csokol\u00e1d\u00e9 bet\u00e9tes KCM Alpha"},"content":{"rendered":"<p>A Knobel KCM Alpha sorozat egy \u00faj gener\u00e1ci\u00f3s bet\u00e9tgy\u0171jt\u0151g\u00e9p.A g\u00e9pek nagy teherb\u00edr\u00e1s\u00fa kivitelben k\u00e9sz\u00fclnek, \u00e9s 3 m\u0171szakos \u00fczemre alkalmasak. B\u00e1rmilyen g\u00e9pkonfigur\u00e1ci\u00f3 el\u00e9rhet\u0151 12-t\u0151l 144 dugatty\u00faig. A 21, 30\/2, 35 \u00e9s 45 mm-es szabv\u00e1nyos hengerh\u00fcvelyek 6,8,10,17,25,30 \u00e9s 45 mm-es dugatty\u00fakkal haszn\u00e1lhat\u00f3k. L\u00f6kethossz: 52 mm. Ez a g\u00e9p CAD kivitelben is sz\u00e1ll\u00edthat\u00f3 line\u00e1ris szervotechnol\u00f3gi\u00e1val az X- \u00e9s Y-tengelyen.<br \/>\nZ-tengely: 150 mm<br \/>\nX-tengely: (opcion\u00e1lis)<br \/>\nY-tengely: 150 mm (opcion\u00e1lis).<\/p>\n<p>A KCM Alpha sorozat k\u00f6zvetlen\u00fcl a bevon\u00f3sorra helyezhet\u0151, \u00e9s amikor nem haszn\u00e1lj\u00e1k a fel\u00f6lt\u00f6ztetett term\u00e9kekhez, a g\u00e9p kih\u00fazhat\u00f3, \u00e9s felhaszn\u00e1lhat\u00f3 az egyl\u00f6vet\u0171 term\u00e9kekhez.<\/p>\n<p>&nbsp;<\/p>\n<table style=\"height: 360px;\" width=\"656\">\n<tbody>\n<tr>\n<td width=\"169\">\u00a0<strong>Jellemz\u0151k<\/strong><\/td>\n<td width=\"169\">\u00a0<strong>El\u0151ny\u00f6k<\/strong><\/td>\n<\/tr>\n<tr>\n<td>Neh\u00e9z kivitelez\u00e9s<\/td>\n<td>\n<ul>\n<li>tart\u00f3s<\/li>\n<li>er\u0151s<\/li>\n<li>alkalmas 3 m\u0171szakos m\u0171k\u00f6d\u00e9sre<\/li>\n<\/ul>\n<\/td>\n<\/tr>\n<tr>\n<td>Teljesen elektro szervo hajt\u00e1s<\/td>\n<td>\n<ul>\n<li>pontos<\/li>\n<li>gyors<\/li>\n<\/ul>\n<\/td>\n<\/tr>\n<tr>\n<td>Cantilever kialak\u00edt\u00e1s<\/td>\n<td>\n<ul>\n<li>k\u00f6nny\u0171 kezelhet\u0151s\u00e9g<\/li>\n<li>k\u00f6nny\u0171 tiszt\u00edt\u00e1s<\/li>\n<\/ul>\n<\/td>\n<\/tr>\n<\/tbody>\n<\/table>\n<p>&nbsp;<\/p>","protected":false},"excerpt":{"rendered":"<p>Csokol\u00e1d\u00e9 lerak\u00f3g\u00e9p egyadagos csokol\u00e1d\u00e9k gy\u00e1rt\u00e1s\u00e1hoz \u00e9s szabaddob\u00e1l\u00e1sos alkalmaz\u00e1sokhoz ig\u00e9nyes ipari k\u00f6r\u00fclm\u00e9nyek k\u00f6z\u00f6tt.<\/p>","protected":false},"featured_media":2914,"comment_status":"open","ping_status":"closed","template":"","meta":{"uix_meta_title":"","uix_meta_description":"","uix_canonical_url":""},"product_brand":[],"product_cat":[104],"product_tag":[],"class_list":{"0":"post-2910","1":"product","2":"type-product","3":"status-publish","4":"has-post-thumbnail","6":"product_cat-processing","8":"first","9":"instock","10":"shipping-taxable","11":"product-type-simple"},"_links":{"self":[{"href":"https:\/\/cormac.eu\/hu\/wp-json\/wp\/v2\/product\/2910","targetHints":{"allow":["GET"]}}],"collection":[{"href":"https:\/\/cormac.eu\/hu\/wp-json\/wp\/v2\/product"}],"about":[{"href":"https:\/\/cormac.eu\/hu\/wp-json\/wp\/v2\/types\/product"}],"replies":[{"embeddable":true,"href":"https:\/\/cormac.eu\/hu\/wp-json\/wp\/v2\/comments?post=2910"}],"wp:featuredmedia":[{"embeddable":true,"href":"https:\/\/cormac.eu\/hu\/wp-json\/wp\/v2\/media\/2914"}],"wp:attachment":[{"href":"https:\/\/cormac.eu\/hu\/wp-json\/wp\/v2\/media?parent=2910"}],"wp:term":[{"taxonomy":"product_brand","embeddable":true,"href":"https:\/\/cormac.eu\/hu\/wp-json\/wp\/v2\/product_brand?post=2910"},{"taxonomy":"product_cat","embeddable":true,"href":"https:\/\/cormac.eu\/hu\/wp-json\/wp\/v2\/product_cat?post=2910"},{"taxonomy":"product_tag","embeddable":true,"href":"https:\/\/cormac.eu\/hu\/wp-json\/wp\/v2\/product_tag?post=2910"}],"curies":[{"name":"wp","href":"https:\/\/api.w.org\/{rel}","templated":true}]}}