{"id":2908,"date":"2022-04-24T13:38:47","date_gmt":"2022-04-24T11:38:47","guid":{"rendered":"https:\/\/cormac.eu\/?post_type=product&#038;p=2908"},"modified":"2022-05-30T16:22:12","modified_gmt":"2022-05-30T14:22:12","slug":"csokolade-letetbe-helyezo-kcm-alpha-compact","status":"publish","type":"product","link":"https:\/\/cormac.eu\/hu\/product\/chocolate-depositor-kcm-alpha-compact\/","title":{"rendered":"Csokol\u00e1d\u00e9 bet\u00e9tes KCM Alpha Compact"},"content":{"rendered":"<p>A Knobel KCM sorozat\u00fa csokol\u00e1d\u00e9form\u00e1z\u00f3 g\u00e9pei t\u00f6k\u00e9letes eszk\u00f6z\u00f6k a k\u00e9zm\u0171ves gy\u00e1rt\u00e1shoz. A g\u00e9p sz\u00e1mos v\u00e1ltozatban kaphat\u00f3, mint p\u00e9ld\u00e1ul a KCM 9,12, 9\/18 \u00e9s 12\/24. Mindezek a g\u00e9pek ugyanazt a 35 MM-es szabv\u00e1nyos hengerh\u00fcvelyt haszn\u00e1lj\u00e1k, 6,8,10,17,25 \u00e9s 30 mm-es dugatty\u00fakkal, valamint a KCM 24\/48, amely 18 mm-es dugatty\u00fat haszn\u00e1l. A l\u00f6kethossz 52 mm. A Z-tengely 100 mm. Minden Knobel rendszer k\u00f6nny\u0171 kezelhet\u0151s\u00e9get, k\u00f6nny\u0171 tiszt\u00edt\u00e1st \u00e9s gyors \u00e1t\u00e1ll\u00e1st tesz lehet\u0151v\u00e9. NEM kell sem tengelyt kih\u00fazni, sem fejet cser\u00e9lni, egyszer\u0171en csak dugatty\u00fablokkot dugatty\u00fablokk ut\u00e1n kivenni.<\/p>\n<p>&nbsp;<\/p>\n<table style=\"height: 284px;\" width=\"613\">\n<tbody>\n<tr>\n<td width=\"159\">\u00a0<strong>Jellemz\u0151k<\/strong><\/td>\n<td width=\"159\">\u00a0<strong>El\u0151ny\u00f6k<\/strong><\/td>\n<\/tr>\n<tr>\n<td>\u00a0Elektromos szerv\u00f3vez\u00e9rl\u00e9s\u0171<\/td>\n<td>\n<ul>\n<li>t\u00f6k\u00e9letes mozg\u00e1sszab\u00e1lyoz\u00e1s<\/li>\n<li>pontos<\/li>\n<\/ul>\n<\/td>\n<\/tr>\n<tr>\n<td>\u00a0Cantilever kialak\u00edt\u00e1s<\/td>\n<td>\n<ul>\n<li>K\u00f6nny\u0171 kezelhet\u0151s\u00e9g<\/li>\n<li>K\u00f6nny\u0171 tiszt\u00edt\u00e1s<\/li>\n<li>K\u00f6nny\u0171 hozz\u00e1f\u00e9r\u00e9s<\/li>\n<\/ul>\n<\/td>\n<\/tr>\n<\/tbody>\n<\/table>","protected":false},"excerpt":{"rendered":"<p>T\u00f6k\u00e9letes kolor\u00e1tlerak\u00f3 kis \u00e9s k\u00f6zepes m\u00e9ret\u0171 szil\u00e1rd vagy t\u00f6lt\u00f6tt pralin\u00e9k gy\u00e1rt\u00e1s\u00e1hoz.<\/p>","protected":false},"featured_media":2912,"comment_status":"open","ping_status":"closed","template":"","meta":{"uix_meta_title":"","uix_meta_description":"","uix_canonical_url":""},"product_brand":[],"product_cat":[104],"product_tag":[],"class_list":{"0":"post-2908","1":"product","2":"type-product","3":"status-publish","4":"has-post-thumbnail","6":"product_cat-processing","8":"first","9":"instock","10":"shipping-taxable","11":"product-type-simple"},"_links":{"self":[{"href":"https:\/\/cormac.eu\/hu\/wp-json\/wp\/v2\/product\/2908","targetHints":{"allow":["GET"]}}],"collection":[{"href":"https:\/\/cormac.eu\/hu\/wp-json\/wp\/v2\/product"}],"about":[{"href":"https:\/\/cormac.eu\/hu\/wp-json\/wp\/v2\/types\/product"}],"replies":[{"embeddable":true,"href":"https:\/\/cormac.eu\/hu\/wp-json\/wp\/v2\/comments?post=2908"}],"wp:featuredmedia":[{"embeddable":true,"href":"https:\/\/cormac.eu\/hu\/wp-json\/wp\/v2\/media\/2912"}],"wp:attachment":[{"href":"https:\/\/cormac.eu\/hu\/wp-json\/wp\/v2\/media?parent=2908"}],"wp:term":[{"taxonomy":"product_brand","embeddable":true,"href":"https:\/\/cormac.eu\/hu\/wp-json\/wp\/v2\/product_brand?post=2908"},{"taxonomy":"product_cat","embeddable":true,"href":"https:\/\/cormac.eu\/hu\/wp-json\/wp\/v2\/product_cat?post=2908"},{"taxonomy":"product_tag","embeddable":true,"href":"https:\/\/cormac.eu\/hu\/wp-json\/wp\/v2\/product_tag?post=2908"}],"curies":[{"name":"wp","href":"https:\/\/api.w.org\/{rel}","templated":true}]}}