{"id":2905,"date":"2022-04-24T13:34:09","date_gmt":"2022-04-24T11:34:09","guid":{"rendered":"https:\/\/cormac.eu\/?post_type=product&#038;p=2905"},"modified":"2022-06-05T19:05:25","modified_gmt":"2022-06-05T17:05:25","slug":"tarolo-puffer-tartaly","status":"publish","type":"product","link":"https:\/\/cormac.eu\/hu\/product\/storage-buffer-tank\/","title":{"rendered":"T\u00e1rol\u00f3\/puffer tart\u00e1ly"},"content":{"rendered":"<p>Az AR-tart\u00e1lyok dupla k\u00f6pennyel k\u00e9sz\u00fclnek, \u00e9s az alkalmaz\u00e1snak megfelel\u0151en vannak felszerelve. P\u00e9ld\u00e1ul l\u00e9tezik ARFO t\u00edpus, amelyet olvaszt\u00e1shoz haszn\u00e1lnak, ARA t\u00edpus, amelyet t\u00e1rol\u00e1shoz haszn\u00e1lnak, \u00e9s ARX t\u00edpus, amelyet edz\u00e9shez \u00e9s k\u00f3nuszol\u00e1shoz haszn\u00e1lnak. Az AR-tart\u00e1lyok \u00e1ltal\u00e1ban kett\u0151s k\u00f6peny\u0171ek, a v\u00edz a tart\u00e1ly k\u00f6r\u00fcl hat\u00e9kony k\u00f6rfolyamatban oszlik el, \u00edgy biztos\u00edtva a t\u00f6k\u00e9letes f\u0171t\u00e9si eloszl\u00e1st. A tart\u00e1lyok bolyg\u00f3kever\u0151vel vannak felszerelve, hogy elker\u00fclj\u00e9k a massza csom\u00f3sod\u00e1s\u00e1t, \u00e9s homog\u00e9nebb\u00e9 \u00e9s plasztikusabb\u00e1 tegy\u00e9k azt. A f\u0171t\u0151rendszer a kett\u0151s k\u00f6penybe mer\u00fcl\u0151, termoszt\u00e1ttal vez\u00e9relt elektromos f\u0171t\u0151testekb\u0151l \u00e1ll. A jobb temper\u00e1l\u00e1si munka \u00e9rdek\u00e9ben opcion\u00e1lisan teljesen automatikus h\u0151m\u00e9rs\u00e9klet-szab\u00e1lyoz\u00e1s is rendelhet\u0151. A tart\u00e1lyt motoros reduktorral, tartalmi h\u0151m\u00e9r\u0151vel \u00e9s a g\u00e9p alj\u00e1n elhelyezett v\u00edzkeringet\u0151 szivatty\u00faval sz\u00e1ll\u00edtjuk. Az ARX v\u00e1ltozatban alkalmazott k\u00f3nuszgyors\u00edt\u00f3 a tart\u00e1ly tetej\u00e9n tal\u00e1lhat\u00f3. A csokol\u00e1d\u00e9t ugyanatt\u00f3l a szivatty\u00fat\u00f3l kapja, amely a tart\u00e1lyt ki\u00fcr\u00edti, \u00e9s a szivatty\u00fan kereszt\u00fcl visszaforgatja a tart\u00e1ly tetej\u00e9re. Amint a cs\u0151vezet\u00e9k el\u00e9ri a tetej\u00e9t, a kij\u00e1rata halfarok v\u00e9gz\u0151d\u00e9s\u0171re sz\u0171k\u00fcl, \u00edgy nagyon v\u00e9kony csokol\u00e1d\u00e9filmet hoz l\u00e9tre. A forr\u00f3 leveg\u0151t k\u00f6zvetlen\u00fcl ezen a csokol\u00e1d\u00e9f\u00f3li\u00e1n kereszt\u00fcl f\u00fajj\u00e1k be, \u00edgy elp\u00e1rologtatva a nedvess\u00e9get, az ill\u00e9kony savakat \u00e9s megkem\u00e9ny\u00edtve a csokol\u00e1d\u00e9massz\u00e1t. Az ezen a berendez\u00e9sen kereszt\u00fcl t\u00f6rt\u00e9n\u0151 recirkul\u00e1ci\u00f3 sz\u00fcks\u00e9g szerint meghosszabb\u00edthat\u00f3. 250 \u00e9s 7000 kg k\u00f6z\u00f6tti kapacit\u00e1s.<\/p>\n<p>&nbsp;<\/p>\n<table style=\"height: 592px\" width=\"776\">\n<tbody>\n<tr>\n<td width=\"197\"><strong>\u00a0Jellemz\u0151k<\/strong><\/td>\n<td width=\"197\">\u00a0<strong>El\u0151ny\u00f6k<\/strong><\/td>\n<\/tr>\n<tr>\n<td>Dupla k\u00f6penyes tart\u00e1ly<\/td>\n<td>\n<ul>\n<li>Kiv\u00e1l\u00f3 edz\u00e9si tulajdons\u00e1gok<\/li>\n<\/ul>\n<\/td>\n<\/tr>\n<tr>\n<td>Kever\u0151g\u00e9p bolyg\u00f3mozg\u00e1ssal<\/td>\n<td>\n<ul>\n<li>Homog\u00e9n t\u00f6megkondicion\u00e1l\u00e1s<\/li>\n<\/ul>\n<\/td>\n<\/tr>\n<tr>\n<td>Tartalmazza a motoros reduktort, a h\u0151m\u00e9r\u0151t \u00e9s a v\u00edzkeringet\u0151 szivatty\u00fat.<\/td>\n<td>\n<ul>\n<li>Stabil \u00e9s megb\u00edzhat\u00f3<\/li>\n<li>teljes<\/li>\n<li>j\u00f3 folyamatir\u00e1ny\u00edt\u00e1s<\/li>\n<\/ul>\n<\/td>\n<\/tr>\n<tr>\n<td>Opcion\u00e1lis kong\u00f3 gyors\u00edt\u00f3<\/td>\n<td>\n<ul>\n<li>fokozott term\u00e9kmin\u0151s\u00e9g<\/li>\n<li>jobb homogeniz\u00e1l\u00e1s<\/li>\n<li>jobb \u00edzl\u00e9s<\/li>\n<\/ul>\n<\/td>\n<\/tr>\n<tr>\n<td>V\u00e1laszthat\u00f3 rozsdamentes ac\u00e9l kivitel<\/td>\n<td>\n<ul>\n<li>Higi\u00e9nikus kivitelez\u00e9s<\/li>\n<\/ul>\n<\/td>\n<\/tr>\n<\/tbody>\n<\/table>","protected":false},"excerpt":{"rendered":"<p>Tart\u00e1ly a zs\u00edrmassz\u00e1k, p\u00e9ld\u00e1ul vegy\u00fcletek, csokol\u00e1d\u00e9massz\u00e1k \u00e9s tejsz\u00edn t\u00e1rol\u00e1s\u00e1ra \u00e9s kever\u00e9s\u00e9re meghat\u00e1rozott h\u0151m\u00e9rs\u00e9kleten.<\/p>","protected":false},"featured_media":2904,"comment_status":"open","ping_status":"closed","template":"","meta":{"uix_meta_title":"","uix_meta_description":"","uix_canonical_url":""},"product_brand":[],"product_cat":[104],"product_tag":[238,237,239],"class_list":{"0":"post-2905","1":"product","2":"type-product","3":"status-publish","4":"has-post-thumbnail","6":"product_cat-processing","7":"product_tag-chocolate-mass","8":"product_tag-fat-masses","9":"product_tag-storage","11":"first","12":"instock","13":"shipping-taxable","14":"product-type-simple"},"_links":{"self":[{"href":"https:\/\/cormac.eu\/hu\/wp-json\/wp\/v2\/product\/2905","targetHints":{"allow":["GET"]}}],"collection":[{"href":"https:\/\/cormac.eu\/hu\/wp-json\/wp\/v2\/product"}],"about":[{"href":"https:\/\/cormac.eu\/hu\/wp-json\/wp\/v2\/types\/product"}],"replies":[{"embeddable":true,"href":"https:\/\/cormac.eu\/hu\/wp-json\/wp\/v2\/comments?post=2905"}],"wp:featuredmedia":[{"embeddable":true,"href":"https:\/\/cormac.eu\/hu\/wp-json\/wp\/v2\/media\/2904"}],"wp:attachment":[{"href":"https:\/\/cormac.eu\/hu\/wp-json\/wp\/v2\/media?parent=2905"}],"wp:term":[{"taxonomy":"product_brand","embeddable":true,"href":"https:\/\/cormac.eu\/hu\/wp-json\/wp\/v2\/product_brand?post=2905"},{"taxonomy":"product_cat","embeddable":true,"href":"https:\/\/cormac.eu\/hu\/wp-json\/wp\/v2\/product_cat?post=2905"},{"taxonomy":"product_tag","embeddable":true,"href":"https:\/\/cormac.eu\/hu\/wp-json\/wp\/v2\/product_tag?post=2905"}],"curies":[{"name":"wp","href":"https:\/\/api.w.org\/{rel}","templated":true}]}}