{"id":2897,"date":"2022-04-24T12:40:29","date_gmt":"2022-04-24T10:40:29","guid":{"rendered":"https:\/\/cormac.eu\/?post_type=product&#038;p=2897"},"modified":"2022-04-24T12:40:29","modified_gmt":"2022-04-24T10:40:29","slug":"kibovitett-laboratoriumi-bevonogep","status":"publish","type":"product","link":"https:\/\/cormac.eu\/hu\/product\/extended-laboratory-coating-machine\/","title":{"rendered":"B\u0151v\u00edtett laborat\u00f3riumi bevon\u00f3g\u00e9p"},"content":{"rendered":"<p>Az ADG bevon\u00f3g\u00e9p egy technol\u00f3giai leveg\u0151 f\u0171t\u0151- \u00e9s\/vagy h\u0171t\u0151berendez\u00e9ssel felszerelt laborat\u00f3riumi g\u00e9p. A teljes l\u00e9gkondicion\u00e1l\u00f3 rendszer egy alapegys\u00e9gbe van foglalva, amelyre a laborat\u00f3riumi bevon\u00f3ed\u00e9nyt r\u00f6gz\u00edtik. A vez\u00e9rl\u0151panel a bevon\u00f3g\u00e9p k\u00f6zel\u00e9ben van elhelyezve, \u00edgy a vez\u00e9rl\u0151panel \u00e9s a g\u00e9p egy felhaszn\u00e1l\u00f3bar\u00e1t egys\u00e9get alkot. Az ADO bevon\u00f3g\u00e9phez hasonl\u00f3an minden serpeny\u0151 azonos karim\u00e1s csatlakoz\u00e1ssal rendelkezik. \u00cdgy k\u00f6nnyen cser\u00e9lhet\u0151k. A serpeny\u0151 sz\u00f6ge a v\u00edzszintes vonalhoz k\u00e9pest 0\u00b0 \u00e9s 50\u00b0 k\u00f6z\u00f6tt van, \u00e9s egy k\u00e9zi m\u0171k\u00f6dtet\u00e9s\u0171 karral v\u00e1ltoztathat\u00f3. Ez\u00e9rt a serpeny\u0151 sz\u00f6ge k\u00fcl\u00f6nb\u00f6z\u0151 term\u00e9kekhez igaz\u00edthat\u00f3.<\/p>\n<p>&nbsp;<\/p>\n<table style=\"height: 356px\" width=\"633\">\n<tbody>\n<tr>\n<td width=\"171\">\u00a0<strong>Jellemz\u0151k<\/strong><\/td>\n<td width=\"171\">\u00a0<strong>El\u0151ny\u00f6k<\/strong><\/td>\n<\/tr>\n<tr>\n<td>Rozsdamentes ac\u00e9l 1.4301<\/td>\n<td>\n<ul>\n<li>Higi\u00e9nikus kivitelez\u00e9s<\/li>\n<\/ul>\n<\/td>\n<\/tr>\n<tr>\n<td>\u00a0Frekvenciavez\u00e9relt meghajt\u00f3<\/td>\n<td>\n<ul>\n<li>sebess\u00e9gszab\u00e1lyoz\u00e1s<\/li>\n<\/ul>\n<\/td>\n<\/tr>\n<tr>\n<td>\u00a0Digit\u00e1lis sebess\u00e9gjelz\u0151<\/td>\n<td>\n<ul>\n<li>folyamatir\u00e1ny\u00edt\u00e1s<\/li>\n<\/ul>\n<\/td>\n<\/tr>\n<tr>\n<td>recept\u00fara-ellen\u0151rz\u00e9s ig\u00e9ny szerint<\/td>\n<td>\n<ul>\n<li>v\u00e1ltozatos laborat\u00f3riumi munka<\/li>\n<\/ul>\n<\/td>\n<\/tr>\n<\/tbody>\n<\/table>","protected":false},"excerpt":{"rendered":"<p>Laborat\u00f3riumi bevon\u00f3ed\u00e9ny, teljesen felszerelve technol\u00f3giai leveg\u0151 f\u0171t\u0151 \u00e9s\/vagy h\u0171t\u0151 berendez\u00e9ssel.<\/p>","protected":false},"featured_media":2896,"comment_status":"open","ping_status":"closed","template":"","meta":{"uix_meta_title":"","uix_meta_description":"","uix_canonical_url":""},"product_brand":[],"product_cat":[107,135,104],"product_tag":[],"class_list":{"0":"post-2897","1":"product","2":"type-product","3":"status-publish","4":"has-post-thumbnail","6":"product_cat-artisanal","7":"product_cat-laboratory","8":"product_cat-processing","10":"first","11":"instock","12":"shipping-taxable","13":"product-type-simple"},"_links":{"self":[{"href":"https:\/\/cormac.eu\/hu\/wp-json\/wp\/v2\/product\/2897","targetHints":{"allow":["GET"]}}],"collection":[{"href":"https:\/\/cormac.eu\/hu\/wp-json\/wp\/v2\/product"}],"about":[{"href":"https:\/\/cormac.eu\/hu\/wp-json\/wp\/v2\/types\/product"}],"replies":[{"embeddable":true,"href":"https:\/\/cormac.eu\/hu\/wp-json\/wp\/v2\/comments?post=2897"}],"wp:featuredmedia":[{"embeddable":true,"href":"https:\/\/cormac.eu\/hu\/wp-json\/wp\/v2\/media\/2896"}],"wp:attachment":[{"href":"https:\/\/cormac.eu\/hu\/wp-json\/wp\/v2\/media?parent=2897"}],"wp:term":[{"taxonomy":"product_brand","embeddable":true,"href":"https:\/\/cormac.eu\/hu\/wp-json\/wp\/v2\/product_brand?post=2897"},{"taxonomy":"product_cat","embeddable":true,"href":"https:\/\/cormac.eu\/hu\/wp-json\/wp\/v2\/product_cat?post=2897"},{"taxonomy":"product_tag","embeddable":true,"href":"https:\/\/cormac.eu\/hu\/wp-json\/wp\/v2\/product_tag?post=2897"}],"curies":[{"name":"wp","href":"https:\/\/api.w.org\/{rel}","templated":true}]}}