{"id":2895,"date":"2022-04-24T12:37:20","date_gmt":"2022-04-24T10:37:20","guid":{"rendered":"https:\/\/cormac.eu\/?post_type=product&#038;p=2895"},"modified":"2022-04-24T12:37:20","modified_gmt":"2022-04-24T10:37:20","slug":"laboratoriumi-cukormazas-serpenyo","status":"publish","type":"product","link":"https:\/\/cormac.eu\/hu\/product\/laboratory-sugar-coating-pan\/","title":{"rendered":"Laborat\u00f3riumi cukorm\u00e1zas serpeny\u0151"},"content":{"rendered":"<p>Az ADO t\u00edpus\u00fa bevon\u00f3g\u00e9p egy kisebb, laborat\u00f3riumi felhaszn\u00e1l\u00e1sra alkalmas g\u00e9p. A v\u00edzszintes vonalhoz k\u00e9pest 0\u00b0 \u00e9s 50\u00b0 k\u00f6z\u00f6tti sz\u00f6gben \u00e1ll\u00edthat\u00f3, \u00e9s egy k\u00e9zi m\u0171k\u00f6dtet\u00e9s\u0171 karral v\u00e1ltoztathat\u00f3. Ez\u00e9rt a serpeny\u0151 sz\u00f6ge k\u00fcl\u00f6nb\u00f6z\u0151 term\u00e9kekhez igaz\u00edthat\u00f3. A serpeny\u0151 h\u00e1toldala, a tengelyek, csap\u00e1gyak stb. k\u00e9tkomponens\u0171 fest\u00e9kkel vannak bevonva. K\u00e9r\u00e9sre a serpeny\u0151 h\u00e1toldala \u00e9s a tengelyek rozsdamentes ac\u00e9lb\u00f3l is k\u00e9sz\u00fclhetnek. Lehet\u0151s\u00e9g van recept\u00far\u00e1val vez\u00e9relt bevon\u00f3g\u00e9pek sz\u00e1ll\u00edt\u00e1s\u00e1ra.<\/p>\n<p>&nbsp;<\/p>\n<table style=\"height: 350px\" width=\"620\">\n<tbody>\n<tr>\n<td width=\"153\">\u00a0<strong>Jellemz\u0151k<\/strong><\/td>\n<td width=\"153\">\u00a0<strong>El\u0151ny\u00f6k<\/strong><\/td>\n<\/tr>\n<tr>\n<td>Rozsdamentes ac\u00e9l kivitelez\u00e9s<\/td>\n<td>\n<ul>\n<li>Higi\u00e9nikus<\/li>\n<\/ul>\n<\/td>\n<\/tr>\n<tr>\n<td>Robusztus konstrukci\u00f3<\/td>\n<td>\n<ul>\n<li>Tart\u00f3s<\/li>\n<\/ul>\n<\/td>\n<\/tr>\n<tr>\n<td>Frekvenciavez\u00e9relt meghajt\u00f3<\/td>\n<td>\n<ul>\n<li>sebess\u00e9gszab\u00e1lyoz\u00e1s<\/li>\n<\/ul>\n<\/td>\n<\/tr>\n<tr>\n<td>Digit\u00e1lis sebess\u00e9gjelz\u0151<\/td>\n<td>\n<ul>\n<li>folyamatir\u00e1ny\u00edt\u00e1s<\/li>\n<\/ul>\n<\/td>\n<\/tr>\n<\/tbody>\n<\/table>","protected":false},"excerpt":{"rendered":"<p>Cukorm\u00e1zas serpeny\u0151 laborat\u00f3riumi \u00e9s k\u00e9zm\u0171ves m\u00e9retekhez.<\/p>","protected":false},"featured_media":2894,"comment_status":"open","ping_status":"closed","template":"","meta":{"uix_meta_title":"","uix_meta_description":"","uix_canonical_url":""},"product_brand":[],"product_cat":[107,135,104],"product_tag":[],"class_list":{"0":"post-2895","1":"product","2":"type-product","3":"status-publish","4":"has-post-thumbnail","6":"product_cat-artisanal","7":"product_cat-laboratory","8":"product_cat-processing","10":"first","11":"instock","12":"shipping-taxable","13":"product-type-simple"},"_links":{"self":[{"href":"https:\/\/cormac.eu\/hu\/wp-json\/wp\/v2\/product\/2895","targetHints":{"allow":["GET"]}}],"collection":[{"href":"https:\/\/cormac.eu\/hu\/wp-json\/wp\/v2\/product"}],"about":[{"href":"https:\/\/cormac.eu\/hu\/wp-json\/wp\/v2\/types\/product"}],"replies":[{"embeddable":true,"href":"https:\/\/cormac.eu\/hu\/wp-json\/wp\/v2\/comments?post=2895"}],"wp:featuredmedia":[{"embeddable":true,"href":"https:\/\/cormac.eu\/hu\/wp-json\/wp\/v2\/media\/2894"}],"wp:attachment":[{"href":"https:\/\/cormac.eu\/hu\/wp-json\/wp\/v2\/media?parent=2895"}],"wp:term":[{"taxonomy":"product_brand","embeddable":true,"href":"https:\/\/cormac.eu\/hu\/wp-json\/wp\/v2\/product_brand?post=2895"},{"taxonomy":"product_cat","embeddable":true,"href":"https:\/\/cormac.eu\/hu\/wp-json\/wp\/v2\/product_cat?post=2895"},{"taxonomy":"product_tag","embeddable":true,"href":"https:\/\/cormac.eu\/hu\/wp-json\/wp\/v2\/product_tag?post=2895"}],"curies":[{"name":"wp","href":"https:\/\/api.w.org\/{rel}","templated":true}]}}