{"id":2893,"date":"2022-04-24T12:31:25","date_gmt":"2022-04-24T10:31:25","guid":{"rendered":"https:\/\/cormac.eu\/?post_type=product&#038;p=2893"},"modified":"2022-04-24T12:31:25","modified_gmt":"2022-04-24T10:31:25","slug":"legkondicionalo-rendszer-bevonasi-folyamathoz","status":"publish","type":"product","link":"https:\/\/cormac.eu\/hu\/product\/airconditioning-system-for-coating-process\/","title":{"rendered":"L\u00e9gkondicion\u00e1l\u00f3 rendszer bevon\u00e1si elj\u00e1r\u00e1shoz"},"content":{"rendered":"<p>Az LAA l\u00e9gkondicion\u00e1l\u00f3 rendszerek l\u00e9gf\u0171t\u00e9s, l\u00e9gh\u0171t\u00e9s vagy kombin\u00e1lt l\u00e9gf\u0171t\u00e9s-h\u0171t\u00e9s rendszerekhez k\u00e9sz\u00fcltek. Ezek garant\u00e1lj\u00e1k a magas min\u0151s\u00e9g\u0171 be- \u00e9s elsz\u00edvott leveg\u0151 min\u0151s\u00e9g\u00e9t. A besz\u00e1ll\u00edtott leveg\u0151 h\u0151m\u00e9rs\u00e9klete, mennyis\u00e9ge \u00e9s tisztas\u00e1ga mindig \u00e1lland\u00f3 marad. A pormentes elsz\u00edvott leveg\u0151 \u00e9rdek\u00e9ben elsz\u00edv\u00f3leveg\u0151-sz\u0171r\u0151k vannak be\u00e9p\u00edtve. A k\u00edv\u00e1nt alkalmaz\u00e1snak \u00e9s \u00fcgyfeleink egyedi ig\u00e9nyeinek megfelel\u0151en el\u0151- \u00e9s finomsz\u0171r\u0151ket, ventil\u00e1tort, f\u0171t\u0151\/h\u0171t\u0151 berendez\u00e9st, bypass rendszert \u00e9s a kompenz\u00e1tort tervezz\u00fck \u00e9s kombin\u00e1ljuk.<\/p>\n<p>A bevon\u00e1si folyamatok rendk\u00edv\u00fcl id\u0151ig\u00e9nyesek lehetnek, mivel a term\u00e9kre felvitt bevon\u00f3k\u00f6zegben l\u00e9v\u0151 v\u00edzr\u00e9szecsk\u00e9k elt\u00e1vol\u00edt\u00e1sa id\u0151be telik. A sz\u00e1rad\u00e1si id\u0151 cs\u00f6kkent\u00e9se nagyban befoly\u00e1solja a bevonatrendszer termel\u00e9kenys\u00e9g\u00e9t \u00e9s j\u00f6vedelmez\u0151s\u00e9g\u00e9t. Az LAA kl\u00edmaberendez\u00e9s standard kialak\u00edt\u00e1s\u00e1nak r\u00e9sze a bef\u00fav\u00f3leveg\u0151-ventil\u00e1tor, az elsz\u00edv\u00f3leveg\u0151-ventil\u00e1tor, a bef\u00fav\u00f3leveg\u0151-sz\u0171r\u0151 \u00e9s az elsz\u00edv\u00f3leveg\u0151-sz\u0171r\u0151. Az alkalmaz\u00e1st\u00f3l f\u00fcgg\u0151en G3-t\u00f3l (el\u0151sz\u0171r\u0151) H11-ig terjed\u0151 sz\u0171r\u0151oszt\u00e1lyok ker\u00fclnek be\u00e9p\u00edt\u00e9sre. Ezen k\u00edv\u00fcl az alap kl\u00edmaberendez\u00e9s tartalmaz egy f\u0171t\u0151berendez\u00e9st, k\u00e9t l\u00e9gtorkolati szelepet \u00e9s egy megker\u00fcl\u0151 szelepet. A f\u0171t\u0151berendez\u00e9s sz\u00e1ll\u00edthat\u00f3 elektromos f\u0171t\u0151berendez\u00e9sk\u00e9nt vagy g\u0151zh\u0151cser\u00e9l\u0151k\u00e9nt, amelyek mindkett\u0151 a sz\u00fcks\u00e9ges h\u0151ig\u00e9nyhez igazodnak. A l\u00e9gkondicion\u00e1l\u00f3 rendszer t\u00f6bb modullal b\u0151v\u00edthet\u0151 h\u0171t\u00e9sk\u00e9nt vagy p\u00e1r\u00e1tlan\u00edt\u00f3k\u00e9nt. A leveg\u0151 kondenz\u00e1ci\u00f3val t\u00f6rt\u00e9n\u0151 szabv\u00e1nyos p\u00e1r\u00e1tlan\u00edt\u00e1s\u00e1val 10 g v\u00edz\/kg leveg\u0151 v\u00e9gs\u0151 (abszol\u00fat) p\u00e1ratartalma \u00e9rhet\u0151 el. Ha a h\u0171t\u0151 mellett egy abszorpci\u00f3s p\u00e1r\u00e1tlan\u00edt\u00f3t is haszn\u00e1lnak, akkor 2 g v\u00edz\/kg leveg\u0151 p\u00e1ratartalom \u00e9rhet\u0151 el. Ha a l\u00e9gkondicion\u00e1l\u00f3 rendszer k\u00fcls\u0151 leveg\u0151t haszn\u00e1l, t\u00e9len el\u0151meleg\u00edt\u0151re van sz\u00fcks\u00e9g. Az energiatakar\u00e9koss\u00e1g, az er\u0151forr\u00e1sok megtakar\u00edt\u00e1sa \u00e9s a k\u00f6rnyezet v\u00e9delme \u00e9rdek\u00e9ben az elsz\u00edvott leveg\u0151 h\u0151je \u00fajrahasznos\u00edthat\u00f3.<\/p>\n<p>&nbsp;<\/p>\n<table style=\"height: 309px\" width=\"580\">\n<tbody>\n<tr>\n<td width=\"153\">\u00a0<strong>Jellemz\u0151k<\/strong><\/td>\n<td width=\"153\">\u00a0<strong>El\u0151ny\u00f6k<\/strong><\/td>\n<\/tr>\n<tr>\n<td>Kipufog\u00f3g\u00e1zsz\u0171r\u0151k<\/td>\n<td>\n<ul>\n<li>pormentes elsz\u00edvott leveg\u0151<\/li>\n<\/ul>\n<\/td>\n<\/tr>\n<tr>\n<td>T\u00f6bbf\u00e9le sz\u0171r\u0151 \u00e1ll rendelkez\u00e9sre<\/td>\n<td>\n<ul>\n<li>sokoldal\u00fas\u00e1g<\/li>\n<\/ul>\n<\/td>\n<\/tr>\n<tr>\n<td>\u00a0Leveg\u0151 \u00fajrahasznos\u00edt\u00e1sa lehets\u00e9ges<\/td>\n<td>\n<ul>\n<li>energiamegtakar\u00edt\u00e1s<\/li>\n<li>k\u00f6rnyezetv\u00e9delem<\/li>\n<\/ul>\n<\/td>\n<\/tr>\n<\/tbody>\n<\/table>\n<p>&nbsp;<\/p>\n<p>&nbsp;<\/p>\n<p>&nbsp;<\/p>","protected":false},"excerpt":{"rendered":"<p>Rendszer a bevon\u00f3ed\u00e9nyben l\u00e9v\u0151 term\u00e9kt\u00e9tel sz\u00e1r\u00edt\u00e1s\u00e1hoz alkalmazott leveg\u0151 kondicion\u00e1l\u00e1s\u00e1ra.<\/p>","protected":false},"featured_media":2892,"comment_status":"open","ping_status":"closed","template":"","meta":{"uix_meta_title":"","uix_meta_description":"","uix_canonical_url":""},"product_brand":[],"product_cat":[104],"product_tag":[],"class_list":{"0":"post-2893","1":"product","2":"type-product","3":"status-publish","4":"has-post-thumbnail","6":"product_cat-processing","8":"first","9":"instock","10":"shipping-taxable","11":"product-type-simple"},"_links":{"self":[{"href":"https:\/\/cormac.eu\/hu\/wp-json\/wp\/v2\/product\/2893","targetHints":{"allow":["GET"]}}],"collection":[{"href":"https:\/\/cormac.eu\/hu\/wp-json\/wp\/v2\/product"}],"about":[{"href":"https:\/\/cormac.eu\/hu\/wp-json\/wp\/v2\/types\/product"}],"replies":[{"embeddable":true,"href":"https:\/\/cormac.eu\/hu\/wp-json\/wp\/v2\/comments?post=2893"}],"wp:featuredmedia":[{"embeddable":true,"href":"https:\/\/cormac.eu\/hu\/wp-json\/wp\/v2\/media\/2892"}],"wp:attachment":[{"href":"https:\/\/cormac.eu\/hu\/wp-json\/wp\/v2\/media?parent=2893"}],"wp:term":[{"taxonomy":"product_brand","embeddable":true,"href":"https:\/\/cormac.eu\/hu\/wp-json\/wp\/v2\/product_brand?post=2893"},{"taxonomy":"product_cat","embeddable":true,"href":"https:\/\/cormac.eu\/hu\/wp-json\/wp\/v2\/product_cat?post=2893"},{"taxonomy":"product_tag","embeddable":true,"href":"https:\/\/cormac.eu\/hu\/wp-json\/wp\/v2\/product_tag?post=2893"}],"curies":[{"name":"wp","href":"https:\/\/api.w.org\/{rel}","templated":true}]}}