{"id":2883,"date":"2022-04-24T12:12:35","date_gmt":"2022-04-24T10:12:35","guid":{"rendered":"https:\/\/cormac.eu\/?post_type=product&#038;p=2883"},"modified":"2022-04-24T12:12:46","modified_gmt":"2022-04-24T10:12:46","slug":"bevonoedeny-kc","status":"publish","type":"product","link":"https:\/\/cormac.eu\/hu\/product\/coating-pan-kc\/","title":{"rendered":"Bevon\u00f3ed\u00e9ny KC"},"content":{"rendered":"<p>A KC pan coater egy h\u00e1zba van szerelve, \u00e9s v\u00e9gig perfor\u00e1lt. A leveg\u0151t k\u00f6zvetlen\u00fcl a term\u00e9k\u00e1gyon kereszt\u00fcl vezetik a serpeny\u0151h\u00f6z lez\u00e1rt leveg\u0151csatlakoz\u00f3nak k\u00f6sz\u00f6nhet\u0151en. A sz\u00e1r\u00edt\u00f3 l\u00e9g\u00e1ram ir\u00e1ny\u00e1t tekintve lehets\u00e9ges az egyen\u00e1ram\u00fa \u00e9s a ford\u00edtott \u00e1raml\u00e1s is. Az eg\u00e9sz ed\u00e9ny 180\u00b0-kal elford\u00edthat\u00f3, \u00edgy a t\u00f6lt\u00e9s \u00e9s \u00fcr\u00edt\u00e9s k\u00f6nnyen automatiz\u00e1lhat\u00f3, pl. sz\u00e1ll\u00edt\u00f3szalagokkal. A bevon\u00e1si folyamat sor\u00e1n a t\u00e1l folyamatosan vagy szakaszosan forgathat\u00f3 a t\u00e9tel jobb kever\u00e9se \u00e9rdek\u00e9ben. Tov\u00e1bbi terel\u0151lapok nem sz\u00fcks\u00e9gesek. Mivel a sz\u00e1r\u00edt\u00f3leveg\u0151t k\u00f6zvetlen\u00fcl a t\u00e9telen kereszt\u00fcl vezetik, a term\u00e9k sz\u00e1rad\u00e1sa optimaliz\u00e1lt. A sz\u00e1r\u00edt\u00e1si id\u0151 \u00e9s ez\u00e1ltal a gy\u00e1rt\u00e1si id\u0151 drasztikusan cs\u00f6kken. A leveg\u0151 kondicion\u00e1l\u00e1sa egy l\u00e9gkondicion\u00e1l\u00f3 rendszerben (LAA) t\u00f6rt\u00e9nik, amely a sz\u00fcks\u00e9ges sz\u0171r\u0151kb\u0151l, ventil\u00e1torokb\u00f3l \u00e9s egy f\u0171t\u0151berendez\u00e9sb\u0151l \u00e1ll. \u00dcgyfeleink ig\u00e9nyei szerint h\u0171t\u0151- vagy p\u00e1r\u00e1tlan\u00edt\u00f3 berendez\u00e9s is be\u00e9p\u00edthet\u0151. A Pan Coater KC-t els\u0151sorban az \u00e9desiparban \u00e9s a gy\u00f3gyszeriparban haszn\u00e1lj\u00e1k. A vegyiparban is haszn\u00e1lhat\u00f3, p\u00e9ld\u00e1ul kataliz\u00e1torok bevon\u00e1s\u00e1ra. A Pan Coaterrel granul\u00e1tumokat, p\u00e9ld\u00e1ul te\u00e1t is lehet sz\u00e1r\u00edtani. Gy\u00e1rt\u00e1s vagy laborat\u00f3rium - a sokoldal\u00fa alkalmaz\u00e1snak alig vannak hat\u00e1rai. Kapacit\u00e1startom\u00e1ny 7 - 700 liter k\u00f6z\u00f6tt.<\/p>\n<p>&nbsp;<\/p>\n<table style=\"height: 442px\" width=\"661\">\n<tbody>\n<tr>\n<td width=\"169\">\u00a0<strong>Jellemz\u0151k<\/strong><\/td>\n<td width=\"169\">\u00a0<strong>El\u0151ny\u00f6k<\/strong><\/td>\n<\/tr>\n<tr>\n<td>Perfor\u00e1lt h\u00e1z<\/td>\n<td>\n<ul>\n<li>optim\u00e1lis sz\u00e1r\u00edt\u00e1s<\/li>\n<li>folyamatir\u00e1ny\u00edt\u00e1s<\/li>\n<\/ul>\n<\/td>\n<\/tr>\n<tr>\n<td>180\u00b0-os elforgat\u00e1s<\/td>\n<td>\n<ul>\n<li>k\u00f6nny\u0171 t\u00f6lt\u00e9s \u00e9s \u00fcr\u00edt\u00e9s<\/li>\n<li>jobb kevered\u00e9s<\/li>\n<\/ul>\n<\/td>\n<\/tr>\n<tr>\n<td>\u00a0Rozsdamentes ac\u00e9l 1.4301<\/td>\n<td>\n<ul>\n<li>higi\u00e9nikus<\/li>\n<\/ul>\n<\/td>\n<\/tr>\n<tr>\n<td>\u00a0Frekvenciavez\u00e9relt meghajt\u00f3<br \/>\nsebess\u00e9gjelz\u00e9s<\/td>\n<td>\n<ul>\n<li>sebess\u00e9gszab\u00e1lyoz\u00e1s<\/li>\n<\/ul>\n<\/td>\n<\/tr>\n<\/tbody>\n<\/table>\n<p>&nbsp;<\/p>\n<p>&nbsp;<\/p>\n<p>&nbsp;<\/p>\n<p>&nbsp;<\/p>","protected":false},"excerpt":{"rendered":"<p>Cukorm\u00e1zas serpeny\u0151 ipari \u00e9s laborat\u00f3riumi alkalmaz\u00e1sokhoz egyar\u00e1nt.<\/p>","protected":false},"featured_media":2881,"comment_status":"open","ping_status":"closed","template":"","meta":{"uix_meta_title":"","uix_meta_description":"","uix_canonical_url":""},"product_brand":[],"product_cat":[104],"product_tag":[],"class_list":{"0":"post-2883","1":"product","2":"type-product","3":"status-publish","4":"has-post-thumbnail","6":"product_cat-processing","8":"first","9":"instock","10":"shipping-taxable","11":"product-type-simple"},"_links":{"self":[{"href":"https:\/\/cormac.eu\/hu\/wp-json\/wp\/v2\/product\/2883","targetHints":{"allow":["GET"]}}],"collection":[{"href":"https:\/\/cormac.eu\/hu\/wp-json\/wp\/v2\/product"}],"about":[{"href":"https:\/\/cormac.eu\/hu\/wp-json\/wp\/v2\/types\/product"}],"replies":[{"embeddable":true,"href":"https:\/\/cormac.eu\/hu\/wp-json\/wp\/v2\/comments?post=2883"}],"wp:featuredmedia":[{"embeddable":true,"href":"https:\/\/cormac.eu\/hu\/wp-json\/wp\/v2\/media\/2881"}],"wp:attachment":[{"href":"https:\/\/cormac.eu\/hu\/wp-json\/wp\/v2\/media?parent=2883"}],"wp:term":[{"taxonomy":"product_brand","embeddable":true,"href":"https:\/\/cormac.eu\/hu\/wp-json\/wp\/v2\/product_brand?post=2883"},{"taxonomy":"product_cat","embeddable":true,"href":"https:\/\/cormac.eu\/hu\/wp-json\/wp\/v2\/product_cat?post=2883"},{"taxonomy":"product_tag","embeddable":true,"href":"https:\/\/cormac.eu\/hu\/wp-json\/wp\/v2\/product_tag?post=2883"}],"curies":[{"name":"wp","href":"https:\/\/api.w.org\/{rel}","templated":true}]}}